{"id":98,"date":"2023-04-11T18:24:28","date_gmt":"2023-04-11T16:24:28","guid":{"rendered":"https:\/\/ambasciatapraga.esteri.it\/?page_id=98"},"modified":"2025-02-03T15:10:55","modified_gmt":"2025-02-03T18:10:55","slug":"missioni-archeologiche","status":"publish","type":"page","link":"https:\/\/ambsantiago.esteri.it\/it\/italia-e-cile\/diplomazia-culturale\/missioni-archeologiche\/","title":{"rendered":"Missioni archeologiche"},"content":{"rendered":"<p class=\"null\" style=\"margin: 0cm;\"><span class=\"null1\"><span style=\"font-size: 14.0pt;\">E\u2019 attivo in Cile, dal 2017, il \u201cLaboratorio di antropologia in Cile&#8221; (LAC) dell\u2019Universit\u00e0 Carlo Bo di Urbino, beneficiaria di fondi MAECI ex cap. 2619\/6 in favore delle Missioni archeologiche, etnologiche ed antropologiche italiane all\u2019estero.<\/span><\/span><\/p>\n<p class=\"null\" style=\"margin: 0cm;\"><span class=\"null1\"><span style=\"font-size: 14.0pt;\">\u00a0<\/span><\/span><\/p>\n<p class=\"null\" style=\"margin: 0cm;\"><span class=\"null1\"><span style=\"font-size: 14.0pt;\">Il progetto di ricerca antropologica \u00e8 svolto prevalentemente nel sud del Cile, sotto la direzione della prof.ssa Francesca Declich.<\/span><\/span><\/p>\n<p class=\"null\" style=\"margin: 0cm;\"><span class=\"null1\"><span style=\"font-size: 14.0pt;\">\u00a0<\/span><\/span><\/p>\n<p class=\"null\" style=\"margin: 0cm;\"><span class=\"null1\"><span style=\"font-size: 14.0pt;\">Esso si propone di rintracciare le tradizioni che hanno portato all&#8217;ampia diffusione di cure fitoterapiche in Cile e alla distribuzione di prodotti erboristici. Tra i principiali obiettivi della ricerca vi \u00e8 anche l&#8217;analisi delle molteplici concezioni di cura che stanno alla base di distinti metodi e necessit\u00e0. Il campo della ricerca si estende anche all&#8217;antropologia del turismo sostenibile e alla domanda di spiritualit\u00e0.<\/span><\/span><\/p>\n<p class=\"null\" style=\"margin: 0cm;\"><span class=\"null1\"><span style=\"font-size: 14.0pt;\">\u00a0<\/span><\/span><\/p>\n<p class=\"null\" style=\"margin: 0cm;\"><span class=\"null1\"><span style=\"font-size: 14.0pt;\">Il progetto contribuisce alla comprensione della cultura locale cilena, e in particolare delle popolazioni indigene, nelle varie sfaccettature (benessere, salute, medicina tradizionale, interculturale e complementare, religiosit\u00e0 in varie declinazioni, etc.) e prevede un coinvolgimento diretto delle comunit\u00e0 locali.<\/span><\/span><\/p>\n","protected":false},"excerpt":{"rendered":"E\u2019 attivo in Cile, dal 2017, il \u201cLaboratorio di antropologia in Cile&#8221; (LAC) dell\u2019Universit\u00e0 Carlo Bo di Urbino, beneficiaria di fondi MAECI ex cap. 2619\/6 in favore delle Missioni archeologiche, etnologiche ed antropologiche italiane all\u2019estero. \u00a0 Il progetto di ricerca antropologica \u00e8 svolto prevalentemente nel sud del Cile, sotto la direzione della prof.ssa Francesca Declich. [&hellip;]","protected":false},"author":1,"featured_media":0,"parent":44,"menu_order":0,"comment_status":"closed","ping_status":"closed","template":"","meta":{"footnotes":""},"class_list":["post-98","page","type-page","status-publish","hentry"],"_links":{"self":[{"href":"https:\/\/ambsantiago.esteri.it\/it\/wp-json\/wp\/v2\/pages\/98","targetHints":{"allow":["GET"]}}],"collection":[{"href":"https:\/\/ambsantiago.esteri.it\/it\/wp-json\/wp\/v2\/pages"}],"about":[{"href":"https:\/\/ambsantiago.esteri.it\/it\/wp-json\/wp\/v2\/types\/page"}],"author":[{"embeddable":true,"href":"https:\/\/ambsantiago.esteri.it\/it\/wp-json\/wp\/v2\/users\/1"}],"replies":[{"embeddable":true,"href":"https:\/\/ambsantiago.esteri.it\/it\/wp-json\/wp\/v2\/comments?post=98"}],"version-history":[{"count":2,"href":"https:\/\/ambsantiago.esteri.it\/it\/wp-json\/wp\/v2\/pages\/98\/revisions"}],"predecessor-version":[{"id":7114,"href":"https:\/\/ambsantiago.esteri.it\/it\/wp-json\/wp\/v2\/pages\/98\/revisions\/7114"}],"up":[{"embeddable":true,"href":"https:\/\/ambsantiago.esteri.it\/it\/wp-json\/wp\/v2\/pages\/44"}],"wp:attachment":[{"href":"https:\/\/ambsantiago.esteri.it\/it\/wp-json\/wp\/v2\/media?parent=98"}],"curies":[{"name":"wp","href":"https:\/\/api.w.org\/{rel}","templated":true}]}}