{"id":91,"date":"2023-04-11T18:22:39","date_gmt":"2023-04-11T16:22:39","guid":{"rendered":"https:\/\/ambasciatapraga.esteri.it\/?page_id=91"},"modified":"2025-06-20T09:31:02","modified_gmt":"2025-06-20T13:31:02","slug":"traduzione-e-legalizzazione-dei-documenti","status":"publish","type":"page","link":"https:\/\/ambsantiago.esteri.it\/it\/servizi-consolari-e-visti\/servizi-per-il-cittadino-straniero\/traduzione-e-legalizzazione-dei-documenti\/","title":{"rendered":"Traduzione e legalizzazione dei documenti"},"content":{"rendered":"<p style=\"text-align: center;\"><strong>TRADUZIONI, CERTIFICAZIONE TRADUZIONI E ELENCO TRADUTTORI<\/strong><\/p>\n<p style=\"text-align: justify;\">Il servizio di ricezione della documentazione funziona esclusivamente il <strong>marted\u00ec e gioved\u00ec dalle 9.00 alle 11.00<\/strong> e le persone saranno ricevute a seconda dell\u2019ordine di presenza in fila. Al fine di garantire un migliore e pi\u00f9 efficiente servizio a tutta l&#8217;utenza della Cancelleria Consolare si accetteranno al <strong>massimo 5 documenti<\/strong> per utente. Le traduzioni devono essere spillate al documento originale a cui si riferiscono. La restituzione della documentazione avverr\u00e0 i soli giorni <strong>luned\u00ec e mercoled\u00ec<\/strong>\u00a0negli stessi orari.<\/p>\n<p style=\"text-align: justify;\">L\u2019importo relativo alla certificazione di conformit\u00e0 della traduzione \u00e8 stabilito dalla <a href=\"https:\/\/ambsantiago.esteri.it\/it\/servizi-consolari-e-visti\/servizi-per-il-cittadino-italiano\/tariffe-consolari\/\">TABELLA PERCEZIONI CONSOLARI<\/a>. Si ricorda che il <strong>pagamento pu\u00f2 essere effettuato in contanti <\/strong>(pesos cileni)\u00a0o mediante <strong>carta di debito<\/strong> (REDCOMPRA) e che la <strong>restituzione\/consegna dei documenti avverr\u00e0 dopo alcuni giorni<\/strong> su indicazione del funzionario addetto.<\/p>\n<p style=\"text-align: justify;\"><span style=\"text-decoration: underline;\">ATTENZIONE<\/span>: Si ricorda che le <strong>traduzioni<\/strong> degli atti di stato civile <span style=\"text-decoration: underline;\">che devono essere presentati alla Cancelleria Consolare<\/span> per la relativa trascrizione nei registri dei Comuni italiani o per le pratiche di cittadinanza <em>iure sanguinis<\/em> <strong>non<\/strong> devono essere <span style=\"text-decoration: underline;\">previamente legalizzate<\/span>. La certificazione di conformit\u00e0 della traduzione \u00e8 necessaria per atti che devono essere presentati in Italia o presso altre Rappresentanze diplomatico-consolari all\u2019estero.<\/p>\n<p style=\"text-align: center;\"><strong>PARTE GENERALE<\/strong><\/p>\n<p style=\"text-align: justify;\">Per poter essere fatti valere in Italia, gli atti e i documenti rilasciati da autorit\u00e0 cilene devono essere muniti di <strong>apostille<\/strong> e <strong>tradotti<\/strong> in italiano e le traduzioni devono recare la certificazione della Cancelleria Consolare <strong>\u201ctraduzione conforme\u201d<\/strong>.<\/p>\n<p style=\"text-align: justify;\">In Cile l\u2019apostilla viene emessa da:<\/p>\n<ul style=\"text-align: justify;\">\n<li><a href=\"https:\/\/www.registrocivil.cl\/principal\/canal-tramites\/apostilla\">Registro Civil<\/a> (atti di stato civile e precedenti penali);<\/li>\n<li><a href=\"https:\/\/www.minjusticia.gob.cl\/tramites-ciudadanos\/servicio-de-apostilla\/\">Ministero della Giustizia<\/a> (sentenze);<\/li>\n<li><a href=\"https:\/\/www.ayudamineduc.cl\/ficha\/apostilla-mineduc\"> Ministero dell\u2019Educazione<\/a> (titoli di studio);<\/li>\n<li><a href=\"https:\/\/saludresponde.minsal.cl\/apostilla\/\">Ministero della Salute<\/a> (documentazione sanitaria);<\/li>\n<li><a href=\"https:\/\/www.minrel.gob.cl\/legalizacion-de-documentos\/minrel_old\/2008-09-10\/153956.html\">Ministero degli Esteri<\/a> (materie residuali).<\/li>\n<\/ul>\n<p style=\"text-align: justify;\">Si possono trovare maggiori informazioni <a href=\"https:\/\/www.consulado.gob.cl\/servicios\/donde-y-como-apostillar-un-documento-chileno\">qui<\/a>.<\/p>\n<p style=\"text-align: justify;\">La <strong>certificazione di conformit\u00e0 della traduzione<\/strong> si pu\u00f2 ottenere presentandosi presso l\u2019Ufficio consolare con il <strong>documento originale apostillato<\/strong> e la <strong>traduzione<\/strong>, che deve essere completa ed esatta.<\/p>\n<p style=\"text-align: justify;\">L\u2019elenco dei <strong>traduttori di riferimento<\/strong> dell\u2019Ambasciata si trova cliccando <a href=\"https:\/\/ambsantiago.esteri.it\/wp-content\/uploads\/2025\/05\/Elenco-traduttori-2025-maggio.pdf\">qui<\/a>.<\/p>\n<p style=\"text-align: justify;\">L&#8217;Ambasciata <strong>non \u00e8 responsabile<\/strong>, delle tariffe, dei tempi d&#8217;attesa e della qualit\u00e0 delle traduzioni. Si raccomanda una verifica dei dati anagrafici contenuti nelle traduzioni.<\/p>\n<p>&nbsp;<\/p>\n<p style=\"text-align: justify;\">\u00c8 altres\u00ec possibile presentare traduzioni effettuate dal <strong>Ministerio de Relaciones Exteriores<\/strong> (in quest\u2019ultimo caso la <span style=\"text-decoration: underline;\">traduzione<\/span> deve essere <span style=\"text-decoration: underline;\">apostillata<\/span>).<\/p>\n<p>&nbsp;<\/p>\n","protected":false},"excerpt":{"rendered":"TRADUZIONI, CERTIFICAZIONE TRADUZIONI E ELENCO TRADUTTORI Il servizio di ricezione della documentazione funziona esclusivamente il marted\u00ec e gioved\u00ec dalle 9.00 alle 11.00 e le persone saranno ricevute a seconda dell\u2019ordine di presenza in fila. Al fine di garantire un migliore e pi\u00f9 efficiente servizio a tutta l&#8217;utenza della Cancelleria Consolare si accetteranno al massimo 5 [&hellip;]","protected":false},"author":1,"featured_media":0,"parent":48,"menu_order":12,"comment_status":"closed","ping_status":"closed","template":"","meta":{"footnotes":""},"class_list":["post-91","page","type-page","status-publish","hentry"],"_links":{"self":[{"href":"https:\/\/ambsantiago.esteri.it\/it\/wp-json\/wp\/v2\/pages\/91","targetHints":{"allow":["GET"]}}],"collection":[{"href":"https:\/\/ambsantiago.esteri.it\/it\/wp-json\/wp\/v2\/pages"}],"about":[{"href":"https:\/\/ambsantiago.esteri.it\/it\/wp-json\/wp\/v2\/types\/page"}],"author":[{"embeddable":true,"href":"https:\/\/ambsantiago.esteri.it\/it\/wp-json\/wp\/v2\/users\/1"}],"replies":[{"embeddable":true,"href":"https:\/\/ambsantiago.esteri.it\/it\/wp-json\/wp\/v2\/comments?post=91"}],"version-history":[{"count":7,"href":"https:\/\/ambsantiago.esteri.it\/it\/wp-json\/wp\/v2\/pages\/91\/revisions"}],"predecessor-version":[{"id":9643,"href":"https:\/\/ambsantiago.esteri.it\/it\/wp-json\/wp\/v2\/pages\/91\/revisions\/9643"}],"up":[{"embeddable":true,"href":"https:\/\/ambsantiago.esteri.it\/it\/wp-json\/wp\/v2\/pages\/48"}],"wp:attachment":[{"href":"https:\/\/ambsantiago.esteri.it\/it\/wp-json\/wp\/v2\/media?parent=91"}],"curies":[{"name":"wp","href":"https:\/\/api.w.org\/{rel}","templated":true}]}}