{"id":90,"date":"2023-04-11T18:22:23","date_gmt":"2023-04-11T16:22:23","guid":{"rendered":"https:\/\/ambasciatapraga.esteri.it\/?page_id=90"},"modified":"2025-08-05T15:54:50","modified_gmt":"2025-08-05T19:54:50","slug":"cittadinanza","status":"publish","type":"page","link":"https:\/\/ambsantiago.esteri.it\/it\/servizi-consolari-e-visti\/servizi-per-il-cittadino-straniero\/cittadinanza\/","title":{"rendered":"Cittadinanza"},"content":{"rendered":"<p>Attualmente la\u00a0<strong>cittadinanza italiana \u00e8 regolata dalla legge 5 febbraio 1992, n. 91<\/strong> che, a differenza della legge precedente,\u00a0rivaluta il peso della volont\u00e0 individuale nell\u2019acquisto e nella perdita\u00a0della cittadinanza e\u00a0riconosce il diritto alla titolarit\u00e0 contemporanea di pi\u00f9 cittadinanze.<\/p>\n<p>Il decreto-legge 28 marzo 2025, n. 36, \u00e8 stato convertito con modificazioni nella\u00a0<strong>legge<\/strong>\u00a0<strong>23 maggio 2025, n. 74<\/strong>, con vigenza dal 24 maggio 2025. La legge di conversione riforma la\u00a0<strong>legge 5 febbraio 1992, n. 91<\/strong>, il cui nuovo testo integrale \u00e8 disponibile al seguente\u00a0<a href=\"https:\/\/www.normattiva.it\/uri-res\/N2Ls?urn:nir:stato:legge:1992-02-05;91!vig=\">link<\/a> .<\/p>\n<p>La cittadinanza italiana si basa sul principio dello <em><strong>ius sanguinis<\/strong><\/em> (diritto di sangue). La legge 23 maggio 2025, n. 74<u>,<\/u> <span style=\"text-decoration: underline;\">non modifica questo principio fondamentale ma lo tempera<\/span>, collegandolo alla sussistenza di vincoli effettivi e attuali con l\u2019Italia.<\/p>\n<p>Si attira, in particolare, l\u2019attenzione sul\u00a0<strong>nuovo art. 3-bis:<\/strong><\/p>\n<p><em>In deroga agli articoli 1, 2, 3, 14 e 20 della presente legge, all\u2019articolo 5 della legge 21 aprile 1983, n. 123, agli articoli 1, 2, 7, 10, 12 e 19 della legge 13 giugno 1912, n. 555, nonch\u00e9 agli articoli 4, 5, 7, 8 e 9 del codice civile approvato con regio decreto 25 giugno 1865, n. 2358, \u00e8 considerato non avere mai acquistato la cittadinanza italiana chi \u00e8 nato all\u2019estero anche prima della data di entrata in vigore del presente articolo ed \u00e8 in possesso di altra cittadinanza, salvo che ricorra una delle seguenti condizioni:<\/em><\/p>\n<p style=\"padding-left: 40px;\"><em>a) lo stato di cittadino dell\u2019interessato \u00e8 riconosciuto, nel rispetto della normativa applicabile al 27 marzo 2025, a seguito di domanda, corredata della necessaria documentazione, presentata all\u2019ufficio consolare o al sindaco competenti non oltre le 23:59, ora di Roma, della medesima data;<\/em><\/p>\n<p style=\"padding-left: 40px;\"><em>a-bis) lo stato di cittadino dell\u2019interessato \u00e8 riconosciuto, nel rispetto della normativa applicabile al 27 marzo 2025, a seguito di domanda, corredata della necessaria documentazione, presentata all\u2019ufficio consolare o al sindaco competenti nel giorno indicato da appuntamento comunicato all\u2019interessato dall\u2019ufficio competente entro le 23:59, ora di Roma, della medesima data del 27 marzo 2025;<\/em><\/p>\n<p style=\"padding-left: 40px;\"><em>b) lo stato di cittadino dell\u2019interessato \u00e8 accertato giudizialmente, nel rispetto della normativa applicabile al 27 marzo 2025, a seguito di domanda giudiziale presentata non oltre le 23:59, ora di Roma, della medesima data;<\/em><\/p>\n<p style=\"padding-left: 40px;\"><em>c) un ascendente di primo o di secondo grado possiede, o possedeva al momento della morte, esclusivamente la cittadinanza italiana;<\/em><\/p>\n<p style=\"padding-left: 40px;\"><em>d) un genitore o adottante \u00e8 stato residente in Italia per almeno due anni continuativi successivamente all\u2019acquisto della cittadinanza italiana e prima della data di nascita o di adozione del figlio.<\/em><\/p>\n<p>&nbsp;<\/p>\n<p>Per quanto riguarda l\u2019ottenimento della\u00a0<strong>cittadinanza italiana per matrimonio<\/strong> (ex Artt. 5, 6, 7 e 8 e s. m. L. 91\/1992), tutte le comunicazioni con i richiedenti avvengono esclusivamente tramite il <strong><a href=\"https:\/\/portaleservizi.dlci.interno.it\/AliCittadinanza\/ali\/home.htm\">Portale ALI<\/a><\/strong> del Ministero dell\u2019Interno e non per e-mail o altri mezzi, in quanto la Cancelleria Consolare non ha informazioni sulle singole pratiche, una volta trasmesse.<\/p>\n<p>&nbsp;<\/p>\n<p>Per informazioni specifiche su\u00a0<strong>CITTADINANZA PER DISCENDENZA,<\/strong>\u00a0<strong>CITTADINANZA PER MATRIMONIO<\/strong> o <strong>ALTRE MODALIT\u00c0 DI ACQUISTO DELLA CITTADINANZA<\/strong> vi invitiamo a consultare le sezioni contenute nel men\u00f9 a destra.<\/p>\n","protected":false},"excerpt":{"rendered":"Attualmente la\u00a0cittadinanza italiana \u00e8 regolata dalla legge 5 febbraio 1992, n. 91 che, a differenza della legge precedente,\u00a0rivaluta il peso della volont\u00e0 individuale nell\u2019acquisto e nella perdita\u00a0della cittadinanza e\u00a0riconosce il diritto alla titolarit\u00e0 contemporanea di pi\u00f9 cittadinanze. Il decreto-legge 28 marzo 2025, n. 36, \u00e8 stato convertito con modificazioni nella\u00a0legge\u00a023 maggio 2025, n. 74, con [&hellip;]","protected":false},"author":1,"featured_media":0,"parent":48,"menu_order":2,"comment_status":"closed","ping_status":"closed","template":"","meta":{"footnotes":""},"class_list":["post-90","page","type-page","status-publish","hentry"],"_links":{"self":[{"href":"https:\/\/ambsantiago.esteri.it\/it\/wp-json\/wp\/v2\/pages\/90","targetHints":{"allow":["GET"]}}],"collection":[{"href":"https:\/\/ambsantiago.esteri.it\/it\/wp-json\/wp\/v2\/pages"}],"about":[{"href":"https:\/\/ambsantiago.esteri.it\/it\/wp-json\/wp\/v2\/types\/page"}],"author":[{"embeddable":true,"href":"https:\/\/ambsantiago.esteri.it\/it\/wp-json\/wp\/v2\/users\/1"}],"replies":[{"embeddable":true,"href":"https:\/\/ambsantiago.esteri.it\/it\/wp-json\/wp\/v2\/comments?post=90"}],"version-history":[{"count":7,"href":"https:\/\/ambsantiago.esteri.it\/it\/wp-json\/wp\/v2\/pages\/90\/revisions"}],"predecessor-version":[{"id":10047,"href":"https:\/\/ambsantiago.esteri.it\/it\/wp-json\/wp\/v2\/pages\/90\/revisions\/10047"}],"up":[{"embeddable":true,"href":"https:\/\/ambsantiago.esteri.it\/it\/wp-json\/wp\/v2\/pages\/48"}],"wp:attachment":[{"href":"https:\/\/ambsantiago.esteri.it\/it\/wp-json\/wp\/v2\/media?parent=90"}],"curies":[{"name":"wp","href":"https:\/\/api.w.org\/{rel}","templated":true}]}}