{"id":8988,"date":"2025-06-05T13:58:22","date_gmt":"2025-06-05T17:58:22","guid":{"rendered":"https:\/\/ambsantiago.esteri.it\/?page_id=8988"},"modified":"2026-03-27T15:00:29","modified_gmt":"2026-03-27T18:00:29","slug":"atti-di-morte","status":"publish","type":"page","link":"https:\/\/ambsantiago.esteri.it\/it\/servizi-consolari-e-visti\/servizi-per-il-cittadino-italiano\/stato-civile\/atti-di-morte\/","title":{"rendered":"Atti di morte"},"content":{"rendered":"<p style=\"text-align: justify;\">In caso di decesso all\u2019estero di un cittadino italiano, i familiari sono tenuti a presentare a questa Cancelleria Consolare l\u2019<strong>atto di morte <\/strong>(<u>non certificato<\/u>) rilasciato dal Registro Civil, apostillato e tradotto in italiano, insieme a:<\/p>\n<ul>\n<li style=\"text-align: justify;\">una <strong>copia di un documento di identit\u00e0 <\/strong>del familiare richiedente;<\/li>\n<li style=\"text-align: justify;\">il<strong> formulario di richiesta<\/strong> di trascrizione debitamente compilato e firmato dal familiare interessato.<\/li>\n<\/ul>\n<p style=\"text-align: justify;\">Questa Cancelleria Consolare curer\u00e0 l\u2019invio dell\u2019atto al Comune italiano competente.<\/p>\n<p style=\"text-align: justify;\">Si tratta di un adempimento importante perch\u00e9 permette di rendere noto anche alle Autorit\u00e0 italiane che il connazionale \u00e8 deceduto cos\u00ec da <u>cancellarne l\u2019iscrizione dall\u2019AIRE e dalle liste elettorali<\/u>. In questo modo non si riceveranno pi\u00f9 comunicazioni o plichi elettorali indirizzate al defunto.<\/p>\n<p>&nbsp;<\/p>\n<p><strong>MODULI<\/strong><\/p>\n<ul>\n<li><a href=\"https:\/\/ambsantiago.esteri.it\/wp-content\/uploads\/2026\/03\/NUOVO-MODULO-stato-civile-INTERESSATO-2026.pdf\">Richiesta di trascrizione atti di stato civile<\/a><\/li>\n<\/ul>\n","protected":false},"excerpt":{"rendered":"In caso di decesso all\u2019estero di un cittadino italiano, i familiari sono tenuti a presentare a questa Cancelleria Consolare l\u2019atto di morte (non certificato) rilasciato dal Registro Civil, apostillato e tradotto in italiano, insieme a: una copia di un documento di identit\u00e0 del familiare richiedente; il formulario di richiesta di trascrizione debitamente compilato e firmato [&hellip;]","protected":false},"author":8,"featured_media":0,"parent":68,"menu_order":4,"comment_status":"closed","ping_status":"closed","template":"","meta":{"footnotes":""},"class_list":["post-8988","page","type-page","status-publish","hentry"],"_links":{"self":[{"href":"https:\/\/ambsantiago.esteri.it\/it\/wp-json\/wp\/v2\/pages\/8988","targetHints":{"allow":["GET"]}}],"collection":[{"href":"https:\/\/ambsantiago.esteri.it\/it\/wp-json\/wp\/v2\/pages"}],"about":[{"href":"https:\/\/ambsantiago.esteri.it\/it\/wp-json\/wp\/v2\/types\/page"}],"author":[{"embeddable":true,"href":"https:\/\/ambsantiago.esteri.it\/it\/wp-json\/wp\/v2\/users\/8"}],"replies":[{"embeddable":true,"href":"https:\/\/ambsantiago.esteri.it\/it\/wp-json\/wp\/v2\/comments?post=8988"}],"version-history":[{"count":3,"href":"https:\/\/ambsantiago.esteri.it\/it\/wp-json\/wp\/v2\/pages\/8988\/revisions"}],"predecessor-version":[{"id":13015,"href":"https:\/\/ambsantiago.esteri.it\/it\/wp-json\/wp\/v2\/pages\/8988\/revisions\/13015"}],"up":[{"embeddable":true,"href":"https:\/\/ambsantiago.esteri.it\/it\/wp-json\/wp\/v2\/pages\/68"}],"wp:attachment":[{"href":"https:\/\/ambsantiago.esteri.it\/it\/wp-json\/wp\/v2\/media?parent=8988"}],"curies":[{"name":"wp","href":"https:\/\/api.w.org\/{rel}","templated":true}]}}