{"id":8979,"date":"2025-06-05T13:55:04","date_gmt":"2025-06-05T17:55:04","guid":{"rendered":"https:\/\/ambsantiago.esteri.it\/?page_id=8979"},"modified":"2026-03-27T14:51:07","modified_gmt":"2026-03-27T17:51:07","slug":"sentenze-di-divorzio-e-sentenze-di-nullita","status":"publish","type":"page","link":"https:\/\/ambsantiago.esteri.it\/it\/servizi-consolari-e-visti\/servizi-per-il-cittadino-italiano\/stato-civile\/sentenze-di-divorzio-e-sentenze-di-nullita\/","title":{"rendered":"Sentenze di divorzio e sentenze di nullit\u00e0"},"content":{"rendered":"<p style=\"text-align: center;\"><strong>REQUISITI<\/strong><\/p>\n<p style=\"text-align: justify;\">Questa Cancelleria Consolare pu\u00f2 trasmettere la richiesta di trascrizione al Comune italiano competente di <strong>sentenze di divorzio<\/strong> e <strong>sentenze<\/strong> <strong>di nullit\u00e0<\/strong> <strong>per incompetenza territoriale<\/strong>. Per quanto riguarda queste ultime, poich\u00e9 nell\u2019ordinamento giuridico italiano tra le cause di nullit\u00e0 contemplate non rientra anche quella derivante dall\u2019incompetenza territoriale, la decisione relativa alla trascrizione della sentenza di nullit\u00e0 \u00e8 a discrezione dell\u2019Ufficiale di stato civile del Comune competente.<\/p>\n<p style=\"text-align: justify;\"><strong>IMPORTANTE<\/strong>: in caso di divorzi avvenuti in altri <strong>Paesi esteri,<\/strong> <strong>diversi dal Cile<\/strong>, si invita a consultare il sito web della Rappresentanza Diplomatico-Consolare italiana competente per il Paese di emissione del documento, al fine di individuare la documentazione da presentare in originale presso la Cancelleria Consolare per la trascrizione del divorzio in Italia.<\/p>\n<p style=\"text-align: center;\"><strong>DOCUMENTAZIONE DA PRESENTARE<\/strong><\/p>\n<ul>\n<li style=\"text-align: justify;\"><strong>sentenza di divorzio<\/strong> o<strong> sentenza di nullit\u00e0<\/strong>, <strong>munita di certificato di passaggio in giudicato<\/strong>, apostillata e tradotta in italiano da uno dei traduttori di riferimento dell\u2019Ambasciata (<a href=\"https:\/\/ambsantiago.esteri.it\/it\/servizi-consolari-e-visti\/servizi-per-il-cittadino-italiano\/traduzione-e-legalizzazione-dei-documenti\/\">clicca qui<\/a> per l\u2019elenco) o dal Ministerio de Relaciones Exteriores (in quest\u2019ultimo caso la traduzione deve essere apostillata);<\/li>\n<li style=\"text-align: justify;\"><strong>dichiarazione sostitutiva di atto notorio<\/strong> (vedasi modulistica a fine pagina);<\/li>\n<li style=\"text-align: justify;\">il <strong>formulario di richiesta<\/strong> debitamente compilato e firmato dall\u2019interessato;<\/li>\n<li style=\"text-align: justify;\">documentazione che provi l\u2019effettiva <strong>residenza nella circoscrizione consolare<\/strong> (es. certificato di residenza rilasciato dall\u2019autorit\u00e0 estera, permesso di soggiorno, carta di identit\u00e0 straniera, bollette di utenze residenziali, copia del contratto di lavoro, ecc.);<\/li>\n<li style=\"text-align: justify;\"><strong>copia dei documenti di identit\u00e0<\/strong> di tutti i soggetti nominati negli atti in questione. Esempio: nel caso di iscrizione di una sentenza di divorzio allegare fotocopia del documento di identit\u00e0 di entrambi gli ex coniugi.<\/li>\n<\/ul>\n<p>&nbsp;<\/p>\n<p><strong>MODULI<\/strong><\/p>\n<ul>\n<li><a href=\"https:\/\/ambsantiago.esteri.it\/wp-content\/uploads\/2026\/03\/NUOVO-MODULO-stato-civile-INTERESSATO-2026.pdf\">Richiesta di trascrizione atti di stato civile<\/a><\/li>\n<li><a href=\"https:\/\/ambsantiago.esteri.it\/wp-content\/uploads\/2026\/03\/Dichiarazione-sostitutiva-SENTENZA-divorzio-nullita-2026.pdf\">Dichiarazione sostitutiva di atto notorio (sentenze di divorzio\/nullit\u00e0)<\/a><\/li>\n<\/ul>\n","protected":false},"excerpt":{"rendered":"REQUISITI Questa Cancelleria Consolare pu\u00f2 trasmettere la richiesta di trascrizione al Comune italiano competente di sentenze di divorzio e sentenze di nullit\u00e0 per incompetenza territoriale. Per quanto riguarda queste ultime, poich\u00e9 nell\u2019ordinamento giuridico italiano tra le cause di nullit\u00e0 contemplate non rientra anche quella derivante dall\u2019incompetenza territoriale, la decisione relativa alla trascrizione della sentenza di [&hellip;]","protected":false},"author":8,"featured_media":0,"parent":68,"menu_order":3,"comment_status":"closed","ping_status":"closed","template":"","meta":{"footnotes":""},"class_list":["post-8979","page","type-page","status-publish","hentry"],"_links":{"self":[{"href":"https:\/\/ambsantiago.esteri.it\/it\/wp-json\/wp\/v2\/pages\/8979","targetHints":{"allow":["GET"]}}],"collection":[{"href":"https:\/\/ambsantiago.esteri.it\/it\/wp-json\/wp\/v2\/pages"}],"about":[{"href":"https:\/\/ambsantiago.esteri.it\/it\/wp-json\/wp\/v2\/types\/page"}],"author":[{"embeddable":true,"href":"https:\/\/ambsantiago.esteri.it\/it\/wp-json\/wp\/v2\/users\/8"}],"replies":[{"embeddable":true,"href":"https:\/\/ambsantiago.esteri.it\/it\/wp-json\/wp\/v2\/comments?post=8979"}],"version-history":[{"count":6,"href":"https:\/\/ambsantiago.esteri.it\/it\/wp-json\/wp\/v2\/pages\/8979\/revisions"}],"predecessor-version":[{"id":13177,"href":"https:\/\/ambsantiago.esteri.it\/it\/wp-json\/wp\/v2\/pages\/8979\/revisions\/13177"}],"up":[{"embeddable":true,"href":"https:\/\/ambsantiago.esteri.it\/it\/wp-json\/wp\/v2\/pages\/68"}],"wp:attachment":[{"href":"https:\/\/ambsantiago.esteri.it\/it\/wp-json\/wp\/v2\/media?parent=8979"}],"curies":[{"name":"wp","href":"https:\/\/api.w.org\/{rel}","templated":true}]}}