{"id":8965,"date":"2025-06-05T13:46:27","date_gmt":"2025-06-05T17:46:27","guid":{"rendered":"https:\/\/ambsantiago.esteri.it\/?page_id=8965"},"modified":"2026-03-27T14:59:26","modified_gmt":"2026-03-27T17:59:26","slug":"atti-di-nascita-figli-di-italiani-jure-sanguinis-doppi-cittadini-cittadinanza-per-beneficio-di-legge","status":"publish","type":"page","link":"https:\/\/ambsantiago.esteri.it\/it\/servizi-consolari-e-visti\/servizi-per-il-cittadino-italiano\/stato-civile\/atti-di-nascita-figli-di-italiani-jure-sanguinis-doppi-cittadini-cittadinanza-per-beneficio-di-legge\/","title":{"rendered":"Atti di nascita &#8211; figli di italiani jure sanguinis doppi cittadini &#8211; Cittadinanza per beneficio di legge"},"content":{"rendered":"<p style=\"text-align: center;\"><strong>ATTI DI NASCITA DI MINORI STRANIERI NATI ALL\u2019ESTERO E FIGLI DI CITTADINI ITALIANI PER NASCITA (<em>JURE SANGUINIS<\/em>) IN POSSESSO DI PI\u00d9 CITTADINANZE (ES. ITALIANA E CILENA)<\/strong><\/p>\n<p style=\"text-align: justify;\">Qualora si tratti di <u>minori stranieri nati all\u2019estero e figli di cittadini italiani per nascita (<em>jure sanguinis<\/em>) in possesso di pi\u00f9 cittadinanze (es. italiana e cilena)<\/u> la Legge 23 maggio 2025, n. 74, di conversione del decreto legge n. 36\/2025, ha introdotto la possibilit\u00e0 di acquistare la <strong>cittadinanza italiana per beneficio di legge<\/strong>. Il <strong>minore<\/strong> che ne beneficia <strong>non<\/strong> sar\u00e0 <strong>cittadino per nascita<\/strong> o <em>iure sanguinis<\/em>.<\/p>\n<p style=\"text-align: justify;\">La norma prevede che i genitori (incluso il genitore straniero) possano rendere presso gli Uffici Consolari una <strong>dichiarazione di volont\u00e0 di acquisto della cittadinanza <\/strong>a favore dei propri figli minorenni che siano sprovvisti dei nuovi requisiti per la trasmissione della cittadinanza <em>iure sanguinis<\/em> (<a href=\"https:\/\/ambsantiago.esteri.it\/it\/servizi-consolari-e-visti\/servizi-per-il-cittadino-straniero\/cittadinanza\/cittadinanza-per-discendenza-istanze-figli-minori-deta\/\">visibili qui<\/a>) e i cui atti di nascita non siano stati ricevuti dall&#8217;Ufficio Consolare competente entro il 27 marzo 2025.<\/p>\n<p style=\"text-align: justify;\">Sono previsti <strong>due regimi<\/strong>: uno <span style=\"text-decoration: underline;\">ordinario per i figli nati dopo il 24 maggio 2025<\/span> ed uno <span style=\"text-decoration: underline;\">transitorio per i figli che erano minorenni alla data del 24 maggio 2025<\/span>. Per i figli che ricadono nel regime <strong>ordinario <\/strong>i genitori possono rendere la <strong>dichiarazione di volont\u00e0 di acquisto della cittadinanza<\/strong> <strong>entro tre anni dalla nascita del minore<\/strong> (o dalla data successiva in cui \u00e8 stabilita la filiazione da cittadino italiano o in cui \u00e8 decisa l\u2019adozione da parte di cittadino italiano durante la minore et\u00e0 del figlio). Per i figli che ricadono nel regime <strong>transitorio <\/strong>i genitori possono rendere la <strong>dichiarazione di volont\u00e0 di acquisto della cittadinanza<\/strong> <strong>entro il 31 maggio 2029.<\/strong><\/p>\n<p style=\"text-align: justify;\"><strong>Si precisa che tale dichiarazione \u00e8 possibile esclusivamente per i minori stranieri nati all&#8217;estero da genitore che sia cittadino italiano per nascita (<\/strong><em><strong>jure sanguinis<\/strong><\/em><strong>).<\/strong><\/p>\n<p style=\"text-align: justify;\">Non possono quindi avvalersi di questa procedura i figli di cittadini diventati italiani per naturalizzazione (art. 9 della legge n. 91\/1992), per beneficio di legge (art. 4 della legge n. 91\/1992), per matrimonio (art. 5 della legge n. 91\/1992 o art. 10 della legge n. 555\/1912), per riacquisto (art. 13 o 17 della legge n. 91\/1992) o per convivenza da minorenni con genitore che ha acquistato la cittadinanza italiana (<em>iuris communicatione<\/em> art. 14 della legge n. 91\/1992).<\/p>\n<p>&nbsp;<\/p>\n<p style=\"text-align: center;\"><strong>REGIME ORDINARIO (Legge 5 febbraio 1992, n. 91)<\/strong><\/p>\n<p style=\"text-align: center;\"><strong>REQUISITI<\/strong><\/p>\n<p style=\"text-align: justify;\">La Legge 5 febbraio 1992, n. 91, prevede che i genitori (incluso il genitore straniero) possano rendere presso gli Uffici Consolari una <strong>dichiarazione di volont\u00e0 di acquisto della cittadinanza<\/strong> <strong>entro tre anni dalla nascita del minore<\/strong> (o dalla data successiva in cui \u00e8 stabilita la filiazione da cittadino italiano o in cui \u00e8 decisa l\u2019adozione da parte di cittadino italiano durante la minore et\u00e0 del figlio). In caso di riconoscimento della filiazione in tempi successivi da parte di genitori entrambi cittadini italiani per nascita, il termine di tre anni decorrer\u00e0 dal primo riconoscimento (perch\u00e9 gi\u00e0 il primo riconoscimento comporta la trasmissione della cittadinanza). Se invece avviene prima il riconoscimento da parte di genitore straniero (o cittadino italiano non per nascita ma ad altro titolo), il termine di tre anni sar\u00e0 computato a partire dal riconoscimento da parte del secondo genitore cittadino per nascita.<\/p>\n<p style=\"text-align: justify;\">La <strong>dichiarazione di volont\u00e0 di acquisto<\/strong>, che deve essere <span style=\"text-decoration: underline;\">formale e <\/span><u>firmata presenzialmente da entrambi i genitori<\/u>, si effettua alla presenza di un dipendente delegato all&#8217;esercizio delle funzioni di stato civile in Cancelleria Consolare durante l\u2019orario di apertura al pubblico (dal luned\u00ec al venerd\u00ec dalle 09.00 alle 12.00). Se la filiazione (anche adottiva) \u00e8 stabilita nei confronti di una sola persona (o se l\u2019altro genitore \u00e8 deceduto), sar\u00e0 sufficiente la dichiarazione di un solo genitore. La dichiarazione di volont\u00e0 di acquisto \u00e8 soggetta alla verifica delle condizioni di cui sopra ed avviene a <strong>titolo gratuito<\/strong>.\u00a0In presenza di un genitore straniero si dovr\u00e0 procedere all&#8217;autenticazione della sua firma.<\/p>\n<p style=\"text-align: justify;\">Per le persone <span style=\"text-decoration: underline;\">residenti fuori dalla Regione Metropolitana<\/span> \u00e8 disponibile il servizio di prenotazione appuntamento con ricezione nelle giornate di marted\u00ec e mercoled\u00ec. Per le persone <span style=\"text-decoration: underline;\">residenti nella Regione Metropolitana<\/span>, invece, \u00e8 disponibile il servizio di prenotazione appuntamento con ricezione nelle giornate di gioved\u00ec e venerd\u00ec. In dette giornate <span style=\"text-decoration: underline;\">non si ricevono famiglie senza appuntamento<\/span>.<\/p>\n<p style=\"text-align: justify;\">La prenotazione di appuntamenti si effettua <span style=\"text-decoration: underline;\">online settimanalmente<\/span> utilizzando la piattaforma <a href=\"https:\/\/prenotami.esteri.it\/\">Prenot@mi<\/a> che apre l\u2019agenda settimanale con i posti disponibili <span style=\"text-decoration: underline;\">ogni luned\u00ec<\/span>, con orario aleatorio (si suggerisce di utilizzare il browser Edge) ed \u00e8 <span style=\"text-decoration: underline;\">possibile accedervi anche durante la settimana<\/span> per verificare la disponibilit\u00e0 di appuntamenti. In caso di un luned\u00ec festivo, il servizio si attiver\u00e0 il primo giorno lavorativo seguente. Il messaggio \u201ctutti gli appuntamenti per questo servizio sono attualmente riservati\u201d pu\u00f2 anche significare che l\u2019agenda settimanale del portale Prenot@mi non \u00e8 stata ancora aperta. Si raccomanda di prestare la massima attenzione nella compilazione dei dati richiesti e di <span style=\"text-decoration: underline;\">allegare tutta la documentazione indicata<\/span>, di cui si dovr\u00e0 consegnare l&#8217;originale il giorno dell&#8217;appuntamento.<\/p>\n<p style=\"text-align: justify;\">Le persone che rientrano nelle categorie vulnerabili (donne in avanzato stato di gravidanza e persone diversamente abili) possono eccezionalmente richiedere un appuntamento scrivendo un\u2019email a <a href=\"mailto:consolato.santiago@esteri.it\">consolato.santiago@esteri.it<\/a> , allegando la documentazione attestante la condizione di vulnerabilit\u00e0 e il copia del documento di identit\u00e0.<\/p>\n<p style=\"text-align: justify;\"><span style=\"text-decoration: underline;\">La giornata di luned\u00ec resta ad accesso libero<\/span>, senza prenotazione di appuntamento e per ordine di arrivo.<\/p>\n<p style=\"text-align: justify;\"><strong>ATTENZIONE<\/strong>: Nel caso di stabilimento della residenza legale del minore in Italia, la dichiarazione pu\u00f2 essere presentata anche successivamente al termine di tre anni dalla nascita, ma la residenza deve perdurare per almeno due anni continuativi dopo la dichiarazione di volont\u00e0 di acquisto della cittadinanza presentata dai genitori.<\/p>\n<p style=\"text-align: justify;\"><strong>IMPORTANTE<\/strong>: in caso di atti di nascita rilasciati in altri <strong>Paesi esteri, diversi dal Cile<\/strong>, l\u2019interessato dovr\u00e0 presentare gli atti emessi dalle Autorit\u00e0 del Paese in cui sono stati formati e provvedere alla legalizzazione (consolare o per apostille) sia dell\u2019atto originale di nascita, sia della relativa traduzione in italiano. Per informazioni su necessit\u00e0 di legalizzazione e\/o Apostille si consiglia di consultare il sito della Rappresentanza Diplomatico-Consolare italiana competente per il Paese di emissione del documento.<\/p>\n<p style=\"text-align: center;\"><strong>DOCUMENTAZIONE DA PRESENTARE<\/strong><\/p>\n<ul style=\"text-align: justify;\">\n<li><strong>atti di nascita<\/strong> (<u>non certificati<\/u>), apostillati e tradotti in italiano da uno dei traduttori di riferimento dell\u2019Ambasciata (<a href=\"https:\/\/ambsantiago.esteri.it\/it\/servizi-consolari-e-visti\/servizi-per-il-cittadino-italiano\/traduzione-e-legalizzazione-dei-documenti\/\">clicca qui<\/a> per l\u2019elenco) o dal Ministerio de Relaciones Exteriores (in quest\u2019ultimo caso la traduzione deve essere apostillata);<\/li>\n<li>in caso di annotazioni al margine dell&#8217;atto di nascita (riconoscimento di filiazione posteriore alla nascita, affido, responsabilit\u00e0 genitoriale, sentenze di vario genere), <strong>relativi atti o sentenze passate in giudicato<\/strong> apostillati e tradotti in italiano,\u00a0accompagnati dalla <strong>dichiarazione sostitutiva di atto notorio<\/strong> (vedasi modulistica a fine pagina);<\/li>\n<li>in caso di figli adottivi, <strong>sentenza di adozione<\/strong> <strong>munita di certificato di passaggio in giudicato<\/strong>, apostillata e tradotta in italiano, accompagnata dalla <strong>dichiarazione sostitutiva di atto notorio<\/strong> (vedasi modulistica a fine pagina)<\/li>\n<li>il <strong>formulario di richiesta<\/strong> debitamente compilato e firmato dall\u2019interessato;<\/li>\n<li>documentazione che provi l\u2019effettiva <strong>residenza nella circoscrizione consolare<\/strong> (es. certificato di residenza rilasciato dall\u2019autorit\u00e0 estera, permesso di soggiorno, carta di identit\u00e0 straniera, bollette di utenze residenziali, copia del contratto di lavoro, ecc.);<\/li>\n<li><strong>documenti di identit\u00e0 in originale<\/strong> di tutti i soggetti nominati negli atti in questione e relativa fotocopia. Esempio: nel caso di iscrizione di un atto di nascita occorre allegare fotocopia del documento di identit\u00e0 del padre, madre e minore.<\/li>\n<\/ul>\n<p style=\"text-align: justify;\">Per i figli minori di et\u00e0 nati fuori dal matrimonio \u00e8 necessario formare l\u2019atto di riconoscimento della filiazione extra matrimoniale. Entrambi i genitori (nonch\u00e9 il figlio se maggiore di 14 anni) devono presenziare per la firma dell\u2019atto sottoposto al pagamento del diritto consolare previsto dall\u2019art. 68 della <a href=\"https:\/\/ambsantiago.esteri.it\/it\/servizi-consolari-e-visti\/servizi-per-il-cittadino-italiano\/tariffe-consolari\/\">tabella delle tariffe consolari<\/a>.<\/p>\n<p>&nbsp;<\/p>\n<p style=\"text-align: center;\"><strong>REGIME TRANSITORIO (Legge 23 maggio 2025, n. 74)<\/strong><\/p>\n<p style=\"text-align: center;\"><strong>REQUISITI<\/strong><\/p>\n<p style=\"text-align: justify;\">La Legge 23 maggio 2025, n. 74, di conversione del decreto legge n. 36\/2025 ha introdotto anche una <strong>norma <u>transitoria<\/u> che consente la possibilit\u00e0 di effettuare la suddetta dichiarazione di volont\u00e0 di acquisto della cittadinanza anche per i <u>minorenni alla data del 24\/05\/2025<\/u> che siano figli di cittadini per nascita<\/strong> <strong>(<em>jure sanguinis<\/em>) in possesso di pi\u00f9 cittadinanze (es. italiana e cilena)<\/strong>. Tale dichiarazione dovr\u00e0 essere effettuata <strong>entro il 31\/05\/2029.<\/strong><\/p>\n<p style=\"text-align: justify;\">La <strong>dichiarazione di volont\u00e0 di acquisto<\/strong>, che deve essere <span style=\"text-decoration: underline;\">formale e <\/span><u>firmata presenzialmente da entrambi i genitori<\/u>, si effettua alla presenza di un dipendente delegato all&#8217;esercizio delle funzioni di stato civile in Cancelleria Consolare durante l\u2019orario di apertura al pubblico (dal luned\u00ec al venerd\u00ec dalle 09.00 alle 12.00). Se la filiazione (anche adottiva) \u00e8 stabilita nei confronti di una sola persona (o se l\u2019altro genitore \u00e8 deceduto), sar\u00e0 sufficiente la dichiarazione di un solo genitore. La dichiarazione di volont\u00e0 di acquisto \u00e8 soggetta alla verifica delle condizioni di cui sopra ed avviene a <strong>titolo gratuito<\/strong>. In presenza di un genitore straniero si dovr\u00e0 procedere all&#8217;autenticazione della sua firma.<\/p>\n<p style=\"text-align: justify;\">Per le persone <span style=\"text-decoration: underline;\">residenti fuori dalla Regione Metropolitana<\/span> \u00e8 disponibile il servizio di prenotazione appuntamento con ricezione nelle giornate di marted\u00ec e mercoled\u00ec. Per le persone <span style=\"text-decoration: underline;\">residenti nella Regione Metropolitana<\/span>, invece, \u00e8 disponibile il servizio di prenotazione appuntamento con ricezione nelle giornate di gioved\u00ec e venerd\u00ec. In dette giornate <span style=\"text-decoration: underline;\">non si ricevono famiglie senza appuntamento<\/span>.<\/p>\n<p style=\"text-align: justify;\">La prenotazione di appuntamenti si effettua <span style=\"text-decoration: underline;\">online settimanalmente<\/span> utilizzando la piattaforma <a href=\"https:\/\/prenotami.esteri.it\/\">Prenot@mi<\/a> che apre l\u2019agenda settimanale con i posti disponibili <span style=\"text-decoration: underline;\">ogni luned\u00ec<\/span>, con orario aleatorio (si suggerisce di utilizzare il browser Edge) ed \u00e8 <span style=\"text-decoration: underline;\">possibile accedervi anche durante la settimana<\/span> per verificare la disponibilit\u00e0 di appuntamenti. In caso di un luned\u00ec festivo, il servizio si attiver\u00e0 il primo giorno lavorativo seguente. Il messaggio \u201ctutti gli appuntamenti per questo servizio sono attualmente riservati\u201d pu\u00f2 anche significare che l\u2019agenda settimanale del portale Prenot@mi non \u00e8 stata ancora aperta. Si raccomanda di prestare la massima attenzione nella compilazione dei dati richiesti e di <span style=\"text-decoration: underline;\">allegare tutta la documentazione indicata<\/span>, di cui si dovr\u00e0 consegnare l&#8217;originale il giorno dell&#8217;appuntamento.<\/p>\n<p style=\"text-align: justify;\">Le persone che rientrano nelle categorie vulnerabili (donne in avanzato stato di gravidanza e persone diversamente abili) possono eccezionalmente richiedere un appuntamento scrivendo un\u2019email a <a href=\"mailto:consolato.santiago@esteri.it\">consolato.santiago@esteri.it<\/a> , allegando la documentazione attestante la condizione di vulnerabilit\u00e0 e il copia del documento di identit\u00e0.<\/p>\n<p style=\"text-align: justify;\"><span style=\"text-decoration: underline;\">La giornata di luned\u00ec resta ad accesso libero<\/span>, senza prenotazione di appuntamento e per ordine di arrivo.<\/p>\n<p style=\"text-align: justify;\"><strong>ATTENZIONE<\/strong>: Se l\u2019interessato, minorenne alla data del 24 maggio 2025, <span style=\"text-decoration: underline;\">diviene nel frattempo maggiorenne<\/span>, la dichiarazione dovr\u00e0 essere presentata da lui <span style=\"text-decoration: underline;\">personalmente<\/span> entro il medesimo termine del 31 maggio 2026.<\/p>\n<p style=\"text-align: justify;\"><strong>IMPORTANTE<\/strong>: in caso di atti di nascita rilasciati in altri <strong>Paesi esteri, diversi dal Cile<\/strong>, l\u2019interessato dovr\u00e0 presentare gli atti emessi dalle Autorit\u00e0 del Paese in cui sono stati formati e provvedere alla legalizzazione (consolare o per apostille) sia dell\u2019atto originale di nascita, sia della relativa traduzione in italiano. Per informazioni su necessit\u00e0 di legalizzazione e\/o Apostille si consiglia di consultare il sito della Rappresentanza Diplomatico-Consolare italiana competente per il Paese di emissione del documento.<\/p>\n<p style=\"text-align: center;\"><strong>DOCUMENTAZIONE DA PRESENTARE<\/strong><\/p>\n<ul style=\"text-align: justify;\">\n<li><strong>atti di nascita<\/strong> (<u>non certificati<\/u>), apostillati e tradotti in italiano da uno dei traduttori di riferimento dell\u2019Ambasciata (<a href=\"https:\/\/ambsantiago.esteri.it\/it\/servizi-consolari-e-visti\/servizi-per-il-cittadino-italiano\/traduzione-e-legalizzazione-dei-documenti\/\">clicca qui<\/a> per l\u2019elenco) o dal Ministerio de Relaciones Exteriores (in quest\u2019ultimo caso la traduzione deve essere apostillata);<\/li>\n<li>in caso di annotazioni al margine dell&#8217;atto di nascita (riconoscimento di filiazione posteriore alla nascita, affido, responsabilit\u00e0 genitoriale, sentenze di vario genere), <strong>relativi atti o sentenze<\/strong> <strong>passate in giudicato<\/strong> apostillati e tradotti in italiano, accompagnati dalla <strong>dichiarazione sostitutiva di atto notorio<\/strong> (vedasi modulistica a fine pagina);<\/li>\n<li>in caso di figli adottivi, <strong>sentenza di adozione<\/strong> <strong>munita di certificato di passaggio in giudicato<\/strong>, apostillata e tradotta in italiano, accompagnata dalla <strong>dichiarazione sostitutiva di atto notorio<\/strong> (vedasi modulistica a fine pagina);<\/li>\n<li>il <strong>formulario di richiesta<\/strong> debitamente compilato e firmato dall\u2019interessato;<\/li>\n<li>documentazione che provi l\u2019effettiva <strong>residenza nella circoscrizione consolare<\/strong> (es. certificato di residenza rilasciato dall\u2019autorit\u00e0 estera, permesso di soggiorno, carta di identit\u00e0 straniera, bollette di utenze residenziali, copia del contratto di lavoro, ecc.);<\/li>\n<li><strong>documenti di identit\u00e0 in originale<\/strong> di tutti i soggetti nominati negli atti in questione e relativa fotocopia. Esempio: nel caso di iscrizione di un atto di nascita occorre allegare fotocopia del documento di identit\u00e0 del padre, madre e minore.<\/li>\n<\/ul>\n<p style=\"text-align: justify;\">Per i figli minori di et\u00e0 nati fuori dal matrimonio \u00e8 necessario formare l\u2019atto di riconoscimento della filiazione extra matrimoniale. Entrambi i genitori (nonch\u00e9 il figlio se maggiore di 14 anni) devono presenziare per la firma dell\u2019atto sottoposto al pagamento del diritto consolare previsto dall\u2019art. 68 della <a href=\"https:\/\/ambsantiago.esteri.it\/it\/servizi-consolari-e-visti\/servizi-per-il-cittadino-italiano\/tariffe-consolari\/\">tabella delle tariffe consolari<\/a>.<\/p>\n<p>&nbsp;<\/p>\n<p style=\"text-align: justify;\">Si precisa che in entrambi i casi trattandosi di <strong>acquisto della cittadinanza per \u201cbeneficio di legge\u201d<\/strong> il minore non acquister\u00e0 la cittadinanza dal giorno della nascita ma <strong>dal giorno successivo alla dichiarazione dei genitori in Cancelleria Consolare<\/strong>.<\/p>\n<p style=\"text-align: justify;\">Alla cittadinanza italiana acquistata nei modi sopra indicati l\u2019interessato, una volta divenuto maggiorenne, pu\u00f2 fare rinuncia, con la sola condizione che non si produca una situazione di apolidia.<\/p>\n<p>&nbsp;<\/p>\n<p style=\"text-align: justify;\"><strong>Attenzione:<\/strong> Si ricorda che il <strong>servizio di prenotazione di appuntamenti \u00e8 GRATUITO! Diffidate da servizi di intermediazione e segnalateci eventuali richieste di INTERMEDIAZIONI scrivendo a <a href=\"mailto:santiago.segnalazioni@esteri.it\">santiago.segnalazioni@esteri.it<\/a> .<\/strong><\/p>\n<p>&nbsp;<\/p>\n<p style=\"text-align: justify;\"><span style=\"text-decoration: underline;\">IMPORTANTE<\/span>: i connazionali che abbiano gi\u00e0 pagato il contributo di 250,00 Euro per figlio, ma che abbiano reso la <span style=\"text-decoration: underline;\">dichiarazione di volont\u00e0 successivamente al 01\/01\/2026<\/span> possono chiedere il <strong>rimborso<\/strong> di quanto gi\u00e0 versato inviando un&#8217;email a <a href=\"mailto:consolato.santiago@esteri.it\">consolato.santiago@esteri.it<\/a> , allegando il modulo di richiesta di rimborso (vedasi modulistica a fine pagina), copia del messaggio SWIFT, copia di un documento di identit\u00e0 in corso di validit\u00e0 e copia del codice fiscale italiano del richiedente.<\/p>\n<p>Maggiori informazioni sono disponibili nella <a href=\"https:\/\/libertaciviliimmigrazione.dlci.interno.gov.it\/sites\/default\/files\/2025-10\/AVVISO%20MODALITA%27%20RIMBORSO%20CONTRIBUTO%20CITTADINANZA_1.pdf\">pagina dedicata del Ministero dell&#8217;Interno<\/a>.<\/p>\n<p>&nbsp;<\/p>\n<p><strong>MODULI<\/strong><\/p>\n<ul>\n<li><a href=\"https:\/\/ambsantiago.esteri.it\/wp-content\/uploads\/2026\/03\/NUOVO-MODULO-stato-civile-INTERESSATO-2026.pdf\">Richiesta di trascrizione atti di stato civile<\/a><\/li>\n<li><a href=\"https:\/\/ambsantiago.esteri.it\/wp-content\/uploads\/2026\/03\/Dichiarazione-sostitutiva-SENTENZA-adozione-2026.pdf\">Dichiarazione sostitutiva di atto notorio (sentenze di adozione)<\/a><\/li>\n<li><a href=\"https:\/\/ambsantiago.esteri.it\/wp-content\/uploads\/2026\/03\/Dichiarazione-sostitutiva-SENTENZA-affidamento-responsabilita-genitoriale-2026.pdf\">Dichiarazione sostitutiva di atto notorio (sentenze di affidamento\/responsabilit\u00e0 genitoriale)<\/a><\/li>\n<li><a href=\"https:\/\/ambsantiago.esteri.it\/wp-content\/uploads\/2026\/01\/Modello-richiesta-rimborso-contributo-cittadinanza_0.pdf\">Modulo richiesta di rimborso<\/a><\/li>\n<\/ul>\n","protected":false},"excerpt":{"rendered":"ATTI DI NASCITA DI MINORI STRANIERI NATI ALL\u2019ESTERO E FIGLI DI CITTADINI ITALIANI PER NASCITA (JURE SANGUINIS) IN POSSESSO DI PI\u00d9 CITTADINANZE (ES. ITALIANA E CILENA) Qualora si tratti di minori stranieri nati all\u2019estero e figli di cittadini italiani per nascita (jure sanguinis) in possesso di pi\u00f9 cittadinanze (es. italiana e cilena) la Legge 23 [&hellip;]","protected":false},"author":8,"featured_media":0,"parent":68,"menu_order":1,"comment_status":"closed","ping_status":"closed","template":"","meta":{"footnotes":""},"class_list":["post-8965","page","type-page","status-publish","hentry"],"_links":{"self":[{"href":"https:\/\/ambsantiago.esteri.it\/it\/wp-json\/wp\/v2\/pages\/8965","targetHints":{"allow":["GET"]}}],"collection":[{"href":"https:\/\/ambsantiago.esteri.it\/it\/wp-json\/wp\/v2\/pages"}],"about":[{"href":"https:\/\/ambsantiago.esteri.it\/it\/wp-json\/wp\/v2\/types\/page"}],"author":[{"embeddable":true,"href":"https:\/\/ambsantiago.esteri.it\/it\/wp-json\/wp\/v2\/users\/8"}],"replies":[{"embeddable":true,"href":"https:\/\/ambsantiago.esteri.it\/it\/wp-json\/wp\/v2\/comments?post=8965"}],"version-history":[{"count":7,"href":"https:\/\/ambsantiago.esteri.it\/it\/wp-json\/wp\/v2\/pages\/8965\/revisions"}],"predecessor-version":[{"id":13195,"href":"https:\/\/ambsantiago.esteri.it\/it\/wp-json\/wp\/v2\/pages\/8965\/revisions\/13195"}],"up":[{"embeddable":true,"href":"https:\/\/ambsantiago.esteri.it\/it\/wp-json\/wp\/v2\/pages\/68"}],"wp:attachment":[{"href":"https:\/\/ambsantiago.esteri.it\/it\/wp-json\/wp\/v2\/media?parent=8965"}],"curies":[{"name":"wp","href":"https:\/\/api.w.org\/{rel}","templated":true}]}}