{"id":7566,"date":"2025-02-26T11:48:37","date_gmt":"2025-02-26T14:48:37","guid":{"rendered":"https:\/\/ambsantiago.esteri.it\/?page_id=7566"},"modified":"2026-02-19T17:08:35","modified_gmt":"2026-02-19T20:08:35","slug":"carta-didentita-elettronica-cie","status":"publish","type":"page","link":"https:\/\/ambsantiago.esteri.it\/it\/servizi-consolari-e-visti\/servizi-per-il-cittadino-italiano\/carta-didentita-elettronica-cie\/","title":{"rendered":"Carta d&#8217;identit\u00e0 elettronica &#8211; CIE"},"content":{"rendered":"<div class=\"entry-content\">\n<p style=\"text-align: justify;\">La nuova Carta di identit\u00e0 Elettronica \u00e8 un documento multifunzionale: attesta l\u2019identit\u00e0 del cittadino, \u00e8 un documento di viaggio, riporta il codice fiscale e si pu\u00f2 utilizzare per richiedere un\u2019identit\u00e0 sul sistema SPID (Sistema Pubblico di Identit\u00e0 Digitale) con cui accedere ai Servizi erogati dalle Pubbliche Amministrazioni Italiane.<\/p>\n<p style=\"text-align: justify;\">La carta d\u2019identit\u00e0 elettronica equivale al passaporto ai fini dell\u2019espatrio negli Stati membri dell\u2019Unione europea, negli Stati dello Spazio Schengen (UE + Islanda, Norvegia, Svizzera, Liechtenstein) e in quelli in cui vigono particolari accordi internazionali.<\/p>\n<p style=\"text-align: justify;\">Al riguardo, per ulteriori e pi\u00f9 dettagliate informazioni, \u00e8 possibile consultare il sito\u00a0<a class=\"\" href=\"https:\/\/www.viaggiaresicuri.it\/approfondimenti-insights\/documentidiviaggio\" data-focus-mouse=\"false\">https:\/\/www.viaggiaresicuri.it\/approfondimenti-insights\/documentidiviaggio<\/a><\/p>\n<p style=\"text-align: justify;\">La CIE potr\u00e0 essere rilasciata esclusivamente ai cittadini italiani regolarmente residenti nella circoscrizione consolare del Cile, che siano gi\u00e0 registrati nello schedario consolare e i cui dati anagrafici siano gi\u00e0 presenti nella banca dati A.I.R.E. (Anagrafe degli Italiani Residenti all\u2019Estero) del Ministero dell\u2019Interno (ANPR).<\/p>\n<p style=\"text-align: justify;\">La CIE\u00a0<strong>non\u00a0<\/strong>viene rilasciata a vista il giorno dell\u2019appuntamento ma viene prodotta dall\u2019Istituto Poligrafico e Zecca dello Stato di Roma e successivamente spedita dall\u2019Italia, a mezzo posta, presso l\u2019indirizzo di residenza dichiarato dal richiedente.<\/p>\n<p>&nbsp;<\/p>\n<p style=\"text-align: center;\"><strong>REQUISITI OBBLIGATORI PER RICHIEDERE LA CARTA D\u2019IDENTIT\u00c0 ELETTRONICA<\/strong><\/p>\n<p style=\"text-align: justify;\">Ai fini dell\u2019emissione della CIE \u00e8 indispensabile che il richiedente:<\/p>\n<ul style=\"text-align: justify;\">\n<li>sia <span style=\"text-decoration: underline;\">iscritto all\u2019AIRE<\/span> e il suo nominativo sia inserito <span style=\"text-decoration: underline;\">nell\u2019apposito applicativo da parte del comune italiano<\/span> di riferimento;<\/li>\n<li>abbia l\u2019<span style=\"text-decoration: underline;\">atto di nascita trascritto in Italia<\/span>, in quanto gli estremi della trascrizione devono essere riportati sulla CIE;<\/li>\n<li>abbia il <span style=\"text-decoration: underline;\">Codice Fiscale validato<\/span> da parte dell\u2019Agenzia delle Entrate e dal comune italiano di riferimento. Per chi non \u00e8 in possesso del Codice fiscale sar\u00e0 cura di questa Cancelleria Consolare richiederlo d\u2019ufficio;<\/li>\n<li>abbia <span style=\"text-decoration: underline;\">aggiornato la sua posizione negli schedari consolari relativa all&#8217;indirizzo di residenza e allo stato civile<\/span> (compresa nascita di figli minori di 18 anni). In caso di variazioni, si dovranno seguire le indicazioni riportate sezioni del sito relative all&#8217;<a href=\"https:\/\/ambsantiago.esteri.it\/it\/servizi-consolari-e-visti\/servizi-per-il-cittadino-italiano\/aire-servizio-anagrafe\/\">AIRE<\/a> e allo <a href=\"https:\/\/ambsantiago.esteri.it\/it\/servizi-consolari-e-visti\/servizi-per-il-cittadino-italiano\/stato-civile\/\">Stato civile<\/a> prima di richiedere un appuntamento per la carta d\u2019identit\u00e0 elettronica.<\/li>\n<\/ul>\n<p>&nbsp;<\/p>\n<p style=\"text-align: center;\"><strong>VALIDIT\u00c0 DELLA CARTA D\u2019IDENTIT\u00c0 ELETTRONICA<\/strong><\/p>\n<p style=\"text-align: justify;\">La validit\u00e0 della CIE varia a seconda all\u2019et\u00e0 del titolare:<\/p>\n<ul>\n<li style=\"text-align: justify;\">3 anni per minori di et\u00e0 inferiore a 3 anni;<\/li>\n<li style=\"text-align: justify;\">5 anni per i minori di et\u00e0 compresa tra i 3 e i 18 anni;<\/li>\n<li style=\"text-align: justify;\">10 anni per i maggiorenni.<\/li>\n<\/ul>\n<\/div>\n<p>&nbsp;<\/p>\n<p style=\"text-align: center;\"><strong>DOCUMENTAZIONE RICHIESTA PER IL RILASCIO DELLA CARTA D\u2019IDENTIT\u00c0 ELETTRONICA<\/strong><\/p>\n<ul style=\"text-align: justify;\">\n<li>Una fototessera a norma biometrica (formato 35\u00d745 mm);<\/li>\n<li>Eventuale precedente carta di identit\u00e0 (anche se scaduta);<\/li>\n<li>Un documento di riconoscimento in corso di validit\u00e0. Se non ne \u00e8 in possesso, il richiedente dovr\u00e0 presentarsi accompagnato da due testimoni;<\/li>\n<li>Atto di assenso di entrambi genitori nel caso in cui il richiedente sia un minore.<\/li>\n<\/ul>\n<div class=\"entry-content\">\n<p>&nbsp;<\/p>\n<p style=\"text-align: center;\"><strong>MODALIT\u00c0 DI RICHIESTA DELLA CARTA D\u2019IDENTIT\u00c0 ELETTRONICA<\/strong><\/p>\n<p style=\"text-align: justify;\">Per richiedere il rilascio della carta d\u2019identit\u00e0 elettronica \u00e8 necessario prenotare un appuntamento. La prenotazione di appuntamenti per carta d\u2019identit\u00e0 elettronica si effettua <strong>ONLINE SETTIMANALMENTE<\/strong> utilizzando la piattaforma\u00a0<a href=\"https:\/\/prenotami.esteri.it\/\">Prenot@mi<\/a>\u00a0che apre l\u2019agenda settimanale con i posti disponibili <strong>ogni luned\u00ec<\/strong>, con orario aleatorio (si suggerisce di utilizzare il browser Edge) ed <span style=\"text-decoration: underline;\">\u00e8 possibile accedervi anche durante la settimana<\/span> per verificare la disponibilit\u00e0 di appuntamenti. In caso di un luned\u00ec festivo, il servizio si attiver\u00e0 il primo giorno lavorativo seguente. <span style=\"text-decoration: underline;\">Il messaggio \u201ctutti gli appuntamenti per questo servizio sono attualmente riservati\u201d pu\u00f2 anche significare che l\u2019agenda settimanale del portale Prenot@mi non \u00e8 stata ancora aperta.<\/span><\/p>\n<p style=\"text-align: justify;\">Il sistema consente di richiedere un appuntamento per una persona. Nel campo \u201cnote\u201d si dovranno specificare i nominativi (nome, cognome e data di nascita) sia del richiedente che degli eventuali componenti del nucleo familiare per cui si prenota l\u2019appuntamento.<\/p>\n<p style=\"text-align: justify;\"><strong>Attenzione:<\/strong> Si ricorda che il <strong>servizio di prenotazione di appuntamenti \u00e8 GRATUITO! Diffidate da servizi di intermediazione e segnalateci eventuali richieste di INTERMEDIAZIONI scrivendo a <a href=\"mailto:santiago.segnalazioni@esteri.it\">santiago.segnalazioni@esteri.it<\/a> .<\/strong><\/p>\n<p style=\"text-align: justify;\">Dal momento della richiesta alla data fissata per l\u2019appuntamento trascorrono\u00a0<strong>almeno 15 giorni<\/strong>, necessari per consentire all\u2019ufficio consolare di effettuare il controllo dei dati anagrafici, risolvere eventuali disallineamenti e verificare che non sussistano cause ostative al rilascio del documento.<\/p>\n<p style=\"text-align: justify;\"><strong>ATTENZIONE: Nel caso in cui, a seguito delle verifiche, emergessero elementi ostativi al rilascio della CIE, sar\u00e0 cura di questa Cancelleria Consolare informarne l\u2019interessato anche ai fini della cancellazione dell\u2019appuntamento.<\/strong><\/p>\n<p style=\"text-align: justify;\"><strong>La presenza del richiedente e\/o del titolare della carta richiesta \u00e8 obbligatoria.<\/strong><\/p>\n<p style=\"text-align: justify;\">Il giorno dell\u2019appuntamento in Cancelleria Consolare saranno acquisiti i dati biometrici, verr\u00e0 validata la pratica e riscosso il relativo importo stabilito dalla <a href=\"https:\/\/ambsantiago.esteri.it\/it\/servizi-consolari-e-visti\/servizi-per-il-cittadino-italiano\/tariffe-consolari\/\">TABELLA PERCEZIONI CONSOLARI<\/a>.\u00a0Il pagamento pu\u00f2 essere effettuato in <strong>contanti<\/strong> (pesos cileni) o <strong>carta di debito<\/strong> (RedCompra). <strong>Non<\/strong> si accettano carte di credito.<\/p>\n<p style=\"text-align: justify;\"><strong>IMPORTANTE<\/strong>: a partire dal <span style=\"text-decoration: underline;\">1\u00b0 giugno 2026<\/span> i cittadini italiani iscritti all\u2019Anagrafe degli Italiani Residenti all\u2019Estero (AIRE) potranno presentare domanda per il rilascio della <span style=\"text-decoration: underline;\">carta d&#8217;identit\u00e0 elettronica presso qualsiasi Comune italiano<\/span>. La carta d\u2019identit\u00e0 sar\u00e0 consegnata con le medesime modalit\u00e0 previste in caso di domanda presentata tramite l\u2019Ufficio consolare, con facolt\u00e0 per l\u2019interessato di ritirarla personalmente presso il Comune ovvero di richiederne la spedizione all\u2019estero.<\/p>\n<p>&nbsp;<\/p>\n<p style=\"text-align: center;\"><strong>SPEDIZIONE DELLA CARTA D\u2019IDENTIT\u00c0 ELETTRONICA<\/strong><\/p>\n<p style=\"text-align: justify;\">La CIE non \u00e8 rilasciata il giorno dell\u2019appuntamento: <strong>sar\u00e0 inviata dall\u2019Italia tramite raccomandata<\/strong>, a cura dell\u2019Istituto Poligrafico e Zecca dello Stato, direttamente all\u2019indirizzo prescelto dal richiedente. Il richiedente potr\u00e0 verificare il <span style=\"text-decoration: underline;\">tracciamento della spedizione<\/span> sul sito di Poste italiane <a href=\"https:\/\/www.poste.it\/prodotti\/raccomandata.html\">https:\/\/www.poste.it\/prodotti\/raccomandata.html<\/a>: cliccare su \u201cCerca spedizioni\u201d e inserire il numero di raccomandata fornito il giorno dell\u2019appuntamento.<\/p>\n<p style=\"text-align: justify;\">In caso di <span style=\"text-decoration: underline;\">mancata consegna per indirizzo errato<\/span>, \u00e8 prevista una <strong>giacenza di 30 giorni presso l\u2019ufficio postale locale<\/strong>. Al termine di questo periodo il plico viene restituito all&#8217;Ambasciata per ulteriori tentativi di consegna.<\/p>\n<p style=\"text-align: justify;\">Una volta ricevuta al proprio domicilio, \u00e8 possibile attivare digitalmente la CIE, seguendo le istruzioni contenute nel plico ricevuto. L&#8217;attivazione consente successivamente di poter accedere ai servizi telematici della Pubblica Amministrazione utilizzando la CIE come autenticazione forte. Si raccomanda di verificare la ricezione del codice OTP di attivazione anche nella cartella SPAM degli SMS. In caso di difficolt\u00e0 o problemi nell&#8217;attivazione della CIE \u00e8 possibile scrivere a <a href=\"mailto:informazioni@email.ipzs.it\">informazioni@email.ipzs.it<\/a> o a <a href=\"mailto:cie.cittadini@interno.it\">cie.cittadini@interno.it<\/a> oppure chiamare il numero +39 06 42985699, indicando il problema riscontrato.<\/p>\n<p style=\"text-align: justify;\">Per contattare l\u2019ufficio carte di identit\u00e0, siete invitati a scrivere una mail a: <a href=\"mailto:anagrafe.santiago@esteri.it\">anagrafe.santiago@esteri.it<\/a><\/p>\n<div style=\"text-align: justify;\">\n<p>&nbsp;<\/p>\n<p><strong>MODULI<\/strong><\/p>\n<\/div>\n<ul style=\"text-align: justify;\">\n<li><a href=\"https:\/\/ambsantiago.esteri.it\/wp-content\/uploads\/2025\/02\/Atto_di_assenso_in_favore_dei_figli_minori-Cittadino-non-UE.pdf\">Atto assenso rilascio CIE a minore da genitori extra-UE NON regolarmente soggiornanti in Italia<\/a><\/li>\n<li><a href=\"https:\/\/ambsantiago.esteri.it\/wp-content\/uploads\/2025\/02\/Atto_di_assenso_in_favore_dei_figli_minori-Cittadino-italiano-o-UE.pdf\">Atto assenso rilascio CIE a minore da genitori italiani o europei<\/a><\/li>\n<li><a href=\"https:\/\/ambsantiago.esteri.it\/wp-content\/uploads\/2025\/02\/Dichiarazione-sostitutiva-in-presenza-di-figli-minori.pdf\">Dichiarazione Sostitutiva di Certificazione in caso di figli minori (assenza di misure inibitorie al rilascio della CIE valida per l&#8217;espatrio)<\/a><\/li>\n<\/ul>\n<div>\n<p style=\"text-align: justify;\"><strong>NORME<\/strong><\/p>\n<p style=\"text-align: justify;\"><strong>\u2013 <a href=\"https:\/\/ambsantiago.esteri.it\/wp-content\/uploads\/2025\/02\/photograph_guidelines_it.pdf\">Standard ICAO per le foto da carta d&#8217;identit\u00e0 elettronica<\/a><\/strong><\/p>\n<p style=\"text-align: justify;\"><strong>\u2013 <a href=\"https:\/\/www.esteri.it\/it\/servizi-consolari-e-visti\/italiani-all-estero\/documenti_di_viaggio\/carta_identita\/\">Disposizioni MAECI<\/a><\/strong><\/p>\n<p style=\"text-align: justify;\">\n<\/div>\n<\/div>\n","protected":false},"excerpt":{"rendered":"La nuova Carta di identit\u00e0 Elettronica \u00e8 un documento multifunzionale: attesta l\u2019identit\u00e0 del cittadino, \u00e8 un documento di viaggio, riporta il codice fiscale e si pu\u00f2 utilizzare per richiedere un\u2019identit\u00e0 sul sistema SPID (Sistema Pubblico di Identit\u00e0 Digitale) con cui accedere ai Servizi erogati dalle Pubbliche Amministrazioni Italiane. La carta d\u2019identit\u00e0 elettronica equivale al passaporto [&hellip;]","protected":false},"author":8,"featured_media":0,"parent":47,"menu_order":3,"comment_status":"closed","ping_status":"closed","template":"","meta":{"footnotes":""},"class_list":["post-7566","page","type-page","status-publish","hentry"],"_links":{"self":[{"href":"https:\/\/ambsantiago.esteri.it\/it\/wp-json\/wp\/v2\/pages\/7566","targetHints":{"allow":["GET"]}}],"collection":[{"href":"https:\/\/ambsantiago.esteri.it\/it\/wp-json\/wp\/v2\/pages"}],"about":[{"href":"https:\/\/ambsantiago.esteri.it\/it\/wp-json\/wp\/v2\/types\/page"}],"author":[{"embeddable":true,"href":"https:\/\/ambsantiago.esteri.it\/it\/wp-json\/wp\/v2\/users\/8"}],"replies":[{"embeddable":true,"href":"https:\/\/ambsantiago.esteri.it\/it\/wp-json\/wp\/v2\/comments?post=7566"}],"version-history":[{"count":6,"href":"https:\/\/ambsantiago.esteri.it\/it\/wp-json\/wp\/v2\/pages\/7566\/revisions"}],"predecessor-version":[{"id":12539,"href":"https:\/\/ambsantiago.esteri.it\/it\/wp-json\/wp\/v2\/pages\/7566\/revisions\/12539"}],"up":[{"embeddable":true,"href":"https:\/\/ambsantiago.esteri.it\/it\/wp-json\/wp\/v2\/pages\/47"}],"wp:attachment":[{"href":"https:\/\/ambsantiago.esteri.it\/it\/wp-json\/wp\/v2\/media?parent=7566"}],"curies":[{"name":"wp","href":"https:\/\/api.w.org\/{rel}","templated":true}]}}