{"id":7354,"date":"2025-02-21T12:16:30","date_gmt":"2025-02-21T15:16:30","guid":{"rendered":"https:\/\/ambsantiago.esteri.it\/?page_id=7354"},"modified":"2026-02-11T13:18:08","modified_gmt":"2026-02-11T16:18:08","slug":"aggiornamento-indirizzo-di-residenza","status":"publish","type":"page","link":"https:\/\/ambsantiago.esteri.it\/it\/servizi-consolari-e-visti\/servizi-per-il-cittadino-italiano\/aire-servizio-anagrafe\/aggiornamento-indirizzo-di-residenza\/","title":{"rendered":"Aggiornamento indirizzo di residenza"},"content":{"rendered":"<p style=\"text-align: justify;\"><strong>Questa sezione riguarda solo la procedura di cambio di indirizzo ALL\u2019INTERNO DELLA CIRCOSCRIZIONE CILE.<\/strong><\/p>\n<p style=\"text-align: justify;\">Se ti sei gi\u00e0 registrati presso l\u2019Anagrafe Consolare di questa Cancelleria Consolare e ti trasferisci a un nuovo indirizzo all&#8217;interno del Cile, dovrai immediatamente comunicare tutti i dettagli della nuova residenza, cos\u00ec come i dati dei familiari conviventi.<\/p>\n<p style=\"text-align: justify;\"><strong>COME FARE?<\/strong><\/p>\n<p style=\"text-align: justify;\">Il primo passo per comunicare la variazione del proprio indirizzo \u00e8 accedere al proprio account nel portale istituzionale <a href=\"https:\/\/serviziconsolari.esteri.it\/home\"><strong>Fast It<\/strong><\/a> o, se non gi\u00e0 presente, crearne uno nuovo seguendo le istruzioni nella seguente <a href=\"https:\/\/ambsantiago.esteri.it\/it\/servizi-consolari-e-visti\/servizi-per-il-cittadino-italiano\/aire-servizio-anagrafe\/creazione-account-fast-it\/\">pagina<\/a>.<\/p>\n<p style=\"text-align: justify;\"><strong>ATTENZIONE: <\/strong>\u00e8 <strong>indispensabile registrarsi <\/strong>con i dati presenti nell\u2019<strong>anagrafe italiana <\/strong>(non sempre uguali ai dati cileni, in caso di doppia cittadinanza). Inserire nome\/nomi e cognome\/cognomi completi senza eventuali accenti. In caso di dubbi sui propri dati anagrafici registrati in Italia, \u00e8 possibile inviare un\u2019e-mail a <a href=\"mailto:anagrafe.santiago@esteri.it\">anagrafe.santiago@esteri.it<\/a> con i propri dati completi (nomi, cognomi e data di nascita) chiedendo conferma.<\/p>\n<p><img loading=\"lazy\" decoding=\"async\" class=\"\" src=\"https:\/\/ambsantiago.esteri.it\/wp-content\/uploads\/2025\/03\/Cattura1-ANAGRAFE-CONSOLARE-E-AIRE-corretta.png\" width=\"1051\" height=\"216\" \/><\/p>\n<p style=\"text-align: justify;\">Dopo il login, nella sezione <strong>ANAGRAFE CONSOLARE E AIRE<\/strong> si dovr\u00e0 innanzitutto scegliere l\u2019opzione \u201c<span style=\"text-decoration: underline;\">Visualizzare la propria scheda consolare<\/span>\u201d. Se non \u00e8 stato gi\u00e0 fatto, si dovr\u00e0 prima associare il proprio account per poter visualizzare la propria scheda anagrafica. Sar\u00e0 richiesto l\u2019inserimento sul portale di un documento di identit\u00e0 in corso di validit\u00e0. Se non si \u00e8 in possesso di un documento di identit\u00e0 italiano sar\u00e0 possibile allegare la<em> c\u00e9dula de identidad<\/em> cilena o passaporto del proprio Paese in corso di validit\u00e0.<\/p>\n<p><img loading=\"lazy\" decoding=\"async\" class=\"alignnone wp-image-7392 img-fluid\" src=\"https:\/\/ambsantiago.esteri.it\/wp-content\/uploads\/2025\/02\/Cattura-VISUALIZZAZIONE-SCHEDA-CONSOLARE.png\" alt=\"\" width=\"1045\" height=\"644\" srcset=\"https:\/\/ambsantiago.esteri.it\/wp-content\/uploads\/2025\/02\/Cattura-VISUALIZZAZIONE-SCHEDA-CONSOLARE.png 1475w, https:\/\/ambsantiago.esteri.it\/wp-content\/uploads\/2025\/02\/Cattura-VISUALIZZAZIONE-SCHEDA-CONSOLARE-300x185.png 300w, https:\/\/ambsantiago.esteri.it\/wp-content\/uploads\/2025\/02\/Cattura-VISUALIZZAZIONE-SCHEDA-CONSOLARE-1024x631.png 1024w, https:\/\/ambsantiago.esteri.it\/wp-content\/uploads\/2025\/02\/Cattura-VISUALIZZAZIONE-SCHEDA-CONSOLARE-768x473.png 768w\" sizes=\"auto, (max-width: 1045px) 100vw, 1045px\" \/><\/p>\n<p style=\"text-align: justify;\"><strong>NOTA BENE<\/strong>: la procedura di associazione dev\u2019essere validata da questa Cancelleria Consolare e per tale ragione pu\u00f2 impiegare <span style=\"text-decoration: underline;\">alcuni giorni<\/span>.<\/p>\n<p style=\"text-align: justify;\">Dopo la conclusione della procedura di associazione si potr\u00e0 visualizzare la propria scheda anagrafica come risulta registrata in questa Sede.<\/p>\n<p style=\"text-align: justify;\"><strong>ATTENZIONE:<\/strong>\u00a0Qualora risulti lo status \u201c<strong>Non Iscritto<\/strong>\u201d per la posizione AIRE \u2013 <strong>ma l\u2019indirizzo e gli altri dati siano correttamente riportati<\/strong> \u2013 l\u2019interessato <strong>NON<\/strong> DOVR\u00c0 RICHIEDERE NESSUN AGGIORNAMENTO. Tale disallineamento pu\u00f2 accadere per chi ha inviato l\u2019istanza di iscrizione precedentemente all\u2019innovazione del portale Fast It.<\/p>\n<p style=\"text-align: justify;\">Una volta associato l\u2019account, in presenza di disallineamenti, si potr\u00e0 comunicare il proprio cambio di domicilio attraverso l\u2019opzione \u201c<span style=\"text-decoration: underline;\">Comunicare la variazione del proprio indirizzo all&#8217;estero<\/span>\u201d seguendo le istruzioni indicate sul portale.<\/p>\n<p style=\"text-align: justify;\"><img loading=\"lazy\" decoding=\"async\" class=\"alignnone wp-image-7398 img-fluid\" src=\"https:\/\/ambsantiago.esteri.it\/wp-content\/uploads\/2025\/02\/Cattura2-AGGIORNAMENTO-INDIRIZZO-ITA.png\" alt=\"\" width=\"958\" height=\"636\" srcset=\"https:\/\/ambsantiago.esteri.it\/wp-content\/uploads\/2025\/02\/Cattura2-AGGIORNAMENTO-INDIRIZZO-ITA.png 1342w, https:\/\/ambsantiago.esteri.it\/wp-content\/uploads\/2025\/02\/Cattura2-AGGIORNAMENTO-INDIRIZZO-ITA-300x199.png 300w, https:\/\/ambsantiago.esteri.it\/wp-content\/uploads\/2025\/02\/Cattura2-AGGIORNAMENTO-INDIRIZZO-ITA-1024x680.png 1024w, https:\/\/ambsantiago.esteri.it\/wp-content\/uploads\/2025\/02\/Cattura2-AGGIORNAMENTO-INDIRIZZO-ITA-768x510.png 768w\" sizes=\"auto, (max-width: 958px) 100vw, 958px\" \/><\/p>\n<p style=\"text-align: justify;\">Nella sezione in cui viene indicato di \u201cC<span style=\"text-decoration: underline;\">aricare i documenti richiesti<\/span>\u201d, si dovranno caricare i seguenti allegati:<\/p>\n<ul>\n<li style=\"text-align: justify;\">documento d\u2019identit\u00e0 in corso di validit\u00e0;<\/li>\n<li style=\"text-align: justify;\">copia della bolletta di utenza residenziale fissa intestata a suo nome o copia del contratto di lavoro o certificato emesso dalla <em>Junta de Vecinos<\/em>; non si accettano dichiarazioni &#8220;ante notario&#8221; o schermate del <em>Servicio de Impuestos Internos<\/em>;<\/li>\n<li style=\"text-align: justify;\">modulo di richiesta \u201cComunicazione cambio residenza\u201d da scaricare cliccando sul pulsante &#8220;Generazione modulo di richiesta&#8221;; il modulo va stampato, debitamente <span style=\"text-decoration: underline;\">firmato<\/span> e scansionato.<\/li>\n<\/ul>\n<p><img loading=\"lazy\" decoding=\"async\" class=\"alignnone wp-image-7402 img-fluid\" src=\"https:\/\/ambsantiago.esteri.it\/wp-content\/uploads\/2025\/02\/Cattura3-AGGIORNAMENTO-INDIRIZZO.png\" alt=\"\" width=\"968\" height=\"587\" srcset=\"https:\/\/ambsantiago.esteri.it\/wp-content\/uploads\/2025\/02\/Cattura3-AGGIORNAMENTO-INDIRIZZO.png 1289w, https:\/\/ambsantiago.esteri.it\/wp-content\/uploads\/2025\/02\/Cattura3-AGGIORNAMENTO-INDIRIZZO-300x182.png 300w, https:\/\/ambsantiago.esteri.it\/wp-content\/uploads\/2025\/02\/Cattura3-AGGIORNAMENTO-INDIRIZZO-1024x621.png 1024w, https:\/\/ambsantiago.esteri.it\/wp-content\/uploads\/2025\/02\/Cattura3-AGGIORNAMENTO-INDIRIZZO-768x466.png 768w\" sizes=\"auto, (max-width: 968px) 100vw, 968px\" \/><\/p>\n","protected":false},"excerpt":{"rendered":"Questa sezione riguarda solo la procedura di cambio di indirizzo ALL\u2019INTERNO DELLA CIRCOSCRIZIONE CILE. Se ti sei gi\u00e0 registrati presso l\u2019Anagrafe Consolare di questa Cancelleria Consolare e ti trasferisci a un nuovo indirizzo all&#8217;interno del Cile, dovrai immediatamente comunicare tutti i dettagli della nuova residenza, cos\u00ec come i dati dei familiari conviventi. COME FARE? Il [&hellip;]","protected":false},"author":8,"featured_media":0,"parent":417,"menu_order":0,"comment_status":"closed","ping_status":"closed","template":"","meta":{"footnotes":""},"class_list":["post-7354","page","type-page","status-publish","hentry"],"_links":{"self":[{"href":"https:\/\/ambsantiago.esteri.it\/it\/wp-json\/wp\/v2\/pages\/7354","targetHints":{"allow":["GET"]}}],"collection":[{"href":"https:\/\/ambsantiago.esteri.it\/it\/wp-json\/wp\/v2\/pages"}],"about":[{"href":"https:\/\/ambsantiago.esteri.it\/it\/wp-json\/wp\/v2\/types\/page"}],"author":[{"embeddable":true,"href":"https:\/\/ambsantiago.esteri.it\/it\/wp-json\/wp\/v2\/users\/8"}],"replies":[{"embeddable":true,"href":"https:\/\/ambsantiago.esteri.it\/it\/wp-json\/wp\/v2\/comments?post=7354"}],"version-history":[{"count":7,"href":"https:\/\/ambsantiago.esteri.it\/it\/wp-json\/wp\/v2\/pages\/7354\/revisions"}],"predecessor-version":[{"id":12339,"href":"https:\/\/ambsantiago.esteri.it\/it\/wp-json\/wp\/v2\/pages\/7354\/revisions\/12339"}],"up":[{"embeddable":true,"href":"https:\/\/ambsantiago.esteri.it\/it\/wp-json\/wp\/v2\/pages\/417"}],"wp:attachment":[{"href":"https:\/\/ambsantiago.esteri.it\/it\/wp-json\/wp\/v2\/media?parent=7354"}],"curies":[{"name":"wp","href":"https:\/\/api.w.org\/{rel}","templated":true}]}}