{"id":717,"date":"2023-10-16T12:18:21","date_gmt":"2023-10-16T15:18:21","guid":{"rendered":"https:\/\/ambsantiago.esteri.it\/?page_id=717"},"modified":"2024-07-01T17:35:59","modified_gmt":"2024-07-01T21:35:59","slug":"avvisi-ufficio-amministrativo","status":"publish","type":"page","link":"https:\/\/ambsantiago.esteri.it\/it\/servizi-consolari-e-visti\/servizi-per-il-cittadino-italiano\/albo-consolare-e-altri-servizi\/avvisi-ufficio-amministrativo\/","title":{"rendered":"Avvisi Ufficio Amministrativo"},"content":{"rendered":"<div class=\"row\">\n<div class=\"col-md-6 col-sm-12 col-xs-24\"><\/div>\n<div class=\"col-md-17 col-sm-12 col-xs-24 share\">\n<div class=\"moduletable\">\n<div>\n<div class=\"addthis_toolbox addthis_default_style \"><\/div>\n<\/div>\n<\/div>\n<\/div>\n<\/div>\n<hr \/>\n<div><\/div>\n<div class=\"sr-only\"><\/div>\n<div>\n<p><strong>AVVISO ESPLORATIVO PER LA RICEZIONE DI MANIFESTAZIONI DI INTERESSE PER L\u2019AFFIDAMENTO DEL SERVIZIO DI SORVEGLIANZA DI QUESTA AMBASCIATA PER L\u2019ANNO 2024.ESPLORATIVO PER LA RICEZIONE DI MANIFESTAZIONI DI INTERESSE PER L\u2019AFFIDAMENTO DEL SERVIZIO DI SORVEGLIANZA DI QUESTA AMBASCIATA PER L\u2019ANNO 2024.<\/strong><\/p>\n<p>\u00c8 pubblicato un <strong>Avviso esplorativo<\/strong> per la ricezione di manifestazioni di interesse per l\u2019affidamento del servizio di sorveglianza di questa Ambasciata per l\u2019anno 2024.<\/p>\n<p>Ai fini della presentazione della manifestazione di interesse le imprese interessate dovranno compilare e inviare alla mail <a href=\"mailto:contabilita.santiago@esteri.it\">contabilita.santiago@esteri.it<\/a>\u00a0 il <strong>formulario<\/strong> in allegato.<\/p>\n<p>La <strong>scadenza<\/strong> per la presentazione della propria manifestazione di interesse \u00e8 il <strong>13 ottobre 2023 alle ore 12.00<\/strong> (ora di Santiago).<\/p>\n<\/div>\n<p><strong>AVISO EXPLORATORIO PARA LA RECEPCI\u00d3N DE MANIFESTACIONES DE INTER\u00c9S PARA LA ASIGNACI\u00d3N DEL SERVICIO DE\u00a0 VIGILANCIA DE ESTA EMBAJADA PARA EL A\u00d1O 2024<\/strong><\/p>\n<p>Se publica un <strong>aviso exploratorio<\/strong> para la recepci\u00f3n de manifestaciones de inter\u00e9s para la asignaci\u00f3n del servicio de vigilancia de esta Embajada para el a\u00f1o 2024.<\/p>\n<p>Para efectos de presentar su manifestaci\u00f3n de inter\u00e9s, las empresas interesadas deber\u00e1n rellenar y enviar el <strong>formulario<\/strong> adjunto por correo electr\u00f3nico a <a href=\"mailto:contabilita.santiago@esteri.it\">contabilita.santiago@esteri.it<\/a> .<\/p>\n<p>La <strong>fecha l\u00edmite<\/strong> para presentar su manifestaci\u00f3n de inter\u00e9s es el <strong>13 de octubre de 2023 a las 12:00 horas<\/strong> (hora de Santiago).<\/p>\n<div>\n<p><a href=\"https:\/\/ambsantiago.esteri.it\/wp-content\/uploads\/2023\/10\/Avviso-esplorativo-vigilanza-2024.pdf\">AVVISO<\/a><\/p>\n<p><a href=\"https:\/\/ambsantiago.esteri.it\/wp-content\/uploads\/2023\/10\/Formulario-Avviso-Esplorativo-Seguridad-Privada-2024.pdf\">Formulario<\/a><\/p>\n<p>&nbsp;<\/p>\n<p><strong>ACQUISIZIONE DI MANIFESTAZIONI D&#8217;INTERESSE PER L&#8217;INSERIMENTO NELL\u2019ELENCO DEI MEDICI E PROFESSIONISTI SANITARI DI RIFERIMENTO DELL&#8217;AMBASCIATA<\/strong><\/p>\n<p>L&#8217;Ambasciata d&#8217;Italia a Santiago, ravvisata l&#8217;esigenza di procedere all\u2019ampliamento dell&#8217;elenco dei medici e professionisti sanitari di fiducia, intende acquisire manifestazioni di interesse per l&#8217;inserimento nel relativo elenco.<\/p>\n<p>Per scaricare l&#8217;Avviso clicca <a href=\"https:\/\/ambsantiago.esteri.it\/wp-content\/uploads\/2023\/10\/bando_medici_di_riferimento_santiago.pdf\">qui<\/a><\/p>\n<p><a href=\"https:\/\/ambsantiago.esteri.it\/wp-content\/uploads\/2023\/10\/bando_medici_di_riferimento_santiago.pdf\">Informativa sulla protezione delle persone fisiche con riguardo al trattamento dei dati personali<\/a><\/p>\n<p>&nbsp;<\/p>\n<p><strong>AVVISO DI ISTITUZIONE DELL\u2019ELENCO DEI TECNICI DI FIDUCIA<\/strong><\/p>\n<div class=\"row\"><\/div>\n<div class=\"sr-only\"><\/div>\n<div>\n<p>Ai sensi dell\u2019art. 84 del D.P.R. 5 ottobre 2010, n. 207 \u00e8 istituito <strong>l\u2019elenco dei tecnici di fiducia dell\u2019Ambasciata d\u2019Italia Santiago<\/strong>, per le sole attivit\u00e0 ivi previste.<\/p>\n<p>I soggetti in possesso dei requisiti possono fare domanda di iscrizione, per i soli fini connessi all\u2019emissione dei certificati lavori di cui all\u2019art. 84 del D.P.R. 5 ottobre 2010, n. 207, secondo le modalit\u00e0 specificate nell&#8217;<a href=\"https:\/\/ambsantiago.esteri.it\/wp-content\/uploads\/2023\/10\/avviso_cel_santiago_2022_def.pdf\">avviso<\/a>.<\/p>\n<p>Il presente <a href=\"https:\/\/ambsantiago.esteri.it\/wp-content\/uploads\/2023\/10\/avviso_cel_santiago_2022_def.pdf\">avviso<\/a> non ha scadenza. Le domande possono essere presentate in qualsiasi momento e l\u2019iscrizione ha validit\u00e0 permanente, sino al verificarsi di una delle cause di cancellazione di seguito specificate. Gli iscritti dovranno altres\u00ec impegnarsi a comunicare ogni variazione relativa al proprio status ed ai propri recapiti.<\/p>\n<p>Si riportano di seguito i link ai seguenti documenti e allegati:<\/p>\n<p>&#8211; <a href=\"https:\/\/ambsantiago.esteri.it\/wp-content\/uploads\/2023\/10\/avviso_cel_santiago_2022_def.pdf\">AVVISO<\/a> (pdf)<\/p>\n<p>&#8211; <a href=\"https:\/\/ambsantiago.esteri.it\/wp-content\/uploads\/2023\/10\/avviso_cel_santiago_2022_def.pdf\">ISTRUZIONI PER LE IMPRESE E PER I TECNICI DI FIDUCIA PER L\u2019ATTUAZIONE DELL\u2019ART. 84 DEL D.P.R. 5 OTTOBRE 2010, N. 207<\/a><\/p>\n<p>&#8211;\u00a0<a href=\"https:\/\/ambsantiago.esteri.it\/wp-content\/uploads\/2024\/07\/Allegato2A_modello-di-domanda-di-iscrizione.pdf\">ALLEGATO 2A<\/a>\u00a0(.pdf)<\/p>\n<p>&#8211; <a href=\"https:\/\/ambsantiago.esteri.it\/wp-content\/uploads\/2024\/07\/allegato4B_nota-di-trasmissioneCEL.pdf\">ALLEGATO 2B<\/a> (pdf)<\/p>\n<p>&#8211; <a href=\"https:\/\/ambsantiago.esteri.it\/wp-content\/uploads\/2024\/07\/allegato4A_richiesta-invio-elenco.pdf\">ALLEGATO 4A<\/a> (pdf)<\/p>\n<p>&#8211; <a href=\"https:\/\/ambsantiago.esteri.it\/wp-content\/uploads\/2024\/07\/allegato4A_richiesta-invio-elenco.pdf\">ALLEGATO 4B<\/a> (pdf)<\/p>\n<p>&#8211; <a href=\"https:\/\/ambsantiago.esteri.it\/wp-content\/uploads\/2024\/07\/allegato4C_dichiarazione-incompatibilita.pdf\">ALLEGATO 4C<\/a> (pdf)<\/p>\n<p>&#8211; <a href=\"https:\/\/ambsantiago.esteri.it\/wp-content\/uploads\/2024\/07\/MODELLO_B.pdf\">MODELLO B semplificato<\/a> (pdf)<\/p>\n<\/div>\n<p>&nbsp;<\/p>\n<\/div>\n","protected":false},"excerpt":{"rendered":"AVVISO ESPLORATIVO PER LA RICEZIONE DI MANIFESTAZIONI DI INTERESSE PER L\u2019AFFIDAMENTO DEL SERVIZIO DI SORVEGLIANZA DI QUESTA AMBASCIATA PER L\u2019ANNO 2024.ESPLORATIVO PER LA RICEZIONE DI MANIFESTAZIONI DI INTERESSE PER L\u2019AFFIDAMENTO DEL SERVIZIO DI SORVEGLIANZA DI QUESTA AMBASCIATA PER L\u2019ANNO 2024. \u00c8 pubblicato un Avviso esplorativo per la ricezione di manifestazioni di interesse per l\u2019affidamento del [&hellip;]","protected":false},"author":5,"featured_media":0,"parent":76,"menu_order":4,"comment_status":"closed","ping_status":"closed","template":"","meta":{"footnotes":""},"class_list":["post-717","page","type-page","status-publish","hentry"],"_links":{"self":[{"href":"https:\/\/ambsantiago.esteri.it\/it\/wp-json\/wp\/v2\/pages\/717","targetHints":{"allow":["GET"]}}],"collection":[{"href":"https:\/\/ambsantiago.esteri.it\/it\/wp-json\/wp\/v2\/pages"}],"about":[{"href":"https:\/\/ambsantiago.esteri.it\/it\/wp-json\/wp\/v2\/types\/page"}],"author":[{"embeddable":true,"href":"https:\/\/ambsantiago.esteri.it\/it\/wp-json\/wp\/v2\/users\/5"}],"replies":[{"embeddable":true,"href":"https:\/\/ambsantiago.esteri.it\/it\/wp-json\/wp\/v2\/comments?post=717"}],"version-history":[{"count":6,"href":"https:\/\/ambsantiago.esteri.it\/it\/wp-json\/wp\/v2\/pages\/717\/revisions"}],"predecessor-version":[{"id":4308,"href":"https:\/\/ambsantiago.esteri.it\/it\/wp-json\/wp\/v2\/pages\/717\/revisions\/4308"}],"up":[{"embeddable":true,"href":"https:\/\/ambsantiago.esteri.it\/it\/wp-json\/wp\/v2\/pages\/76"}],"wp:attachment":[{"href":"https:\/\/ambsantiago.esteri.it\/it\/wp-json\/wp\/v2\/media?parent=717"}],"curies":[{"name":"wp","href":"https:\/\/api.w.org\/{rel}","templated":true}]}}