{"id":71,"date":"2023-04-11T18:19:16","date_gmt":"2023-04-11T16:19:16","guid":{"rendered":"https:\/\/ambasciatapraga.esteri.it\/?page_id=71"},"modified":"2026-01-22T11:08:38","modified_gmt":"2026-01-22T14:08:38","slug":"servizi-notarili","status":"publish","type":"page","link":"https:\/\/ambsantiago.esteri.it\/it\/servizi-consolari-e-visti\/servizi-per-il-cittadino-italiano\/servizi-notarili\/","title":{"rendered":"Servizi notarili"},"content":{"rendered":"<p>&nbsp;<\/p>\n<p style=\"text-align: center;\"><strong>SERVIZI NOTARILI<\/strong><\/p>\n<p style=\"text-align: justify;\">Gli appuntamenti per servizi notarili possono essere richiesti inviando una bozza in word dell&#8217;atto da rogare e copia del documento di identit\u00e0 del\/dei firmatario\/i all\u2019indirizzo email <a href=\"mailto:consolato.santiago@esteri.it\">consolato.santiago@esteri.it <\/a><\/p>\n<p>&nbsp;<\/p>\n<p style=\"text-align: center;\"><strong>PARTE GENERALE<\/strong><\/p>\n<p>&nbsp;<\/p>\n<p style=\"text-align: justify;\">1. Procure.<\/p>\n<p style=\"text-align: justify;\">2. Testamenti.<\/p>\n<p style=\"text-align: justify;\">3. Dichiarazioni di vigenza di leggi italiane.<\/p>\n<p style=\"text-align: justify;\">\n<p style=\"text-align: justify;\">Gli appuntamenti per l&#8217;Ufficio Notarile si prenotano esclusivamente inviando una mail alla casella <a href=\"mailto:consolato.santiago@esteri.it\">consolato.santiago@esteri.it<\/a> . Poich\u00e9 le procure sono atti complessi e richiedono una accurata preparazione e redazione prima della firma, le persone che si presenteranno agli sportelli consolari senza aver preso un appuntamento non potranno essere ricevute.<\/p>\n<p style=\"text-align: justify;\">L\u2019ufficio consolare esercita &#8211; <span style=\"text-decoration: underline;\">esclusivamente<\/span> nei confronti di <strong>cittadini italiani<\/strong> che si trovino all&#8217;estero in via permanente o temporanea &#8211; talune funzioni notarili previste dal nostro ordinamento. Essenzialmente si tratta del ricevimento di atti pubblici (procure, testamenti), di atti notori, di autenticazioni e di sottoscrizioni apposte a scritture private. Si tratta di atti redatti in lingua italiana per i quali, pertanto, \u00e8 richiesta la conoscenza della lingua e la presenza fisica del dichiarante, munito di un documento di riconoscimento in corso di validit\u00e0, presso gli uffici della Cancelleria Consolare dell&#8217;Ambasciata d&#8217;Italia in Santiago.<\/p>\n<p style=\"text-align: justify;\">Il cittadino italiano all&#8217;estero o lo straniero pu\u00f2, in alternativa, formalizzare l&#8217;atto presso un pubblico notaio ufficialmente accreditato in Cile. Successivamente, dovr\u00e0 far apostillare il documento e farlo tradurre da uno dei traduttori di riferimento dell\u2019Ambasciata. La traduzione dovr\u00e0 infine essere validata da parte di questa Cancelleria Consolare.<\/p>\n<p style=\"text-align: justify;\">Le semplici deleghe e autentiche di firma amministrative, che <strong>non<\/strong> rivestano <span style=\"text-decoration: underline;\">carattere notarile<\/span>, possono essere firmate anche dinanzi ai Consoli Onorari (<strong>NO<\/strong> Vice Consoli). Clicca <a href=\"https:\/\/ambsantiago.esteri.it\/it\/chi-siamo\/la-rete-consolare\/\">qui<\/a> per vedere la nostra Rete Consolare.<\/p>\n<p style=\"text-align: justify;\">\n<p style=\"text-align: justify;\">I servizi notarili pi\u00f9 frequentemente richiesti ad un Ufficio Consolare sono:<\/p>\n<p style=\"text-align: justify;\">\u2022procure speciali e generali<\/p>\n<p style=\"text-align: justify;\">\u2022revoche di procura<\/p>\n<p style=\"text-align: justify;\">\u2022rinunce ad eredit\u00e0<\/p>\n<p style=\"text-align: justify;\">\u2022deleghe<\/p>\n<p style=\"text-align: justify;\">\n<p style=\"text-align: justify;\"><strong>1. Procure<\/strong><\/p>\n<p style=\"text-align: justify;\">La procura \u00e8 un atto giuridico unilaterale con il quale un soggetto conferisce ad un altro soggetto il potere di agire in proprio nome e per proprio conto per il compimento di atti necessari a raggiungere un determinato scopo (es. vendere, acquistare, amministrare, fare donazione, accettare donazione, costituire o sciogliere societ\u00e0, richiedere pubblicazioni di matrimonio, ecc.).<\/p>\n<p style=\"text-align: justify;\">La procura pu\u00f2 essere:<\/p>\n<p style=\"text-align: justify;\">\u2022 generale: con tale atto l&#8217;interessato conferisce al rappresentante il potere di agire in suo nome e per suo conto nella generalit\u00e0 degli affari che lo riguardano, sia presenti che futuri, limitatamente al compimento di atti di ordinaria amministrazione. La procura generale \u00e8 rilasciata a tempo indeterminato ed \u00e8 revocabile. Al cittadino verr\u00e0 consegnata copia conforme all&#8217;originale in quanto l&#8217;atto deve restare negli appositi registri della Cancelleria Consolare.<\/p>\n<p style=\"text-align: justify;\">\u2022 speciale: con tale atto l&#8217;interessato conferisce al rappresentante in potere di agire in suo nome e per suo conto in uno o pi\u00f9 affari specifici. La procura speciale cessa di avere efficacia nel momento in cui l&#8217;affare per il quale \u00e8 stata conferita viene portato a compimento.<\/p>\n<p style=\"text-align: justify;\">Per la preparazione della documentazione, data la complessit\u00e0 della materia, si consiglia di consultarsi preventivamente con il legale o notaio che in Italia dovr\u00e0 ricevere l&#8217;atto firmato presso l&#8217;Ufficio Consolare, per avere da questi indicazioni di massima su eventuali specifici contenuti che l&#8217;atto stesso dovr\u00e0 riportare e farsi eventualmente mandare bozza dei contenuti.<\/p>\n<p style=\"text-align: justify;\">Il contenuto degli atti da redigere a cura dell&#8217;Ufficio Notarile dovr\u00e0 sempre essere comunicato alla Cancelleria Consolare al momento della richiesta di appuntamento, attraverso mail da inviarsi all\u2019indirizzo <a href=\"mailto:consolato.santiago@esteri.it\">consolato.santiago@esteri.it<\/a><\/p>\n<p style=\"text-align: justify;\">I dati che dovranno essere forniti dagli interessati per la preparazione degli atti notarili a cura dell&#8217;Ufficio notarile della Cancelleria Consolare, sono i seguenti:<\/p>\n<p style=\"text-align: justify;\">\u2022mandante (colui che d\u00e0 mandato\/procura): cognome e nome, luogo e data di nascita, luogo di residenza (citt\u00e0, via\/piazza, numero civico), codice fiscale italiano, numero di passaporto data e luogo di rilascio;<\/p>\n<p style=\"text-align: justify;\">\u2022mandatario (colui che riceve mandato\/procura): cognome e nome, luogo e data di nascita, luogo di residenza (citt\u00e0, via\/piazza, numero civico), codice fiscale italiano;<\/p>\n<p style=\"text-align: justify;\">\u2022oggetto dell&#8217;atto;<\/p>\n<p style=\"text-align: justify;\">\u2022dati catastali in caso di compravendita di immobili.<\/p>\n<p style=\"text-align: justify;\">Il rilascio delle procure e degli atti notarili \u00e8 soggetto al versamento delle relative tariffe consolari. Clicca <a href=\"https:\/\/ambsantiago.esteri.it\/it\/servizi-consolari-e-visti\/servizi-per-il-cittadino-italiano\/tariffe-consolari\/\">qui<\/a> per visitare la nostra pagina TABELLA PERCEZIONI CONSOLARI.<\/p>\n<p>&nbsp;<\/p>\n<p style=\"text-align: justify;\"><strong>2. Testamenti.<\/strong><\/p>\n<p style=\"text-align: justify;\">Tra le attivit\u00e0 proprie dell&#8217;Ufficio notarile presso una Rappresentanza diplomatico-consolare rientra la redazione di alcuni atti concernenti le dichiarazioni di ultima volont\u00e0 di soggetti che si trovano all&#8217;estero.<\/p>\n<p style=\"text-align: justify;\">Il testamento pubblico \u00e8 la dichiarazione di volont\u00e0 del testatore resa ad un funzionario delegato alle funzioni notarili in presenza di due testimoni e redatta in forma scritta.<\/p>\n<p style=\"text-align: justify;\">Nel testamento segreto, invece, le funzioni dell\u2019Ufficio notarile si limitano al ricevimento formale dell&#8217;atto (il cui contenuto rimane segreto) ed al suo deposito nell&#8217;Ufficio.<\/p>\n<p style=\"text-align: justify;\">Il testamento olografo, infine, non necessita della stesura da parte di un funzionario dell&#8217;Ufficio notarile e pu\u00f2 essere depositato in ogni luogo e presso chiunque. Solitamente esso viene depositato presso l&#8217;Ufficio notarile al fine di evitare la possibilit\u00e0 di un suo smarrimento e per assicurarne l&#8217;immediata pubblicazione alla morte del testatore.<\/p>\n<p style=\"text-align: justify;\">\n<p style=\"text-align: justify;\"><strong>3. Dichiarazioni di vigenza di leggi italiane.<\/strong><\/p>\n<p style=\"text-align: justify;\">Presso gli Uffici Consolari \u00e8 possibile ottenere una certificazione di vigenza di leggi italiane, in lingua italiana o in lingua spagnola, da presentare a notai, tribunali, avvocati, ecc.<\/p>\n<p style=\"text-align: justify;\">Per richiedere il servizio occorrer\u00e0 inviare una mail all\u2019indirizzo <a href=\"mailto:consolato.santiago@esteri.it\">consolato.santiago@esteri.it<\/a> specificando con dettaglio la normativa (o normative) relative ad una legge italiana, oggetto della dichiarazione.<\/p>\n<p style=\"text-align: justify;\">La dichiarazione ha un costo pari a 66,00 Euro da pagarsi in contanti o carta di debito all\u2019atto del ritiro del certificato in valuta locale (CLP) al tasso di cambio vigente.<\/p>\n<p style=\"text-align: justify;\">\n","protected":false},"excerpt":{"rendered":"&nbsp; SERVIZI NOTARILI Gli appuntamenti per servizi notarili possono essere richiesti inviando una bozza in word dell&#8217;atto da rogare e copia del documento di identit\u00e0 del\/dei firmatario\/i all\u2019indirizzo email consolato.santiago@esteri.it &nbsp; PARTE GENERALE &nbsp; 1. Procure. 2. Testamenti. 3. Dichiarazioni di vigenza di leggi italiane. Gli appuntamenti per l&#8217;Ufficio Notarile si prenotano esclusivamente inviando una [&hellip;]","protected":false},"author":1,"featured_media":0,"parent":47,"menu_order":14,"comment_status":"closed","ping_status":"closed","template":"","meta":{"footnotes":""},"class_list":["post-71","page","type-page","status-publish","hentry"],"_links":{"self":[{"href":"https:\/\/ambsantiago.esteri.it\/it\/wp-json\/wp\/v2\/pages\/71","targetHints":{"allow":["GET"]}}],"collection":[{"href":"https:\/\/ambsantiago.esteri.it\/it\/wp-json\/wp\/v2\/pages"}],"about":[{"href":"https:\/\/ambsantiago.esteri.it\/it\/wp-json\/wp\/v2\/types\/page"}],"author":[{"embeddable":true,"href":"https:\/\/ambsantiago.esteri.it\/it\/wp-json\/wp\/v2\/users\/1"}],"replies":[{"embeddable":true,"href":"https:\/\/ambsantiago.esteri.it\/it\/wp-json\/wp\/v2\/comments?post=71"}],"version-history":[{"count":6,"href":"https:\/\/ambsantiago.esteri.it\/it\/wp-json\/wp\/v2\/pages\/71\/revisions"}],"predecessor-version":[{"id":12131,"href":"https:\/\/ambsantiago.esteri.it\/it\/wp-json\/wp\/v2\/pages\/71\/revisions\/12131"}],"up":[{"embeddable":true,"href":"https:\/\/ambsantiago.esteri.it\/it\/wp-json\/wp\/v2\/pages\/47"}],"wp:attachment":[{"href":"https:\/\/ambsantiago.esteri.it\/it\/wp-json\/wp\/v2\/media?parent=71"}],"curies":[{"name":"wp","href":"https:\/\/api.w.org\/{rel}","templated":true}]}}