{"id":7081,"date":"2025-01-31T12:24:25","date_gmt":"2025-01-31T15:24:25","guid":{"rendered":"https:\/\/ambsantiago.esteri.it\/?page_id=7081"},"modified":"2026-02-11T13:16:32","modified_gmt":"2026-02-11T16:16:32","slug":"prima-iscrizione-negli-schedari-consolari","status":"publish","type":"page","link":"https:\/\/ambsantiago.esteri.it\/it\/servizi-consolari-e-visti\/servizi-per-il-cittadino-italiano\/aire-servizio-anagrafe\/prima-iscrizione-negli-schedari-consolari\/","title":{"rendered":"Prima iscrizione negli schedari consolari"},"content":{"rendered":"<div class=\"entry-content\">\n<p style=\"text-align: justify;\">Questa sezione ti riguarda se:<\/p>\n<ul style=\"text-align: justify;\">\n<li><strong>Sei un italiano nato in Italia<\/strong>\u00a0da genitore\/i italiano\/i ed \u00e8 la prima volta che ti stabilisci presso questa circoscrizione consolare;<\/li>\n<li><strong>Hai ottenuto il riconoscimento<\/strong>\u00a0della cittadinanza in Italia e torni a risiedere o ti stabilisci presso questa circoscrizione consolare;<\/li>\n<li><strong>Hai ottenuto il riconoscimento<\/strong>\u00a0della cittadinanza italiana presso un altro consolato italiano e torni a risiedere o ti stabilisci presso questa circoscrizione consolare.<\/li>\n<li><strong>Se risiedi in Cile <\/strong>da tempo e non ti sei mai iscritto;<\/li>\n<li><strong>Se risiedi in Cile<\/strong> ma sei stato <strong>cancellato dall&#8217;AIRE per irreperibilit\u00e0<\/strong>.<\/li>\n<\/ul>\n<p style=\"text-align: justify;\"><strong>Se non hai ancora creato il tuo account presso il portale Fast It <a href=\"https:\/\/ambsantiago.esteri.it\/it\/servizi-consolari-e-visti\/servizi-per-il-cittadino-italiano\/aire-servizio-anagrafe\/creazione-account-fast-it\/\">clicca qui<\/a><\/strong><\/p>\n<p style=\"text-align: justify;\"><strong><br \/>\nATTENZIONE:<\/strong><\/p>\n<p style=\"text-align: justify;\">Ogni cittadino italiano\u00a0<strong>MAGGIORENNE<\/strong>\u00a0dovr\u00e0 presentare la propria richiesta\u00a0<strong>INDIVIDUALE<\/strong>\u00a0d\u2019inserimento nello schedario consolare per la successiva iscrizione A.I.R.E. Tale esigenza si applica anche ai coniugi italiani conviventi, che dovranno a loro volta procedere individualmente con analoga richiesta e documentazione.<\/p>\n<p style=\"text-align: justify;\"><strong>In caso di figli MINORENNI<\/strong>, \u00e8 necessario indicare negli appositi spazi il nome completo dei due genitori ed \u00e8 imprescindibile la firma di entrambi nella dichiarazione allegata affinch\u00e9 la richiesta del minore possa andare a buon fine.<\/p>\n<p style=\"text-align: justify;\"><img loading=\"lazy\" decoding=\"async\" class=\"\" src=\"https:\/\/ambsantiago.esteri.it\/wp-content\/uploads\/2025\/03\/Cattura1-ANAGRAFE-CONSOLARE-E-AIRE-corretta.png\" width=\"1125\" height=\"231\" \/><\/p>\n<p style=\"text-align: justify;\">Dopo aver creato e attivato il tuo account, dovrai accedere al portale Fast It e scegliere l\u2019opzione<strong> \u201cRichiedere l\u2019iscrizione all\u2019Anagrafe degli Italiani Residenti all\u2019Estero\u201d e seguire le istruzioni.<\/strong><\/p>\n<p><img loading=\"lazy\" decoding=\"async\" class=\"alignnone wp-image-7381 img-fluid\" src=\"https:\/\/ambsantiago.esteri.it\/wp-content\/uploads\/2025\/02\/Cattura-NUOVA-ISCRIZIONE.png\" alt=\"\" width=\"966\" height=\"595\" srcset=\"https:\/\/ambsantiago.esteri.it\/wp-content\/uploads\/2025\/02\/Cattura-NUOVA-ISCRIZIONE.png 1475w, https:\/\/ambsantiago.esteri.it\/wp-content\/uploads\/2025\/02\/Cattura-NUOVA-ISCRIZIONE-300x185.png 300w, https:\/\/ambsantiago.esteri.it\/wp-content\/uploads\/2025\/02\/Cattura-NUOVA-ISCRIZIONE-1024x631.png 1024w, https:\/\/ambsantiago.esteri.it\/wp-content\/uploads\/2025\/02\/Cattura-NUOVA-ISCRIZIONE-768x473.png 768w\" sizes=\"auto, (max-width: 966px) 100vw, 966px\" \/><\/p>\n<p style=\"text-align: justify;\"><strong>Una volta inseriti tutti i dati richiesti, dovrai caricare i seguenti documenti (3 allegati in totale, altrimenti il pulsante Inviare la richiesta non si attiver\u00e0):<\/strong><\/p>\n<p style=\"text-align: justify;\"><strong>DOCUMENTI DA ALLEGARE NEL PORTALE:<\/strong><\/p>\n<p style=\"text-align: justify;\">Attenzione: nonostante il limite del sistema sia di tre documenti (file), per l&#8217;allegato B \u00e8 possibile inserire pi\u00f9 documenti creando un file .pdf (formato obbligatorio) con pi\u00f9 di un documento.<\/p>\n<p style=\"text-align: justify;\"><strong>ALLEGATO A:<\/strong><\/p>\n<ul style=\"text-align: justify;\">\n<li>Modulo di richiesta generato dal portale; il modulo va stampato, debitamente <span style=\"text-decoration: underline;\">firmato<\/span> e scansionato<span style=\"text-decoration: underline;\">;<\/span><\/li>\n<\/ul>\n<p style=\"text-align: justify;\"><strong>ALLEGATO B:<\/strong><\/p>\n<ul style=\"text-align: justify;\">\n<li>copia dei documenti d\u2019identit\u00e0 italiani (se in possesso del richiedente);<\/li>\n<li>copia della \u201cC\u00e9dula de Identidad\u201d cilena, in corso di validit\u00e0 di tutti i componenti del nucleo familiare (comunque sia stata rilasciata in modo \u201cprovisoria\u201d e\/o con pratica di residenza \u201cen tr\u00e1mite\u201d) o passaporto del proprio Paese in corso di validit\u00e0;<\/li>\n<li>estratto del proprio atto di nascita italiano o carta di identit\u00e0 italiana (se nati in Italia e ci si iscrive all\u2019AIRE per la prima volta);<\/li>\n<li>sentenza di riconoscimento + trascrizione atti presso il Comune competente (per riconoscimenti di cittadinanza italiana <em>jure sanguinis<\/em> tramite il Tribunale in Italia);<\/li>\n<li>certificato di cittadinanza + estratto per riassunto dell\u2019atto di nascita italiano + certificato storico di residenza (per riconoscimenti di cittadinanza italiana <em>jure sanguinis<\/em> tramite un Comune italiano);<\/li>\n<\/ul>\n<p style=\"text-align: justify;\"><strong>ALLEGATO C:<\/strong><\/p>\n<p style=\"text-align: justify;\">Prova della stabile dimora in Cile allegando:<\/p>\n<ul>\n<li style=\"text-align: justify;\">copia della bolletta di utenza residenziale fissa intestata a suo nome o copia del contratto di lavoro o certificato emesso dalla <em>Junta de Vecinos<\/em>; non si accettano dichiarazioni &#8220;ante notario&#8221; o schermate del <em>Servicio de Impuestos Interno<\/em>s.<\/li>\n<\/ul>\n<\/div>\n","protected":false},"excerpt":{"rendered":"Questa sezione ti riguarda se: Sei un italiano nato in Italia\u00a0da genitore\/i italiano\/i ed \u00e8 la prima volta che ti stabilisci presso questa circoscrizione consolare; Hai ottenuto il riconoscimento\u00a0della cittadinanza in Italia e torni a risiedere o ti stabilisci presso questa circoscrizione consolare; Hai ottenuto il riconoscimento\u00a0della cittadinanza italiana presso un altro consolato italiano e [&hellip;]","protected":false},"author":8,"featured_media":0,"parent":417,"menu_order":0,"comment_status":"closed","ping_status":"closed","template":"","meta":{"footnotes":""},"class_list":["post-7081","page","type-page","status-publish","hentry"],"_links":{"self":[{"href":"https:\/\/ambsantiago.esteri.it\/it\/wp-json\/wp\/v2\/pages\/7081","targetHints":{"allow":["GET"]}}],"collection":[{"href":"https:\/\/ambsantiago.esteri.it\/it\/wp-json\/wp\/v2\/pages"}],"about":[{"href":"https:\/\/ambsantiago.esteri.it\/it\/wp-json\/wp\/v2\/types\/page"}],"author":[{"embeddable":true,"href":"https:\/\/ambsantiago.esteri.it\/it\/wp-json\/wp\/v2\/users\/8"}],"replies":[{"embeddable":true,"href":"https:\/\/ambsantiago.esteri.it\/it\/wp-json\/wp\/v2\/comments?post=7081"}],"version-history":[{"count":6,"href":"https:\/\/ambsantiago.esteri.it\/it\/wp-json\/wp\/v2\/pages\/7081\/revisions"}],"predecessor-version":[{"id":12337,"href":"https:\/\/ambsantiago.esteri.it\/it\/wp-json\/wp\/v2\/pages\/7081\/revisions\/12337"}],"up":[{"embeddable":true,"href":"https:\/\/ambsantiago.esteri.it\/it\/wp-json\/wp\/v2\/pages\/417"}],"wp:attachment":[{"href":"https:\/\/ambsantiago.esteri.it\/it\/wp-json\/wp\/v2\/media?parent=7081"}],"curies":[{"name":"wp","href":"https:\/\/api.w.org\/{rel}","templated":true}]}}