{"id":49,"date":"2023-04-11T18:13:11","date_gmt":"2023-04-11T16:13:11","guid":{"rendered":"https:\/\/ambasciatapraga.esteri.it\/?page_id=49"},"modified":"2026-02-19T17:13:52","modified_gmt":"2026-02-19T20:13:52","slug":"passaporti-e-carte-didentita","status":"publish","type":"page","link":"https:\/\/ambsantiago.esteri.it\/it\/servizi-consolari-e-visti\/servizi-per-il-cittadino-italiano\/passaporti-e-carte-didentita\/","title":{"rendered":"Passaporto"},"content":{"rendered":"<div>\n<div>\n<p style=\"text-align: center;\"><strong>PARTE GENERALE<\/strong><\/p>\n<p style=\"text-align: justify;\">Il passaporto \u00e8 un documento di viaggio e di riconoscimento. Possono chiedere il passaporto alla Cancelleria Consolare dell\u2019Ambasciata d\u2019Italia a Santiago <strong>tutti i cittadini italiani residenti in Cile e iscritti all\u2019AIRE<\/strong>. Il giorno dell&#8217;appuntamento \u00e8 necessario portare un documento di identit\u00e0 in corso di validit\u00e0, il passaporto in scadenza o scaduto (se in possesso), una foto formato 35\u00d745 mm a colori, su sfondo bianco e senza occhiali.<\/p>\n<p style=\"text-align: justify;\">Si ricorda che per il rilascio del<b> passaporto di minori <\/b>\u00e8 necessaria la presenza in Cancelleria Consolare di <span style=\"text-decoration: underline;\"><strong>entrambi<\/strong> i genitori<\/span> al momento della richiesta di rilascio del passaporto del minore, poich\u00e9 entrambi devono firmare l&#8217;atto di assenso. I differenti moduli per il rilascio dell&#8217;atto di assenso sono disponibili alla fine di questa sezione.<\/p>\n<p style=\"text-align: justify;\"><strong>ATTENZIONE<\/strong>: <strong>Prima della richiesta di passaporto la situazione anagrafica (<a href=\"https:\/\/serviziconsolari.esteri.it\/\">Fast It<\/a>) e di stato civile devono essere aggiornate<\/strong> (cambi di residenza, matrimonio, divorzio, vedovanza ecc.). La documentazione deve essere consegnata <strong>prima<\/strong> dell&#8217;appuntamento, seguendo le indicazioni contenute nella sezione <a href=\"https:\/\/ambsantiago.esteri.it\/it\/servizi-consolari-e-visti\/servizi-per-il-cittadino-italiano\/stato-civile\/\">Stato Civile<\/a>; <strong>non<\/strong> si accetter\u00e0 la consegna di atti di stato civile il giorno dell&#8217;appuntamento per il rilascio del passaporto.<\/p>\n<p style=\"text-align: justify;\">In caso di <strong>furto<\/strong> o <strong>smarrimento<\/strong> del passaporto all\u2019estero, \u00e8 <strong>obbligatorio<\/strong> sporgere <strong>denuncia alle Autorit\u00e0 locali<\/strong>, al fine di prevenire utilizzi indebiti del documento e garantirne l\u2019immediata segnalazione nei sistemi locali. Solamente in caso di oggettiva impossibilit\u00e0 a sporgere denuncia presso gli Enti locali, la Cancelleria Consolare pu\u00f2 procedere al rilascio del nuovo documento previa acquisizione della denuncia dell\u2019interessato presentata direttamente dal connazionale all\u2019Ufficio consolare.<\/p>\n<p style=\"text-align: justify;\"><strong><span style=\"text-decoration: underline;\">IMPORTANTE<\/span>: <\/strong>si ricorda che i cittadini <span style=\"text-decoration: underline;\">italo-cileni<\/span> per uscire dal Paese necessitano anche del <span style=\"text-decoration: underline;\"><strong>passaporto cileno vigente<\/strong><\/span>.<\/p>\n<p style=\"text-align: justify;\">Il passaporto sar\u00e0 consegnato 10 giorni lavorativi dopo la richiesta effettiva allo sportello.<\/p>\n<p style=\"text-align: justify;\">L&#8217;importo relativo al rilascio del passaporto \u00e8 stabilito dalla <a href=\"https:\/\/ambsantiago.esteri.it\/it\/servizi-consolari-e-visti\/servizi-per-il-cittadino-italiano\/tariffe-consolari\/\">TABELLA PERCEZIONI CONSOLARI<\/a>. Il pagamento pu\u00f2 essere effettuato in <strong>contanti<\/strong> (pesos cileni) o <strong>carta di debito<\/strong> (RedCompra). <strong>Non<\/strong> si accettano <span style=\"text-decoration: underline;\">carte di credito<\/span>.<\/p>\n<p style=\"text-align: justify;\">Si invita a <strong>NON ATTENDERE<\/strong> di avere un passaporto scaduto per farne richiesta: <strong>le domande di rilascio di un nuovo passaporto possono essere presentate <span style=\"text-decoration: underline;\">al massimo SEI MESI PRIMA della scadenza<\/span><\/strong>.<\/p>\n<p style=\"text-align: justify;\">\n<\/div>\n<div style=\"text-align: justify;\">\n<p style=\"text-align: justify;\">Scoprite in questi tre brevi video quali sono i principali requisiti e condizioni per il rilascio del passaporto italiano.<\/p>\n<p style=\"text-align: justify;\">1.<strong> Passaporti in generale<\/strong><\/p>\n<p style=\"text-align: justify;\"><a href=\"https:\/\/www.youtube.com\/watch?v=xo9WZRQf0Uw\">https:\/\/www.youtube.com\/watch?v=xo9WZRQf0Uw<\/a><\/p>\n<p style=\"text-align: justify;\">2. <strong>Passaporti per adulti<\/strong><\/p>\n<p style=\"text-align: justify;\"><a href=\"https:\/\/www.youtube.com\/watch?v=5wdlTKL4zwM\">https:\/\/www.youtube.com\/watch?v=5wdlTKL4zwM<\/a><\/p>\n<p style=\"text-align: justify;\"><strong>IMPORTANTE:<\/strong> L\u2019art. 20 del Decreto Legge 13 giugno 2023, n. 69 stabilisce che, a partire <strong>dal 14 giugno 2023, per il rilascio del passaporto in favore di un adulto con figli minori, l\u2019interessato deve presentare una dichiarazione sostitutiva di certificazione<\/strong>, in merito all\u2019assenza di provvedimenti di \u201cinibitoria\u201d al rilascio del passaporto (modello in fondo alla pagina). Non \u00e8 pi\u00f9 necessario l&#8217;atto di assenso dell&#8217;altro genitore del figlio minore.<\/p>\n<p style=\"text-align: justify;\">L\u2019inibitoria \u00e8 un provvedimento adottato dal giudice che, nel rispetto del principio di proporzionalit\u00e0 e avuto riguardo alla normativa in tema di responsabilit\u00e0 genitoriale, obbligazioni alimentari e sottrazione internazionale di minori, pu\u00f2 inibire il rilascio del passaporto al genitore avente figli minori, quando vi \u00e8 concreto e attuale pericolo che, a causa del trasferimento all\u2019estero, questi possa sottrarsi all\u2019adempimento dei suoi obblighi verso i figli. La domanda di inibitoria si propone con ricorso al Tribunale ordinario del luogo in cui il minore ha la residenza abituale. Se il minore \u00e8 residente all\u2019estero, la domanda si propone al Tribunale del luogo di ultima residenza in Italia o al Tribunale nel cui circondario si trova il suo comune di iscrizione AIRE.<\/p>\n<p style=\"text-align: justify;\">3. <strong>Passaporti per minori<\/strong><\/p>\n<p style=\"text-align: justify;\"><a href=\"https:\/\/www.youtube.com\/watch?v=j1Oc8k5RZZY\">https:\/\/www.youtube.com\/watch?v=j1Oc8k5RZZY<\/a><\/p>\n<p>&nbsp;<\/p>\n<\/div>\n<\/div>\n<div class=\"sr-only\" style=\"text-align: center;\"><strong>RICHIESTA APPUNTAMENTI<\/strong><\/div>\n<div>\n<ul>\n<li style=\"text-align: justify;\">La prenotazione di appuntamenti per passaporto si effettua <strong>ONLINE SETTIMANALMENTE<\/strong> tramite il <a href=\"https:\/\/prenotami.esteri.it\">Sistema Prenot@mi<\/a> che apre l&#8217;agenda settimanale con i posti disponibili <strong>ogni luned\u00ec<\/strong>, con orario aleatorio (si suggerisce di utilizzare il browser Edge). Con tale sistema si prenotano appuntamenti di persona per la settimana successiva ed \u00e8 <span style=\"text-decoration: underline;\">possibile accedervi anche durante la settimana<\/span> per verificare la disponibilit\u00e0 di appuntamenti. In caso di un luned\u00ec festivo, il servizio si attiver\u00e0 il primo giorno lavorativo seguente. <span style=\"text-decoration: underline;\">Il messaggio &#8220;tutti gli appuntamenti per questo servizio sono attualmente riservati&#8221; pu\u00f2 anche significare che l&#8217;agenda settimanale del portale Prenot@mi non \u00e8 stata ancora aperta<\/span>. L&#8217;Ambasciata si riserva la facolt\u00e0 di <strong>annullare<\/strong> gli appuntamenti di <span style=\"text-decoration: underline;\">richiedenti che non abbiano la situazione anagrafica e di stato civile aggiornate<\/span>.<\/li>\n<\/ul>\n<p style=\"text-align: justify;\"><span style=\"text-decoration: underline;\"><strong>Attenzione:<\/strong> diffidate da servizi di intermediazione. Si ricorda che il <strong>servizio di prenotazione di appuntamenti \u00e8 GRATUITO!<\/strong><\/span><\/p>\n<ul style=\"text-align: justify;\">\n<li style=\"text-align: justify;\">Per i soli casi di viaggi in Italia con <strong>DOCUMENTATA URGENZA<\/strong> (<span style=\"text-decoration: underline;\">per motivi di lavoro, studio, salute<\/span>), \u00e8 sempre possibile scrivere a <a href=\"mailto:passaporti.santiago@esteri.it\">passaporti.santiago@esteri.it<\/a>\u00a0 allegando la documentazione che comprovi l\u2019<strong>effettiva situazione di urgenza <\/strong>(a titolo di esempio contratto di lavoro in Italia, immatricolazione universitaria, appuntamento visita medica). Essere in possesso di un <span style=\"text-decoration: underline;\">biglietto aereo<\/span> <strong>non<\/strong> \u00e8 sinonimo di <span style=\"text-decoration: underline;\">urgenza<\/span>. L\u2019Ufficio passaporti proceder\u00e0 ad una verifica documentale e, ove accertata l\u2019oggettiva situazione di urgenza, fisser\u00e0 un appuntamento all\u2019interessato. Si prega di scrivere nell&#8217;oggetto della email la frase \u201cPASSAPORTO URGENTE\u201d. <em>NB: Per i casi nei quali l\u2019urgenza non sia documentabile si rimander\u00e0 al Sistema Prenot@mi settimanale.<\/em><\/li>\n<\/ul>\n<p style=\"text-align: justify;\">L&#8217;Ambasciata ha inoltre istituito un <span style=\"text-decoration: underline;\">canale agevolato di prenotazione<\/span> per alcune <strong>categorie di persone maggiormente vulnerabili<\/strong>:<\/p>\n<ul style=\"text-align: justify;\">\n<li>Cittadini <strong>over 70<\/strong> (allegare una copia del proprio documento di identit\u00e0);<\/li>\n<li>Cittadine in avanzato stato di <strong>gravidanza <\/strong>(allegare una copia del proprio documento di identit\u00e0 e una copia del certificato medico attestante tale condizione);<\/li>\n<li>Cittadini <strong>diversamente abili<\/strong> (allegare una copia del proprio documento di identit\u00e0 e una copia del certificato medico attestante tale condizione).<\/li>\n<\/ul>\n<p style=\"text-align: justify;\">Le persone che rientrano nelle categorie sopra menzionate possono prenotare l&#8217;appuntamento per il rilascio del <span style=\"text-decoration: underline;\">proprio<\/span> passaporto scrivendo un&#8217;email a <a href=\"mailto:passaporti.santiago@esteri.it\">passaporti.santiago@esteri.it<\/a> , allegando la documentazione attestante la condizione di vulnerabilit\u00e0 e indicando le informazioni di seguito dettagliate:<\/p>\n<ul style=\"text-align: justify;\">\n<li>Nome e cognome completo<\/li>\n<li>Data di nascita<\/li>\n<li>Indirizzo di residenza (via, civico, n. di appartamento, municipalit\u00e0)<\/li>\n<li>Stato civile (celibe\/nubile, sposato\/a, divorziato\/a, vedovo\/a)<\/li>\n<li>Figli minori d&#8217;et\u00e0 (numero)<\/li>\n<li>motivo della richiesta (lavoro, studio, salute, terza et\u00e0, gravidanza, disabilit\u00e0)<\/li>\n<\/ul>\n<p style=\"text-align: justify;\">Infine,\u00a0 si ricorda che l&#8217;Ambasciata\u00a0 organizza periodicamente delle <strong>giornate &#8220;Porte Aperte&#8221;<\/strong> per il rilascio dei passaporti <span style=\"text-decoration: underline;\">senza<\/span> necessit\u00e0 di <span style=\"text-decoration: underline;\">appuntamento<\/span>. Si invitano i connazionali a verificare le giornate in cui svolge tale iniziativa nella sezione notizie di questo sito e attraverso le reti sociali dell&#8217;Ambasciata. Si raccomanda di partecipare solo se la <span style=\"text-decoration: underline;\">situazione anagrafica e di stato civile sono aggiornate<\/span>.<\/p>\n<\/div>\n<div style=\"text-align: justify;\">\n<p style=\"text-align: justify;\">\n<\/div>\n<div style=\"text-align: justify;\">\n<p><strong>MODULI<\/strong><\/p>\n<\/div>\n<ul style=\"text-align: justify;\">\n<li><a href=\"https:\/\/ambsantiago.esteri.it\/wp-content\/uploads\/2025\/02\/Atto_di_assenso_in_favore_dei_figli_minori-Cittadino-non-UE.pdf\">Atto assenso rilascio passaporto a minore da genitori extra-UE NON regolarmente soggiornanti in Italia<\/a><\/li>\n<li><a href=\"https:\/\/ambsantiago.esteri.it\/wp-content\/uploads\/2025\/02\/Atto_di_assenso_in_favore_dei_figli_minori-Cittadino-italiano-o-UE.pdf\">Atto assenso rilascio passaporto a minore da genitori italiani o europei<\/a><\/li>\n<li><a href=\"https:\/\/ambsantiago.esteri.it\/wp-content\/uploads\/2025\/02\/Dichiarazione-sostitutiva-in-presenza-di-figli-minori.pdf\">Dichiarazione Sostitutiva di Certificazione in caso di figli minori (assenza di misure inibitorie al rilascio del passaporto)<\/a><\/li>\n<\/ul>\n<div>\n<p style=\"text-align: justify;\"><strong>NORME<\/strong><\/p>\n<p style=\"text-align: justify;\"><strong>&#8211; <a href=\"https:\/\/ambsantiago.esteri.it\/wp-content\/uploads\/2025\/02\/photograph_guidelines_it.pdf\">Standard ICAO per le foto da passaporto<\/a><\/strong><\/p>\n<p style=\"text-align: justify;\"><strong>&#8211; <a href=\"https:\/\/www.esteri.it\/it\/servizi-consolari-e-visti\/italiani-all-estero\/documenti_di_viaggio\/passaporto\/\">Disposizioni MAECI<\/a><\/strong><\/p>\n<\/div>\n","protected":false},"excerpt":{"rendered":"PARTE GENERALE Il passaporto \u00e8 un documento di viaggio e di riconoscimento. Possono chiedere il passaporto alla Cancelleria Consolare dell\u2019Ambasciata d\u2019Italia a Santiago tutti i cittadini italiani residenti in Cile e iscritti all\u2019AIRE. Il giorno dell&#8217;appuntamento \u00e8 necessario portare un documento di identit\u00e0 in corso di validit\u00e0, il passaporto in scadenza o scaduto (se in [&hellip;]","protected":false},"author":1,"featured_media":0,"parent":47,"menu_order":2,"comment_status":"closed","ping_status":"closed","template":"","meta":{"footnotes":""},"class_list":["post-49","page","type-page","status-publish","hentry"],"_links":{"self":[{"href":"https:\/\/ambsantiago.esteri.it\/it\/wp-json\/wp\/v2\/pages\/49","targetHints":{"allow":["GET"]}}],"collection":[{"href":"https:\/\/ambsantiago.esteri.it\/it\/wp-json\/wp\/v2\/pages"}],"about":[{"href":"https:\/\/ambsantiago.esteri.it\/it\/wp-json\/wp\/v2\/types\/page"}],"author":[{"embeddable":true,"href":"https:\/\/ambsantiago.esteri.it\/it\/wp-json\/wp\/v2\/users\/1"}],"replies":[{"embeddable":true,"href":"https:\/\/ambsantiago.esteri.it\/it\/wp-json\/wp\/v2\/comments?post=49"}],"version-history":[{"count":7,"href":"https:\/\/ambsantiago.esteri.it\/it\/wp-json\/wp\/v2\/pages\/49\/revisions"}],"predecessor-version":[{"id":12540,"href":"https:\/\/ambsantiago.esteri.it\/it\/wp-json\/wp\/v2\/pages\/49\/revisions\/12540"}],"up":[{"embeddable":true,"href":"https:\/\/ambsantiago.esteri.it\/it\/wp-json\/wp\/v2\/pages\/47"}],"wp:attachment":[{"href":"https:\/\/ambsantiago.esteri.it\/it\/wp-json\/wp\/v2\/media?parent=49"}],"curies":[{"name":"wp","href":"https:\/\/api.w.org\/{rel}","templated":true}]}}