{"id":454,"date":"2023-06-05T12:22:25","date_gmt":"2023-06-05T16:22:25","guid":{"rendered":"https:\/\/ambsantiago.esteri.it\/?page_id=454"},"modified":"2025-02-17T12:30:13","modified_gmt":"2025-02-17T15:30:13","slug":"autentica-di-firma-o-di-fotografia-e-firma","status":"publish","type":"page","link":"https:\/\/ambsantiago.esteri.it\/it\/servizi-consolari-e-visti\/servizi-per-il-cittadino-straniero\/autentica-di-firma-o-di-fotografia-e-firma\/","title":{"rendered":"Autentica di firma o di fotografia e firma"},"content":{"rendered":"<p style=\"text-align: center;\"><strong>AUTENTICA DI FIRMA O DI FOTOGRAFIA E FIRMA<\/strong><\/p>\n<p>&nbsp;<\/p>\n<p>Il servizio di ricezione della documentazione funziona esclusivamente il <strong>marted\u00ec e gioved\u00ed dalle 9.00 alle 11.30<\/strong> e le persone saranno ricevute a seconda dell&#8217;ordine di presenza in fila. La restituzione della documentazione avverr\u00e1 i soli giorni <strong>luned\u00ed e mercoled\u00ed<\/strong> negli stessi orari.<\/p>\n<p>Si ricorda che il pagamento pu\u00f3 essere effettuato in contanti (pesos cileni) o mediante carta di debito e che la restituzione\/consegna dei documenti avverr\u00e1 dopo alcuni giorni su indicazione del funzionario addetto.<\/p>\n<p>&nbsp;<\/p>\n<p style=\"text-align: center;\"><strong>PARTE GENERALE<\/strong><\/p>\n<p>&nbsp;<\/p>\n<p>Per ottenere l\u2019autentica amministrativa della propria firma gli interessati devono presentarsi personalmente presso la Cancelleria Consolare dell\u2019Ambasciata d\u2019Italia in Santiago muniti di:<\/p>\n<ul>\n<li>documento di riconoscimento + fotocopia<\/li>\n<li>testo della dichiarazione redatto in carta semplice e senza firma<\/li>\n<\/ul>\n<p>Per ottenere l&#8217;autentica di firma e fotografia \u00e8 necessario che gli interessati si presentino personalmente presso la Cancelleria Consolare dell\u2019Ambasciata d\u2019Italia in Santiago muniti di:<\/p>\n<ul>\n<li>documento di riconoscimento + fotocopia<\/li>\n<li>due fotografie a colori, formato tessera<\/li>\n<\/ul>\n<p>Si rammenta che la firma deve essere apposta in presenza del funzionario consolare.<\/p>\n<p>Il servizio di autentica ha un costo per ogni foglio da autenticare (fronte \/retro), salvo per i casi di gratuit\u00e0 previsti dalla Legge, per i quali \u00e8 necessario presentare documentazione giustificativa. Per conoscere i dettagli visita la nostra pagina relativa alla <a href=\"https:\/\/ambsantiago.esteri.it\/it\/servizi-consolari-e-visti\/servizi-per-il-cittadino-straniero\/tariffe-consolari\/\">TARIFFE CONSOLARI<\/a><\/p>\n<p>&nbsp;<\/p>\n","protected":false},"excerpt":{"rendered":"AUTENTICA DI FIRMA O DI FOTOGRAFIA E FIRMA &nbsp; Il servizio di ricezione della documentazione funziona esclusivamente il marted\u00ec e gioved\u00ed dalle 9.00 alle 11.30 e le persone saranno ricevute a seconda dell&#8217;ordine di presenza in fila. La restituzione della documentazione avverr\u00e1 i soli giorni luned\u00ed e mercoled\u00ed negli stessi orari. Si ricorda che il [&hellip;]","protected":false},"author":5,"featured_media":0,"parent":48,"menu_order":14,"comment_status":"closed","ping_status":"closed","template":"","meta":{"footnotes":""},"class_list":["post-454","page","type-page","status-publish","hentry"],"_links":{"self":[{"href":"https:\/\/ambsantiago.esteri.it\/it\/wp-json\/wp\/v2\/pages\/454","targetHints":{"allow":["GET"]}}],"collection":[{"href":"https:\/\/ambsantiago.esteri.it\/it\/wp-json\/wp\/v2\/pages"}],"about":[{"href":"https:\/\/ambsantiago.esteri.it\/it\/wp-json\/wp\/v2\/types\/page"}],"author":[{"embeddable":true,"href":"https:\/\/ambsantiago.esteri.it\/it\/wp-json\/wp\/v2\/users\/5"}],"replies":[{"embeddable":true,"href":"https:\/\/ambsantiago.esteri.it\/it\/wp-json\/wp\/v2\/comments?post=454"}],"version-history":[{"count":3,"href":"https:\/\/ambsantiago.esteri.it\/it\/wp-json\/wp\/v2\/pages\/454\/revisions"}],"predecessor-version":[{"id":471,"href":"https:\/\/ambsantiago.esteri.it\/it\/wp-json\/wp\/v2\/pages\/454\/revisions\/471"}],"up":[{"embeddable":true,"href":"https:\/\/ambsantiago.esteri.it\/it\/wp-json\/wp\/v2\/pages\/48"}],"wp:attachment":[{"href":"https:\/\/ambsantiago.esteri.it\/it\/wp-json\/wp\/v2\/media?parent=454"}],"curies":[{"name":"wp","href":"https:\/\/api.w.org\/{rel}","templated":true}]}}