{"id":44,"date":"2023-04-11T18:10:45","date_gmt":"2023-04-11T16:10:45","guid":{"rendered":"https:\/\/ambasciatapraga.esteri.it\/?page_id=44"},"modified":"2023-10-18T11:56:48","modified_gmt":"2023-10-18T14:56:48","slug":"diplomazia-culturale","status":"publish","type":"page","link":"https:\/\/ambsantiago.esteri.it\/it\/italia-e-cile\/diplomazia-culturale\/","title":{"rendered":"Diplomazia culturale"},"content":{"rendered":"<p class=\"boxLevel04\" style=\"text-align: justify;\">In campo culturale la collaborazione tra Italia e Cile \u00e8 intensa e interessa numerosissimi ambiti.<\/p>\n<p style=\"text-align: justify;\"><strong>La promozione della lingua italiana<\/strong><\/p>\n<p style=\"text-align: justify;\">La promozione dell\u2019italiano \u00e8 un aspetto fondante della nostra presenza culturale in Cile. L\u2019insegnamento viene assicurato non solo grazie ai corsi dell\u2019<a href=\"https:\/\/iicsantiago.esteri.it\/iic_santiago\/it\/\">Istituto italiano di Cultura<\/a>, ma anche grazie alle attivit\u00e0 delle due scuole paritarie di Santiago e Valparaiso e delle altre scuole presenti sul territorio cileno ove si insegna in lingua italiana. L\u2019italiano \u00e8 inoltre materia curricolare presso un numero crescente di scuole pubbliche cilene ed \u00e8 materia studiata anche presso le universit\u00e0&#8217; cilene.<\/p>\n<p style=\"text-align: justify;\">L&#8217;Ambasciata e l&#8217;Istituto Italiano di Cultura sono costantemente impegnati nella promozione della lingua e della cultura italiana in Cile, organizzando ogni anno numerosi eventi, mostre e manifestazioni culturali. Per avere un quadro aggiornato sulle attivit\u00e0 culturali organizzate e in calendario si consiglia di monitorare il sito dell&#8217;<a href=\"https:\/\/iicsantiago.esteri.it\/iic_santiago\/it\/\">Istituto Italiano di\u00a0 Cultura di Santiago<\/a>.<\/p>\n","protected":false},"excerpt":{"rendered":"In campo culturale la collaborazione tra Italia e Cile \u00e8 intensa e interessa numerosissimi ambiti. La promozione della lingua italiana La promozione dell\u2019italiano \u00e8 un aspetto fondante della nostra presenza culturale in Cile. L\u2019insegnamento viene assicurato non solo grazie ai corsi dell\u2019Istituto italiano di Cultura, ma anche grazie alle attivit\u00e0 delle due scuole paritarie di [&hellip;]","protected":false},"author":1,"featured_media":0,"parent":14,"menu_order":2,"comment_status":"closed","ping_status":"closed","template":"","meta":{"footnotes":""},"class_list":["post-44","page","type-page","status-publish","hentry"],"_links":{"self":[{"href":"https:\/\/ambsantiago.esteri.it\/it\/wp-json\/wp\/v2\/pages\/44","targetHints":{"allow":["GET"]}}],"collection":[{"href":"https:\/\/ambsantiago.esteri.it\/it\/wp-json\/wp\/v2\/pages"}],"about":[{"href":"https:\/\/ambsantiago.esteri.it\/it\/wp-json\/wp\/v2\/types\/page"}],"author":[{"embeddable":true,"href":"https:\/\/ambsantiago.esteri.it\/it\/wp-json\/wp\/v2\/users\/1"}],"replies":[{"embeddable":true,"href":"https:\/\/ambsantiago.esteri.it\/it\/wp-json\/wp\/v2\/comments?post=44"}],"version-history":[{"count":6,"href":"https:\/\/ambsantiago.esteri.it\/it\/wp-json\/wp\/v2\/pages\/44\/revisions"}],"predecessor-version":[{"id":755,"href":"https:\/\/ambsantiago.esteri.it\/it\/wp-json\/wp\/v2\/pages\/44\/revisions\/755"}],"up":[{"embeddable":true,"href":"https:\/\/ambsantiago.esteri.it\/it\/wp-json\/wp\/v2\/pages\/14"}],"wp:attachment":[{"href":"https:\/\/ambsantiago.esteri.it\/it\/wp-json\/wp\/v2\/media?parent=44"}],"curies":[{"name":"wp","href":"https:\/\/api.w.org\/{rel}","templated":true}]}}