{"id":41,"date":"2023-04-11T18:07:19","date_gmt":"2023-04-11T16:07:19","guid":{"rendered":"https:\/\/ambasciatapraga.esteri.it\/?page_id=41"},"modified":"2026-01-15T17:42:37","modified_gmt":"2026-01-15T20:42:37","slug":"numeri-di-emergenza","status":"publish","type":"page","link":"https:\/\/ambsantiago.esteri.it\/it\/chi-siamo\/numeri-di-emergenza\/","title":{"rendered":"Numeri di emergenza"},"content":{"rendered":"<div><\/div>\n<div>\n<p style=\"text-align: center;\"><strong>+56 97809 8998\u00a0(dall\u2019Italia 0056 97809 8998)<\/strong><\/p>\n<p style=\"text-align: justify;\">Il numero pu\u00f2 essere chiamato solo nei casi di massime e comprovate emergenze personali (<strong>NO PRATICHE CONSOLARI<\/strong>) ed \u00e8 attivo dalla chiusura degli Uffici fino alle 22.00 dei giorni lavorativi, nonch\u00e9\u2019 nel fine settimana e nei giorni festivi dalle 9.00 alle 22.00.<\/p>\n<p style=\"text-align: justify;\">In tutti gli altri giorni e orari, sempre solo per gravi emergenze, \u00e8 possibile rivolgersi al numero +39 06 3691 2790.<\/p>\n<p style=\"text-align: justify;\">Per informazioni specifiche sui servizi consolari che non fossero contenute nel sito web dell\u2019Ambasciata sar\u00e0 possibile scrivere alla casella di posta elettronica:\u00a0<a href=\"mailto:consolato.santiago@esteri.it\">consolato.santiago@esteri.it<\/a><\/p>\n<p style=\"text-align: justify;\">Per emergenze in localit\u00e0 diverse dalla capitale \u00e8 possibile rivolgersi alla rete de consolati e viceconsolati onorari cliccando <a href=\"https:\/\/ambsantiago.esteri.it\/it\/chi-siamo\/la-rete-consolare\/\">QUI<\/a>.<\/p>\n<p style=\"text-align: justify;\">\n<\/div>\n<p>Si raccomanda di prendere visione della pagina <a href=\"https:\/\/www.viaggiaresicuri.it\/find-country\/country\/CHL\">Viaggiare Sicuri<\/a> prima della partenza per il Cile.<\/p>\n<p style=\"text-align: justify;\">\n","protected":false},"excerpt":{"rendered":"+56 97809 8998\u00a0(dall\u2019Italia 0056 97809 8998) Il numero pu\u00f2 essere chiamato solo nei casi di massime e comprovate emergenze personali (NO PRATICHE CONSOLARI) ed \u00e8 attivo dalla chiusura degli Uffici fino alle 22.00 dei giorni lavorativi, nonch\u00e9\u2019 nel fine settimana e nei giorni festivi dalle 9.00 alle 22.00. In tutti gli altri giorni e orari, [&hellip;]","protected":false},"author":1,"featured_media":0,"parent":13,"menu_order":6,"comment_status":"closed","ping_status":"closed","template":"","meta":{"footnotes":""},"class_list":["post-41","page","type-page","status-publish","hentry"],"_links":{"self":[{"href":"https:\/\/ambsantiago.esteri.it\/it\/wp-json\/wp\/v2\/pages\/41","targetHints":{"allow":["GET"]}}],"collection":[{"href":"https:\/\/ambsantiago.esteri.it\/it\/wp-json\/wp\/v2\/pages"}],"about":[{"href":"https:\/\/ambsantiago.esteri.it\/it\/wp-json\/wp\/v2\/types\/page"}],"author":[{"embeddable":true,"href":"https:\/\/ambsantiago.esteri.it\/it\/wp-json\/wp\/v2\/users\/1"}],"replies":[{"embeddable":true,"href":"https:\/\/ambsantiago.esteri.it\/it\/wp-json\/wp\/v2\/comments?post=41"}],"version-history":[{"count":7,"href":"https:\/\/ambsantiago.esteri.it\/it\/wp-json\/wp\/v2\/pages\/41\/revisions"}],"predecessor-version":[{"id":12029,"href":"https:\/\/ambsantiago.esteri.it\/it\/wp-json\/wp\/v2\/pages\/41\/revisions\/12029"}],"up":[{"embeddable":true,"href":"https:\/\/ambsantiago.esteri.it\/it\/wp-json\/wp\/v2\/pages\/13"}],"wp:attachment":[{"href":"https:\/\/ambsantiago.esteri.it\/it\/wp-json\/wp\/v2\/media?parent=41"}],"curies":[{"name":"wp","href":"https:\/\/api.w.org\/{rel}","templated":true}]}}