{"id":387,"date":"2023-05-26T12:24:07","date_gmt":"2023-05-26T16:24:07","guid":{"rendered":"https:\/\/ambsantiago.esteri.it\/?page_id=387"},"modified":"2023-06-08T12:42:52","modified_gmt":"2023-06-08T16:42:52","slug":"copie-conformi","status":"publish","type":"page","link":"https:\/\/ambsantiago.esteri.it\/it\/servizi-consolari-e-visti\/servizi-per-il-cittadino-italiano\/copie-conformi\/","title":{"rendered":"Copie conformi"},"content":{"rendered":"<p style=\"text-align: center;\"><strong>COPIE CONFORMI ALL&#8217;ORIGINALE<\/strong><\/p>\n<p>\u2022 Il servizio di consegna della documentazione funziona solamente il <strong>marted\u00ed e gioved\u00ed dalle 9.00 alle 11.30<\/strong> e le persone saranno ricevute a seconda dell&#8217;ordine di presenza in fila. La restituzione della documentazione avverr\u00e1 i soli giorni <strong>luned\u00ed e mercoled\u00ed<\/strong> negli stessi orari.<\/p>\n<p>Si ricorda che il pagamento deve essere effettuato <strong>esclusivamente in contanti<\/strong> (pesos cileni) o con <strong>carta di debito (Bancomat)<\/strong> e che la <strong>restituzione\/consegna dei documenti avverr\u00e1 dopo alcuni giorni<\/strong> su indicazione del funzionario addetto.<\/p>\n<p>&nbsp;<\/p>\n<p>&nbsp;<\/p>\n<p style=\"text-align: center;\"><strong>PARTE GENERALE<\/strong><\/p>\n<p>&nbsp;<\/p>\n<p>I cittadini dell&#8217;Unione Europea che necessitano di copie autenticate da utilizzarsi in Italia possono firmare un &#8220;atto di notoriet\u00e0&#8221; che attesta la conformit\u00e0 delle copie al documento originale (art. 19 del DPR 445\/2000).<\/p>\n<p>La richiesta di autentica di copie di documenti puo\u2019 essere presentata presso la Cancelleria Consolare dell\u2019Ambasciata d\u2019Italia in Santiago in uno dei seguenti modi:<\/p>\n<p>\u2022 di persona o tramite delegato munito di delega scritta accompagnata da fotocopia del documento d&#8217;identit\u00e0 del delegante, presso gli Uffici della Cancelleria Consolare dell\u2019Ambasciata d\u2019Italia in Santiago;<\/p>\n<p>\u2022 attraverso i <a href=\"https:\/\/ambsantiago.esteri.it\/it\/chi-siamo\/la-rete-consolare\/\">Consolati e Vice Consolati<\/a> italiani presenti in Cile<\/p>\n<p>Per ottenere l\u2019autentica \u00e8 necessario produrre:<\/p>\n<p>&#8211; documento d&#8217;identit\u00e0 del richiedente, ovvero delega scritta con fotocopia del documento d\u2019identit\u00e1 del delegante<\/p>\n<p>&#8211; documentazione originale e relativa\/e fotocopia\/e da autenticare<\/p>\n<p>&#8211; modulo di richiesta disponibile nella sezione \u201cmoduli\u201d<\/p>\n<p>Il servizio di copia conforme all&#8217;originale ha un costo per ogni foglio\u00a0 (fronte \/retro), salvo per i casi di gratuit\u00e0 previsti dalla Legge, per i quali \u00e8 necessario presentare documentazione giustificativa. Per conoscere i dettagli visita la nostra pagina relativa alla <a href=\"https:\/\/ambsantiago.esteri.it\/it\/servizi-consolari-e-visti\/servizi-per-il-cittadino-italiano\/tariffe-consolari\/\">TARIFFE CONSOLARI<\/a><\/p>\n","protected":false},"excerpt":{"rendered":"COPIE CONFORMI ALL&#8217;ORIGINALE \u2022 Il servizio di consegna della documentazione funziona solamente il marted\u00ed e gioved\u00ed dalle 9.00 alle 11.30 e le persone saranno ricevute a seconda dell&#8217;ordine di presenza in fila. La restituzione della documentazione avverr\u00e1 i soli giorni luned\u00ed e mercoled\u00ed negli stessi orari. Si ricorda che il pagamento deve essere effettuato esclusivamente [&hellip;]","protected":false},"author":5,"featured_media":0,"parent":47,"menu_order":28,"comment_status":"closed","ping_status":"closed","template":"","meta":{"footnotes":""},"class_list":["post-387","page","type-page","status-publish","hentry"],"_links":{"self":[{"href":"https:\/\/ambsantiago.esteri.it\/it\/wp-json\/wp\/v2\/pages\/387","targetHints":{"allow":["GET"]}}],"collection":[{"href":"https:\/\/ambsantiago.esteri.it\/it\/wp-json\/wp\/v2\/pages"}],"about":[{"href":"https:\/\/ambsantiago.esteri.it\/it\/wp-json\/wp\/v2\/types\/page"}],"author":[{"embeddable":true,"href":"https:\/\/ambsantiago.esteri.it\/it\/wp-json\/wp\/v2\/users\/5"}],"replies":[{"embeddable":true,"href":"https:\/\/ambsantiago.esteri.it\/it\/wp-json\/wp\/v2\/comments?post=387"}],"version-history":[{"count":3,"href":"https:\/\/ambsantiago.esteri.it\/it\/wp-json\/wp\/v2\/pages\/387\/revisions"}],"predecessor-version":[{"id":551,"href":"https:\/\/ambsantiago.esteri.it\/it\/wp-json\/wp\/v2\/pages\/387\/revisions\/551"}],"up":[{"embeddable":true,"href":"https:\/\/ambsantiago.esteri.it\/it\/wp-json\/wp\/v2\/pages\/47"}],"wp:attachment":[{"href":"https:\/\/ambsantiago.esteri.it\/it\/wp-json\/wp\/v2\/media?parent=387"}],"curies":[{"name":"wp","href":"https:\/\/api.w.org\/{rel}","templated":true}]}}