{"id":15,"date":"2023-04-11T17:08:57","date_gmt":"2023-04-11T15:08:57","guid":{"rendered":"https:\/\/ambasciatapraga.esteri.it\/?page_id=15"},"modified":"2025-03-12T10:11:03","modified_gmt":"2025-03-12T13:11:03","slug":"servizi-consolari-e-visti","status":"publish","type":"page","link":"https:\/\/ambsantiago.esteri.it\/it\/servizi-consolari-e-visti\/","title":{"rendered":"Servizi Consolari e Visti"},"content":{"rendered":"<p class=\"boxLevel03\"><strong>Benvenuti<\/strong>\u00a0alla sezione dedicata ai\u00a0<strong>servizi consolari<\/strong>.<\/p>\n<p>Il nostro principale obiettivo \u00e8 assicurare un<strong>\u00a0servizio di qualit\u00e0<\/strong>, sforzandoci ogni giorno di venire incontro alle esigenze personali dei nostri connazionali.<\/p>\n<p>Per conoscere le modalit\u00e0 dei nostri servizi consolari, cliccate su <strong>servizi per il cittadino italiano qualora in possesso della cittadinanza italiana<\/strong>.<\/p>\n<p>Per i cittadini cileni in generale e per coloro che non hanno ancora ottenuto la cittadinanza italiana le informazioni sono disponibili nella sezione <strong>servizi per il cittadino straniero<\/strong>.<\/p>\n<p>In caso di dubbi, non esitate a contattarci inviando un\u2019email a <a href=\"mailto:consolato.santiago@esteri.it\">consolato.santiago@esteri.it<\/a> o chiamando il numero <span class=\"baec5a81-e4d6-4674-97f3-e9220f0136c1\"><strong>+56 2 2470 8441<\/strong> dalle 10.00 alle 12.00 dal luned\u00ec al venerd\u00ec.\u00a0<\/span><strong><br \/>\n<\/strong><\/p>\n<p>Senza pregiudicare i servizi su appuntamento, la Cancelleria Consolare \u00e8 aperta al pubblico <strong>dal luned\u00ec al venerd\u00ec dalle 9.00 alle 12.00<\/strong>.<\/p>\n","protected":false},"excerpt":{"rendered":"Benvenuti\u00a0alla sezione dedicata ai\u00a0servizi consolari. Il nostro principale obiettivo \u00e8 assicurare un\u00a0servizio di qualit\u00e0, sforzandoci ogni giorno di venire incontro alle esigenze personali dei nostri connazionali. Per conoscere le modalit\u00e0 dei nostri servizi consolari, cliccate su servizi per il cittadino italiano qualora in possesso della cittadinanza italiana. Per i cittadini cileni in generale e per [&hellip;]","protected":false},"author":1,"featured_media":0,"parent":0,"menu_order":6,"comment_status":"closed","ping_status":"closed","template":"","meta":{"footnotes":""},"class_list":["post-15","page","type-page","status-publish","hentry"],"_links":{"self":[{"href":"https:\/\/ambsantiago.esteri.it\/it\/wp-json\/wp\/v2\/pages\/15","targetHints":{"allow":["GET"]}}],"collection":[{"href":"https:\/\/ambsantiago.esteri.it\/it\/wp-json\/wp\/v2\/pages"}],"about":[{"href":"https:\/\/ambsantiago.esteri.it\/it\/wp-json\/wp\/v2\/types\/page"}],"author":[{"embeddable":true,"href":"https:\/\/ambsantiago.esteri.it\/it\/wp-json\/wp\/v2\/users\/1"}],"replies":[{"embeddable":true,"href":"https:\/\/ambsantiago.esteri.it\/it\/wp-json\/wp\/v2\/comments?post=15"}],"version-history":[{"count":7,"href":"https:\/\/ambsantiago.esteri.it\/it\/wp-json\/wp\/v2\/pages\/15\/revisions"}],"predecessor-version":[{"id":7824,"href":"https:\/\/ambsantiago.esteri.it\/it\/wp-json\/wp\/v2\/pages\/15\/revisions\/7824"}],"wp:attachment":[{"href":"https:\/\/ambsantiago.esteri.it\/it\/wp-json\/wp\/v2\/media?parent=15"}],"curies":[{"name":"wp","href":"https:\/\/api.w.org\/{rel}","templated":true}]}}