{"id":13401,"date":"2026-04-13T15:09:23","date_gmt":"2026-04-13T19:09:23","guid":{"rendered":"https:\/\/ambsantiago.esteri.it\/?page_id=13401"},"modified":"2026-04-13T17:02:03","modified_gmt":"2026-04-13T21:02:03","slug":"sottrazione-di-minori","status":"publish","type":"page","link":"https:\/\/ambsantiago.esteri.it\/it\/servizi-consolari-e-visti\/servizi-per-il-cittadino-italiano\/assistenza-ai-cittadini-allestero\/sottrazione-di-minori\/","title":{"rendered":"Sottrazione internazionale di minori"},"content":{"rendered":"<p style=\"text-align: justify;\">La problematica della\u00a0<strong>sottrazione internazionale di minori<\/strong> ha assunto negli ultimi tempi una rilevanza crescente, sia per la maggiore mobilit\u00e0 internazionale delle famiglie, sia per la maggiore sensibilit\u00e0 con la quale il problema \u00e8 avvertito dal genitore leso nel suo\u00a0 diritto di esercizio attivo della responsabilit\u00e0 genitoriale.<\/p>\n<p style=\"text-align: justify;\">Con l\u2019espressione \u201csottrazione internazionale di minori\u201d si indica la situazione in cui un minore viene illecitamente condotto all\u2019estero da chi non esercita la potest\u00e0 esclusiva, senza alcuna autorizzazione o non viene ricondotto nel Paese di residenza abituale a seguito di un soggiorno all\u2019estero. Ove la sottrazione sia gi\u00e0 avvenuta,\u00a0<strong>il genitore o, se diverso, il titolare del diritto di affido, pu\u00f2:<\/strong><\/p>\n<ul style=\"text-align: justify;\">\n<li>valutare di sporgere denuncia presso gli organi di Polizia giudiziaria competenti;<\/li>\n<li>rivolgersi all\u2019Autorit\u00e0 Centrale presso il Ministero della Giustizia (<a href=\"mailto:autoritacentrali.dgm@giustizia.it\">autoritacentrali.dgm@giustizia.it<\/a>) se tra l\u2019Italia o il Cile e il Paese di presunta destinazione del minore \u00e8 in vigore la Convenzione de L\u2019Aja del 25.10.1980. Se ne ricorrono i presupposti, attraverso l\u2019Autorit\u00e0 Centrale, \u00e8 possibile proporre un\u2019istanza di ritorno del minore oppure un\u2019istanza per regolamentazione del diritto di visita.<\/li>\n<li>rivolgersi al Ministero degli Affari Esteri e della Cooperazione Internazionale-MAECI (<a href=\"mailto:dgit.tutelaminori@esteri.it\">dgit.tutelaminori@esteri.it<\/a>), nel caso in cui un minore italiano sia sottratto e condotto all\u2019estero, qualora si renda l\u00ec necessaria un\u2019assistenza di tipo consolare. Il MAECI, se opportuno, pu\u00f2 attivare le proprie Rappresentanze diplomatico-consolari all\u2019estero per azioni in loco (indicazione di nominativi di avvocati; tentativi di mediazione; sostegno all\u2019azione dell\u2019Autorit\u00e0 centrale ecc.).<\/li>\n<\/ul>\n<p style=\"text-align: justify;\">La sottrazione e il trattenimento all\u2019estero di minore costituisce ipotesi di reato in base all\u2019art. 574 bis del Codice penale, ove non si ravvisi altro, pi\u00f9 grave reato (es. art. 605 c.p.).<\/p>\n<p style=\"text-align: justify;\">Il MAECI e il Consolato\u00a0<strong>non possono in alcun caso:<\/strong><\/p>\n<ul style=\"text-align: justify;\">\n<li>fornire consulenza legale;<\/li>\n<li>rappresentare il connazionale in giudizio;<\/li>\n<li>agire in violazione delle leggi locali o di norme internazionali;<\/li>\n<li>adire la magistratura locale al fine di far riconoscere o eseguire un provvedimento nazionale.<\/li>\n<\/ul>\n<p style=\"text-align: justify;\">Per quanto concerne il\u00a0<strong>Cile<\/strong>, esso \u00e8 parte (come l\u2019Italia) della Convenzione dell\u2019Aja del 1980 sugli aspetti civili della sottrazione internazionale di minori.<\/p>\n<p style=\"text-align: justify;\">Gli stati aderenti alla Convenzione dell\u2019Aja del 1980 hanno un\u2019Autorit\u00e0 Centrale competente per i casi di sottrazione internazionale di minori. L\u2019Autorit\u00e0 Centrale per l\u2019Italia \u00e8 il Dipartimento Giustizia Minorile e di Comunit\u00e0, istituito presso il Ministero della Giustizia, mentre nel Cile essa \u00e8: Corporaci\u00f3n de Asistencia Judicial de la Regi\u00f3n Metropolitana, Calle Agustinas 1419, Santiago de Chile, Chile, email <a href=\"mailto:internacional@cajmetro.cl\">internacional@cajmetro.cl\u00a0<\/a><\/p>\n<p style=\"text-align: justify;\">Ulteriori e pi\u00f9 dettagliate informazioni sono reperibili alle seguenti pagine:<\/p>\n<ul>\n<li style=\"text-align: justify;\"><a href=\"https:\/\/www.giustizia.it\/giustizia\/it\/mg_2_5_10.wp\">Sottrazione internazionale di minori e tutela dell\u2019esercizio del diritto di visita<\/a><\/li>\n<li style=\"text-align: justify;\"><a href=\"https:\/\/www.esteri.it\/it\/servizi-consolari-e-visti\/italiani-all-estero\/minori-estero\/\">Minori italiani all\u2019estero<\/a><\/li>\n<\/ul>\n","protected":false},"excerpt":{"rendered":"La problematica della\u00a0sottrazione internazionale di minori ha assunto negli ultimi tempi una rilevanza crescente, sia per la maggiore mobilit\u00e0 internazionale delle famiglie, sia per la maggiore sensibilit\u00e0 con la quale il problema \u00e8 avvertito dal genitore leso nel suo\u00a0 diritto di esercizio attivo della responsabilit\u00e0 genitoriale. Con l\u2019espressione \u201csottrazione internazionale di minori\u201d si indica la [&hellip;]","protected":false},"author":8,"featured_media":0,"parent":69,"menu_order":3,"comment_status":"closed","ping_status":"closed","template":"","meta":{"footnotes":""},"class_list":["post-13401","page","type-page","status-publish","hentry"],"_links":{"self":[{"href":"https:\/\/ambsantiago.esteri.it\/it\/wp-json\/wp\/v2\/pages\/13401","targetHints":{"allow":["GET"]}}],"collection":[{"href":"https:\/\/ambsantiago.esteri.it\/it\/wp-json\/wp\/v2\/pages"}],"about":[{"href":"https:\/\/ambsantiago.esteri.it\/it\/wp-json\/wp\/v2\/types\/page"}],"author":[{"embeddable":true,"href":"https:\/\/ambsantiago.esteri.it\/it\/wp-json\/wp\/v2\/users\/8"}],"replies":[{"embeddable":true,"href":"https:\/\/ambsantiago.esteri.it\/it\/wp-json\/wp\/v2\/comments?post=13401"}],"version-history":[{"count":2,"href":"https:\/\/ambsantiago.esteri.it\/it\/wp-json\/wp\/v2\/pages\/13401\/revisions"}],"predecessor-version":[{"id":13468,"href":"https:\/\/ambsantiago.esteri.it\/it\/wp-json\/wp\/v2\/pages\/13401\/revisions\/13468"}],"up":[{"embeddable":true,"href":"https:\/\/ambsantiago.esteri.it\/it\/wp-json\/wp\/v2\/pages\/69"}],"wp:attachment":[{"href":"https:\/\/ambsantiago.esteri.it\/it\/wp-json\/wp\/v2\/media?parent=13401"}],"curies":[{"name":"wp","href":"https:\/\/api.w.org\/{rel}","templated":true}]}}