{"id":12446,"date":"2026-02-16T18:10:37","date_gmt":"2026-02-16T21:10:37","guid":{"rendered":"https:\/\/ambsantiago.esteri.it\/?page_id=12446"},"modified":"2026-03-27T15:05:10","modified_gmt":"2026-03-27T18:05:10","slug":"matrimonio-in-italia","status":"publish","type":"page","link":"https:\/\/ambsantiago.esteri.it\/it\/servizi-consolari-e-visti\/servizi-per-il-cittadino-italiano\/stato-civile\/matrimonio-in-italia\/","title":{"rendered":"Matrimonio in Italia"},"content":{"rendered":"<div class=\"sc-bZQynM XjrBd rsc-ts-bubble\">\n<div>\n<p style=\"text-align: justify;\">Questa sezione \u00e8 dedicata ai cittadini italiani o stranieri che intendono sposarsi in Italia. Per contrarre matrimonio in Italia \u00e8 necessario eseguire le pubblicazioni, obbligatorie per il cittadino italiano che intende sposarsi di fronte alle Autorit\u00e0 italiane.<\/p>\n<p style=\"text-align: justify;\">Le pubblicazioni di matrimonio sono richieste all\u2019ufficiale dello stato civile del luogo di residenza di uno dei nubendi, il Comune in Italia o la Rappresentanza diplomatica-consolare italiana competente all\u2019estero, e sono fatte nei luoghi di residenza di entrambi, se diversi. L\u2019Ufficio che riceve la richiesta provveder\u00e0 eventualmente a chiederne l\u2019esecuzione anche all\u2019altro Ufficio e le pubblicazioni saranno effettuate in entrambi i luoghi di residenza se del caso.<\/p>\n<p style=\"text-align: justify;\">La richiesta delle pubblicazioni pu\u00f2 essere presentata di persona o tramite procura speciale redatta su carta semplice, munita dei documenti di identit\u00e0 in corso di validit\u00e0 di entrambi i nubendi. I cittadini non appartenenti all\u2019Unione Europea e non residenti in Italia dovranno procedere all\u2019autenticazione della propria firma.<\/p>\n<p style=\"text-align: justify;\">Le pubblicazioni resteranno affisse all\u2019Albo consolare per otto giorni interi. La celebrazione del matrimonio potr\u00e0 avvenire entro 180 giorni a partire dal quarto giorno successivo all\u2019affissione.<\/p>\n<p style=\"text-align: center;\"><strong>Dove chiedere le pubblicazioni<\/strong><\/p>\n<\/div>\n<ul>\n<li style=\"text-align: justify;\">Se <u>entrambi i nubendi (italiani) hanno la residenza all\u2019estero<\/u>, le pubblicazioni di matrimonio devono essere richieste ed effettuate <u>presso le Autorit\u00e0 consolari italiane<\/u> competenti per residenza;<\/li>\n<li style=\"text-align: justify;\">Se uno dei nubendi (italiano) ha la <u>residenza in Italia<\/u> mentre l\u2019altro (cittadino italiano) ha la<u> residenza all\u2019estero<\/u>, le pubblicazioni di matrimonio possono essere richieste <u>al Comune di residenza in Italia oppure alla Rappresentanza diplomatica-consolare<\/u> italiana competente all\u2019estero. <u>L\u2019Ufficio che riceve la richiesta provveder\u00e0 a chiederne l\u2019esecuzione anche all\u2019altro Ufficio e le pubblicazioni saranno effettuate in entrambi i luoghi<\/u> di residenza;<\/li>\n<li style=\"text-align: justify;\">Se <span style=\"text-decoration: underline;\">entrambi i nubendi (italiano e straniero) hanno la residenza all&#8217;estero<\/span>, le pubblicazioni di matrimonio devono essere richieste ed effettuate <u>presso le Autorit\u00e0 consolari italiane<\/u> competenti per residenza del nubendo italiano;<\/li>\n<li style=\"text-align: justify;\">Se il <u>nubendo italiano ha la residenza in Italia<\/u>, mentre l\u2019altro (cittadino <u>straniero) ha la residenza all\u2019estero<\/u>, le pubblicazioni di matrimonio devono essere richieste <u>al Comune<\/u> italiano di residenza del nubendo ed ivi effettuate.<\/li>\n<\/ul>\n<div style=\"text-align: justify;\">\n<p>La Rappresentanza diplomatico-consolare, una volta eseguite le pubblicazioni, delegher\u00e0 alla celebrazione il Comune italiano indicato.<\/p>\n<p>L\u2019art. 116 del Codice civile prevede che il <u>cittadino straniero<\/u>, per essere ammesso al matrimonio, presenti un \u201c<strong>nulla osta<\/strong>\u201d, con il quale le competenti Autorit\u00e0 del Paese di appartenenza attestino l\u2019<u>assenza di impedimenti al matrimonio<\/u>.<\/p>\n<\/div>\n<p style=\"text-align: justify;\">Per quanto riguarda il Cile, il cittadino straniero prima di partire dovr\u00e0 richiedere l'&#8221;<span style=\"text-decoration: underline;\"><em>informe de no matrimonio<\/em><\/span>&#8221; e il proprio <span style=\"text-decoration: underline;\">certificato di nascita<\/span> entrambi apostillati e tradotti in italiano. La traduzione di questi documenti sar\u00e0 dichiarata conforme dalla Cancelleria Consolare previo pagamento dei <a href=\"https:\/\/ambsantiago.esteri.it\/it\/servizi-consolari-e-visti\/servizi-per-il-cittadino-italiano\/tariffe-consolari\/\">diritti consolari<\/a>, per il successivo uso in Italia. Il Registro Civil del Cile non rilascia il nulla osta al matrimonio. Una volta in Italia, i cittadini cileni dovranno <span style=\"text-decoration: underline;\">rivolgersi al Consolato cileno competente per ottenere il relativo nulla osta<\/span>.<\/p>\n<div>\n<p style=\"text-align: justify;\">Il servizio per le pubblicazioni di matrimonio avviene <span style=\"text-decoration: underline;\">su appuntamento<\/span>, da richiedere scrivendo a <a href=\"mailto:consolato.santiago@esteri.it\">consolato.santiago@esteri.it<\/a> e indicando nell&#8217;oggetto &#8220;PUBBLICAZIONI DI MATRIMONIO&#8221;. Il giorno dell&#8217;appuntamento, i nubendi dovranno pagare quanto previsto dagli art. 3 e 2c della tabella dei <a href=\"https:\/\/ambsantiago.esteri.it\/it\/servizi-consolari-e-visti\/servizi-per-il-cittadino-italiano\/tariffe-consolari\/\">diritti consolari<\/a> e presentare:<\/p>\n<ul style=\"text-align: justify;\">\n<li>per il cittadino italiano, il <span style=\"text-decoration: underline;\">formulario di richiesta<\/span>, compilato datato e firmato (vedasi modulistica in calce);<\/li>\n<li>per il cittadino straniero, l'&#8221;<span style=\"text-decoration: underline;\"><em>informe de no matrimonio<\/em><\/span>&#8221; e il proprio <span style=\"text-decoration: underline;\">certificato di nascita<\/span> entrambi apostillati e tradotti in italiano. La traduzione di questi documenti sar\u00e0 dichiarata conforme dalla Cancelleria Consolare previo pagamento dei <a href=\"https:\/\/ambsantiago.esteri.it\/it\/servizi-consolari-e-visti\/servizi-per-il-cittadino-italiano\/tariffe-consolari\/\">diritti consolari<\/a>, per il successivo uso in Italia;<\/li>\n<li>copia dei <span style=\"text-decoration: underline;\">documenti di identit\u00e0 in corso di validit\u00e0<\/span> di entrambi i nubendi.<\/li>\n<\/ul>\n<p>&nbsp;<\/p>\n<p style=\"text-align: justify;\"><strong>MODULI<\/strong><\/p>\n<ul>\n<li style=\"text-align: justify;\"><a href=\"https:\/\/ambsantiago.esteri.it\/wp-content\/uploads\/2026\/03\/Dichiarazione-DPR-445-2000-per-PUBBLICAZIONI-MATRIMONIO.pdf\">Dichiarazione sostitutiva per richiesta di pubblicazioni di matrimonio<\/a><\/li>\n<\/ul>\n<\/div>\n<\/div>\n","protected":false},"excerpt":{"rendered":"Questa sezione \u00e8 dedicata ai cittadini italiani o stranieri che intendono sposarsi in Italia. Per contrarre matrimonio in Italia \u00e8 necessario eseguire le pubblicazioni, obbligatorie per il cittadino italiano che intende sposarsi di fronte alle Autorit\u00e0 italiane. Le pubblicazioni di matrimonio sono richieste all\u2019ufficiale dello stato civile del luogo di residenza di uno dei nubendi, [&hellip;]","protected":false},"author":8,"featured_media":0,"parent":68,"menu_order":7,"comment_status":"closed","ping_status":"closed","template":"","meta":{"footnotes":""},"class_list":["post-12446","page","type-page","status-publish","hentry"],"_links":{"self":[{"href":"https:\/\/ambsantiago.esteri.it\/it\/wp-json\/wp\/v2\/pages\/12446","targetHints":{"allow":["GET"]}}],"collection":[{"href":"https:\/\/ambsantiago.esteri.it\/it\/wp-json\/wp\/v2\/pages"}],"about":[{"href":"https:\/\/ambsantiago.esteri.it\/it\/wp-json\/wp\/v2\/types\/page"}],"author":[{"embeddable":true,"href":"https:\/\/ambsantiago.esteri.it\/it\/wp-json\/wp\/v2\/users\/8"}],"replies":[{"embeddable":true,"href":"https:\/\/ambsantiago.esteri.it\/it\/wp-json\/wp\/v2\/comments?post=12446"}],"version-history":[{"count":6,"href":"https:\/\/ambsantiago.esteri.it\/it\/wp-json\/wp\/v2\/pages\/12446\/revisions"}],"predecessor-version":[{"id":13228,"href":"https:\/\/ambsantiago.esteri.it\/it\/wp-json\/wp\/v2\/pages\/12446\/revisions\/13228"}],"up":[{"embeddable":true,"href":"https:\/\/ambsantiago.esteri.it\/it\/wp-json\/wp\/v2\/pages\/68"}],"wp:attachment":[{"href":"https:\/\/ambsantiago.esteri.it\/it\/wp-json\/wp\/v2\/media?parent=12446"}],"curies":[{"name":"wp","href":"https:\/\/api.w.org\/{rel}","templated":true}]}}