{"id":9995,"date":"2025-07-30T09:40:53","date_gmt":"2025-07-30T13:40:53","guid":{"rendered":"https:\/\/ambsantiago.esteri.it\/?page_id=9995"},"modified":"2025-07-30T10:16:20","modified_gmt":"2025-07-30T14:16:20","slug":"certificado-de-no-renuncia","status":"publish","type":"page","link":"https:\/\/ambsantiago.esteri.it\/es\/servizi-consolari-e-visti\/servizi-per-il-cittadino-straniero\/cittadinanza\/certificado-de-no-renuncia\/","title":{"rendered":"Certificado de \u00abno renuncia\u00bb"},"content":{"rendered":"<p style=\"text-align: justify;\" data-start=\"71\" data-end=\"860\">Si la persona interesada ha decidido establecer su residencia en Italia, las autoridades del municipio italiano son responsables del reconocimiento de la ciudadan\u00eda italiana. Una vez inscrito\/a en el registro de la poblaci\u00f3n residente, el ciudadano\/a extranjero\/a puede iniciar el procedimiento para el reconocimiento de la ciudadan\u00eda <em>iure sanguinis <\/em>(cuya duraci\u00f3n est\u00e1 establecida por la ley: un m\u00e1ximo de 180 d\u00edas), presentando la documentaci\u00f3n indicada en la Circular K.28.1\/1991. No es posible que la persona interesada sea representada por un apoderado legal u otra persona; debe estar presente f\u00edsicamente en el territorio. Para m\u00e1s informaci\u00f3n sobre los requisitos de entrada a Italia por periodos superiores a 90 d\u00edas, se recomienda consultar la <a href=\"https:\/\/ambsantiago.esteri.it\/es\/servizi-consolari-e-visti\/servizi-per-il-cittadino-straniero\/visti\/\">secci\u00f3n de Visas<\/a> de este sitio.<\/p>\n<p style=\"text-align: justify;\" data-start=\"862\" data-end=\"1224\">La solicitud de emisi\u00f3n del Certificado de \u201cNo renuncia\u201d debe ser realizada directamente por el municipio italiano a la Canciller\u00eda Consular, exclusivamente mediante PEC (correo electr\u00f3nico certificado). La respuesta de la Canciller\u00eda Consular al municipio (no a la persona interesada) se env\u00eda siempre y \u00fanicamente por PEC, en caso de que la solicitud haya sido presentada correctamente.<\/p>\n<p style=\"text-align: justify;\" data-start=\"1226\" data-end=\"1488\">Las personas interesadas no pueden contactar directamente a la Oficina consular respecto a tr\u00e1mites gestionados por municipios u otras oficinas consulares, ya que no se tiene conocimiento del estado de dichos tr\u00e1mites fuera del \u00e1mbito de responsabilidad directa.<\/p>\n","protected":false},"excerpt":{"rendered":"Si la persona interesada ha decidido establecer su residencia en Italia, las autoridades del municipio italiano son responsables del reconocimiento de la ciudadan\u00eda italiana. Una vez inscrito\/a en el registro de la poblaci\u00f3n residente, el ciudadano\/a extranjero\/a puede iniciar el procedimiento para el reconocimiento de la ciudadan\u00eda iure sanguinis (cuya duraci\u00f3n est\u00e1 establecida por la [&hellip;]","protected":false},"author":8,"featured_media":0,"parent":232,"menu_order":8,"comment_status":"closed","ping_status":"closed","template":"","meta":{"footnotes":""},"class_list":["post-9995","page","type-page","status-publish","hentry"],"_links":{"self":[{"href":"https:\/\/ambsantiago.esteri.it\/es\/wp-json\/wp\/v2\/pages\/9995","targetHints":{"allow":["GET"]}}],"collection":[{"href":"https:\/\/ambsantiago.esteri.it\/es\/wp-json\/wp\/v2\/pages"}],"about":[{"href":"https:\/\/ambsantiago.esteri.it\/es\/wp-json\/wp\/v2\/types\/page"}],"author":[{"embeddable":true,"href":"https:\/\/ambsantiago.esteri.it\/es\/wp-json\/wp\/v2\/users\/8"}],"replies":[{"embeddable":true,"href":"https:\/\/ambsantiago.esteri.it\/es\/wp-json\/wp\/v2\/comments?post=9995"}],"version-history":[{"count":3,"href":"https:\/\/ambsantiago.esteri.it\/es\/wp-json\/wp\/v2\/pages\/9995\/revisions"}],"predecessor-version":[{"id":10020,"href":"https:\/\/ambsantiago.esteri.it\/es\/wp-json\/wp\/v2\/pages\/9995\/revisions\/10020"}],"up":[{"embeddable":true,"href":"https:\/\/ambsantiago.esteri.it\/es\/wp-json\/wp\/v2\/pages\/232"}],"wp:attachment":[{"href":"https:\/\/ambsantiago.esteri.it\/es\/wp-json\/wp\/v2\/media?parent=9995"}],"curies":[{"name":"wp","href":"https:\/\/api.w.org\/{rel}","templated":true}]}}