{"id":9774,"date":"2025-06-27T11:57:12","date_gmt":"2025-06-27T15:57:12","guid":{"rendered":"https:\/\/ambsantiago.esteri.it\/?page_id=9774"},"modified":"2025-06-27T16:48:30","modified_gmt":"2025-06-27T20:48:30","slug":"diplomacia-del-crecimiento-destino-chile-una-guia-sobre-las-oportunidades-para-las-empresas-italianas-interesadas-en-el-pais","status":"publish","type":"page","link":"https:\/\/ambsantiago.esteri.it\/es\/italia-e-cile\/diplomazia-economica\/fare-affari-in-cile\/diplomacia-del-crecimiento-destino-chile-una-guia-sobre-las-oportunidades-para-las-empresas-italianas-interesadas-en-el-pais\/","title":{"rendered":"\u201cDiplomacia del crecimiento: destino Chile\u201d, una gu\u00eda sobre las oportunidades para las empresas italianas interesadas en el pa\u00eds."},"content":{"rendered":"<p data-start=\"64\" data-end=\"241\"><img loading=\"lazy\" decoding=\"async\" class=\"aligncenter  wp-image-9760 img-fluid\" src=\"https:\/\/ambsantiago.esteri.it\/wp-content\/uploads\/2025\/06\/x-2-1024x576.png\" alt=\"\" width=\"864\" height=\"486\" srcset=\"https:\/\/ambsantiago.esteri.it\/wp-content\/uploads\/2025\/06\/x-2-1024x576.png 1024w, https:\/\/ambsantiago.esteri.it\/wp-content\/uploads\/2025\/06\/x-2-300x169.png 300w, https:\/\/ambsantiago.esteri.it\/wp-content\/uploads\/2025\/06\/x-2-768x432.png 768w, https:\/\/ambsantiago.esteri.it\/wp-content\/uploads\/2025\/06\/x-2.png 1600w\" sizes=\"auto, (max-width: 864px) 100vw, 864px\" \/><\/p>\n<p data-start=\"64\" data-end=\"241\">Desde hoy es posible descargar el documento <strong data-start=\"108\" data-end=\"155\">\u201c<\/strong>Diplomacia del crecimiento: destino Chile<strong data-start=\"108\" data-end=\"155\">\u201d<\/strong>, una gu\u00eda sobre las oportunidades para las empresas italianas interesadas en el pa\u00eds.<\/p>\n<p data-start=\"243\" data-end=\"785\">Esta herramienta nace del fuerte impulso que el Ministro de Asuntos Exteriores y Cooperaci\u00f3n Internacional, Antonio Tajani, dedica a la actividad comercial y empresarial italiana en el mundo. Se suma a una serie de instrumentos informativos puestos a disposici\u00f3n por el Ministerio y la red diplom\u00e1tica italiana para apoyar a las empresas italianas en todos los aspectos, desde la inversi\u00f3n hasta la exportaci\u00f3n, en el marco de la Diplomacia del Crecimiento italiana, pilar fundamental de la estrategia econ\u00f3mica internacional de nuestro pa\u00eds.<\/p>\n<p data-start=\"787\" data-end=\"1201\">Chile, con su econom\u00eda abierta y estabilidad institucional, representa un mercado de gran inter\u00e9s para las empresas italianas. La gu\u00eda ofrece una panor\u00e1mica sobre los sectores clave de inversi\u00f3n, la normativa fiscal y laboral, los procedimientos para la constituci\u00f3n de una empresa, as\u00ed como los incentivos disponibles para quienes desean operar en este contexto, proporcionando fuentes para consultas adicionales.<\/p>\n<p data-start=\"1203\" data-end=\"1232\">Descarga el archivo PDF <a href=\"https:\/\/ambsantiago.esteri.it\/wp-content\/uploads\/2025\/06\/GUIDA-INVESTIMENTI-2025-1.pdf\">aqu\u00ed<\/a>.<\/p>\n","protected":false},"excerpt":{"rendered":"Desde hoy es posible descargar el documento \u201cDiplomacia del crecimiento: destino Chile\u201d, una gu\u00eda sobre las oportunidades para las empresas italianas interesadas en el pa\u00eds. Esta herramienta nace del fuerte impulso que el Ministro de Asuntos Exteriores y Cooperaci\u00f3n Internacional, Antonio Tajani, dedica a la actividad comercial y empresarial italiana en el mundo. Se suma [&hellip;]","protected":false},"author":12,"featured_media":9760,"parent":180,"menu_order":0,"comment_status":"closed","ping_status":"closed","template":"","meta":{"footnotes":""},"class_list":["post-9774","page","type-page","status-publish","has-post-thumbnail","hentry"],"_links":{"self":[{"href":"https:\/\/ambsantiago.esteri.it\/es\/wp-json\/wp\/v2\/pages\/9774","targetHints":{"allow":["GET"]}}],"collection":[{"href":"https:\/\/ambsantiago.esteri.it\/es\/wp-json\/wp\/v2\/pages"}],"about":[{"href":"https:\/\/ambsantiago.esteri.it\/es\/wp-json\/wp\/v2\/types\/page"}],"author":[{"embeddable":true,"href":"https:\/\/ambsantiago.esteri.it\/es\/wp-json\/wp\/v2\/users\/12"}],"replies":[{"embeddable":true,"href":"https:\/\/ambsantiago.esteri.it\/es\/wp-json\/wp\/v2\/comments?post=9774"}],"version-history":[{"count":1,"href":"https:\/\/ambsantiago.esteri.it\/es\/wp-json\/wp\/v2\/pages\/9774\/revisions"}],"predecessor-version":[{"id":9775,"href":"https:\/\/ambsantiago.esteri.it\/es\/wp-json\/wp\/v2\/pages\/9774\/revisions\/9775"}],"up":[{"embeddable":true,"href":"https:\/\/ambsantiago.esteri.it\/es\/wp-json\/wp\/v2\/pages\/180"}],"wp:featuredmedia":[{"embeddable":true,"href":"https:\/\/ambsantiago.esteri.it\/es\/wp-json\/wp\/v2\/media\/9760"}],"wp:attachment":[{"href":"https:\/\/ambsantiago.esteri.it\/es\/wp-json\/wp\/v2\/media?parent=9774"}],"curies":[{"name":"wp","href":"https:\/\/api.w.org\/{rel}","templated":true}]}}