{"id":9460,"date":"2025-06-05T13:55:04","date_gmt":"2025-06-05T17:55:04","guid":{"rendered":"https:\/\/ambsantiago.esteri.it\/?page_id=9460"},"modified":"2026-03-27T14:52:08","modified_gmt":"2026-03-27T17:52:08","slug":"sentencias-de-divorcio-y-sentencias-de-nulidad-2","status":"publish","type":"page","link":"https:\/\/ambsantiago.esteri.it\/es\/servizi-consolari-e-visti\/servizi-per-il-cittadino-italiano\/stato-civile\/sentencias-de-divorcio-y-sentencias-de-nulidad-2\/","title":{"rendered":"Sentencias de divorcio y sentencias de nulidad"},"content":{"rendered":"<p style=\"text-align: center;\"><strong>REQUISITOS<\/strong><\/p>\n<div class=\"entry-content\">\n<p style=\"text-align: justify;\">Esta Canciller\u00eda Consular puede transmitir al Municipio italiano competente la solicitud de transcripci\u00f3n de <strong>sentencias de divorcio <\/strong>y<strong> sentencias de nulidad por incompetencia territorial<\/strong>. Con respecto a estas \u00faltimas, se informa que el ordenamiento jur\u00eddico italiano no contempla la nulidad por incompetencia territorial entre las causas v\u00e1lidas de nulidad. Por lo tanto, la decisi\u00f3n sobre la transcripci\u00f3n de dichas sentencias queda a discreci\u00f3n del Funcionario de Estado Civil del municipio competente.<\/p>\n<p style=\"text-align: justify;\"><strong>IMPORTANTE: <\/strong>En el caso de divorcios ocurridos en <strong>pa\u00edses extranjeros distintos de Chile<\/strong>, se recomienda consultar el sitio web de la Representaci\u00f3n Diplom\u00e1tico-Consular italiana competente para el pa\u00eds de emisi\u00f3n del documento, con el fin de verificar la documentaci\u00f3n original requerida para solicitar la transcripci\u00f3n del divorcio en Italia<strong>.<\/strong><\/p>\n<p style=\"text-align: center;\"><strong>DOCUMENTACI\u00d3N A PRESENTAR<\/strong><\/p>\n<ul>\n<li style=\"text-align: justify;\" data-start=\"740\" data-end=\"1092\"><strong>Sentencia de divorcio<\/strong> <strong>o sentencia de nulidad, con certificado de ejecutoria firme, <\/strong>apostillada y traducida al italiano por uno de los traductores de referencia de la Embajada (<a href=\"https:\/\/ambsantiago.esteri.it\/es\/servizi-consolari-e-visti\/servizi-per-il-cittadino-italiano\/traduzione-e-legalizzazione-dei-documenti\/\">haz clic aqu\u00ed<\/a> para el listado) o por el Ministerio de Relaciones Exteriores de Chile (en este \u00faltimo caso, la traducci\u00f3n tambi\u00e9n debe estar apostillada);<\/li>\n<li style=\"text-align: justify;\" data-start=\"1096\" data-end=\"1180\"><strong>Declaraci\u00f3n sustitutiva de acto notorio <\/strong>(ver formularios al final de la p\u00e1gina);<\/li>\n<li style=\"text-align: justify;\" data-start=\"1184\" data-end=\"1272\"><strong>Formulario de solicitud<\/strong>, debidamente completado y firmado por la persona interesada;<\/li>\n<li style=\"text-align: justify;\" data-start=\"1276\" data-end=\"1563\">Documentaci\u00f3n que acredite la <strong>residencia efectiva en la circunscripci\u00f3n consular <\/strong>(por ejemplo: certificado de residencia emitido por autoridad extranjera, permiso de residencia, c\u00e9dula de identidad extranjera, cuentas de servicios domiciliarios, copia del contrato de trabajo, etc.);<\/li>\n<li style=\"text-align: justify;\" data-start=\"1567\" data-end=\"1805\"><strong>Copia de los documentos de identidad <\/strong>de todas las personas nombradas en los documentos presentados. Ejemplo: para la inscripci\u00f3n de una sentencia de divorcio, adjuntar fotocopia del documento de identidad de ambos ex c\u00f3nyuges<strong>.<\/strong><\/li>\n<\/ul>\n<p>&nbsp;<\/p>\n<p style=\"text-align: justify;\"><strong>FORMULARIOS<\/strong><\/p>\n<ul>\n<li style=\"text-align: justify;\"><a href=\"https:\/\/ambsantiago.esteri.it\/wp-content\/uploads\/2026\/03\/NUOVO-MODULO-stato-civile-INTERESSATO-2026.pdf\">Solicitud de transcripci\u00f3n de actas de estado civil<\/a><\/li>\n<li style=\"text-align: justify;\"><a href=\"https:\/\/ambsantiago.esteri.it\/wp-content\/uploads\/2026\/03\/Dichiarazione-sostitutiva-SENTENZA-divorzio-nullita-2026.pdf\">Declaraci\u00f3n sustitutoria (sentencias de divorcio\/nulidad)<\/a><\/li>\n<\/ul>\n<\/div>\n","protected":false},"excerpt":{"rendered":"REQUISITOS Esta Canciller\u00eda Consular puede transmitir al Municipio italiano competente la solicitud de transcripci\u00f3n de sentencias de divorcio y sentencias de nulidad por incompetencia territorial. Con respecto a estas \u00faltimas, se informa que el ordenamiento jur\u00eddico italiano no contempla la nulidad por incompetencia territorial entre las causas v\u00e1lidas de nulidad. Por lo tanto, la decisi\u00f3n [&hellip;]","protected":false},"author":8,"featured_media":0,"parent":206,"menu_order":3,"comment_status":"closed","ping_status":"closed","template":"","meta":{"footnotes":""},"class_list":["post-9460","page","type-page","status-publish","hentry"],"_links":{"self":[{"href":"https:\/\/ambsantiago.esteri.it\/es\/wp-json\/wp\/v2\/pages\/9460","targetHints":{"allow":["GET"]}}],"collection":[{"href":"https:\/\/ambsantiago.esteri.it\/es\/wp-json\/wp\/v2\/pages"}],"about":[{"href":"https:\/\/ambsantiago.esteri.it\/es\/wp-json\/wp\/v2\/types\/page"}],"author":[{"embeddable":true,"href":"https:\/\/ambsantiago.esteri.it\/es\/wp-json\/wp\/v2\/users\/8"}],"replies":[{"embeddable":true,"href":"https:\/\/ambsantiago.esteri.it\/es\/wp-json\/wp\/v2\/comments?post=9460"}],"version-history":[{"count":5,"href":"https:\/\/ambsantiago.esteri.it\/es\/wp-json\/wp\/v2\/pages\/9460\/revisions"}],"predecessor-version":[{"id":13179,"href":"https:\/\/ambsantiago.esteri.it\/es\/wp-json\/wp\/v2\/pages\/9460\/revisions\/13179"}],"up":[{"embeddable":true,"href":"https:\/\/ambsantiago.esteri.it\/es\/wp-json\/wp\/v2\/pages\/206"}],"wp:attachment":[{"href":"https:\/\/ambsantiago.esteri.it\/es\/wp-json\/wp\/v2\/media?parent=9460"}],"curies":[{"name":"wp","href":"https:\/\/api.w.org\/{rel}","templated":true}]}}