{"id":9442,"date":"2025-06-05T13:46:27","date_gmt":"2025-06-05T17:46:27","guid":{"rendered":"https:\/\/ambsantiago.esteri.it\/?page_id=9442"},"modified":"2026-03-27T14:59:37","modified_gmt":"2026-03-27T17:59:37","slug":"actas-de-nacimiento-hijos-de-italianos-iure-sanguinis-doble-ciudadano-ciudadania-por-beneficio-de-ley-2","status":"publish","type":"page","link":"https:\/\/ambsantiago.esteri.it\/es\/servizi-consolari-e-visti\/servizi-per-il-cittadino-italiano\/stato-civile\/actas-de-nacimiento-hijos-de-italianos-iure-sanguinis-doble-ciudadano-ciudadania-por-beneficio-de-ley-2\/","title":{"rendered":"Actas de nacimiento \u2013 Hijos de italianos iure sanguinis doble ciudadano \u2013 Ciudadan\u00eda por beneficio de ley"},"content":{"rendered":"<div class=\"entry-content\">\n<div class=\"entry-content\">\n<div class=\"entry-content\">\n<p style=\"text-align: center;\"><strong>ACTAS DE NACIMIENTO DE MENORES EXTRANJEROS NACIDOS EN EL EXTRANJERO E HIJOS DE CIUDADANOS ITALIANOS POR NACIMIENTO (IURE SANGUINIS) CON M\u00daLTIPLE CIUDADAN\u00cdA (EJ. ITALIANA Y CHILENA) \u2013 CIUDADAN\u00cdA POR BENEFICIO DE LEY<\/strong><\/p>\n<p style=\"text-align: justify;\" data-start=\"437\" data-end=\"819\">En el caso de menores extranjeros nacidos en el extranjero, hijos de ciudadanos italianos por nacimiento (<em>iure sanguinis<\/em>) que poseen m\u00faltiple ciudadan\u00edas (por ejemplo, italiana y chilena), la Ley 23 de mayo de 2025, n.\u00ba 74, que convierte en ley el Decreto Ley n.\u00ba 36\/2025, ha introducido la posibilidad de adquirir la <strong data-start=\"762\" data-end=\"818\">ciudadan\u00eda italiana por beneficio de ley<\/strong>. El <strong>menor<\/strong> que se beneficie <strong>no<\/strong> ser\u00e1 <strong>ciudadano por nacimiento<\/strong> (<em>iure sanguinis<\/em>).<\/p>\n<p style=\"text-align: justify;\">La norma prev\u00e9 que los padres (incluido el progenitor extranjero) puedan presentar ante las Oficinas Consulares una <strong>declaraci\u00f3n de voluntad de adquirir la ciudadan\u00eda italiana<\/strong> en favor de sus hijos menores de edad que no cumplan con los nuevos requisitos para la transmisi\u00f3n de la ciudadan\u00eda <em>iure sanguinis<\/em> (<a href=\"https:\/\/ambsantiago.esteri.it\/es\/servizi-consolari-e-visti\/servizi-per-il-cittadino-straniero\/cittadinanza\/ciudadania-por-descendencia-solicitudes-de-hijos-menores-de-edad\/\">visibles aqu\u00ed<\/a>) y cuyas actas de nacimiento no hayan sido recibidas por la Oficina Consular competente antes del 27 de marzo de 2025.<\/p>\n<p style=\"text-align: justify;\">Se contemplan <strong>dos reg\u00edmenes<\/strong>: uno <span style=\"text-decoration: underline;\">ordinario para los hijos nacidos despu\u00e9s del 24 de mayo de 2025<\/span> y otro <span style=\"text-decoration: underline;\">transitorio para los hijos que eran menores de edad a fecha de 24 de mayo de 2025<\/span>. En el caso de los hijos que entran en el r\u00e9gimen <strong>ordinario<\/strong>, los padres pueden presentar la <strong>declaraci\u00f3n de voluntad de adquirir la ciudadan\u00eda en un plazo de tres a\u00f1os a partir del nacimiento del menor<\/strong> (o a partir de la fecha posterior en la que se establezca la filiaci\u00f3n por parte de un ciudadano italiano o en la que se decida la adopci\u00f3n por parte de un ciudadano italiano durante la minor\u00eda de edad del hijo). En el caso de los hijos que entran en el r\u00e9gimen <strong>transitorio<\/strong>, los padres pueden presentar la <strong>declaraci\u00f3n de voluntad de adquirir la ciudadan\u00eda antes del 31 de mayo de 2029<\/strong>.<\/p>\n<p style=\"text-align: justify;\" data-start=\"1074\" data-end=\"1241\"><strong>Se aclara que esta declaraci\u00f3n <\/strong><strong data-start=\"1105\" data-end=\"1124\">solo es posible<\/strong><strong> para<\/strong> <strong data-start=\"1130\" data-end=\"1240\">menores extranjeros nacidos en el extranjero de un padre o madre que sea ciudadano italiano por nacimiento (<em>iure sanguinis<\/em>)<\/strong>.<\/p>\n<p style=\"text-align: justify;\" data-start=\"1243\" data-end=\"1355\">No pueden acogerse a este procedimiento los hijos de ciudadanos italianos que hayan adquirido la ciudadan\u00eda por naturalizaci\u00f3n (art. 9 de la Ley n. 91\/1992), beneficio de ley (art. 4 de la Ley n. 91\/1992), matrimonio (art. 5 de la Ley n. 91\/1992 o art. 10 de la Ley n. 555\/1912), readquisici\u00f3n (art. 13 o 17 de la Ley n. 91\/1992) o convivencia de menores con un progenitor que haya adquirido la ciudadan\u00eda italiana (<em>iuris communicatione<\/em> art. 14 de la Ley n. 91\/1992).<\/p>\n<p style=\"text-align: center;\" data-start=\"1243\" data-end=\"1355\"><strong>R\u00c9GIMEN ORDINARIO (Ley 5 de febrero de 1992, n. 91)<\/strong><\/p>\n<p style=\"text-align: center;\" data-start=\"1243\" data-end=\"1355\"><strong>REQUISITOS<\/strong><\/p>\n<p style=\"text-align: justify;\" data-start=\"1243\" data-end=\"1355\">La Ley 5 de febrero de 1992, n. 91, establece que los padres (incluido el padre o madre extranjero\/a) pueden presentar ante las Oficinas Consulares una <strong>declaraci\u00f3n de voluntad de adquirir la ciudadan\u00eda dentro de tres a\u00f1os desde el nacimiento del menor<\/strong> (o desde la fecha posterior en que se establezca la filiaci\u00f3n con un ciudadano italiano o se decida la adopci\u00f3n por parte de un ciudadano italiano durante la minor\u00eda de edad del hijo). En caso de reconocimiento de la filiaci\u00f3n en fechas posteriores por parte de ambos padres ciudadanos italianos por nacimiento, el plazo de tres a\u00f1os comenzar\u00e1 a contar desde el primer reconocimiento (ya que el primer reconocimiento implica la transmisi\u00f3n de la ciudadan\u00eda). En cambio, si primero se realiza el reconocimiento por parte del padre o madre extranjero\/a (o ciudadano italiano no por nacimiento sino por otro t\u00edtulo), el plazo de tres a\u00f1os se contar\u00e1 a partir del reconocimiento por parte del segundo progenitor ciudadano por nacimiento.<\/p>\n<p style=\"text-align: justify;\" data-start=\"1243\" data-end=\"1355\">La <strong>declaraci\u00f3n de voluntad de adquisici\u00f3n<\/strong>, que debe ser <span style=\"text-decoration: underline;\">formal y firmada presencialmente por ambos padres<\/span>, se realiza en presencia de un funcionario delegado para ejercer funciones de registro civil en la Canciller\u00eda Consular durante el horario de atenci\u00f3n al p\u00fablico (de lunes a viernes de 09:00 a 12:00). Si la filiaci\u00f3n (incluida la adoptiva) se establece respecto a una sola persona (o si el otro padre o madre ha fallecido), bastar\u00e1 con la declaraci\u00f3n de un solo progenitor. La declaraci\u00f3n de voluntad de adquisici\u00f3n est\u00e1 sujeta a la verificaci\u00f3n de las condiciones mencionadas y es <strong>gratuita<\/strong>. En caso de que uno de los padres sea extranjero, se deber\u00e1 proceder a la autenticaci\u00f3n de su firma.<\/p>\n<p style=\"text-align: justify;\" data-start=\"1243\" data-end=\"1355\">Para las <span style=\"text-decoration: underline;\">personas que residen fuera de la Regi\u00f3n Metropolitana<\/span> est\u00e1 disponible el servicio de reserva de citas con atenci\u00f3n los d\u00edas martes y mi\u00e9rcoles. Para las <span style=\"text-decoration: underline;\">personas que residen en la Regi\u00f3n Metropolitana<\/span>, en cambio, est\u00e1 disponible el servicio de reserva de citas con atenci\u00f3n los d\u00edas jueves y viernes. En dichos d\u00edas no se atiende a familias sin cita previa.<\/p>\n<p style=\"text-align: justify;\" data-start=\"1243\" data-end=\"1355\">La reserva de citas se realiza <span style=\"text-decoration: underline;\">online semanalmente<\/span> a trav\u00e9s de la plataforma <a href=\"https:\/\/prenotami.esteri.it\/\">Prenot@mi<\/a>, que abre la agenda semanal con los cupos disponibles <span style=\"text-decoration: underline;\">cada lunes<\/span>, con horario aleatorio (se recomienda utilizar el navegador Edge), y a la cual <span style=\"text-decoration: underline;\">tambi\u00e9n se puede acceder durante la semana<\/span> para comprobar la disponibilidad de citas. Si el lunes es festivo, el servicio se activar\u00e1 el primer d\u00eda laborable siguiente. El mensaje \u00abtodas las citas para este servicio est\u00e1n actualmente reservadas\u00bb tambi\u00e9n puede significar que la agenda semanal del portal Prenot@mi a\u00fan no se ha abierto. Se recomienda prestar la m\u00e1xima atenci\u00f3n al rellenar los datos solicitados y <span style=\"text-decoration: underline;\">adjuntar toda la documentaci\u00f3n indicada<\/span>, cuyos originales deber\u00e1n entregarse el d\u00eda de la cita.<\/p>\n<p style=\"text-align: justify;\" data-start=\"1243\" data-end=\"1355\">Las personas que pertenecen a categor\u00edas vulnerables (mujeres en estado avanzado de gestaci\u00f3n y personas con discapacidad) pueden solicitar una cita de forma excepcional enviando un correo electr\u00f3nico a <a href=\"mailto:consolato.santiago@esteri.it\">consolato.santiago@esteri.it<\/a> , adjuntando la documentaci\u00f3n que acredite su condici\u00f3n de vulnerabilidad y una copia de su documento de identidad.<\/p>\n<p style=\"text-align: justify;\"><span style=\"text-decoration: underline;\">Los d\u00edas lunes siguen siendo de acceso libre<\/span>, sin necesidad de reservar cita y por orden de llegada.<\/p>\n<p style=\"text-align: justify;\"><strong>ATENCI\u00d3N<\/strong>: En caso de establecimiento de la residencia legal del menor en Italia, la declaraci\u00f3n puede presentarse incluso despu\u00e9s del plazo de tres a\u00f1os desde el nacimiento, pero la residencia debe mantenerse por al menos dos a\u00f1os continuos despu\u00e9s de la declaraci\u00f3n de voluntad de adquisici\u00f3n de la ciudadan\u00eda presentada por los padres.<\/p>\n<p style=\"text-align: justify;\"><strong>IMPORTANTE<\/strong>: En el caso de actas de nacimiento emitidas en <strong>pa\u00edses extranjeros distintos de Chile<\/strong>, el interesado deber\u00e1 presentar las actas emitidas por las Autoridades del pa\u00eds en el que se formaron y tramitar la legalizaci\u00f3n (consular o apostilla) tanto del acta de nacimiento original como de su traducci\u00f3n al italiano. Para obtener informaci\u00f3n sobre la necesidad de legalizaci\u00f3n y\/o apostilla, se recomienda consultar el sitio web de la Representaci\u00f3n Diplom\u00e1tico-Consular italiana competente para el pa\u00eds en el que se emiti\u00f3 el documento.<\/p>\n<p style=\"text-align: center;\"><strong>DOCUMENTACI\u00d3N A PRESENTAR<\/strong><\/p>\n<ul>\n<li data-start=\"2634\" data-end=\"2922\"><strong data-start=\"2634\" data-end=\"2675\">Actas de nacimiento <\/strong>(no certificados), apostilladas y traducidas al italiano por uno de los traductores reconocidos por la Embajada (<a href=\"https:\/\/ambsantiago.esteri.it\/es\/servizi-consolari-e-visti\/servizi-per-il-cittadino-italiano\/traduzione-e-legalizzazione-dei-documenti\/\">haz clic aqu\u00ed<\/a> para ver el listado), o por el Ministerio de Relaciones Exteriores (en este \u00faltimo caso, la traducci\u00f3n debe ser tambi\u00e9n apostillada);<\/li>\n<li style=\"text-align: justify;\">En caso de anotaciones al margen del acta de nacimiento (reconocimiento de filiaci\u00f3n posterior al nacimiento, cuidado personal, patria potestad, sentencias de vario tipo), <strong>actas o sentencias<\/strong> <strong>firmes y ejecutoriadas<\/strong> correspondientes apostilladas y traducidas al italiano, acompa\u00f1adas por la <strong>declaraci\u00f3n sustitutiva del acta notorio<\/strong> (ver el formulario al final de la p\u00e1gina);<\/li>\n<li style=\"text-align: justify;\" data-start=\"2634\" data-end=\"2922\">En caso de hijos adoptivos, <strong data-start=\"2957\" data-end=\"2982\">sentencia de adopci\u00f3n con certificado de ejecutoria firme<\/strong>, apostillada y traducida al italiano, acompa\u00f1ada de la <strong data-start=\"3074\" data-end=\"3126\">declaraci\u00f3n sustitutiva del acta notorio<\/strong> (ver formulario al final de la p\u00e1gina);<\/li>\n<li style=\"text-align: justify;\" data-start=\"3169\" data-end=\"3245\"><strong data-start=\"3169\" data-end=\"3196\">Formulario de solicitud<\/strong> debidamente llenado y firmado por el interesado;<\/li>\n<li style=\"text-align: justify;\" data-start=\"3248\" data-end=\"3537\">Documentaci\u00f3n que acredite la <strong data-start=\"3278\" data-end=\"3332\">residencia efectiva en la circunscripci\u00f3n consular<\/strong> (por ejemplo: certificado de residencia emitido por autoridad local, permiso de residencia, c\u00e9dula de identidad extranjera, boletas de servicios b\u00e1sicos domiciliarios, copia de contrato de trabajo, etc.);<\/li>\n<li style=\"text-align: justify;\" data-start=\"3540\" data-end=\"3797\"><strong data-start=\"3540\" data-end=\"3580\">Documentos de identidad<\/strong> <strong>en original<\/strong> de todas las personas nombradas en los documentos presentados y relativas fotocopias. Ejemplo: en el caso de la inscripci\u00f3n de un acta de nacimiento, se debe adjuntar fotocopia de los documentos de identidad del padre, la madre y el menor.<\/li>\n<\/ul>\n<p style=\"text-align: justify;\" data-start=\"4039\" data-end=\"4130\">Para los menores nacidos fuera del matrimonio<strong>, <\/strong>es necesario formalizar el <strong>acta de reconocimiento<\/strong> de filiaci\u00f3n extramatrimonial. Ambos padres (y tambi\u00e9n el hijo si tiene m\u00e1s de 14 a\u00f1os) deben estar presentes para firmar el acta, previo pago de la tasa consular prevista en el art\u00edculo 68 de la <a href=\"https:\/\/ambsantiago.esteri.it\/es\/servizi-consolari-e-visti\/servizi-per-il-cittadino-italiano\/tarifa-consular-2\/\">tabla de tarifas consulares<\/a>.<\/p>\n<p>&nbsp;<\/p>\n<p style=\"text-align: center;\"><strong>R\u00c9GIMEN TRANSITORIO (Ley 23 de mayo de 2025, n. 74)<\/strong><\/p>\n<p style=\"text-align: center;\"><strong>REQUISITOS<\/strong><\/p>\n<p style=\"text-align: justify;\" data-start=\"3204\" data-end=\"3570\">La Ley 23 de mayo de 2025, n. 74 tambi\u00e9n ha introducido una <strong data-start=\"3269\" data-end=\"3290\">norma <u>transitoria<\/u><\/strong> <strong>que permite presentar la declaraci\u00f3n de voluntad de adquisici\u00f3n de la ciudadan\u00eda<\/strong> <strong data-start=\"3372\" data-end=\"3435\">para los menores que sean a\u00fan menores de edad al 24\/05\/2025<\/strong>, <strong>siempre que sean<\/strong> <strong data-start=\"3454\" data-end=\"3569\">hijos de ciudadanos por nacimiento (<em>iure sanguinis<\/em>) con m\u00faltiples ciudadan\u00edas (por ejemplo, italiana y chilena)<\/strong>. La declaraci\u00f3n debe realizarse <strong>a m\u00e1s tardar el 31\/05\/2029.<\/strong><\/p>\n<p style=\"text-align: justify;\" data-start=\"1243\" data-end=\"1355\">La <strong>declaraci\u00f3n de voluntad de adquisici\u00f3n<\/strong>, que debe ser <span style=\"text-decoration: underline;\">formal y firmada presencialmente por ambos padres<\/span>, se realiza en presencia de un funcionario delegado para ejercer funciones de registro civil en la Canciller\u00eda Consular durante el horario de atenci\u00f3n al p\u00fablico (de lunes a viernes de 09:00 a 12:00). Si la filiaci\u00f3n (incluida la adoptiva) se establece respecto a una sola persona (o si el otro padre o madre ha fallecido), bastar\u00e1 con la declaraci\u00f3n de un solo progenitor. La declaraci\u00f3n de voluntad de adquisici\u00f3n est\u00e1 sujeta a la verificaci\u00f3n de las condiciones mencionadas y es <strong>gratuita<\/strong>. En caso de que uno de los padres sea extranjero, se deber\u00e1 proceder a la autenticaci\u00f3n de su firma.<\/p>\n<p style=\"text-align: justify;\" data-start=\"1243\" data-end=\"1355\">Para las <span style=\"text-decoration: underline;\">personas que residen fuera de la Regi\u00f3n Metropolitana<\/span> est\u00e1 disponible el servicio de reserva de citas con atenci\u00f3n los d\u00edas martes y mi\u00e9rcoles. Para las <span style=\"text-decoration: underline;\">personas que residen en la Regi\u00f3n Metropolitana<\/span>, en cambio, est\u00e1 disponible el servicio de reserva de citas con atenci\u00f3n los d\u00edas jueves y viernes. En dichos d\u00edas no se atiende a familias sin cita previa.<\/p>\n<p style=\"text-align: justify;\" data-start=\"1243\" data-end=\"1355\">La reserva de citas se realiza <span style=\"text-decoration: underline;\">online semanalmente<\/span> a trav\u00e9s de la plataforma <a href=\"https:\/\/prenotami.esteri.it\/\">Prenot@mi<\/a>, que abre la agenda semanal con los cupos disponibles <span style=\"text-decoration: underline;\">cada lunes<\/span>, con horario aleatorio (se recomienda utilizar el navegador Edge), y a la cual <span style=\"text-decoration: underline;\">tambi\u00e9n se puede acceder durante la semana<\/span> para comprobar la disponibilidad de citas. Si el lunes es festivo, el servicio se activar\u00e1 el primer d\u00eda laborable siguiente. El mensaje \u00abtodas las citas para este servicio est\u00e1n actualmente reservadas\u00bb tambi\u00e9n puede significar que la agenda semanal del portal Prenot@mi a\u00fan no se ha abierto. Se recomienda prestar la m\u00e1xima atenci\u00f3n al rellenar los datos solicitados y <span style=\"text-decoration: underline;\">adjuntar toda la documentaci\u00f3n indicada<\/span>, cuyos originales deber\u00e1n entregarse el d\u00eda de la cita.<\/p>\n<p style=\"text-align: justify;\" data-start=\"1243\" data-end=\"1355\">Las personas que pertenecen a categor\u00edas vulnerables (mujeres en estado avanzado de gestaci\u00f3n y personas con discapacidad) pueden solicitar una cita de forma excepcional enviando un correo electr\u00f3nico a <a href=\"mailto:consolato.santiago@esteri.it\">consolato.santiago@esteri.it<\/a> , adjuntando la documentaci\u00f3n que acredite su condici\u00f3n de vulnerabilidad y una copia de su documento de identidad.<\/p>\n<p style=\"text-align: justify;\"><span style=\"text-decoration: underline;\">Los d\u00edas lunes siguen siendo de acceso libre<\/span>, sin necesidad de reservar cita y por orden de llegada.<\/p>\n<p style=\"text-align: justify;\"><strong>ATENCI\u00d3N<\/strong>: Si el interesado, menor de edad a la fecha del 24 de mayo de 2025, alcanza la mayor\u00eda de edad durante ese per\u00edodo, la declaraci\u00f3n deber\u00e1 ser presentada por \u00e9l personalmente antes del mismo plazo del 31 de mayo de 2026.<\/p>\n<p style=\"text-align: justify;\"><strong>IMPORTANTE<\/strong>: En el caso de actas de nacimiento emitidas en <strong>pa\u00edses extranjeros distintos de Chile<\/strong>, el interesado deber\u00e1 presentar las actas emitidas por las Autoridades del pa\u00eds en el que se formaron y tramitar la legalizaci\u00f3n (consular o apostilla) tanto del acta de nacimiento original como de su traducci\u00f3n al italiano. Para obtener informaci\u00f3n sobre la necesidad de legalizaci\u00f3n y\/o apostilla, se recomienda consultar el sitio web de la Representaci\u00f3n Diplom\u00e1tico-Consular italiana competente para el pa\u00eds en el que se emiti\u00f3 el documento.<\/p>\n<p style=\"text-align: center;\"><strong>DOCUMENTACI\u00d3N A PRESENTAR<\/strong><\/p>\n<ul>\n<li style=\"text-align: justify;\" data-start=\"2634\" data-end=\"2922\"><strong data-start=\"2634\" data-end=\"2675\">Actas de nacimiento <\/strong>(no certificados), apostilladas y traducidas al italiano por uno de los traductores reconocidos por la Embajada (<a href=\"https:\/\/ambsantiago.esteri.it\/es\/servizi-consolari-e-visti\/servizi-per-il-cittadino-italiano\/traduzione-e-legalizzazione-dei-documenti\/\">haz clic aqu\u00ed<\/a> para ver el listado), o por el Ministerio de Relaciones Exteriores (en este \u00faltimo caso, la traducci\u00f3n debe ser tambi\u00e9n apostillada);<\/li>\n<li style=\"text-align: justify;\" data-start=\"2634\" data-end=\"2922\">En caso de anotaciones al margen del acta de nacimiento (reconocimiento de filiaci\u00f3n posterior al nacimiento, cuidado personal, patria potestad, sentencias de vario tipo), <strong>actas o sentencias firmes y ejecutoriadas<\/strong> correspondientes apostilladas y traducidas al italiano, acompa\u00f1adas por la <strong>declaraci\u00f3n sustitutiva del acta notorio<\/strong> (ver el formulario al final de la p\u00e1gina);<\/li>\n<li style=\"text-align: justify;\" data-start=\"2634\" data-end=\"2922\">En caso de hijos adoptivos, <strong data-start=\"2957\" data-end=\"2982\">sentencia de adopci\u00f3n con certificado de ejecutoria firme<\/strong>, apostillada y traducida al italiano, acompa\u00f1ada de la <strong data-start=\"3074\" data-end=\"3126\">declaraci\u00f3n sustitutiva del acta notorio<\/strong> (ver formulario al final de la p\u00e1gina);<\/li>\n<li style=\"text-align: justify;\" data-start=\"3169\" data-end=\"3245\"><strong data-start=\"3169\" data-end=\"3196\">Formulario de solicitud<\/strong> debidamente llenado y firmado por el interesado;<\/li>\n<li style=\"text-align: justify;\" data-start=\"3248\" data-end=\"3537\">Documentaci\u00f3n que acredite la <strong data-start=\"3278\" data-end=\"3332\">residencia efectiva en la circunscripci\u00f3n consular<\/strong> (por ejemplo: certificado de residencia emitido por autoridad local, permiso de residencia, c\u00e9dula de identidad extranjera, boletas de servicios b\u00e1sicos domiciliarios, copia de contrato de trabajo, etc.);<\/li>\n<li style=\"text-align: justify;\" data-start=\"3540\" data-end=\"3797\"><strong data-start=\"3540\" data-end=\"3580\">Documentos de identidad en original<\/strong> de todas las personas nombradas en los documentos presentados y relativas fotocopias. Ejemplo: en el caso de la inscripci\u00f3n de un acta de nacimiento, se debe adjuntar fotocopia de los documentos de identidad del padre, la madre y el menor.<\/li>\n<\/ul>\n<p style=\"text-align: justify;\" data-start=\"4039\" data-end=\"4130\">Para los menores nacidos fuera del matrimonio, es necesario formalizar el <strong>acta de reconocimiento<\/strong> de filiaci\u00f3n extramatrimonial. Ambos padres (y tambi\u00e9n el hijo si tiene m\u00e1s de 14 a\u00f1os) deben estar presentes para firmar el acta, previo pago de la tasa consular prevista en el art\u00edculo 68 de la <a href=\"https:\/\/ambsantiago.esteri.it\/es\/servizi-consolari-e-visti\/servizi-per-il-cittadino-italiano\/tarifa-consular-2\/\">tabla de tarifas consulares<\/a>.<\/p>\n<p>&nbsp;<\/p>\n<p style=\"text-align: justify;\">Se especifica que, en ambos casos, al tratarse de una <strong data-start=\"4223\" data-end=\"4273\">adquisici\u00f3n de ciudadan\u00eda por \u201cbeneficio de ley\u201d<\/strong>, el menor no adquiere la ciudadan\u00eda desde la fecha de nacimiento, sino <strong data-start=\"4349\" data-end=\"4437\">a partir del d\u00eda siguiente a la declaraci\u00f3n de los padres en la Canciller\u00eda Consular<\/strong>.<\/p>\n<\/div>\n<p style=\"text-align: justify;\">El interesado, una vez que haya alcanzado la mayor\u00eda de edad, puede renunciar a la ciudadan\u00eda italiana adquirida de las maneras indicadas anteriormente, con la \u00fanica condici\u00f3n de que no se produzca una situaci\u00f3n de apatridia.<\/p>\n<p>&nbsp;<\/p>\n<\/div>\n<p style=\"text-align: justify;\"><strong>Atenci\u00f3n:<\/strong>\u00a0Se recuerda que <strong>el servicio de reserva de citas es GRATUITO! Desconf\u00eden de los servicios de intermediaci\u00f3n y den\u00fancienos cualquier solicitud de INTERMEDIACI\u00d3N escribiendo a <a href=\"mailto:santiago.segnalazioni@esteri.it\">santiago.segnalazioni@esteri.it<\/a> .<\/strong><\/p>\n<p>&nbsp;<\/p>\n<p style=\"text-align: justify;\"><span style=\"text-decoration: underline;\">IMPORTANTE<\/span>: los connacionales que ya hayan pagado la contribuci\u00f3n de 250,00 euros por hijo, pero que hayan presentado la <span style=\"text-decoration: underline;\">declaraci\u00f3n de voluntad despu\u00e9s del 1 de enero de 2026<\/span>, pueden solicitar el <strong>reembolso<\/strong> de lo ya pagado enviando un correo electr\u00f3nico a <a href=\"mailto:consolato.santiago@esteri.it\">consolato.santiago@esteri.it<\/a> , adjuntando el formulario de solicitud de reembolso (v\u00e9ase el formulario al final de la p\u00e1gina), una copia del mensaje SWIFT, una copia de un documento de identidad v\u00e1lido del solicitante y una copia de su c\u00f3digo fiscal italiano.<\/p>\n<p>M\u00e1s informaciones est\u00e1n disponibles en la <a href=\"https:\/\/libertaciviliimmigrazione.dlci.interno.gov.it\/sites\/default\/files\/2025-10\/AVVISO%20MODALITA%27%20RIMBORSO%20CONTRIBUTO%20CITTADINANZA_1.pdf\">p\u00e1gina dedicada del Ministerio del Interior<\/a>.<\/p>\n<p>&nbsp;<\/p>\n<p><strong>FORMULARIOS<\/strong><\/p>\n<div class=\"entry-content\">\n<div class=\"entry-content\">\n<ul>\n<li><a href=\"https:\/\/ambsantiago.esteri.it\/wp-content\/uploads\/2026\/03\/NUOVO-MODULO-stato-civile-INTERESSATO-2026.pdf\">Solicitud de transcripci\u00f3n de actas de estado civil<\/a><\/li>\n<li><a href=\"https:\/\/ambsantiago.esteri.it\/wp-content\/uploads\/2026\/03\/Dichiarazione-sostitutiva-SENTENZA-adozione-2026.pdf\">Declaraci\u00f3n sustitutoria (sentencias de adopci\u00f3n)<\/a><\/li>\n<li><a href=\"https:\/\/ambsantiago.esteri.it\/wp-content\/uploads\/2026\/03\/Dichiarazione-sostitutiva-SENTENZA-affidamento-responsabilita-genitoriale-2026.pdf\">Declaraci\u00f3n sustitutoria (sentencias de cuidado personal\/patria potestad)<\/a><\/li>\n<li><a href=\"https:\/\/ambsantiago.esteri.it\/wp-content\/uploads\/2026\/01\/Modello-richiesta-rimborso-contributo-cittadinanza_0.pdf\">Formulario solicitud de reembolso<\/a><\/li>\n<\/ul>\n<\/div>\n<\/div>\n<\/div>\n","protected":false},"excerpt":{"rendered":"ACTAS DE NACIMIENTO DE MENORES EXTRANJEROS NACIDOS EN EL EXTRANJERO E HIJOS DE CIUDADANOS ITALIANOS POR NACIMIENTO (IURE SANGUINIS) CON M\u00daLTIPLE CIUDADAN\u00cdA (EJ. ITALIANA Y CHILENA) \u2013 CIUDADAN\u00cdA POR BENEFICIO DE LEY En el caso de menores extranjeros nacidos en el extranjero, hijos de ciudadanos italianos por nacimiento (iure sanguinis) que poseen m\u00faltiple ciudadan\u00edas (por [&hellip;]","protected":false},"author":8,"featured_media":0,"parent":206,"menu_order":1,"comment_status":"closed","ping_status":"closed","template":"","meta":{"footnotes":""},"class_list":["post-9442","page","type-page","status-publish","hentry"],"_links":{"self":[{"href":"https:\/\/ambsantiago.esteri.it\/es\/wp-json\/wp\/v2\/pages\/9442","targetHints":{"allow":["GET"]}}],"collection":[{"href":"https:\/\/ambsantiago.esteri.it\/es\/wp-json\/wp\/v2\/pages"}],"about":[{"href":"https:\/\/ambsantiago.esteri.it\/es\/wp-json\/wp\/v2\/types\/page"}],"author":[{"embeddable":true,"href":"https:\/\/ambsantiago.esteri.it\/es\/wp-json\/wp\/v2\/users\/8"}],"replies":[{"embeddable":true,"href":"https:\/\/ambsantiago.esteri.it\/es\/wp-json\/wp\/v2\/comments?post=9442"}],"version-history":[{"count":7,"href":"https:\/\/ambsantiago.esteri.it\/es\/wp-json\/wp\/v2\/pages\/9442\/revisions"}],"predecessor-version":[{"id":13196,"href":"https:\/\/ambsantiago.esteri.it\/es\/wp-json\/wp\/v2\/pages\/9442\/revisions\/13196"}],"up":[{"embeddable":true,"href":"https:\/\/ambsantiago.esteri.it\/es\/wp-json\/wp\/v2\/pages\/206"}],"wp:attachment":[{"href":"https:\/\/ambsantiago.esteri.it\/es\/wp-json\/wp\/v2\/media?parent=9442"}],"curies":[{"name":"wp","href":"https:\/\/api.w.org\/{rel}","templated":true}]}}