{"id":893,"date":"2023-06-05T15:40:21","date_gmt":"2023-06-05T19:40:21","guid":{"rendered":"https:\/\/ambsantiago.esteri.it\/servizi-consolari-e-visti\/servizi-per-il-cittadino-straniero\/visti\/procedura-di-richiesta-visto\/"},"modified":"2024-07-05T03:27:49","modified_gmt":"2024-07-05T07:27:49","slug":"procedura-di-richiesta-visto","status":"publish","type":"page","link":"https:\/\/ambsantiago.esteri.it\/es\/servizi-consolari-e-visti\/servizi-per-il-cittadino-straniero\/visti\/procedura-di-richiesta-visto\/","title":{"rendered":"Modalidad para solicitar Visa"},"content":{"rendered":"<p><span lang=\"es-419\">Los interesados, una vez que est\u00e9n en posesi\u00f3n de todos los documentos necesarios para la solicitud de visado, deber\u00e1n solicitar una cita escribiendo a\u00a0<\/span><a href=\"mailto:visti.santiago@esteri.it\" target=\"_blank\" rel=\"noopener noreferrer\"><span lang=\"es-419\">visti.santiago@esteri.it<\/span><\/a><span lang=\"es-419\">\u00a0con los siguientes datos:<\/span><span lang=\"es-419\">\u00a0<\/span><\/p>\n<p><span lang=\"es-419\">ASUNTO: SOLICITUD DE CITA PARA VISADO<\/span><\/p>\n<p><span lang=\"es-419\">TEXTO:<\/span><\/p>\n<ul>\n<li><span lang=\"es-419\">nombre y apellidos<\/span><\/li>\n<li><span lang=\"es-419\">nacionalidad<\/span><\/li>\n<li><span lang=\"es-419\">tipo de visado<\/span><\/li>\n<li><span lang=\"es-419\">fecha prevista de salida a Italia<\/span><\/li>\n<\/ul>\n<p><span lang=\"es-419\">Las solicitudes deber\u00e1n presentarse en un plazo m\u00e1ximo de seis meses o, en el caso de los trabajadores del mar en el ejercicio de sus funciones, en un plazo m\u00e1ximo de nueve meses, y generalmente a m\u00e1s tardar 15 d\u00edas antes del inicio del viaje previsto. En casos espec\u00edficos de urgencia justificada, las solicitudes pueden ser presentadas menos de 15 d\u00edas antes del inicio del viaje previsto.<\/span><\/p>\n<p><span lang=\"es-419\">En caso de dudas, escribir a\u00a0<\/span><a href=\"mailto:visti.santiago@esteri.it\" target=\"_blank\" rel=\"noopener noreferrer\"><span lang=\"es-419\">visti.santiago@esteri.it<\/span><\/a><\/p>\n<p><span lang=\"es-419\">\u00a0<\/span><\/p>\n<p><strong>PARTE GENERAL<\/strong><\/p>\n<ul>\n<li><a href=\"https:\/\/ambsantiago.esteri.it\/wp-content\/uploads\/2023\/10\/formulario_visto_nazionale.pdf\">Modelo solicitud Visa nacional<\/a><\/li>\n<li class=\"x_MsoListParagraph\"><a href=\"https:\/\/ambsantiago.esteri.it\/wp-content\/uploads\/2024\/07\/Schengen-Visa-ITA-ESP.pdf\">Modelo solicitud Visa Schengen \u2013 ITA-ESP<\/a><\/li>\n<li class=\"x_MsoListParagraph\"><a href=\"https:\/\/ambsantiago.esteri.it\/wp-content\/uploads\/2024\/07\/Schengen-Visa-ITA-ENG.pdf\"><span lang=\"es-419\">Modelo solicitud Visa Schengen \u2013 ITA-ENG<\/span><\/a><\/li>\n<li><a href=\"https:\/\/e-applicationvisa.esteri.it\/\">Modelo solicitud Visa Schengen<\/a><\/li>\n<li><a href=\"https:\/\/ambsantiago.esteri.it\/wp-content\/uploads\/2023\/10\/DICHIARAZIONE-DI-OSPITALITA-amici-familiari-nuovo-OK.pdf\">Modelo declaraci\u00f3n de hospitalidad<\/a><\/li>\n<\/ul>\n<p><span lang=\"es-419\">En el siguiente enlace encontrar\u00e1 informaci\u00f3n sobre los diferentes tipos de visados y los documentos necesarios:<\/span><span lang=\"es-419\"><br \/>\n<\/span><a href=\"https:\/\/www.esteri.it\/it\/servizi-consolari-e-visti\/ingressosoggiornoinitalia\/\" target=\"_blank\" rel=\"noopener noreferrer\"><span lang=\"es-419\">Visado de entrada y estancia en Italia &#8211; Ministerio de Asuntos Exteriores y de Cooperaci\u00f3n Internacional<\/span><\/a><\/p>\n<p><span lang=\"es-419\">En caso de solicitud de una visa por motivo de ESTUDIO, es necesario controlar cuidadosamente los documentos necesarios indicados\u00a0<a href=\"https:\/\/ambsantiago.esteri.it\/wp-content\/uploads\/2023\/10\/visti_studio.pdf\"><u>aqu\u00ed<\/u><\/a>.<\/span><span lang=\"es-419\">\u00a0<\/span><\/p>\n<p><span lang=\"es-419\">En caso de solicitud de una visa por motivo de N\u00d3MADA DIGITAL, es necesario controlar cuidadosamente los documentos necesarios indicados\u00a0<a href=\"https:\/\/ambsantiago.esteri.it\/wp-content\/uploads\/2024\/06\/VISTI_NOMADE-DIGITALE-ESP.pdf\"><u>aqu\u00ed<\/u><\/a>.<\/span><span lang=\"es-419\">\u00a0<\/span><\/p>\n<p><span lang=\"es-419\">En caso de solicitud de una visa por motivo de TRABAJADOR REMOTO, es necesario controlar cuidadosamente los documentos necesarios indicados\u00a0<a href=\"https:\/\/ambsantiago.esteri.it\/wp-content\/uploads\/2024\/06\/VISTI_LAVORATORE-REMOTO-ESP.pdf\"><u>aqu\u00ed<\/u><\/a>.<\/span><span lang=\"es-419\">\u00a0<\/span><\/p>\n<p><span lang=\"es-419\">Se se\u00f1ala que en la p\u00f3liza de seguro m\u00e9dico y de salud v\u00e1lida para Italia para toda la duraci\u00f3n de la estad\u00eda tendr\u00e1 que ser claramente indicado que la cobertura no tiene limitaciones y\/o excepciones en las prestaciones contempladas, en las tarifas y en la duraci\u00f3n de la hospitalizaci\u00f3n de urgencia.<\/span><span lang=\"es-419\">\u00a0<\/span><\/p>\n<p><span lang=\"es-419\">La Oficina de Visados no se hace responsable de la no admisi\u00f3n en el territorio nacional por causas de fuerza mayor.<\/span><\/p>\n","protected":false},"excerpt":{"rendered":"Los interesados, una vez que est\u00e9n en posesi\u00f3n de todos los documentos necesarios para la solicitud de visado, deber\u00e1n solicitar una cita escribiendo a\u00a0visti.santiago@esteri.it\u00a0con los siguientes datos:\u00a0 ASUNTO: SOLICITUD DE CITA PARA VISADO TEXTO: nombre y apellidos nacionalidad tipo de visado fecha prevista de salida a Italia Las solicitudes deber\u00e1n presentarse en un plazo m\u00e1ximo [&hellip;]","protected":false},"author":5,"featured_media":0,"parent":224,"menu_order":2,"comment_status":"closed","ping_status":"closed","template":"","meta":{"footnotes":""},"class_list":["post-893","page","type-page","status-publish","hentry"],"_links":{"self":[{"href":"https:\/\/ambsantiago.esteri.it\/es\/wp-json\/wp\/v2\/pages\/893","targetHints":{"allow":["GET"]}}],"collection":[{"href":"https:\/\/ambsantiago.esteri.it\/es\/wp-json\/wp\/v2\/pages"}],"about":[{"href":"https:\/\/ambsantiago.esteri.it\/es\/wp-json\/wp\/v2\/types\/page"}],"author":[{"embeddable":true,"href":"https:\/\/ambsantiago.esteri.it\/es\/wp-json\/wp\/v2\/users\/5"}],"replies":[{"embeddable":true,"href":"https:\/\/ambsantiago.esteri.it\/es\/wp-json\/wp\/v2\/comments?post=893"}],"version-history":[{"count":6,"href":"https:\/\/ambsantiago.esteri.it\/es\/wp-json\/wp\/v2\/pages\/893\/revisions"}],"predecessor-version":[{"id":4380,"href":"https:\/\/ambsantiago.esteri.it\/es\/wp-json\/wp\/v2\/pages\/893\/revisions\/4380"}],"up":[{"embeddable":true,"href":"https:\/\/ambsantiago.esteri.it\/es\/wp-json\/wp\/v2\/pages\/224"}],"wp:attachment":[{"href":"https:\/\/ambsantiago.esteri.it\/es\/wp-json\/wp\/v2\/media?parent=893"}],"curies":[{"name":"wp","href":"https:\/\/api.w.org\/{rel}","templated":true}]}}