{"id":7577,"date":"2025-02-26T11:48:37","date_gmt":"2025-02-26T14:48:37","guid":{"rendered":"https:\/\/ambsantiago.esteri.it\/?page_id=7577"},"modified":"2026-02-19T17:08:06","modified_gmt":"2026-02-19T20:08:06","slug":"cedula-de-identidad-electronica-cie","status":"publish","type":"page","link":"https:\/\/ambsantiago.esteri.it\/es\/servizi-consolari-e-visti\/servizi-per-il-cittadino-italiano\/cedula-de-identidad-electronica-cie\/","title":{"rendered":"C\u00e9dula de identidad electr\u00f3nica &#8211; CIE"},"content":{"rendered":"<p style=\"text-align: justify;\">La nueva c\u00e9dula de identidad electr\u00f3nica es un documento multifuncional: certifica la identidad de un ciudadano, es un documento de viaje, lleva el c\u00f3digo fiscal y puede utilizarse para solicitar una identidad en el sistema SPID (Sistema P\u00fablico de Identidad Digital) con la que acceder a los servicios digitales prestados por las administraciones p\u00fablicas italianas.<\/p>\n<p style=\"text-align: justify;\">La c\u00e9dula de identidad electr\u00f3nica equivale a un pasaporte a efectos de expatriaci\u00f3n en los Estados miembros de la Uni\u00f3n Europea, en los Estados del Espacio Schengen (UE + Islandia, Noruega, Suiza, Liechtenstein) y en aquellos con acuerdos internacionales especiales.<\/p>\n<p style=\"text-align: justify;\">Encontrar\u00e1 informaci\u00f3n m\u00e1s detallada al respecto en <a href=\"https:\/\/www.viaggiaresicuri.it\/approfondimenti-insights\/documentidiviaggio\">https:\/\/www.viaggiaresicuri.it\/approfondimenti-insights\/documentidiviaggio<\/a>.<\/p>\n<p style=\"text-align: justify;\">La CIE solo puede expedirse a ciudadanos italianos que residan legalmente en la circunscripci\u00f3n consular de Chile, que ya est\u00e9n inscritos en el registro consular y cuyos datos personales ya est\u00e9n presentes en la base de datos A.I.R.E. (<em>Anagrafe degli Italiani Residenti all&#8217;Estero<\/em>) del Ministerio del Interior (ANPR).<\/p>\n<p style=\"text-align: justify;\">La CIE <strong>no<\/strong> se expide el d\u00eda de la cita, sino que lo elabora el Istituto Poligrafico e Zecca dello Stato de Roma y luego se env\u00eda desde Italia, por correo, a la direcci\u00f3n de residencia declarada por el solicitante.<\/p>\n<p style=\"text-align: center;\"><strong>REQUISITOS OBLIGATORIOS PARA SOLICITAR LA C\u00c9DULA DE IDENTIDAD ELECTR\u00d3NICA<\/strong><\/p>\n<p style=\"text-align: justify;\">A efectos de la expedici\u00f3n de la CIE, es imprescindible que el solicitante:<\/p>\n<ul style=\"text-align: justify;\">\n<li>est\u00e9 <span style=\"text-decoration: underline;\">inscrito en AIRE<\/span> y su nombre figure en la <span style=\"text-decoration: underline;\">aplicaci\u00f3n correspondiente de la Comuna italiana<\/span>\u00a0de referencia;<\/li>\n<li>tenga su <span style=\"text-decoration: underline;\">acta de nacimiento transcrita en Italia<\/span>, ya que los datos de la transcripci\u00f3n deben indicarse en la CIE;<\/li>\n<li>tenga el <span style=\"text-decoration: underline;\">C\u00f3digo Fiscal validado<\/span> por la <em>Agenzia delle Entrate<\/em> y por la Comuna italiana de referencia. Para aquellos que no dispongan del c\u00f3digo fiscal, esta Canciller\u00eda Consular lo solicitar\u00e1 de oficio;<\/li>\n<li>haya <span style=\"text-decoration: underline;\">actualizado su situaci\u00f3n en los registros consulares en lo que respecta a su direcci\u00f3n de residencia y estado civil<\/span> (incluido el nacimiento de hijos menores de 18 a\u00f1os). En caso de producirse alg\u00fan cambio, deber\u00e1 seguir las instrucciones indicadas en las secciones de la p\u00e1gina web de la Embajada relativas a <a href=\"https:\/\/ambsantiago.esteri.it\/es\/servizi-consolari-e-visti\/servizi-per-il-cittadino-italiano\/aire-servicio-de-registro\/\">AIRE<\/a> y <a href=\"https:\/\/ambsantiago.esteri.it\/es\/servizi-consolari-e-visti\/servizi-per-il-cittadino-italiano\/stato-civile\/\">Estado Civil<\/a>\u00a0antes de solicitar cita previa para la c\u00e9dula de identidad electr\u00f3nica.<\/li>\n<\/ul>\n<p style=\"text-align: center;\"><strong>VALIDEZ DE LA C\u00c9DULA DE IDENTIDAD ELECTR\u00d3NICA<\/strong><\/p>\n<p style=\"text-align: justify;\">La validez de la CIE var\u00eda en funci\u00f3n de la edad del titular:<\/p>\n<ul style=\"text-align: justify;\">\n<li>3 a\u00f1os para los menores de 3 a\u00f1os;<\/li>\n<li>5 a\u00f1os para los menores de entre 3 y 18 a\u00f1os;<\/li>\n<li>10 a\u00f1os para los adultos.<\/li>\n<\/ul>\n<p style=\"text-align: center;\"><strong>DOCUMENTACI\u00d3N NECESARIA PARA LA EXPEDICI\u00d3N DE LA C\u00c9DULA DE IDENTIDAD ELECTR\u00d3NICA<\/strong><\/p>\n<ul style=\"text-align: justify;\">\n<li>Una fotograf\u00eda que cumpla los requisitos biom\u00e9tricos (tama\u00f1o 35\u00d745 mm);<\/li>\n<li>Eventual c\u00e9dula de identidad anterior (aunque est\u00e9 caducada);<\/li>\n<li>Un documento de identidad v\u00e1lido. Si no lo posee, el solicitante deber\u00e1 ir acompa\u00f1ado de dos testigos;<\/li>\n<li>Documento de consentimiento de ambos progenitores si el solicitante es menor de edad.<\/li>\n<\/ul>\n<p>&nbsp;<\/p>\n<p style=\"text-align: center;\"><strong>C\u00d3MO SOLICITAR LA C\u00c9DULA DE IDENTIDAD ELECTR\u00d3NICA<\/strong><\/p>\n<p style=\"text-align: justify;\">Para solicitar la expedici\u00f3n de la c\u00e9dula de identidad electr\u00f3nica, es necesario reservar una cita. Las citas para las c\u00e9dulas de identidad electr\u00f3nicas se reservan <strong>EN L\u00cdNEA SEMANALMENTE<\/strong> a trav\u00e9s de la plataforma <a href=\"https:\/\/prenotami.esteri.it\/\">Prenot@mi<\/a>, que abre la agenda semanal con los cupos disponibles <strong>cada lunes<\/strong>, en horario aleatorio (se sugiere utilizar el navegador Edge) y a la que <span style=\"text-decoration: underline;\">se puede acceder\u00a0tambi\u00e9n\u00a0durante la semana<\/span> para comprobar la disponibilidad de citas. En caso de lunes feriado, el servicio se activar\u00e1 el primer d\u00eda laborable siguiente. <span style=\"text-decoration: underline;\">El mensaje \u00abtodas las citas para este servicio est\u00e1n reservadas actualmente\u00bb puede tambi\u00e9n significar que la agenda semanal del portal Prenot@mi todav\u00eda no est\u00e1 disponible<\/span>.<\/p>\n<p style=\"text-align: justify;\">El sistema permite solicitar una cita para una sola persona. En el campo \u00abnotas\u00bb, debe especificar los datos (nombre, apellidos y fecha de nacimiento) tanto del solicitante como de los miembros del n\u00facleo familiar para los que reserva la cita.<\/p>\n<p style=\"text-align: justify;\"><strong>Atenci\u00f3n:<\/strong>\u00a0Se recuerda que <strong>el servicio de reserva de citas es GRATUITO! Desconf\u00eden de los servicios de intermediaci\u00f3n y den\u00fancienos cualquier solicitud de INTERMEDIACI\u00d3N escribiendo a <a href=\"mailto:santiago.segnalazioni@esteri.it\">santiago.segnalazioni@esteri.it<\/a> .<\/strong><\/p>\n<p style=\"text-align: justify;\">Desde el momento de la solicitud hasta la fecha fijada para la cita deber\u00e1n transcurrir <strong>al menos 15 d\u00edas<\/strong>, plazo necesario para que la oficina consular compruebe los datos personales, resuelva los posibles desajustes y verifique que no existen causas que impidan la expedici\u00f3n del documento.<\/p>\n<p style=\"text-align: justify;\"><strong>ATENCI\u00d3N: En el caso de que, como consecuencia de las comprobaciones, surgieran elementos que impidieran la expedici\u00f3n de la CIE, ser\u00e1 responsabilidad de esta Canciller\u00eda Consular informar al interesado, tambi\u00e9n a efectos de anulaci\u00f3n de la cita.<\/strong><\/p>\n<p style=\"text-align: justify;\"><strong>La presencia del solicitante y\/o del titular de la c\u00e9dula solicitada es obligatoria.<\/strong><\/p>\n<p style=\"text-align: justify;\">El d\u00eda de la cita en la Canciller\u00eda Consular se adquirir\u00e1n los datos biom\u00e9tricos, se validar\u00e1 la solicitud y se cobrar\u00e1 el monto relativo establecido por la <a href=\"https:\/\/ambsantiago.esteri.it\/es\/servizi-consolari-e-visti\/servizi-per-il-cittadino-italiano\/tarifa-consular-2\/\">TABLA DE TARIFAS CONSULARES<\/a>. El pago puede realizarse en <strong>efectivo<\/strong> (pesos chilenos) o con <strong>tarjeta de d\u00e9bito<\/strong> (RedCompra). <strong>No<\/strong> se aceptan tarjetas de cr\u00e9dito.<\/p>\n<p style=\"text-align: justify;\"><strong>IMPORTANTE<\/strong>: a partir del <span style=\"text-decoration: underline;\">1 de junio de 2026<\/span>, los ciudadanos italianos inscritos en el Registro de Italianos Residentes en el Extranjero (AIRE) podr\u00e1n solicitar la expedici\u00f3n de la <span style=\"text-decoration: underline;\">cedula de identidad electr\u00f3nica en cualquiera Municipalidad italiana<\/span>. El documento de identidad se entregar\u00e1 de la misma manera que en el caso de las solicitudes presentadas a trav\u00e9s de la oficina consular, con la posibilidad de que el interesado lo recoja personalmente en la Municipalidad o solicite su env\u00edo al extranjero.<\/p>\n<p>&nbsp;<\/p>\n<p style=\"text-align: center;\"><strong>ENV\u00cdO DE LA C\u00c9DULA DE IDENTIDAD ELECTR\u00d3NICA<\/strong><\/p>\n<p style=\"text-align: justify;\">La CIE no se expide el d\u00eda de la cita: <strong>ser\u00e1 enviada desde Italia por correo certificado<\/strong>, por el Istituto Poligrafico e Zecca dello Stato, directamente a la direcci\u00f3n elegida por el solicitante. El solicitante podr\u00e1 comprobar el <span style=\"text-decoration: underline;\">seguimiento del env\u00edo<\/span> en el sitio web de Poste italiane <a href=\"https:\/\/www.poste.it\/prodotti\/raccomandata.html\">https:\/\/www.poste.it\/prodotti\/raccomandata.html<\/a>: haga clic en \u00abBuscar env\u00edos\u00bb e introduzca el n\u00famero de correo certificado facilitado el d\u00eda de la cita.<\/p>\n<p style=\"text-align: justify;\">En caso de que <span style=\"text-decoration: underline;\">no se realice la entrega debido a una direcci\u00f3n incorrecta<\/span>, habr\u00e1 un <strong>periodo de espera de 30 d\u00edas en la oficina de correos local<\/strong>. Al final de este per\u00edodo, el paquete se devuelve a la Embajada para nuevos intentos de entrega.<\/p>\n<p style=\"text-align: justify;\">Una vez recibida en su domicilio, puede activar digitalmente la CIE siguiendo las instrucciones que se incluyen en el paquete recibido. La activaci\u00f3n le permitir\u00e1 posteriormente acceder a los servicios telem\u00e1ticos de la Administraci\u00f3n P\u00fablica utilizando la CIE como autenticaci\u00f3n fuerte. Se recomienda comprobar la recepci\u00f3n del c\u00f3digo OTP de activaci\u00f3n tambi\u00e9n en la carpeta SPAM de los SMS. En caso de dificultades o problemas con la activaci\u00f3n de la CIE, puede escribir a <a href=\"mailto:informazioni@email.ipzs.it\">informazioni@email.ipzs.it<\/a> o a <a href=\"mailto:cie.cittadini@interno.it\">cie.cittadini@interno.it<\/a>, o llamar al n\u00famero +39 06 42985699, indicando el problema encontrado.<\/p>\n<p style=\"text-align: justify;\">Para ponerse en contacto con la oficina de c\u00e9dulas de identidad, env\u00ede un correo electr\u00f3nico a: <a href=\"mailto:anagrafe.santiago@esteri.it\">anagrafe.santiago@esteri.it<\/a><\/p>\n<p style=\"text-align: justify;\"><strong>FORMULARIOS<\/strong><\/p>\n<ul style=\"text-align: justify;\">\n<li><a href=\"https:\/\/ambsantiago.esteri.it\/wp-content\/uploads\/2025\/02\/Atto_di_assenso_in_favore_dei_figli_minori-Cittadino-non-UE.pdf\">Autorizaci\u00f3n expedici\u00f3n CIE para menor por parte de padres extra-UE no regularmente residentes en Italia<\/a><\/li>\n<li><a href=\"https:\/\/ambsantiago.esteri.it\/wp-content\/uploads\/2025\/02\/Atto_di_assenso_in_favore_dei_figli_minori-Cittadino-italiano-o-UE.pdf\">Autorizaci\u00f3n expedici\u00f3n CIE para menor por parte de padres italianos o europeos<\/a><\/li>\n<li><a class=\"\" href=\"https:\/\/ambsantiago.esteri.it\/wp-content\/uploads\/2025\/02\/Dichiarazione-sostitutiva-in-presenza-di-figli-minori.pdf\" data-focus-mouse=\"false\">Declaraci\u00f3n sustitutoria de la certificaci\u00f3n en caso de hijos menores (ausencia de medidas \u00abinhibidoras\u00bb de la expedici\u00f3n de la CIE valida para la salida de Italia)<\/a><\/li>\n<\/ul>\n<p style=\"text-align: justify;\"><strong>NORMAS<\/strong><\/p>\n<p style=\"text-align: justify;\"><strong>\u2013 <a href=\"https:\/\/ambsantiago.esteri.it\/wp-content\/uploads\/2025\/02\/photograph_guidelines_it.pdf\">Estandares ICAO para fotos de c\u00e9dulas de identidad electr\u00f3nicas<\/a><\/strong><\/p>\n<p style=\"text-align: justify;\"><strong>\u2013 <a href=\"https:\/\/www.esteri.it\/it\/servizi-consolari-e-visti\/italiani-all-estero\/documenti_di_viaggio\/carta_identita\/\">Disposiciones MAECI<\/a><\/strong><\/p>\n","protected":false},"excerpt":{"rendered":"La nueva c\u00e9dula de identidad electr\u00f3nica es un documento multifuncional: certifica la identidad de un ciudadano, es un documento de viaje, lleva el c\u00f3digo fiscal y puede utilizarse para solicitar una identidad en el sistema SPID (Sistema P\u00fablico de Identidad Digital) con la que acceder a los servicios digitales prestados por las administraciones p\u00fablicas italianas. [&hellip;]","protected":false},"author":8,"featured_media":0,"parent":204,"menu_order":3,"comment_status":"closed","ping_status":"closed","template":"","meta":{"footnotes":""},"class_list":["post-7577","page","type-page","status-publish","hentry"],"_links":{"self":[{"href":"https:\/\/ambsantiago.esteri.it\/es\/wp-json\/wp\/v2\/pages\/7577","targetHints":{"allow":["GET"]}}],"collection":[{"href":"https:\/\/ambsantiago.esteri.it\/es\/wp-json\/wp\/v2\/pages"}],"about":[{"href":"https:\/\/ambsantiago.esteri.it\/es\/wp-json\/wp\/v2\/types\/page"}],"author":[{"embeddable":true,"href":"https:\/\/ambsantiago.esteri.it\/es\/wp-json\/wp\/v2\/users\/8"}],"replies":[{"embeddable":true,"href":"https:\/\/ambsantiago.esteri.it\/es\/wp-json\/wp\/v2\/comments?post=7577"}],"version-history":[{"count":7,"href":"https:\/\/ambsantiago.esteri.it\/es\/wp-json\/wp\/v2\/pages\/7577\/revisions"}],"predecessor-version":[{"id":12538,"href":"https:\/\/ambsantiago.esteri.it\/es\/wp-json\/wp\/v2\/pages\/7577\/revisions\/12538"}],"up":[{"embeddable":true,"href":"https:\/\/ambsantiago.esteri.it\/es\/wp-json\/wp\/v2\/pages\/204"}],"wp:attachment":[{"href":"https:\/\/ambsantiago.esteri.it\/es\/wp-json\/wp\/v2\/media?parent=7577"}],"curies":[{"name":"wp","href":"https:\/\/api.w.org\/{rel}","templated":true}]}}