{"id":7420,"date":"2025-02-21T12:16:30","date_gmt":"2025-02-21T15:16:30","guid":{"rendered":"https:\/\/ambsantiago.esteri.it\/?page_id=7420"},"modified":"2026-02-11T13:19:01","modified_gmt":"2026-02-11T16:19:01","slug":"actualizacion-del-domicilio","status":"publish","type":"page","link":"https:\/\/ambsantiago.esteri.it\/es\/servizi-consolari-e-visti\/servizi-per-il-cittadino-italiano\/aire-servicio-de-registro\/actualizacion-del-domicilio\/","title":{"rendered":"Actualizaci\u00f3n del domicilio"},"content":{"rendered":"<p style=\"text-align: justify;\"><strong>Esta secci\u00f3n s\u00f3lo se refiere al procedimiento de cambio de domicilio DENTRO DE LA CIRCUNSCRIPCI\u00d3N CHILE.<\/strong><\/p>\n<p style=\"text-align: justify;\">Si usted ya se ha inscrito en el Registro Consular de esta Canciller\u00eda Consular y se traslada a un nuevo domicilio dentro de Chile, deber\u00e1 comunicar inmediatamente todos los datos de su nueva residencia, as\u00ed como los datos de sus familiares convivientes.<\/p>\n<p style=\"text-align: justify;\"><strong>\u00bfC\u00d3MO HACERLO?<\/strong><\/p>\n<p style=\"text-align: justify;\">El primer paso para comunicar el cambio de domicilio es acceder a su cuenta en el portal institucional <strong><a href=\"https:\/\/serviziconsolari.esteri.it\/home\">Fast It<\/a><\/strong> o, si a\u00fan no la tiene, crear una nueva siguiendo las instrucciones de <a href=\"https:\/\/ambsantiago.esteri.it\/es\/servizi-consolari-e-visti\/servizi-per-il-cittadino-italiano\/aire-servicio-de-registro\/creacion-de-cuenta-fast-it\/\">esta p\u00e1gina<\/a>.<\/p>\n<p style=\"text-align: justify;\"><strong>ATENCI\u00d3N<\/strong>: es <strong>imprescindible inscribirse<\/strong> con los datos del <strong>registro civil italiano<\/strong> (no siempre coinciden con los datos chilenos en caso de doble nacionalidad). Ingrese nombre(s) y apellido(s) completo(s) sin acentos. Si tiene dudas sobre sus datos personales registrados en Italia, puede enviar un correo electr\u00f3nico a <a href=\"mailto:anagrafe.santiago@esteri.it\">anagrafe.santiago@esteri.it<\/a> con sus datos completos (nombres, apellidos y fecha de nacimiento) solicitando confirmaci\u00f3n.<\/p>\n<p><img loading=\"lazy\" decoding=\"async\" class=\"\" src=\"https:\/\/ambsantiago.esteri.it\/wp-content\/uploads\/2025\/03\/Cattura1-ANAGRAFE-CONSOLARE-E-AIRE-corretta.png\" width=\"1081\" height=\"222\" \/><\/p>\n<p style=\"text-align: justify;\">Despu\u00e9s de identificarse, en la secci\u00f3n <strong>REGISTRO CONSULAR Y AIRE<\/strong>, tendr\u00e1 que elegir primero la opci\u00f3n \u00ab<span style=\"text-decoration: underline;\">Consultar su ficha consular<\/span>\u00bb. Si a\u00fan no lo ha hecho, primero tendr\u00e1 que asociar su cuenta para poder ver su ficha personal. Se le pedir\u00e1 que introduzca un documento de identidad v\u00e1lido en el portal. Si no dispone de un documento de identidad italiano, puede adjuntar su c\u00e9dula de identidad chilena vigente o su pasaporte vigente emitido por el proprio Pa\u00eds de origen.<\/p>\n<p><img loading=\"lazy\" decoding=\"async\" class=\"alignnone wp-image-7395 img-fluid\" src=\"https:\/\/ambsantiago.esteri.it\/wp-content\/uploads\/2025\/02\/Cattura-VISUALIZZAZIONE-SCHEDA-CONSOLARE.png\" alt=\"\" width=\"1077\" height=\"664\" srcset=\"https:\/\/ambsantiago.esteri.it\/wp-content\/uploads\/2025\/02\/Cattura-VISUALIZZAZIONE-SCHEDA-CONSOLARE.png 1475w, https:\/\/ambsantiago.esteri.it\/wp-content\/uploads\/2025\/02\/Cattura-VISUALIZZAZIONE-SCHEDA-CONSOLARE-300x185.png 300w, https:\/\/ambsantiago.esteri.it\/wp-content\/uploads\/2025\/02\/Cattura-VISUALIZZAZIONE-SCHEDA-CONSOLARE-1024x631.png 1024w, https:\/\/ambsantiago.esteri.it\/wp-content\/uploads\/2025\/02\/Cattura-VISUALIZZAZIONE-SCHEDA-CONSOLARE-768x473.png 768w\" sizes=\"auto, (max-width: 1077px) 100vw, 1077px\" \/><\/p>\n<p style=\"text-align: justify;\"><strong>ATENCI\u00d3N<\/strong>: el procedimiento de asociaci\u00f3n debe ser validado por esta Canciller\u00eda Consular, por lo que puede tardar <span style=\"text-decoration: underline;\">algunos d\u00edas<\/span>.<\/p>\n<p style=\"text-align: justify;\">Una vez finalizado el procedimiento de asociaci\u00f3n, podr\u00e1 consultar su ficha personal tal y como est\u00e1 registrada en esta Canciller\u00eda Consular.<\/p>\n<p style=\"text-align: justify;\"><strong>ATENCI\u00d3N<\/strong>: Si resulta la condici\u00f3n de \u00ab<strong>No Inscrito<\/strong>\u00bb para la posici\u00f3n de AIRE &#8211; <strong>pero la direcci\u00f3n y otros datos est\u00e1n correctamente comunicados<\/strong> &#8211; el interesado <strong>NO<\/strong> DEBE SOLICITAR NINGUNA ACTUALIZACI\u00d3N. Este desajuste puede ocurrir para aquellos que hayan enviado la solicitud de inscripci\u00f3n antes de la innovaci\u00f3n del portal Fast It.<\/p>\n<p style=\"text-align: justify;\">Una vez asociada la cuenta, en presencia de desajustes, podr\u00e1 comunicar su cambio de domicilio a trav\u00e9s de la opci\u00f3n \u00ab<span style=\"text-decoration: underline;\">Comunicar su cambio de domicilio en el extranjero<\/span>\u00bb siguiendo las instrucciones indicadas en el portal.<\/p>\n<p style=\"text-align: justify;\"><img loading=\"lazy\" decoding=\"async\" class=\"alignnone wp-image-7423 img-fluid\" src=\"https:\/\/ambsantiago.esteri.it\/wp-content\/uploads\/2025\/02\/Cattura2.png\" alt=\"\" width=\"1080\" height=\"717\" srcset=\"https:\/\/ambsantiago.esteri.it\/wp-content\/uploads\/2025\/02\/Cattura2.png 1342w, https:\/\/ambsantiago.esteri.it\/wp-content\/uploads\/2025\/02\/Cattura2-300x199.png 300w, https:\/\/ambsantiago.esteri.it\/wp-content\/uploads\/2025\/02\/Cattura2-1024x680.png 1024w, https:\/\/ambsantiago.esteri.it\/wp-content\/uploads\/2025\/02\/Cattura2-768x510.png 768w\" sizes=\"auto, (max-width: 1080px) 100vw, 1080px\" \/><\/p>\n<p style=\"text-align: justify;\">En la secci\u00f3n en la que se indica \u00abCargar documentos requeridos\u00bb, deben cargarse los siguientes documentos adjuntos:<\/p>\n<ul style=\"text-align: justify;\">\n<li>documento de identidad v\u00e1lido;<\/li>\n<li>copia de la factura de servicios residenciales fijos a su nombre o copia del contrato de trabajo o certificado expedido por la Junta de Vecinos; no se aceptan declaraciones ante notario ni pantallas del Servicio de Impuestos Internos;<\/li>\n<li>formulario de solicitud \u00abNotificaci\u00f3n de cambio de residencia\u00bb que debe descargarse haciendo clic en el bot\u00f3n \u00abGenerar formulario de solicitud\u00bb;\u00a0 el formulario debe estar impreso, debidamente <span style=\"text-decoration: underline;\">firmado<\/span> y escaneado.<\/li>\n<\/ul>\n<p style=\"text-align: justify;\"><img loading=\"lazy\" decoding=\"async\" class=\"alignnone wp-image-7405 img-fluid\" src=\"https:\/\/ambsantiago.esteri.it\/wp-content\/uploads\/2025\/02\/Cattura3-AGGIORNAMENTO-INDIRIZZO.png\" alt=\"\" width=\"1078\" height=\"654\" srcset=\"https:\/\/ambsantiago.esteri.it\/wp-content\/uploads\/2025\/02\/Cattura3-AGGIORNAMENTO-INDIRIZZO.png 1289w, https:\/\/ambsantiago.esteri.it\/wp-content\/uploads\/2025\/02\/Cattura3-AGGIORNAMENTO-INDIRIZZO-300x182.png 300w, https:\/\/ambsantiago.esteri.it\/wp-content\/uploads\/2025\/02\/Cattura3-AGGIORNAMENTO-INDIRIZZO-1024x621.png 1024w, https:\/\/ambsantiago.esteri.it\/wp-content\/uploads\/2025\/02\/Cattura3-AGGIORNAMENTO-INDIRIZZO-768x466.png 768w\" sizes=\"auto, (max-width: 1078px) 100vw, 1078px\" \/><\/p>\n","protected":false},"excerpt":{"rendered":"Esta secci\u00f3n s\u00f3lo se refiere al procedimiento de cambio de domicilio DENTRO DE LA CIRCUNSCRIPCI\u00d3N CHILE. Si usted ya se ha inscrito en el Registro Consular de esta Canciller\u00eda Consular y se traslada a un nuevo domicilio dentro de Chile, deber\u00e1 comunicar inmediatamente todos los datos de su nueva residencia, as\u00ed como los datos de [&hellip;]","protected":false},"author":8,"featured_media":0,"parent":1920,"menu_order":0,"comment_status":"closed","ping_status":"closed","template":"","meta":{"footnotes":""},"class_list":["post-7420","page","type-page","status-publish","hentry"],"_links":{"self":[{"href":"https:\/\/ambsantiago.esteri.it\/es\/wp-json\/wp\/v2\/pages\/7420","targetHints":{"allow":["GET"]}}],"collection":[{"href":"https:\/\/ambsantiago.esteri.it\/es\/wp-json\/wp\/v2\/pages"}],"about":[{"href":"https:\/\/ambsantiago.esteri.it\/es\/wp-json\/wp\/v2\/types\/page"}],"author":[{"embeddable":true,"href":"https:\/\/ambsantiago.esteri.it\/es\/wp-json\/wp\/v2\/users\/8"}],"replies":[{"embeddable":true,"href":"https:\/\/ambsantiago.esteri.it\/es\/wp-json\/wp\/v2\/comments?post=7420"}],"version-history":[{"count":7,"href":"https:\/\/ambsantiago.esteri.it\/es\/wp-json\/wp\/v2\/pages\/7420\/revisions"}],"predecessor-version":[{"id":12344,"href":"https:\/\/ambsantiago.esteri.it\/es\/wp-json\/wp\/v2\/pages\/7420\/revisions\/12344"}],"up":[{"embeddable":true,"href":"https:\/\/ambsantiago.esteri.it\/es\/wp-json\/wp\/v2\/pages\/1920"}],"wp:attachment":[{"href":"https:\/\/ambsantiago.esteri.it\/es\/wp-json\/wp\/v2\/media?parent=7420"}],"curies":[{"name":"wp","href":"https:\/\/api.w.org\/{rel}","templated":true}]}}