{"id":7083,"date":"2025-01-31T12:24:25","date_gmt":"2025-01-31T15:24:25","guid":{"rendered":"https:\/\/ambsantiago.esteri.it\/?page_id=7083"},"modified":"2025-08-13T12:51:27","modified_gmt":"2025-08-13T16:51:27","slug":"primera-inscripcion-en-los-registros-consulares","status":"publish","type":"page","link":"https:\/\/ambsantiago.esteri.it\/es\/servizi-consolari-e-visti\/servizi-per-il-cittadino-italiano\/aire-servicio-de-registro\/primera-inscripcion-en-los-registros-consulares\/","title":{"rendered":"Primera inscripci\u00f3n en los registros consulares"},"content":{"rendered":"<p style=\"text-align: justify;\">Esta secci\u00f3n le concierne si:<\/p>\n<ul style=\"text-align: justify;\">\n<li><strong>Es un italiano nacido en Italia<\/strong> de padres italianos y es la primera vez que se instala en esta demarcaci\u00f3n consular;<\/li>\n<li><strong>Ha obtenido el reconocimiento<\/strong> de su nacionalidad <strong>en Italia<\/strong> y vuelve a residir o establecerse en esta demarcaci\u00f3n consular;<\/li>\n<li><strong>Ha obtenido el reconocimiento<\/strong> de su nacionalidad italiana en <strong>otro consulado italiano<\/strong> y vuelve a residir o establecerse en esta demarcaci\u00f3n consular;<\/li>\n<li><strong>Si reside en Chile<\/strong> desde hace alg\u00fan tiempo y nunca se ha inscrito;<\/li>\n<li><strong>Si reside en Chile<\/strong> y ha sido <strong>cancelado del AIRE por inubicabilidad<\/strong>.<\/li>\n<\/ul>\n<p style=\"text-align: justify;\">Si a\u00fan no ha creado su cuenta en el portal Fast It <a href=\"https:\/\/ambsantiago.esteri.it\/es\/servizi-consolari-e-visti\/servizi-per-il-cittadino-italiano\/aire-servicio-de-registro\/creacion-de-cuenta-fast-it\/\">haga clic aqu\u00ed<\/a><\/p>\n<p style=\"text-align: justify;\"><strong>ATENCI\u00d3N:<\/strong><\/p>\n<p style=\"text-align: justify;\">Cada ciudadano italiano <strong>MAYOR DE EDAD<\/strong> deber\u00e1 presentar su solicitud <strong>INDIVIDUAL<\/strong> de inscripci\u00f3n en el registro consular para su posterior inscripci\u00f3n en el A.I.R.E. Este requisito tambi\u00e9n es aplicable a los c\u00f3nyuges italianos convivientes, que a su vez deber\u00e1n proceder individualmente con una solicitud y documentaci\u00f3n similar.<\/p>\n<p style=\"text-align: justify;\"><strong>En el caso de hijos MENORES DE EDAD<\/strong>, es necesario indicar el nombre y apellidos de ambos progenitores en los espacios habilitados para ello y es imprescindible que ambos padres firmen la declaraci\u00f3n adjunta para que la solicitud del menor pueda ser acogida.<\/p>\n<p style=\"text-align: justify;\"><img loading=\"lazy\" decoding=\"async\" class=\"\" src=\"https:\/\/ambsantiago.esteri.it\/wp-content\/uploads\/2025\/03\/Cattura1-ANAGRAFE-CONSOLARE-E-AIRE-corretta.png\" width=\"1124\" height=\"231\" \/><\/p>\n<p style=\"text-align: justify;\">Tras crear y activar su cuenta, deber\u00e1 acceder al portal Fast It y elegir la opci\u00f3n <strong>\u00abSolicitar la inscripci\u00f3n en el Registro de Italianos en el Extranjero\u00bb y seguir las instrucciones<\/strong>.<\/p>\n<p><img loading=\"lazy\" decoding=\"async\" class=\"alignnone wp-image-7384 img-fluid\" src=\"https:\/\/ambsantiago.esteri.it\/wp-content\/uploads\/2025\/02\/Cattura-NUOVA-ISCRIZIONE.png\" alt=\"\" width=\"996\" height=\"614\" srcset=\"https:\/\/ambsantiago.esteri.it\/wp-content\/uploads\/2025\/02\/Cattura-NUOVA-ISCRIZIONE.png 1475w, https:\/\/ambsantiago.esteri.it\/wp-content\/uploads\/2025\/02\/Cattura-NUOVA-ISCRIZIONE-300x185.png 300w, https:\/\/ambsantiago.esteri.it\/wp-content\/uploads\/2025\/02\/Cattura-NUOVA-ISCRIZIONE-1024x631.png 1024w, https:\/\/ambsantiago.esteri.it\/wp-content\/uploads\/2025\/02\/Cattura-NUOVA-ISCRIZIONE-768x473.png 768w\" sizes=\"auto, (max-width: 996px) 100vw, 996px\" \/><\/p>\n<p style=\"text-align: justify;\"><strong>Una vez introducidos todos los datos requeridos, deber\u00e1 subir los siguientes documentos (3 archivos adjuntos en total, de lo contrario no se activar\u00e1 el bot\u00f3n Enviar solicitud)<\/strong><\/p>\n<p style=\"text-align: justify;\">\n<p style=\"text-align: justify;\"><strong>DOCUMENTOS A ADJUNTAR EN EL PORTAL:<\/strong><\/p>\n<p style=\"text-align: justify;\">Atenci\u00f3n: aunque el l\u00edmite del sistema es de tres documentos (archivos), para el Anexo B es posible adjuntar varios documentos creando un \u00fanico archivo .pdf (formato obligatorio) con m\u00e1s de un documento.<\/p>\n<p style=\"text-align: justify;\"><strong>ANEXO A:<\/strong><\/p>\n<ul style=\"text-align: justify;\">\n<li>Formulario de solicitud generado en el portal; el formulario debe estar impreso, debidamente <span style=\"text-decoration: underline;\">firmado<\/span> y escaneado;<\/li>\n<\/ul>\n<p style=\"text-align: justify;\"><strong>ANEXO B:<\/strong><\/p>\n<ul style=\"text-align: justify;\">\n<li>copia de los documentos de identidad italianos (si est\u00e1n en posesi\u00f3n del solicitante);<\/li>\n<li>copia de la c\u00e9dula de identidad chilena vigente de todos los miembros del n\u00facleo familiar (tambi\u00e9n haya sido expedida de forma \u00abprovisional\u00bb y\/o con tr\u00e1mite de residencia en curso) o del pasaporte vigente emitido por el proprio Pa\u00eds de origen;<\/li>\n<li>certificado de nacimiento italiano (estratto dell&#8217;atto di nascita) o c\u00e9dula de identidad italiana (si ha nacido en Italia y se ha inscrito en AIRE por primera vez);<\/li>\n<li>sentencia de reconocimiento + transcripci\u00f3n de las escrituras en la Comuna italiana competente (para el reconocimiento de la ciudadan\u00eda italiana <em>jure sanguinis <\/em>a trav\u00e9s del juzgado en Italia);<\/li>\n<li>certificado de ciudadan\u00eda + certificado de nacimiento italiano + certificado hist\u00f3rico de residencia (para el reconocimiento de la ciudadan\u00eda italiana <em>jure sanguinis<\/em> a trav\u00e9s de una Comuna italiana);<\/li>\n<\/ul>\n<p style=\"text-align: justify;\"><strong>ANEXO C:<\/strong><\/p>\n<p style=\"text-align: justify;\">Acreditar residencia permanente en Chile adjuntando:<\/p>\n<ul>\n<li style=\"text-align: justify;\">copia de una factura de servicios residenciales fijos a su nombre o copia de contrato de trabajo o certificado emitido por la Junta de Vecinos; no se aceptar\u00e1n declaraciones ante notario ni pantallas del Servicio de Impuestos Internos.<\/li>\n<\/ul>\n","protected":false},"excerpt":{"rendered":"Esta secci\u00f3n le concierne si: Es un italiano nacido en Italia de padres italianos y es la primera vez que se instala en esta demarcaci\u00f3n consular; Ha obtenido el reconocimiento de su nacionalidad en Italia y vuelve a residir o establecerse en esta demarcaci\u00f3n consular; Ha obtenido el reconocimiento de su nacionalidad italiana en otro [&hellip;]","protected":false},"author":8,"featured_media":0,"parent":1920,"menu_order":0,"comment_status":"closed","ping_status":"closed","template":"","meta":{"footnotes":""},"class_list":["post-7083","page","type-page","status-publish","hentry"],"_links":{"self":[{"href":"https:\/\/ambsantiago.esteri.it\/es\/wp-json\/wp\/v2\/pages\/7083","targetHints":{"allow":["GET"]}}],"collection":[{"href":"https:\/\/ambsantiago.esteri.it\/es\/wp-json\/wp\/v2\/pages"}],"about":[{"href":"https:\/\/ambsantiago.esteri.it\/es\/wp-json\/wp\/v2\/types\/page"}],"author":[{"embeddable":true,"href":"https:\/\/ambsantiago.esteri.it\/es\/wp-json\/wp\/v2\/users\/8"}],"replies":[{"embeddable":true,"href":"https:\/\/ambsantiago.esteri.it\/es\/wp-json\/wp\/v2\/comments?post=7083"}],"version-history":[{"count":6,"href":"https:\/\/ambsantiago.esteri.it\/es\/wp-json\/wp\/v2\/pages\/7083\/revisions"}],"predecessor-version":[{"id":10169,"href":"https:\/\/ambsantiago.esteri.it\/es\/wp-json\/wp\/v2\/pages\/7083\/revisions\/10169"}],"up":[{"embeddable":true,"href":"https:\/\/ambsantiago.esteri.it\/es\/wp-json\/wp\/v2\/pages\/1920"}],"wp:attachment":[{"href":"https:\/\/ambsantiago.esteri.it\/es\/wp-json\/wp\/v2\/media?parent=7083"}],"curies":[{"name":"wp","href":"https:\/\/api.w.org\/{rel}","templated":true}]}}