{"id":7047,"date":"2025-01-27T17:59:13","date_gmt":"2025-01-27T20:59:13","guid":{"rendered":"https:\/\/ambsantiago.esteri.it\/?page_id=7047"},"modified":"2026-02-11T13:19:50","modified_gmt":"2026-02-11T16:19:50","slug":"creacion-de-cuenta-fast-it","status":"publish","type":"page","link":"https:\/\/ambsantiago.esteri.it\/es\/servizi-consolari-e-visti\/servizi-per-il-cittadino-italiano\/aire-servicio-de-registro\/creacion-de-cuenta-fast-it\/","title":{"rendered":"Creaci\u00f3n de cuenta Fast It"},"content":{"rendered":"<p style=\"text-align: justify;\">El portal <strong>Fast It<\/strong> es la herramienta institucional e interactiva que los ciudadanos italianos en el extranjero pueden utilizar gratuitamente para inscribirse en AIRE, consultar su expediente personal en cualquier momento y solicitar cualquier actualizaci\u00f3n de su direcci\u00f3n de residencia. Con vistas a la creciente digitalizaci\u00f3n de la Administraci\u00f3n P\u00fablica, Fast It se convierte en la <strong>herramienta prioritaria<\/strong> para <span style=\"text-decoration: underline;\">acceder a los servicios consulares<\/span>.<\/p>\n<p style=\"text-align: justify;\">Reg\u00edstrese ahora en <strong><a href=\"https:\/\/serviziconsolari.esteri.it\/home\">Fast It<\/a><\/strong>, \u00a1es sencillo y s\u00f3lo le llevar\u00e1 unos pasos!<\/p>\n<ol style=\"text-align: justify;\">\n<li><strong>Cree su propia cuenta <\/strong>y su contrase\u00f1a para Fast It (de un m\u00ednimo de 8 caracteres a un m\u00e1ximo de 16, al menos una may\u00fascula, un n\u00famero y un car\u00e1cter especial).<\/li>\n<li><strong>Recibir\u00e1 un correo electr\u00f3nico<\/strong> en la direcci\u00f3n indicada, pidi\u00e9ndole que active su cuenta (haga clic en el enlace ACTIVACI\u00d3N DE USUARIO).<\/li>\n<li><strong>Si la cuenta no se activa en un plazo de 72 horas<\/strong> (y tras comprobar el \u00abspam\u00bb), habr\u00e1 que solicitar un nuevo c\u00f3digo de activaci\u00f3n (ENVIAR NUEVO C\u00d3DIGO DE ACTIVACI\u00d3N).<\/li>\n<\/ol>\n<p style=\"text-align: justify;\"><strong>ATENCI\u00d3N<\/strong>: es <strong>imprescindible inscribirse<\/strong> con los datos del <strong>registro civil italiano<\/strong> (<span style=\"text-decoration: underline;\">no siempre coinciden con los datos chilenos<\/span>, en caso de doble nacionalidad). Introduzca nombre(s) y apellido(s) completos sin acentos.<\/p>\n","protected":false},"excerpt":{"rendered":"El portal Fast It es la herramienta institucional e interactiva que los ciudadanos italianos en el extranjero pueden utilizar gratuitamente para inscribirse en AIRE, consultar su expediente personal en cualquier momento y solicitar cualquier actualizaci\u00f3n de su direcci\u00f3n de residencia. Con vistas a la creciente digitalizaci\u00f3n de la Administraci\u00f3n P\u00fablica, Fast It se convierte en [&hellip;]","protected":false},"author":8,"featured_media":0,"parent":1920,"menu_order":0,"comment_status":"closed","ping_status":"closed","template":"","meta":{"footnotes":""},"class_list":["post-7047","page","type-page","status-publish","hentry"],"_links":{"self":[{"href":"https:\/\/ambsantiago.esteri.it\/es\/wp-json\/wp\/v2\/pages\/7047","targetHints":{"allow":["GET"]}}],"collection":[{"href":"https:\/\/ambsantiago.esteri.it\/es\/wp-json\/wp\/v2\/pages"}],"about":[{"href":"https:\/\/ambsantiago.esteri.it\/es\/wp-json\/wp\/v2\/types\/page"}],"author":[{"embeddable":true,"href":"https:\/\/ambsantiago.esteri.it\/es\/wp-json\/wp\/v2\/users\/8"}],"replies":[{"embeddable":true,"href":"https:\/\/ambsantiago.esteri.it\/es\/wp-json\/wp\/v2\/comments?post=7047"}],"version-history":[{"count":6,"href":"https:\/\/ambsantiago.esteri.it\/es\/wp-json\/wp\/v2\/pages\/7047\/revisions"}],"predecessor-version":[{"id":12346,"href":"https:\/\/ambsantiago.esteri.it\/es\/wp-json\/wp\/v2\/pages\/7047\/revisions\/12346"}],"up":[{"embeddable":true,"href":"https:\/\/ambsantiago.esteri.it\/es\/wp-json\/wp\/v2\/pages\/1920"}],"wp:attachment":[{"href":"https:\/\/ambsantiago.esteri.it\/es\/wp-json\/wp\/v2\/media?parent=7047"}],"curies":[{"name":"wp","href":"https:\/\/api.w.org\/{rel}","templated":true}]}}