{"id":651,"date":"2023-10-13T12:36:21","date_gmt":"2023-10-13T15:36:21","guid":{"rendered":"https:\/\/ambsantiago.esteri.it\/?page_id=651"},"modified":"2023-10-13T12:36:21","modified_gmt":"2023-10-13T15:36:21","slug":"autenticacion-de-copias","status":"publish","type":"page","link":"https:\/\/ambsantiago.esteri.it\/es\/servizi-consolari-e-visti\/servizi-per-il-cittadino-straniero\/autenticacion-de-copias\/","title":{"rendered":"Autenticaci\u00f3n de copias"},"content":{"rendered":"<p>El servicio de entrega de la documentaci\u00f3n funciona solo los d\u00edas <strong>martes y jueves<\/strong> desde las <strong>9.00 a las 11.30 horas<\/strong> y la atenci\u00f3n es por orden de llegada. La devoluci\u00f3n de la documentaci\u00f3n se realizar\u00e1 solamente los d\u00edas l<strong>unes y mi\u00e9rcoles<\/strong> en los mismos horarios.<\/p>\n<p>El <strong>pago del servicio es en efectivo (pesos chilenos)<\/strong> o mediante <strong>tarjeta de d\u00e9bito (REDCOMPRA)<\/strong> y la <strong>devoluci\u00f3n\/entrega de documentos se realizar\u00e1 algunos d\u00edas despu\u00e9s<\/strong> de acuerdo a las indicaciones del funcionario encargado.<\/p>\n<p>&nbsp;<\/p>\n<p style=\"text-align: center;\"><strong>PARTE GENERAL<\/strong><\/p>\n<p><strong>\u00a0<\/strong><\/p>\n<p>Los ciudadanos de la Uni\u00f3n Europea que necesiten copias fieles a los originales para su uso en Italia pueden firmar una declaraci\u00f3n de notoriedad (\u00abatto di notoriet\u00e0\u00bb) que certifica la conformidad de las copias al documento original (Art. 19 del DPR 445\/2000).<\/p>\n<p>La autenticaci\u00f3n de copias se puede solicitar a la Canciller\u00eda Consularde la Embajada de Italia en Santiago de las siguientes maneras:<\/p>\n<p>\u2022 personalmente, o bien a trav\u00e9s de una persona autorizada por escrito y con fotocopia del documento de identidad del interesado, en las oficinas de la Canciller\u00eda Consular;<\/p>\n<p>\u2022 a trav\u00e9s de los <a href=\"https:\/\/ambsantiago.esteri.it\/ambasciata_santiago\/es\/ambasciata\/la_rete_consolare\">Consulados y Vice Consulados Honorarios italianos en Chile<\/a><\/p>\n<p>Para obtener la autenticaci\u00f3n es necesario producir:<\/p>\n<p>\u2022 formulario de solicitud disponible en la secci\u00f3n \u00abFormularios\u00bb<\/p>\n<p>\u2022 fotocopia del documento de identidad del solicitante<\/p>\n<p>\u2022 documentaci\u00f3n original y relativa\/s copia\/s a autenticar<\/p>\n<p>El servicio tiene un costo por cada hoja a compulsar (frente\/retro), salvo para los casos de gratuidad previstos por la ley. para conocer los costos revise las <a href=\"https:\/\/ambsantiago.esteri.it\/ambasciata_santiago\/es\/informazioni_e_servizi\/servizi_consolari\/tariffa-consolare.html\">Tarifas Consulares<\/a> en nuestra pagina.<\/p>\n","protected":false},"excerpt":{"rendered":"El servicio de entrega de la documentaci\u00f3n funciona solo los d\u00edas martes y jueves desde las 9.00 a las 11.30 horas y la atenci\u00f3n es por orden de llegada. La devoluci\u00f3n de la documentaci\u00f3n se realizar\u00e1 solamente los d\u00edas lunes y mi\u00e9rcoles en los mismos horarios. El pago del servicio es en efectivo (pesos chilenos) [&hellip;]","protected":false},"author":5,"featured_media":0,"parent":223,"menu_order":16,"comment_status":"closed","ping_status":"closed","template":"","meta":{"footnotes":""},"class_list":["post-651","page","type-page","status-publish","hentry"],"_links":{"self":[{"href":"https:\/\/ambsantiago.esteri.it\/es\/wp-json\/wp\/v2\/pages\/651","targetHints":{"allow":["GET"]}}],"collection":[{"href":"https:\/\/ambsantiago.esteri.it\/es\/wp-json\/wp\/v2\/pages"}],"about":[{"href":"https:\/\/ambsantiago.esteri.it\/es\/wp-json\/wp\/v2\/types\/page"}],"author":[{"embeddable":true,"href":"https:\/\/ambsantiago.esteri.it\/es\/wp-json\/wp\/v2\/users\/5"}],"replies":[{"embeddable":true,"href":"https:\/\/ambsantiago.esteri.it\/es\/wp-json\/wp\/v2\/comments?post=651"}],"version-history":[{"count":1,"href":"https:\/\/ambsantiago.esteri.it\/es\/wp-json\/wp\/v2\/pages\/651\/revisions"}],"predecessor-version":[{"id":652,"href":"https:\/\/ambsantiago.esteri.it\/es\/wp-json\/wp\/v2\/pages\/651\/revisions\/652"}],"up":[{"embeddable":true,"href":"https:\/\/ambsantiago.esteri.it\/es\/wp-json\/wp\/v2\/pages\/223"}],"wp:attachment":[{"href":"https:\/\/ambsantiago.esteri.it\/es\/wp-json\/wp\/v2\/media?parent=651"}],"curies":[{"name":"wp","href":"https:\/\/api.w.org\/{rel}","templated":true}]}}