{"id":649,"date":"2023-10-13T12:29:07","date_gmt":"2023-10-13T15:29:07","guid":{"rendered":"https:\/\/ambsantiago.esteri.it\/?page_id=649"},"modified":"2025-02-17T12:28:30","modified_gmt":"2025-02-17T15:28:30","slug":"autenticacion-de-firma-y-de-foto-y-firma","status":"publish","type":"page","link":"https:\/\/ambsantiago.esteri.it\/es\/servizi-consolari-e-visti\/servizi-per-il-cittadino-straniero\/autenticacion-de-firma-y-de-foto-y-firma\/","title":{"rendered":"Autenticaci\u00f3n de firma y de foto y firma"},"content":{"rendered":"<p>El servicio de entrega de la documentaci\u00f3n funciona solo los d\u00edas <strong>martes y jueves desde las 9.00 a las 11.30 horas<\/strong> y la atenci\u00f3n es por orden de llegada. La devoluci\u00f3n de la documentaci\u00f3n se realizar\u00e1 solamente los d\u00edas <strong>lunes y mi\u00e9rcoles<\/strong> en los mismos horarios.<\/p>\n<p>El<strong> pago del servicio es en efectivo (pesos chilenos)<\/strong> o mediante <strong>tarjeta de d\u00e9bito (REDCOMPRA)<\/strong> y la <strong>devoluci\u00f3n\/entrega de documentos se realizar\u00e1 algunos d\u00edas despu\u00e9s<\/strong> de acuerdo a las indicaciones del funcionario encargado.<\/p>\n<p>&nbsp;<\/p>\n<p><strong>PARTE GENERAL<\/strong><\/p>\n<p>Para obtener la autenticaci\u00f3n de la firma, los interesados deben presentarse personalmente en la Canciller\u00eda Consular de la Embajada de Santiago con la siguiente documentaci\u00f3n:<\/p>\n<p>\u2022 documento de identidad + fotocopia<\/p>\n<p>\u2022 texto ya redactado de la declaraci\u00f3n a firmar<\/p>\n<p>Para obtener la autenticaci\u00f3n de la firma y de la fotograf\u00eda, presentar:<\/p>\n<p>\u2022 documento de identidad + fotocopia<\/p>\n<p>\u2022 dos fotograf\u00edas en color, tama\u00f1o carnet<\/p>\n<p>En ambos casos la firma deber\u00e1 aplicarse en presencia del funcionario consular.<\/p>\n<p>El servicio tiene un costo por cada hoja (frente\/retro), salvo para los casos de gratuidad previstos por la ley. para conocer los costos revise las <a href=\"https:\/\/ambsantiago.esteri.it\/es\/servizi-consolari-e-visti\/servizi-per-il-cittadino-straniero\/tarifa-consular-2\/\">Tarifas Consulares<\/a> en nuestra pagina.<\/p>\n","protected":false},"excerpt":{"rendered":"El servicio de entrega de la documentaci\u00f3n funciona solo los d\u00edas martes y jueves desde las 9.00 a las 11.30 horas y la atenci\u00f3n es por orden de llegada. La devoluci\u00f3n de la documentaci\u00f3n se realizar\u00e1 solamente los d\u00edas lunes y mi\u00e9rcoles en los mismos horarios. El pago del servicio es en efectivo (pesos chilenos) [&hellip;]","protected":false},"author":5,"featured_media":0,"parent":223,"menu_order":14,"comment_status":"closed","ping_status":"closed","template":"","meta":{"footnotes":""},"class_list":["post-649","page","type-page","status-publish","hentry"],"_links":{"self":[{"href":"https:\/\/ambsantiago.esteri.it\/es\/wp-json\/wp\/v2\/pages\/649","targetHints":{"allow":["GET"]}}],"collection":[{"href":"https:\/\/ambsantiago.esteri.it\/es\/wp-json\/wp\/v2\/pages"}],"about":[{"href":"https:\/\/ambsantiago.esteri.it\/es\/wp-json\/wp\/v2\/types\/page"}],"author":[{"embeddable":true,"href":"https:\/\/ambsantiago.esteri.it\/es\/wp-json\/wp\/v2\/users\/5"}],"replies":[{"embeddable":true,"href":"https:\/\/ambsantiago.esteri.it\/es\/wp-json\/wp\/v2\/comments?post=649"}],"version-history":[{"count":2,"href":"https:\/\/ambsantiago.esteri.it\/es\/wp-json\/wp\/v2\/pages\/649\/revisions"}],"predecessor-version":[{"id":7289,"href":"https:\/\/ambsantiago.esteri.it\/es\/wp-json\/wp\/v2\/pages\/649\/revisions\/7289"}],"up":[{"embeddable":true,"href":"https:\/\/ambsantiago.esteri.it\/es\/wp-json\/wp\/v2\/pages\/223"}],"wp:attachment":[{"href":"https:\/\/ambsantiago.esteri.it\/es\/wp-json\/wp\/v2\/media?parent=649"}],"curies":[{"name":"wp","href":"https:\/\/api.w.org\/{rel}","templated":true}]}}