{"id":6016,"date":"2024-10-30T15:15:44","date_gmt":"2024-10-30T18:15:44","guid":{"rendered":"https:\/\/ambsantiago.esteri.it\/?page_id=6016"},"modified":"2026-03-27T15:03:08","modified_gmt":"2026-03-27T18:03:08","slug":"cambio-de-nombre-y-o-apellidos","status":"publish","type":"page","link":"https:\/\/ambsantiago.esteri.it\/es\/servizi-consolari-e-visti\/servizi-per-il-cittadino-italiano\/stato-civile\/cambio-de-nombre-y-o-apellidos\/","title":{"rendered":"Cambio de nombre y\/o apellidos"},"content":{"rendered":"<p style=\"text-align: center;\"><strong>INVERSI\u00d3N DE APELLIDOS POR V\u00cdA ADMINISTRATIVA<\/strong><\/p>\n<p style=\"text-align: justify;\">La ley chilena n\u00ba 21.334 permite la inversi\u00f3n de apellidos por v\u00eda administrativa de forma simplificada. Para transponer los efectos de esta inversi\u00f3n a Italia, se prev\u00e9 un procedimiento particularmente complejo, articulado en varias etapas, cuya duraci\u00f3n puede superar un a\u00f1o. En cualquier caso, es importante que los datos personales que figuran en los documentos chilenos coincidan con los de los documentos italianos (por ejemplo, pasaportes).<\/p>\n<p style=\"text-align: justify;\">Los connacionales que se hayan acogido a la opci\u00f3n prevista por la citada ley chilena y que, por tanto, deseen alinear sus apellidos en Italia, deber\u00e1n presentarse personalmente en la Canciller\u00eda Consular (Rom\u00e1n D\u00edaz 1270 &#8211; Providencia), <span style=\"text-decoration: underline;\">con cita previa<\/span> a solicitarse escribiendo al correo <a href=\"mailto:consolato.santiago@esteri.it\">consolato.santiago@esteri.it<\/a> e indicando en el asunto \u00abSolicitud cita cambio nombre\/apellido por v\u00eda administrativa\u00bb.<\/p>\n<p style=\"text-align: center;\"><strong>DOCUMENTACI\u00d3N A PRESENTAR<\/strong><\/p>\n<ul style=\"text-align: justify;\">\n<li style=\"text-align: justify;\"><strong>formulario de solicitud<\/strong> de transcripci\u00f3n de actas del estado civil debidamente llenado (marcando la casilla \u00abacta de nacimiento propia\u00bb) y firmado;<\/li>\n<li style=\"text-align: justify;\">su <strong>acta de nacimiento rectificada con la anotaci\u00f3n de la inversi\u00f3n de los apellidos<\/strong>, apostillada y traducida al italiano por uno de los traductores de referencia de la Embajada (<a href=\"https:\/\/ambsantiago.esteri.it\/es\/servizi-consolari-e-visti\/servizi-per-il-cittadino-italiano\/traduzione-e-legalizzazione-dei-documenti\/\">haga clic aqu\u00ed<\/a> para consultar la lista) o por el Ministerio de Relaciones Exteriores (en este \u00faltimo caso, la traducci\u00f3n deber\u00e1 estar apostillada);<\/li>\n<li style=\"text-align: justify;\"><strong>certificado de antecedentes penales<\/strong>, apostillado y traducido al italiano;<\/li>\n<li style=\"text-align: justify;\"><strong>documento de identidad chileno en original<\/strong> actualizado con la inversi\u00f3n de los apellidos y su fotocopia;<\/li>\n<li style=\"text-align: justify;\"><strong>recibo de pago (SWIFT) de la \u00ab<em>marca da bollo<\/em>\u00bb de 16,00 \u20ac<\/strong> a favor del Ministerio de Econom\u00eda y Finanzas (<span style=\"text-decoration: underline;\">por cada solicitud<\/span>), en el cual debe indicarse claramente el <span style=\"text-decoration: underline;\">c\u00f3digo fiscal italiano del interesado<\/span>. Si el interesado a\u00fan no dispone del c\u00f3digo fiscal italiano, antes de proceder al pago de la <em>\u00abmarca da bollo\u00bb<\/em> es necesario solicitarlo siguiendo las instrucciones que figuran en la secci\u00f3n <a href=\"https:\/\/ambsantiago.esteri.it\/es\/servizi-consolari-e-visti\/servizi-per-il-cittadino-italiano\/codice-fiscale\/\">C\u00f3digo fiscal<\/a>. En el caso de hijos menores de edad, el c\u00f3digo fiscal debe ser solicitado por el progenitor italiano, indicando los datos personales del hijo menor.<\/li>\n<\/ul>\n<p style=\"text-align: justify;\">En el caso de solicitudes de menores, deber\u00e1n estar presentes <span style=\"text-decoration: underline;\">ambos progenitores<\/span> y deber\u00e1n entregarse los correspondientes certificados de antecedentes penales apostillados y traducidos al italiano. Si el menor es mayor de 14 a\u00f1os, deber\u00e1 presentarse tambi\u00e9n el correspondiente certificado de antecedentes penales apostillado y traducido al italiano.<\/p>\n<p style=\"text-align: justify;\">El pago, realizado por el interesado o por el progenitor solicitante y no por terceros, se efectuar\u00e1 mediante <span style=\"text-decoration: underline;\">transferencia bancaria a la cuenta indicada por el Ministerio de Econom\u00eda y Finanzas<\/span> (recibo &#8211; SWIFT &#8211; que se presentar\u00e1 al entregar el acta de nacimiento y firmar la declaraci\u00f3n), corriendo los gastos a cargo de quien realice la transferencia:<\/p>\n<p style=\"padding-left: 40px; text-align: justify;\">Beneficiario: \u00abMinistero dell&#8217;Economia e delle Finanze\u00bb, Via Venti Settembre, 97 00187 Roma (RM)<\/p>\n<p style=\"padding-left: 40px; text-align: justify;\">Banco: Banca d&#8217;Italia<\/p>\n<p style=\"padding-left: 40px; text-align: justify;\">C\u00f3digo IBAN: IT79Z0100003245BE00000000QK<\/p>\n<p style=\"padding-left: 40px; text-align: justify;\">C\u00f3digo BIC\/SWIFT: BITAITRRENT<\/p>\n<p style=\"padding-left: 40px; text-align: justify;\">Motivo del pago: \u00ab<em>c\u00f3digo fiscal italiano del contribuyente<\/em>\u00bb \u2013 Bollo su istanza Prefettura \u2013 \u00ab<em>mes\/a\u00f1o de referencia (MM\/AAAA)\u00bb<\/em><\/p>\n<p style=\"padding-left: 40px; text-align: justify;\">Monto: 16,00 euros<\/p>\n<p style=\"text-align: justify;\">De ah\u00ed se iniciar\u00e1 un procedimiento en el que intervendr\u00e1n las Prefecturas italianas y que constar\u00e1 de los siguientes pasos:<\/p>\n<ol style=\"text-align: justify;\">\n<li>Analisis preliminar por parte de la Prefectura competente (cuya duraci\u00f3n var\u00eda) que concluye con la emisi\u00f3n de un primer\u00a0 decreto con el cual se autoriza la publicaci\u00f3n de la solicitud de inversi\u00f3n de los apellidos en el Registro Consular;<\/li>\n<li>Convocatoria por parte de la Canciller\u00eda Consular, tras la cual el interesado debe presentarse de nuevo en las oficinas, junto con un segundo recibo de pago (SWIFT) de la \u00ab<em>marca da bollo<\/em>\u00bb de 16,00 \u20ac a favor del Ministerio de Econom\u00eda y Finanzas, para que se le notifique el decreto;<\/li>\n<li>Publicaci\u00f3n en el Registro Consular, durante 30 d\u00edas, del aviso y resumen relativo a la solicitud, junto con el decreto notificado y timbrado; transcurrido este plazo, la Canciller\u00eda\u00a0 Consular enviar\u00e1 a la Prefectura competente el informe de la publicaci\u00f3n;<\/li>\n<li>Nueva analisis por parte de la Prefectura competente (cuya duraci\u00f3n var\u00eda) que finaliza con la emisi\u00f3n de un segundo decreto definitivo que autoriza inversi\u00f3n de los apellidos en conformidad con la legislaci\u00f3n italiana;<\/li>\n<li>Convocatoria por parte de Canciller\u00eda Consular, tras la cual el interesado deber\u00e1 presentarse nuevamente en las oficinas, junto con un tercer recibo de pago (SWIFT) de la \u00ab<em>marca da bollo<\/em>\u00bb de 16,00 \u20ac a favor del Ministerio de Econom\u00eda y Finanzas, para ser notificado de este decreto. En esta ocasi\u00f3n, deber\u00e1 firmar la solicitud para que este cambio de apellidos se inscriba al margen de su partida de nacimiento transcrita en los registros del estado civil de la Comuna italiana competente;<\/li>\n<li>Transmisi\u00f3n por parte de la Canciller\u00eda Consular a la Comuna italiana competente de toda la documentaci\u00f3n necesaria para que la anotaci\u00f3n y la rectificaci\u00f3n puedan tener lugar con efectos tambi\u00e9n para el ordenamiento jur\u00eddico italiano. La Comuna deber\u00e1 confirmar la anotaci\u00f3n y rectificaci\u00f3n (la duraci\u00f3n de esta fase es variable).<\/li>\n<\/ol>\n<p style=\"text-align: justify;\">S\u00f3lo despu\u00e9s de la confirmaci\u00f3n por parte de la municipalidad italiana competente, que ser\u00e1 comunicada al interesado, podr\u00e1 considerarse concluido el procedimiento de inversi\u00f3n de los apellidos y podr\u00e1n expedirse los documentos italianos con los datos personales rectificados y alineados con los resultantes de los documentos chilenos.<\/p>\n<p style=\"text-align: justify;\">En el caso de una solicitud para menores, <span style=\"text-decoration: underline;\">ambos progenitores<\/span> deber\u00e1n estar presentes en la convocatoria y se les notificar\u00e1 el decreto que se va a firmar; adem\u00e1s deber\u00e1n firmar la solicitud de que esta inversi\u00f3n de apellidos se anote al margen del acta de nacimiento del menor transcrita en los registros del estado civil del municipio italiano competente.<\/p>\n<p style=\"text-align: center;\"><strong>CAMBIO DE NOMBRE Y\/O APELLIDOS\u00a0 POR V\u00cdA JUDICIAL<\/strong><\/p>\n<p style=\"text-align: justify;\">En Chile tambi\u00e9n es posible cambiar de nombre y\/o apellidos por v\u00eda judicial. Tambi\u00e9n en este caso es importante que los datos personales de los documentos chilenos est\u00e9n alineados con los de los documentos italianos (por ejemplo, pasaporte).<\/p>\n<p style=\"text-align: justify;\">Por lo tanto, los connacionales que hayan cambiado su nombre y\/o apellido por v\u00eda judicial y que deseen alinear sus datos personales en Italia deber\u00e1n presentarse personalmente en la Canciller\u00eda Consular (Rom\u00e1n D\u00edaz 1270 &#8211; Providencia), <span style=\"text-decoration: underline;\">con cita previa<\/span>\u00a0a solicitarse escribiendo al correo <a href=\"mailto:consolato.santiago@esteri.it\">consolato.santiago@esteri.it<\/a> e indicando en el asunto \u00abSolicitud cita cambio nombre\/apellido por v\u00eda judicial\u00bb.<\/p>\n<p style=\"text-align: center;\"><strong>DOCUMENTACI\u00d3N A PRESENTAR<\/strong><\/p>\n<ul style=\"text-align: justify;\">\n<li><strong>formulario de solicitud<\/strong> de transcripci\u00f3n de estado civil debidamente llenado (marcando la casilla \u00abpartida de nacimiento propia\u00bb) y firmado;<\/li>\n<li>su <strong>acta de nacimiento, rectificada con el cambio de nombre y\/o apellidos<\/strong>, apostillada y traducida al italiano por uno de los traductores de referencia de la Embajada (<a href=\"https:\/\/ambsantiago.esteri.it\/es\/servizi-consolari-e-visti\/servizi-per-il-cittadino-italiano\/traduzione-e-legalizzazione-dei-documenti\/\">haga clic aqu\u00ed<\/a> para consultar la lista) o por el Ministerio de Relaciones Exteriores (en este \u00faltimo caso, la traducci\u00f3n deber\u00e1 estar apostillada);<\/li>\n<li><strong>sentencia que autoriza el cambio de nombre y\/o apellidos<\/strong>, acompa\u00f1ada del correspondiente certificado de ejecutor\u00eda, apostillada y traducida al italiano;<\/li>\n<li><strong>declaraci\u00f3n sustitutoria de la declaraci\u00f3n jurada<\/strong> (sentencia de cambio de nombre y\/o apellidos);<\/li>\n<li><strong>documento de identidad chileno en original<\/strong> actualizado con el cambio de nombre y\/o apellidos y su fotocopia.<\/li>\n<\/ul>\n<p>En el caso de una solicitud para menores, <span style=\"text-decoration: underline;\">ambos progenitores<\/span> deber\u00e1n estar presentes.<\/p>\n<p style=\"text-align: justify;\">La Canciller\u00eda Consular enviar\u00e1 toda la documentaci\u00f3n necesaria a la Comuna italiana competente para que proceda a la anotaci\u00f3n y rectificaci\u00f3n con efectos tambi\u00e9n para el ordenamiento jur\u00eddico italiano. S\u00f3lo despu\u00e9s de la confirmaci\u00f3n por parte de la municipalidad italiana competente, que ser\u00e1 comunicada al interesado, se podr\u00e1 considerar concluido el procedimiento de cambio de nombre y\/o apellido por v\u00eda judicial y se podr\u00e1n emitir los documentos italianos con los datos personales rectificados y alineados con los que resulten de los documentos chilenos.<\/p>\n<p>&nbsp;<\/p>\n<p style=\"text-align: justify;\"><strong>FORMULARIOS<\/strong><\/p>\n<ul>\n<li data-start=\"4137\" data-end=\"4379\"><a href=\"https:\/\/ambsantiago.esteri.it\/wp-content\/uploads\/2026\/03\/NUOVO-MODULO-stato-civile-INTERESSATO-2026.pdf\">Solicitud de transcripci\u00f3n de actas de estado civil<\/a><\/li>\n<li data-start=\"4137\" data-end=\"4379\"><a href=\"https:\/\/ambsantiago.esteri.it\/wp-content\/uploads\/2026\/03\/Dichiarazione-sostitutiva-SENTENZA-cambio-nome-cognome-2026.pdf\">Declaraci\u00f3n sustitutoria de la declaraci\u00f3n jurada (sentencia de cambio de nombre y\/o apellidos)<\/a><\/li>\n<\/ul>\n","protected":false},"excerpt":{"rendered":"INVERSI\u00d3N DE APELLIDOS POR V\u00cdA ADMINISTRATIVA La ley chilena n\u00ba 21.334 permite la inversi\u00f3n de apellidos por v\u00eda administrativa de forma simplificada. Para transponer los efectos de esta inversi\u00f3n a Italia, se prev\u00e9 un procedimiento particularmente complejo, articulado en varias etapas, cuya duraci\u00f3n puede superar un a\u00f1o. En cualquier caso, es importante que los datos [&hellip;]","protected":false},"author":8,"featured_media":0,"parent":206,"menu_order":5,"comment_status":"closed","ping_status":"closed","template":"","meta":{"footnotes":""},"class_list":["post-6016","page","type-page","status-publish","hentry"],"_links":{"self":[{"href":"https:\/\/ambsantiago.esteri.it\/es\/wp-json\/wp\/v2\/pages\/6016","targetHints":{"allow":["GET"]}}],"collection":[{"href":"https:\/\/ambsantiago.esteri.it\/es\/wp-json\/wp\/v2\/pages"}],"about":[{"href":"https:\/\/ambsantiago.esteri.it\/es\/wp-json\/wp\/v2\/types\/page"}],"author":[{"embeddable":true,"href":"https:\/\/ambsantiago.esteri.it\/es\/wp-json\/wp\/v2\/users\/8"}],"replies":[{"embeddable":true,"href":"https:\/\/ambsantiago.esteri.it\/es\/wp-json\/wp\/v2\/comments?post=6016"}],"version-history":[{"count":7,"href":"https:\/\/ambsantiago.esteri.it\/es\/wp-json\/wp\/v2\/pages\/6016\/revisions"}],"predecessor-version":[{"id":13217,"href":"https:\/\/ambsantiago.esteri.it\/es\/wp-json\/wp\/v2\/pages\/6016\/revisions\/13217"}],"up":[{"embeddable":true,"href":"https:\/\/ambsantiago.esteri.it\/es\/wp-json\/wp\/v2\/pages\/206"}],"wp:attachment":[{"href":"https:\/\/ambsantiago.esteri.it\/es\/wp-json\/wp\/v2\/media?parent=6016"}],"curies":[{"name":"wp","href":"https:\/\/api.w.org\/{rel}","templated":true}]}}