{"id":4643,"date":"2023-10-13T12:46:16","date_gmt":"2023-10-13T15:46:16","guid":{"rendered":"https:\/\/ambsantiago.esteri.it\/?page_id=4643"},"modified":"2026-02-11T11:56:20","modified_gmt":"2026-02-11T14:56:20","slug":"codigo-fiscal","status":"publish","type":"page","link":"https:\/\/ambsantiago.esteri.it\/es\/servizi-consolari-e-visti\/servizi-per-il-cittadino-straniero\/codigo-fiscal\/","title":{"rendered":"C\u00f3digo fiscal"},"content":{"rendered":"<p style=\"text-align: justify;\">En las Oficinas Consulares en el extranjero es posible obtener un c\u00f3digo fiscal italiano para personas f\u00edsicas. El c\u00f3digo fiscal es necesario para realizar operaciones fiscales en Italia y se expide tanto a los ciudadanos italianos como a los extranjeros residentes en el territorio de la Circunscripci\u00f3n Consular de competencia.<\/p>\n<p style=\"text-align: justify;\">Por lo que respecta, en particular, a las solicitudes de atribuci\u00f3n del c\u00f3digo fiscal por parte de ciudadanos extranjeros, la Ley n\u00ba 212\/2000 reconoce el derecho de los contribuyentes no residentes en Italia a solicitar el c\u00f3digo fiscal, definido (por la Ley n\u00ba 63\/1993) como el elemento de identificaci\u00f3n del sujeto en cualquier acto relativo a las relaciones con la Administraci\u00f3n P\u00fablica.<\/p>\n<p style=\"text-align: justify;\">De conformidad con el art\u00edculo 1 del Decreto Ministerial de aplicaci\u00f3n n. 281, de 17 de mayo de 2001, los ciudadanos extranjeros no residentes en Italia que deseen solicitar el c\u00f3digo fiscal pueden presentar la solicitud:<\/p>\n<ul style=\"text-align: justify;\">\n<li>en la oficina consular correspondiente;<\/li>\n<li>en persona, en las oficinas de la Agencia Tributaria ubicadas en el territorio italiano (si son ciudadanos de la UE);<\/li>\n<li>en persona, en la Ventanilla \u00danica de Inmigraci\u00f3n (ciudadanos extracomunitarios que soliciten un permiso de residencia por trabajo dependiente o reagrupaci\u00f3n familiar);<\/li>\n<li>en persona, en la <em>Questura<\/em> &#8211; Jefatura de Polic\u00eda (ciudadanos extracomunitarios que soliciten otros tipos de permisos de residencia);<\/li>\n<li>delegando en un representante en Italia, mediante la concesi\u00f3n de un poder especial ante notario (apostillado y traducido al italiano).<\/li>\n<\/ul>\n<p style=\"text-align: justify;\">Por lo tanto, en el caso de que el cumplimiento o el tr\u00e1mite con la Administraci\u00f3n P\u00fablica italiana requiera <span style=\"text-decoration: underline;\">necesariamente la entrada y la presencia en Italia<\/span> del ciudadano extranjero no comunitario, los interesados podr\u00e1n solicitar la <span style=\"text-decoration: underline;\">atribuci\u00f3n del c\u00f3digo fiscal directamente en la Ventanilla \u00danica para la Inmigraci\u00f3n o en la <em>Questura<\/em> (Jefatura de Polic\u00eda)<\/span> en el momento de solicitar el permiso de residencia. Consulta la <a href=\"https:\/\/ambsantiago.esteri.it\/wp-content\/uploads\/2024\/07\/Codice-Fiscale-Stranieri-ESP.pdf\">Minigu\u00eda del c\u00f3digo fiscal para extranjeros<\/a> publicada por la Agenzia delle Entrate.<\/p>\n<p style=\"text-align: justify;\">En lo que respecta a los estudiantes extranjeros que est\u00e9n a punto de matricularse en Italia, podr\u00e1n solicitar el c\u00f3digo fiscal directamente en Italia, en las oficinas de la Agencia Tributaria (si son estudiantes de la UE) o en <em>Questura<\/em> (Jefatura de Polic\u00eda) competente en el momento de solicitar el permiso de residencia (si son estudiantes no comunitarios).<\/p>\n<p style=\"text-align: justify;\">La Agencia Tributaria es la \u00fanica autoridad competente para expedir y validar el c\u00f3digo fiscal. Por lo tanto, la atribuci\u00f3n de dicho c\u00f3digo por parte de la Circunscripci\u00f3n Consular es una alternativa posible \u00fanicamente para las personas que residen en el extranjero. Para poder atribuir un c\u00f3digo fiscal a trav\u00e9s de las Oficinas Consulares, es imprescindible tener una direcci\u00f3n de residencia en el extranjero.<\/p>\n<p style=\"text-align: justify;\">Para cualquier informaci\u00f3n adicional en materia fiscal, visite la p\u00e1gina web oficial de la Agenzia delle Entrate: <a href=\"http:\/\/www.agenziaentrate.gov.it\">http:\/\/www.agenziaentrate.gov.it<\/a> .<\/p>\n<p style=\"text-align: center;\"><strong>C\u00f3mo solicitar la asignaci\u00f3n del c\u00f3digo fiscal en la Canciller\u00eda Consular<\/strong><\/p>\n<ul style=\"text-align: justify;\">\n<li>por correo electr\u00f3nico, enviando un correo electr\u00f3nico a <a href=\"mailto:consolato.santiago@esteri.it\">consolato.santiago@esteri.it<\/a> especificando las razones por las cuales se solicita el c\u00f3digo fiscal italiano y adjuntando una copia escaneada del formulario AA4\/8 de la Agencia Tributaria debidamente llenado y firmado junto con una copia del documento de identidad vigente (escaneados en formato PDF y en modo \u00abescala de grises\u00bb);<\/li>\n<li>acudiendo a las <a href=\"https:\/\/ambsantiago.esteri.it\/es\/chi-siamo\/la-rete-consolare\/\">Oficinas Consulares Honorarias<\/a>;<\/li>\n<li>present\u00e1ndose personalmente en la Canciller\u00eda Consular de la Embajada de Italia en Santiago;<\/li>\n<\/ul>\n<p style=\"text-align: justify;\">En todos los casos el documento de asignaci\u00f3n de clave fiscal ser\u00e1 enviado al interesado por correo electr\u00f3nico. El suministro de una direcci\u00f3n de correo electr\u00f3nico v\u00e1lida es, por tanto, indispensable para el correcto funcionamiento del servicio.<\/p>\n<p style=\"text-align: justify;\">Para la mayor\u00eda de las operaciones fiscales no es necesario estar en posesi\u00f3n de la tarjeta de pl\u00e1stico. Sin embargo, puede solicitarse en Italia, en las oficinas de la Agencia Tributaria.<\/p>\n<p style=\"text-align: justify;\">El coste del env\u00edo de la tarjeta de pl\u00e1stico al domicilio corre a cargo del solicitante.<\/p>\n<p style=\"text-align: justify;\">Modulistica:<\/p>\n<ul>\n<li style=\"text-align: justify;\"><a href=\"https:\/\/ambsantiago.esteri.it\/wp-content\/uploads\/2024\/07\/modello_richiesta_codice_fiscale.pdf\">FORMULARIO SOLICITUD C\u00d3DIGO FISCAL<\/a><\/li>\n<\/ul>\n","protected":false},"excerpt":{"rendered":"En las Oficinas Consulares en el extranjero es posible obtener un c\u00f3digo fiscal italiano para personas f\u00edsicas. El c\u00f3digo fiscal es necesario para realizar operaciones fiscales en Italia y se expide tanto a los ciudadanos italianos como a los extranjeros residentes en el territorio de la Circunscripci\u00f3n Consular de competencia. Por lo que respecta, en [&hellip;]","protected":false},"author":8,"featured_media":0,"parent":223,"menu_order":18,"comment_status":"closed","ping_status":"closed","template":"","meta":{"footnotes":""},"class_list":["post-4643","page","type-page","status-publish","hentry"],"_links":{"self":[{"href":"https:\/\/ambsantiago.esteri.it\/es\/wp-json\/wp\/v2\/pages\/4643","targetHints":{"allow":["GET"]}}],"collection":[{"href":"https:\/\/ambsantiago.esteri.it\/es\/wp-json\/wp\/v2\/pages"}],"about":[{"href":"https:\/\/ambsantiago.esteri.it\/es\/wp-json\/wp\/v2\/types\/page"}],"author":[{"embeddable":true,"href":"https:\/\/ambsantiago.esteri.it\/es\/wp-json\/wp\/v2\/users\/8"}],"replies":[{"embeddable":true,"href":"https:\/\/ambsantiago.esteri.it\/es\/wp-json\/wp\/v2\/comments?post=4643"}],"version-history":[{"count":6,"href":"https:\/\/ambsantiago.esteri.it\/es\/wp-json\/wp\/v2\/pages\/4643\/revisions"}],"predecessor-version":[{"id":12328,"href":"https:\/\/ambsantiago.esteri.it\/es\/wp-json\/wp\/v2\/pages\/4643\/revisions\/12328"}],"up":[{"embeddable":true,"href":"https:\/\/ambsantiago.esteri.it\/es\/wp-json\/wp\/v2\/pages\/223"}],"wp:attachment":[{"href":"https:\/\/ambsantiago.esteri.it\/es\/wp-json\/wp\/v2\/media?parent=4643"}],"curies":[{"name":"wp","href":"https:\/\/api.w.org\/{rel}","templated":true}]}}