{"id":4339,"date":"2023-06-08T12:00:35","date_gmt":"2023-06-08T16:00:35","guid":{"rendered":"https:\/\/ambsantiago.esteri.it\/?page_id=4339"},"modified":"2025-12-29T16:20:43","modified_gmt":"2025-12-29T19:20:43","slug":"4339-2","status":"publish","type":"page","link":"https:\/\/ambsantiago.esteri.it\/es\/chi-siamo\/gli-uffici\/4339-2\/","title":{"rendered":""},"content":{"rendered":"<p style=\"text-align: justify;\"><strong>CANCILLER\u00cdA CONSULAR<\/strong><br \/>\nRom\u00e1n D\u00edaz 1270, Providencia, Santiago<\/p>\n<p style=\"text-align: justify;\">Para saber <strong>c\u00f3mo y cu\u00e1ndo se prestan los distintos servicios consulares<\/strong>, consulte la secci\u00f3n <a href=\"https:\/\/ambsantiago.esteri.it\/es\/servizi-consolari-e-visti\/\">Servicios Consulares y Visados<\/a>.<\/p>\n<p style=\"text-align: justify;\">Tenga en cuenta que, por razones de seguridad, no es posible entrar en las oficinas consulares con bolsos, paquetes, tel\u00e9fonos m\u00f3viles y otros objetos. En la entrada hay taquillas con llave donde se pueden depositar dichos objetos.<\/p>\n<p style=\"text-align: justify;\"><strong>FESTIVIDADES<\/strong><\/p>\n<p style=\"text-align: justify;\">En 2026, <strong>la Embajada de Italia en Santiago aplicar\u00e1 los siguientes d\u00edas feriados <\/strong>y las oficinas, generalmente operativas de lunes a viernes, permanecer\u00e1n cerradas:<\/p>\n<p style=\"text-align: justify;\">Jueves 1 de enero &#8211; A\u00f1o Nuevo<br \/>\nViernes 3 de abril &#8211; Viernes Santo<br \/>\nViernes 1 de mayo &#8211; D\u00eda del Trabajo<br \/>\nMartes 2 de junio &#8211; D\u00eda de la Rep\u00fablica Italiana<br \/>\nSabado 15 de agosto &#8211; Asunci\u00f3n<br \/>\nViernes 18 de septiembre &#8211; Fiesta Nacional de Chile<br \/>\nSabado 19 de septiembre &#8211; D\u00eda Nacional de las Fuerzas Armadas de Chile<br \/>\nLunes 12 de octubre &#8211; Encuentro de los Dos Mundos (aniversario del descubrimiento de Am\u00e9rica)<br \/>\nDomingo 1 de noviembre &#8211; Todos los Santos<br \/>\nMartes 8 de diciembre &#8211; Fiesta de la Inmaculada Concepci\u00f3n<br \/>\nViernes 25 de diciembre &#8211; Navidad<\/p>\n","protected":false},"excerpt":{"rendered":"CANCILLER\u00cdA CONSULAR Rom\u00e1n D\u00edaz 1270, Providencia, Santiago Para saber c\u00f3mo y cu\u00e1ndo se prestan los distintos servicios consulares, consulte la secci\u00f3n Servicios Consulares y Visados. Tenga en cuenta que, por razones de seguridad, no es posible entrar en las oficinas consulares con bolsos, paquetes, tel\u00e9fonos m\u00f3viles y otros objetos. En la entrada hay taquillas con [&hellip;]","protected":false},"author":12,"featured_media":0,"parent":176,"menu_order":2,"comment_status":"closed","ping_status":"closed","template":"","meta":{"footnotes":""},"class_list":["post-4339","page","type-page","status-publish","hentry"],"_links":{"self":[{"href":"https:\/\/ambsantiago.esteri.it\/es\/wp-json\/wp\/v2\/pages\/4339","targetHints":{"allow":["GET"]}}],"collection":[{"href":"https:\/\/ambsantiago.esteri.it\/es\/wp-json\/wp\/v2\/pages"}],"about":[{"href":"https:\/\/ambsantiago.esteri.it\/es\/wp-json\/wp\/v2\/types\/page"}],"author":[{"embeddable":true,"href":"https:\/\/ambsantiago.esteri.it\/es\/wp-json\/wp\/v2\/users\/12"}],"replies":[{"embeddable":true,"href":"https:\/\/ambsantiago.esteri.it\/es\/wp-json\/wp\/v2\/comments?post=4339"}],"version-history":[{"count":6,"href":"https:\/\/ambsantiago.esteri.it\/es\/wp-json\/wp\/v2\/pages\/4339\/revisions"}],"predecessor-version":[{"id":11674,"href":"https:\/\/ambsantiago.esteri.it\/es\/wp-json\/wp\/v2\/pages\/4339\/revisions\/11674"}],"up":[{"embeddable":true,"href":"https:\/\/ambsantiago.esteri.it\/es\/wp-json\/wp\/v2\/pages\/176"}],"wp:attachment":[{"href":"https:\/\/ambsantiago.esteri.it\/es\/wp-json\/wp\/v2\/media?parent=4339"}],"curies":[{"name":"wp","href":"https:\/\/api.w.org\/{rel}","templated":true}]}}