{"id":4208,"date":"2023-10-25T06:48:05","date_gmt":"2023-10-25T09:48:05","guid":{"rendered":"https:\/\/ambsantiago.esteri.it\/chi-siamo\/contatti\/"},"modified":"2024-07-03T09:33:18","modified_gmt":"2024-07-03T13:33:18","slug":"contatti","status":"publish","type":"page","link":"https:\/\/ambsantiago.esteri.it\/es\/chi-siamo\/contatti\/","title":{"rendered":"Contatti"},"content":{"rendered":"<p>Para contactar con las oficinas de la Embajada de Italia en Santiago, haga clic <a href=\"https:\/\/ambsantiago.esteri.it\/es\/chi-siamo\/gli-uffici\/\">AQU\u00cd<\/a>.<\/p>\n<p>Para emergencias, haga clic <a href=\"https:\/\/ambsantiago.esteri.it\/es\/chi-siamo\/numeri-di-emergenza\/\">AQU\u00cd<\/a>.<\/p>\n<p>Para asuntos consulares, consulte la p\u00e1gina dedicada, haciendo clic <a href=\"https:\/\/ambsantiago.esteri.it\/es\/chi-siamo\/la-rete-consolare\/\">AQU\u00cd<\/a>.<\/p>\n","protected":false},"excerpt":{"rendered":"Para contactar con las oficinas de la Embajada de Italia en Santiago, haga clic AQU\u00cd. Para emergencias, haga clic AQU\u00cd. Para asuntos consulares, consulte la p\u00e1gina dedicada, haciendo clic AQU\u00cd.","protected":false},"author":1,"featured_media":0,"parent":162,"menu_order":4,"comment_status":"closed","ping_status":"closed","template":"","meta":{"footnotes":""},"class_list":["post-4208","page","type-page","status-publish","hentry"],"_links":{"self":[{"href":"https:\/\/ambsantiago.esteri.it\/es\/wp-json\/wp\/v2\/pages\/4208","targetHints":{"allow":["GET"]}}],"collection":[{"href":"https:\/\/ambsantiago.esteri.it\/es\/wp-json\/wp\/v2\/pages"}],"about":[{"href":"https:\/\/ambsantiago.esteri.it\/es\/wp-json\/wp\/v2\/types\/page"}],"author":[{"embeddable":true,"href":"https:\/\/ambsantiago.esteri.it\/es\/wp-json\/wp\/v2\/users\/1"}],"replies":[{"embeddable":true,"href":"https:\/\/ambsantiago.esteri.it\/es\/wp-json\/wp\/v2\/comments?post=4208"}],"version-history":[{"count":2,"href":"https:\/\/ambsantiago.esteri.it\/es\/wp-json\/wp\/v2\/pages\/4208\/revisions"}],"predecessor-version":[{"id":4324,"href":"https:\/\/ambsantiago.esteri.it\/es\/wp-json\/wp\/v2\/pages\/4208\/revisions\/4324"}],"up":[{"embeddable":true,"href":"https:\/\/ambsantiago.esteri.it\/es\/wp-json\/wp\/v2\/pages\/162"}],"wp:attachment":[{"href":"https:\/\/ambsantiago.esteri.it\/es\/wp-json\/wp\/v2\/media?parent=4208"}],"curies":[{"name":"wp","href":"https:\/\/api.w.org\/{rel}","templated":true}]}}