{"id":3997,"date":"2023-05-17T15:25:51","date_gmt":"2023-05-17T19:25:51","guid":{"rendered":"https:\/\/ambsantiago.esteri.it\/?page_id=3997"},"modified":"2024-06-18T16:34:12","modified_gmt":"2024-06-18T20:34:12","slug":"elecciones-europeas","status":"publish","type":"page","link":"https:\/\/ambsantiago.esteri.it\/es\/servizi-consolari-e-visti\/servizi-per-il-cittadino-italiano\/servizi-elettorali\/elecciones-europeas\/","title":{"rendered":"Elecciones Europeas"},"content":{"rendered":"<p>La Ley 459\/2001 sobre el ejercicio del derecho de voto en el extranjero no se aplica a las elecciones europeas, que se rigen por la Ley 18 de 24 de enero de 1979, en su versi\u00f3n modificada.<\/p>\n<p>Por lo tanto, el sistema de voto por correo no se aplica a las elecciones europeas: los electores italianos con derecho a voto y residentes permanentes en los pa\u00edses de la Uni\u00f3n Europea pueden acudir a los colegios electorales correspondientes establecidos localmente por nuestra red diplom\u00e1tico-consular.<\/p>\n<p>Los electores italianos residentes en el extranjero tambi\u00e9n pueden optar, dentro de los plazos previstos por la ley, por votar a los candidatos en su pa\u00eds de residencia; tambi\u00e9n pueden regresar a Italia, aprovechando las tarifas de viaje reducidas, y votar en su municipio de residencia.<\/p>\n","protected":false},"excerpt":{"rendered":"La Ley 459\/2001 sobre el ejercicio del derecho de voto en el extranjero no se aplica a las elecciones europeas, que se rigen por la Ley 18 de 24 de enero de 1979, en su versi\u00f3n modificada. Por lo tanto, el sistema de voto por correo no se aplica a las elecciones europeas: los electores [&hellip;]","protected":false},"author":8,"featured_media":0,"parent":208,"menu_order":4,"comment_status":"closed","ping_status":"closed","template":"","meta":{"footnotes":""},"class_list":["post-3997","page","type-page","status-publish","hentry"],"_links":{"self":[{"href":"https:\/\/ambsantiago.esteri.it\/es\/wp-json\/wp\/v2\/pages\/3997","targetHints":{"allow":["GET"]}}],"collection":[{"href":"https:\/\/ambsantiago.esteri.it\/es\/wp-json\/wp\/v2\/pages"}],"about":[{"href":"https:\/\/ambsantiago.esteri.it\/es\/wp-json\/wp\/v2\/types\/page"}],"author":[{"embeddable":true,"href":"https:\/\/ambsantiago.esteri.it\/es\/wp-json\/wp\/v2\/users\/8"}],"replies":[{"embeddable":true,"href":"https:\/\/ambsantiago.esteri.it\/es\/wp-json\/wp\/v2\/comments?post=3997"}],"version-history":[{"count":2,"href":"https:\/\/ambsantiago.esteri.it\/es\/wp-json\/wp\/v2\/pages\/3997\/revisions"}],"predecessor-version":[{"id":4000,"href":"https:\/\/ambsantiago.esteri.it\/es\/wp-json\/wp\/v2\/pages\/3997\/revisions\/4000"}],"up":[{"embeddable":true,"href":"https:\/\/ambsantiago.esteri.it\/es\/wp-json\/wp\/v2\/pages\/208"}],"wp:attachment":[{"href":"https:\/\/ambsantiago.esteri.it\/es\/wp-json\/wp\/v2\/media?parent=3997"}],"curies":[{"name":"wp","href":"https:\/\/api.w.org\/{rel}","templated":true}]}}