{"id":3993,"date":"2023-05-17T15:28:57","date_gmt":"2023-05-17T19:28:57","guid":{"rendered":"https:\/\/ambsantiago.esteri.it\/?page_id=3993"},"modified":"2025-02-21T12:53:36","modified_gmt":"2025-02-21T15:53:36","slug":"elecciones-comites","status":"publish","type":"page","link":"https:\/\/ambsantiago.esteri.it\/es\/servizi-consolari-e-visti\/servizi-per-il-cittadino-italiano\/servizi-elettorali\/elecciones-comites\/","title":{"rendered":"Elecciones COMITES"},"content":{"rendered":"<p>Los miembros del <a href=\"https:\/\/comiteschile.cl\/\">COMITES<\/a> son elegidos sobre la base de listas de candidatos firmadas por ciudadanos italianos residentes en cada circunscripci\u00f3n consular.<\/p>\n<p>Los ciudadanos italianos mayores de 18 a\u00f1os residentes en el extranjero, inscritos en las listas electorales, pueden votar por correo (seg\u00fan el sistema previsto por la Ley 459 de 2001), sin tener que acudir personalmente al colegio electoral, como ocurr\u00eda en el pasado.<\/p>\n<p>Para que los ciudadanos puedan votar por correo, la oficina consular env\u00eda a cada elector, en el plazo previsto por la ley, un sobre con todo el material electoral y una hoja informativa en la que se explica c\u00f3mo votar.<\/p>\n<p>El ciudadano emite su voto, teniendo cuidado de seguir cuidadosamente las instrucciones, y luego devuelve la papeleta por correo a su oficina consular, utilizando el sobre ya franqueado. El sobre debe enviarse lo antes posible.<\/p>\n","protected":false},"excerpt":{"rendered":"Los miembros del COMITES son elegidos sobre la base de listas de candidatos firmadas por ciudadanos italianos residentes en cada circunscripci\u00f3n consular. Los ciudadanos italianos mayores de 18 a\u00f1os residentes en el extranjero, inscritos en las listas electorales, pueden votar por correo (seg\u00fan el sistema previsto por la Ley 459 de 2001), sin tener que [&hellip;]","protected":false},"author":8,"featured_media":0,"parent":208,"menu_order":6,"comment_status":"closed","ping_status":"closed","template":"","meta":{"footnotes":""},"class_list":["post-3993","page","type-page","status-publish","hentry"],"_links":{"self":[{"href":"https:\/\/ambsantiago.esteri.it\/es\/wp-json\/wp\/v2\/pages\/3993","targetHints":{"allow":["GET"]}}],"collection":[{"href":"https:\/\/ambsantiago.esteri.it\/es\/wp-json\/wp\/v2\/pages"}],"about":[{"href":"https:\/\/ambsantiago.esteri.it\/es\/wp-json\/wp\/v2\/types\/page"}],"author":[{"embeddable":true,"href":"https:\/\/ambsantiago.esteri.it\/es\/wp-json\/wp\/v2\/users\/8"}],"replies":[{"embeddable":true,"href":"https:\/\/ambsantiago.esteri.it\/es\/wp-json\/wp\/v2\/comments?post=3993"}],"version-history":[{"count":1,"href":"https:\/\/ambsantiago.esteri.it\/es\/wp-json\/wp\/v2\/pages\/3993\/revisions"}],"predecessor-version":[{"id":3994,"href":"https:\/\/ambsantiago.esteri.it\/es\/wp-json\/wp\/v2\/pages\/3993\/revisions\/3994"}],"up":[{"embeddable":true,"href":"https:\/\/ambsantiago.esteri.it\/es\/wp-json\/wp\/v2\/pages\/208"}],"wp:attachment":[{"href":"https:\/\/ambsantiago.esteri.it\/es\/wp-json\/wp\/v2\/media?parent=3993"}],"curies":[{"name":"wp","href":"https:\/\/api.w.org\/{rel}","templated":true}]}}