{"id":3986,"date":"2023-05-17T15:33:35","date_gmt":"2023-05-17T19:33:35","guid":{"rendered":"https:\/\/ambsantiago.esteri.it\/?page_id=3986"},"modified":"2024-06-18T16:26:48","modified_gmt":"2024-06-18T20:26:48","slug":"elecciones-cgie","status":"publish","type":"page","link":"https:\/\/ambsantiago.esteri.it\/es\/servizi-consolari-e-visti\/servizi-per-il-cittadino-italiano\/servizi-elettorali\/elecciones-cgie\/","title":{"rendered":"Elecciones CGIE"},"content":{"rendered":"<p>El <a href=\"https:\/\/www.cgieonline.it\/\">CGIE &#8211; Consejo General de Italianos en el Extranjero<\/a> &#8211; est\u00e1 compuesto por 94 miembros que ejercen sus funciones durante cinco a\u00f1os. De ellos, 65 son elegidos para representar a las comunidades italianas residentes en el extranjero.<\/p>\n<p>Los miembros electivos son elegidos por una asamblea formada para cada pa\u00eds &#8211; o agrupaci\u00f3n de pa\u00edses &#8211; por los COMITES regularmente constituidas y las asociaciones de comunidades italianas, en un n\u00famero no superior al 30% de los miembros de los COMITES en los pa\u00edses europeos y al 45% en los pa\u00edses transoce\u00e1nicos.<\/p>\n<p>En los pa\u00edses donde no est\u00e9n constituidas los COMITES, las asociaciones de comunidades italianas que operen en ellos desde hace al menos cinco a\u00f1os propondr\u00e1n a la representaci\u00f3n diplom\u00e1tica el doble del n\u00famero de nombres previsto.<\/p>\n<p>Los 29 miembros restantes nombrados por el Gobierno se designan de la siguiente manera:<\/p>\n<ul>\n<li>10 por las asociaciones nacionales de emigraci\u00f3n<\/li>\n<li>7 por los partidos que tienen representaci\u00f3n parlamentaria<\/li>\n<li>9 por las confederaciones y patronatos sindicales m\u00e1s representativos que est\u00e1n representados en el CNEL (Consejo Nacional de Econom\u00eda y Trabajo);<\/li>\n<li>1 de la Federaci\u00f3n Nacional de la Prensa<\/li>\n<li>1 de la Federaci\u00f3n Unitaria de la Prensa Italiana en el Extranjero<\/li>\n<li>1 de la organizaci\u00f3n m\u00e1s representativa de los trabajadores fronterizos.<\/li>\n<\/ul>\n","protected":false},"excerpt":{"rendered":"El CGIE &#8211; Consejo General de Italianos en el Extranjero &#8211; est\u00e1 compuesto por 94 miembros que ejercen sus funciones durante cinco a\u00f1os. De ellos, 65 son elegidos para representar a las comunidades italianas residentes en el extranjero. Los miembros electivos son elegidos por una asamblea formada para cada pa\u00eds &#8211; o agrupaci\u00f3n de pa\u00edses [&hellip;]","protected":false},"author":8,"featured_media":0,"parent":208,"menu_order":8,"comment_status":"closed","ping_status":"closed","template":"","meta":{"footnotes":""},"class_list":["post-3986","page","type-page","status-publish","hentry"],"_links":{"self":[{"href":"https:\/\/ambsantiago.esteri.it\/es\/wp-json\/wp\/v2\/pages\/3986","targetHints":{"allow":["GET"]}}],"collection":[{"href":"https:\/\/ambsantiago.esteri.it\/es\/wp-json\/wp\/v2\/pages"}],"about":[{"href":"https:\/\/ambsantiago.esteri.it\/es\/wp-json\/wp\/v2\/types\/page"}],"author":[{"embeddable":true,"href":"https:\/\/ambsantiago.esteri.it\/es\/wp-json\/wp\/v2\/users\/8"}],"replies":[{"embeddable":true,"href":"https:\/\/ambsantiago.esteri.it\/es\/wp-json\/wp\/v2\/comments?post=3986"}],"version-history":[{"count":2,"href":"https:\/\/ambsantiago.esteri.it\/es\/wp-json\/wp\/v2\/pages\/3986\/revisions"}],"predecessor-version":[{"id":3989,"href":"https:\/\/ambsantiago.esteri.it\/es\/wp-json\/wp\/v2\/pages\/3986\/revisions\/3989"}],"up":[{"embeddable":true,"href":"https:\/\/ambsantiago.esteri.it\/es\/wp-json\/wp\/v2\/pages\/208"}],"wp:attachment":[{"href":"https:\/\/ambsantiago.esteri.it\/es\/wp-json\/wp\/v2\/media?parent=3986"}],"curies":[{"name":"wp","href":"https:\/\/api.w.org\/{rel}","templated":true}]}}