{"id":236,"date":"2023-04-11T17:48:10","date_gmt":"2023-04-11T21:48:10","guid":{"rendered":"https:\/\/ambsantiago.esteri.it\/amministrazione-trasparente\/"},"modified":"2024-10-15T08:12:52","modified_gmt":"2024-10-15T11:12:52","slug":"amministrazione-trasparente","status":"publish","type":"page","link":"https:\/\/ambsantiago.esteri.it\/es\/amministrazione-trasparente\/","title":{"rendered":"Administraci\u00f3n transparente"},"content":{"rendered":"<p>Las oficinas diplom\u00e1tico-consulares en el extranjero son dependencias perif\u00e9ricas del Ministerio de Asuntos Exteriores y de Cooperaci\u00f3n Internacional, que garantiza la transparencia de sus datos a trav\u00e9s de la secci\u00f3n \u00abadministraci\u00f3n transparente\u00bb del sitio web <a href=\"https:\/\/www.esteri.it\/it\/\">www.esteri.it<\/a>.<\/p>\n<p>En su mayor parte, las secciones de esta p\u00e1gina remiten a las secciones correspondientes del sitio web de la administraci\u00f3n central.<\/p>\n<p>Para m\u00e1s informaci\u00f3n, visite el sitio web de la Autoridad Nacional Anticorrupci\u00f3n (<a href=\"https:\/\/www.anticorruzione.it\/\">ANAC<\/a>)<\/p>\n<p><strong>Informaci\u00f3n sobre el tratamiento de datos personales<\/strong><\/p>\n<ul>\n<li><a href=\"https:\/\/ambsantiago.esteri.it\/wp-content\/uploads\/2024\/04\/Informativa_TDP_per_servizi_consolari_ex_visti_e_cittadinanza__all.3__Re.pdf\">Servicios consulares<\/a><\/li>\n<li><a href=\"https:\/\/ambsantiago.esteri.it\/wp-content\/uploads\/2024\/04\/Informativa_TDP_per_cittadinanza__all.2__Rev._feb._2023.pdf\">Reconocimiento de la ciudadan\u00eda italiana iure sanguinis<\/a><\/li>\n<li><a href=\"https:\/\/ambsantiago.esteri.it\/wp-content\/uploads\/2024\/04\/Informativa_TDP_per_visti_bilingue.pdf\">Visados de entrada en Italia y en el espacio Schengen<\/a><\/li>\n<\/ul>\n","protected":false},"excerpt":{"rendered":"Las oficinas diplom\u00e1tico-consulares en el extranjero son dependencias perif\u00e9ricas del Ministerio de Asuntos Exteriores y de Cooperaci\u00f3n Internacional, que garantiza la transparencia de sus datos a trav\u00e9s de la secci\u00f3n \u00abadministraci\u00f3n transparente\u00bb del sitio web www.esteri.it. En su mayor parte, las secciones de esta p\u00e1gina remiten a las secciones correspondientes del sitio web de la [&hellip;]","protected":false},"author":1,"featured_media":0,"parent":0,"menu_order":10,"comment_status":"closed","ping_status":"closed","template":"","meta":{"footnotes":""},"class_list":["post-236","page","type-page","status-publish","hentry"],"_links":{"self":[{"href":"https:\/\/ambsantiago.esteri.it\/es\/wp-json\/wp\/v2\/pages\/236","targetHints":{"allow":["GET"]}}],"collection":[{"href":"https:\/\/ambsantiago.esteri.it\/es\/wp-json\/wp\/v2\/pages"}],"about":[{"href":"https:\/\/ambsantiago.esteri.it\/es\/wp-json\/wp\/v2\/types\/page"}],"author":[{"embeddable":true,"href":"https:\/\/ambsantiago.esteri.it\/es\/wp-json\/wp\/v2\/users\/1"}],"replies":[{"embeddable":true,"href":"https:\/\/ambsantiago.esteri.it\/es\/wp-json\/wp\/v2\/comments?post=236"}],"version-history":[{"count":2,"href":"https:\/\/ambsantiago.esteri.it\/es\/wp-json\/wp\/v2\/pages\/236\/revisions"}],"predecessor-version":[{"id":3019,"href":"https:\/\/ambsantiago.esteri.it\/es\/wp-json\/wp\/v2\/pages\/236\/revisions\/3019"}],"wp:attachment":[{"href":"https:\/\/ambsantiago.esteri.it\/es\/wp-json\/wp\/v2\/media?parent=236"}],"curies":[{"name":"wp","href":"https:\/\/api.w.org\/{rel}","templated":true}]}}