{"id":232,"date":"2023-04-11T18:22:23","date_gmt":"2023-04-11T22:22:23","guid":{"rendered":"https:\/\/ambsantiago.esteri.it\/servizi-consolari-e-visti\/servizi-per-il-cittadino-straniero\/cittadinanza\/"},"modified":"2025-08-05T15:54:36","modified_gmt":"2025-08-05T19:54:36","slug":"cittadinanza","status":"publish","type":"page","link":"https:\/\/ambsantiago.esteri.it\/es\/servizi-consolari-e-visti\/servizi-per-il-cittadino-straniero\/cittadinanza\/","title":{"rendered":"Ciudadan\u00eda"},"content":{"rendered":"<p>Actualmente, <strong>la ciudadan\u00eda italiana est\u00e1 regulada por la Ley n. 91, de 5 de febrero de 1992<\/strong>, que, a diferencia de la ley anterior, revaloriza el peso de la voluntad del individuo en la adquisici\u00f3n y p\u00e9rdida de la ciudadan\u00eda y reconoce el derecho a poseer m\u00e1s de una ciudadan\u00eda al mismo tiempo.<\/p>\n<p data-start=\"142\" data-end=\"452\">El decreto-ley del 28 de marzo de 2025, n. 36, fue convertido con modificaciones en la <strong data-start=\"230\" data-end=\"268\">ley del 23 de mayo de 2025, n. 74<\/strong>, con vigencia desde el 24 de mayo de 2025. La ley de conversi\u00f3n reforma la <strong data-start=\"344\" data-end=\"384\">ley del 5 de febrero de 1992, n. 91<\/strong>, cuyo nuevo texto \u00edntegro est\u00e1 disponible en el siguiente <a href=\"https:\/\/www.normattiva.it\/uri-res\/N2Ls?urn:nir:stato:legge:1992-02-05;91!vig=\">enlace<\/a>.<\/p>\n<p data-start=\"454\" data-end=\"715\">La ciudadan\u00eda italiana se basa en el principio del <strong><em data-start=\"505\" data-end=\"520\">ius sanguinis<\/em><\/strong> (derecho de sangre). La ley del 23 de mayo de 2025, n.\u00ba 74, <span style=\"text-decoration: underline;\">no modifica este principio fundamental, pero lo matiza<\/span>, vincul\u00e1ndolo a la existencia de lazos efectivos y actuales con Italia.<\/p>\n<p data-start=\"717\" data-end=\"786\">Se llama especialmente la atenci\u00f3n sobre el <strong data-start=\"761\" data-end=\"785\">nuevo art\u00edculo 3-bis<\/strong>:<\/p>\n<p data-start=\"717\" data-end=\"786\"><em>En derogaci\u00f3n de los art\u00edculos 1, 2, 3, 14 y 20 de la presente ley; del art\u00edculo 5 de la ley del 21 de abril de 1983, n. 123; de los art\u00edculos 1, 2, 7, 10, 12 y 19 de la ley del 13 de junio de 1912, n. 555; as\u00ed como de los art\u00edculos 4, 5, 7, 8 y 9 del c\u00f3digo civil aprobado por real decreto del 25 de junio de 1865, n. 2358; se considera que nunca ha adquirido la ciudadan\u00eda italiana quien haya nacido en el extranjero, incluso antes de la entrada en vigor del presente art\u00edculo, y posea otra ciudadan\u00eda, salvo que se cumpla una de las siguientes condiciones:<\/em><\/p>\n<p style=\"padding-left: 40px;\" data-start=\"1358\" data-end=\"1673\"><em>a) La condici\u00f3n de ciudadano del interesado haya sido reconocida, conforme a la normativa aplicable al 27 de marzo de 2025, tras la presentaci\u00f3n de una solicitud con la documentaci\u00f3n correspondiente ante la oficina consular o el alcalde competente a m\u00e1s tardar a las 23:59, hora de Roma, de esa misma fecha;<\/em><\/p>\n<p style=\"padding-left: 40px;\" data-start=\"1675\" data-end=\"2084\"><em>a-bis) La condici\u00f3n de ciudadano del interesado haya sido reconocida, conforme a la normativa aplicable al 27 de marzo de 2025, tras la presentaci\u00f3n de una solicitud con la documentaci\u00f3n correspondiente ante la oficina consular o el alcalde competente el d\u00eda fijado mediante cita comunicada al interesado por la oficina competente a m\u00e1s tardar a las 23:59, hora de Roma, del mismo 27 de marzo de 2025;<\/em><\/p>\n<p style=\"padding-left: 40px;\" data-start=\"2086\" data-end=\"2330\"><em>b) La condici\u00f3n de ciudadano del interesado haya sido reconocida judicialmente, conforme a la normativa aplicable al 27 de marzo de 2025, mediante solicitud judicial presentada a m\u00e1s tardar a las 23:59, hora de Roma, de esa misma fecha;<\/em><\/p>\n<p style=\"padding-left: 40px;\" data-start=\"2332\" data-end=\"2474\"><em>c) Un ascendiente de primer o segundo grado posea o haya pose\u00eddo exclusivamente la ciudadan\u00eda italiana al momento de su fallecimiento;<\/em><\/p>\n<p style=\"padding-left: 40px;\" data-start=\"2476\" data-end=\"2669\"><em>d) Uno de los padres o adoptantes haya residido en Italia por al menos dos a\u00f1os continuos luego de haber adquirido la ciudadan\u00eda italiana y antes del nacimiento o adopci\u00f3n del hijo.<\/em><\/p>\n<p>&nbsp;<\/p>\n<p>Por lo que respecta a la obtenci\u00f3n de la<strong> ciudadan\u00eda italiana por matrimonio<\/strong> (antiguos art\u00edculos 5, 6, 7 y 8 y modificaciones posteriores de la Ley n\u00ba 91\/1992), toda comunicaci\u00f3n con los solicitantes se realiza exclusivamente a trav\u00e9s del <a href=\"https:\/\/portaleservizi.dlci.interno.it\/AliCittadinanza\/ali\/home.htm\">Portal ALI<\/a> del Ministerio del Interior, y no por correo electr\u00f3nico ni por ning\u00fan otro medio, ya que la Oficina de la Canciller\u00eda Consular no dispone de informaci\u00f3n sobre los expedientes individuales, una vez transmitidos.<\/p>\n<p>&nbsp;<\/p>\n<p>Para informaci\u00f3n espec\u00edfica sobre la <strong>CIUDADAN\u00cdA POR DESCENDENCIA<\/strong>, la <strong>CIUDADAN\u00cdA POR MATRIMONIO <\/strong>u<strong> OTRAS MODALIDADES DE ADQUISICI\u00d3N DE LA CIUDADAN\u00cdA<\/strong>, consulte las secciones del men\u00fa de la derecha.<\/p>\n","protected":false},"excerpt":{"rendered":"Actualmente, la ciudadan\u00eda italiana est\u00e1 regulada por la Ley n. 91, de 5 de febrero de 1992, que, a diferencia de la ley anterior, revaloriza el peso de la voluntad del individuo en la adquisici\u00f3n y p\u00e9rdida de la ciudadan\u00eda y reconoce el derecho a poseer m\u00e1s de una ciudadan\u00eda al mismo tiempo. El decreto-ley [&hellip;]","protected":false},"author":1,"featured_media":0,"parent":223,"menu_order":2,"comment_status":"closed","ping_status":"closed","template":"","meta":{"footnotes":""},"class_list":["post-232","page","type-page","status-publish","hentry"],"_links":{"self":[{"href":"https:\/\/ambsantiago.esteri.it\/es\/wp-json\/wp\/v2\/pages\/232","targetHints":{"allow":["GET"]}}],"collection":[{"href":"https:\/\/ambsantiago.esteri.it\/es\/wp-json\/wp\/v2\/pages"}],"about":[{"href":"https:\/\/ambsantiago.esteri.it\/es\/wp-json\/wp\/v2\/types\/page"}],"author":[{"embeddable":true,"href":"https:\/\/ambsantiago.esteri.it\/es\/wp-json\/wp\/v2\/users\/1"}],"replies":[{"embeddable":true,"href":"https:\/\/ambsantiago.esteri.it\/es\/wp-json\/wp\/v2\/comments?post=232"}],"version-history":[{"count":6,"href":"https:\/\/ambsantiago.esteri.it\/es\/wp-json\/wp\/v2\/pages\/232\/revisions"}],"predecessor-version":[{"id":10046,"href":"https:\/\/ambsantiago.esteri.it\/es\/wp-json\/wp\/v2\/pages\/232\/revisions\/10046"}],"up":[{"embeddable":true,"href":"https:\/\/ambsantiago.esteri.it\/es\/wp-json\/wp\/v2\/pages\/223"}],"wp:attachment":[{"href":"https:\/\/ambsantiago.esteri.it\/es\/wp-json\/wp\/v2\/media?parent=232"}],"curies":[{"name":"wp","href":"https:\/\/api.w.org\/{rel}","templated":true}]}}