{"id":224,"date":"2023-04-11T18:22:07","date_gmt":"2023-04-11T22:22:07","guid":{"rendered":"https:\/\/ambsantiago.esteri.it\/servizi-consolari-e-visti\/servizi-per-il-cittadino-straniero\/visti\/"},"modified":"2024-03-07T07:29:23","modified_gmt":"2024-03-07T10:29:23","slug":"visti","status":"publish","type":"page","link":"https:\/\/ambsantiago.esteri.it\/es\/servizi-consolari-e-visti\/servizi-per-il-cittadino-straniero\/visti\/","title":{"rendered":"Visas"},"content":{"rendered":"<p>Gracias a la base de datos de visados, es posible obtener informaci\u00f3n para solicitar un visado de entrada en Italia.<\/p>\n<p><a href=\"https:\/\/vistoperitalia.esteri.it\/home.aspx\">https:\/\/vistoperitalia.esteri.it\/home.aspx<\/a><\/p>\n<p>Para m\u00e1s detalles, procedimientos de solicitud y expedici\u00f3n de visados, consulte la secci\u00f3n \u00abModalidad para solicitar Visa\u00bb a la derecha.<\/p>\n<p>&nbsp;<\/p>\n","protected":false},"excerpt":{"rendered":"Gracias a la base de datos de visados, es posible obtener informaci\u00f3n para solicitar un visado de entrada en Italia. https:\/\/vistoperitalia.esteri.it\/home.aspx Para m\u00e1s detalles, procedimientos de solicitud y expedici\u00f3n de visados, consulte la secci\u00f3n \u00abModalidad para solicitar Visa\u00bb a la derecha. &nbsp;","protected":false},"author":1,"featured_media":0,"parent":223,"menu_order":0,"comment_status":"closed","ping_status":"closed","template":"","meta":{"footnotes":""},"class_list":["post-224","page","type-page","status-publish","hentry"],"_links":{"self":[{"href":"https:\/\/ambsantiago.esteri.it\/es\/wp-json\/wp\/v2\/pages\/224","targetHints":{"allow":["GET"]}}],"collection":[{"href":"https:\/\/ambsantiago.esteri.it\/es\/wp-json\/wp\/v2\/pages"}],"about":[{"href":"https:\/\/ambsantiago.esteri.it\/es\/wp-json\/wp\/v2\/types\/page"}],"author":[{"embeddable":true,"href":"https:\/\/ambsantiago.esteri.it\/es\/wp-json\/wp\/v2\/users\/1"}],"replies":[{"embeddable":true,"href":"https:\/\/ambsantiago.esteri.it\/es\/wp-json\/wp\/v2\/comments?post=224"}],"version-history":[{"count":2,"href":"https:\/\/ambsantiago.esteri.it\/es\/wp-json\/wp\/v2\/pages\/224\/revisions"}],"predecessor-version":[{"id":2721,"href":"https:\/\/ambsantiago.esteri.it\/es\/wp-json\/wp\/v2\/pages\/224\/revisions\/2721"}],"up":[{"embeddable":true,"href":"https:\/\/ambsantiago.esteri.it\/es\/wp-json\/wp\/v2\/pages\/223"}],"wp:attachment":[{"href":"https:\/\/ambsantiago.esteri.it\/es\/wp-json\/wp\/v2\/media?parent=224"}],"curies":[{"name":"wp","href":"https:\/\/api.w.org\/{rel}","templated":true}]}}