{"id":223,"date":"2023-04-11T18:12:44","date_gmt":"2023-04-11T22:12:44","guid":{"rendered":"https:\/\/ambsantiago.esteri.it\/servizi-consolari-e-visti\/servizi-per-il-cittadino-straniero\/"},"modified":"2023-10-21T15:29:25","modified_gmt":"2023-10-21T18:29:25","slug":"servizi-per-il-cittadino-straniero","status":"publish","type":"page","link":"https:\/\/ambsantiago.esteri.it\/es\/servizi-consolari-e-visti\/servizi-per-il-cittadino-straniero\/","title":{"rendered":"Servicios para el ciudadano extranjero"},"content":{"rendered":"<p>En esta secci\u00f3n, los ciudadanos de Chile o de otras nacionalidades pueden encontrar la informaci\u00f3n que les interesa (ciudadan\u00eda, solicitud de visado, etc.).<\/p>\n<p>Le rogamos que lea atentamente los puntos correspondientes del men\u00fa y que s\u00f3lo solicite m\u00e1s informaci\u00f3n en caso de dudas reales a <a href=\"mailto:consolato.santiago@esteri.it\">consolato.santiago@esteri.it<\/a><\/p>\n","protected":false},"excerpt":{"rendered":"En esta secci\u00f3n, los ciudadanos de Chile o de otras nacionalidades pueden encontrar la informaci\u00f3n que les interesa (ciudadan\u00eda, solicitud de visado, etc.). Le rogamos que lea atentamente los puntos correspondientes del men\u00fa y que s\u00f3lo solicite m\u00e1s informaci\u00f3n en caso de dudas reales a consolato.santiago@esteri.it","protected":false},"author":1,"featured_media":0,"parent":165,"menu_order":2,"comment_status":"closed","ping_status":"closed","template":"","meta":{"footnotes":""},"class_list":["post-223","page","type-page","status-publish","hentry"],"_links":{"self":[{"href":"https:\/\/ambsantiago.esteri.it\/es\/wp-json\/wp\/v2\/pages\/223","targetHints":{"allow":["GET"]}}],"collection":[{"href":"https:\/\/ambsantiago.esteri.it\/es\/wp-json\/wp\/v2\/pages"}],"about":[{"href":"https:\/\/ambsantiago.esteri.it\/es\/wp-json\/wp\/v2\/types\/page"}],"author":[{"embeddable":true,"href":"https:\/\/ambsantiago.esteri.it\/es\/wp-json\/wp\/v2\/users\/1"}],"replies":[{"embeddable":true,"href":"https:\/\/ambsantiago.esteri.it\/es\/wp-json\/wp\/v2\/comments?post=223"}],"version-history":[{"count":3,"href":"https:\/\/ambsantiago.esteri.it\/es\/wp-json\/wp\/v2\/pages\/223\/revisions"}],"predecessor-version":[{"id":791,"href":"https:\/\/ambsantiago.esteri.it\/es\/wp-json\/wp\/v2\/pages\/223\/revisions\/791"}],"up":[{"embeddable":true,"href":"https:\/\/ambsantiago.esteri.it\/es\/wp-json\/wp\/v2\/pages\/165"}],"wp:attachment":[{"href":"https:\/\/ambsantiago.esteri.it\/es\/wp-json\/wp\/v2\/media?parent=223"}],"curies":[{"name":"wp","href":"https:\/\/api.w.org\/{rel}","templated":true}]}}