{"id":222,"date":"2023-04-11T18:20:37","date_gmt":"2023-04-11T22:20:37","guid":{"rendered":"https:\/\/ambsantiago.esteri.it\/servizi-consolari-e-visti\/servizi-per-il-cittadino-italiano\/albo-consolare-e-altri-servizi\/"},"modified":"2026-03-24T09:25:51","modified_gmt":"2026-03-24T12:25:51","slug":"albo-consolare-e-altri-servizi","status":"publish","type":"page","link":"https:\/\/ambsantiago.esteri.it\/es\/servizi-consolari-e-visti\/servizi-per-il-cittadino-italiano\/albo-consolare-e-altri-servizi\/","title":{"rendered":"Registro consular y otros servicios"},"content":{"rendered":"<p>24\/03\/2026 &#8211; <strong>COMUNE DI ORANI &#8211; CONVOCATORIA DE VIVIENDAS SOCIALES<\/strong><\/p>\n<p>Est\u00e1 disponible en el siguiente enlace: <a href=\"https:\/\/ambsantiago.esteri.it\/wp-content\/uploads\/2026\/03\/Comune-di-ORANI-Bando-Ater-2026-e-allegati.pdf\">Comune di ORANI &#8211; Bando Ater 2026 e allegati<\/a><\/p>\n<p>&nbsp;<\/p>\n<p>10\/03\/2026 &#8211; <strong>AVISO DE DEPOSITO DE DOCUMENTOS<\/strong><\/p>\n<p>Est\u00e1 disponible en el siguiente enlace: <a href=\"https:\/\/ambsantiago.esteri.it\/wp-content\/uploads\/2026\/03\/Avviso-di-deposito-FRANETOVIC-YOB-Gonzalo-Jorge.pdf\">Aviso de deposito \u2013 FRANETOVIC YOB Gonzalo Jorge<\/a><\/p>\n<p>&nbsp;<\/p>\n<p>10\/03\/2026 &#8211; <strong>AVISO DE DEPOSITO DE DOCUMENTOS<\/strong><\/p>\n<p>Est\u00e1 disponible en el siguiente enlace: <a href=\"https:\/\/ambsantiago.esteri.it\/wp-content\/uploads\/2026\/03\/Avviso-di-deposito-FRANETOVIC-YOB-Claudio-Rodolfo-e-coniuge.pdf\">Aviso de deposito \u2013 FRANETOVIC YOB Claudio Rodolfo y c\u00f3nyuge<\/a><\/p>\n<p>&nbsp;<\/p>\n<p>03\/03\/2026 &#8211; <strong>AVISO DE DEPOSITO DE DOCUMENTOS<\/strong><\/p>\n<p>Est\u00e1 disponible en el siguiente enlace: <a href=\"https:\/\/ambsantiago.esteri.it\/wp-content\/uploads\/2026\/03\/Avviso-di-deposito-YOB-Karina-Alixandra.pdf\">Aviso de deposito \u2013 YOB Karina Alixandra<\/a><\/p>\n<p>&nbsp;<\/p>\n<p>27\/02\/2026 &#8211; <strong>AVISO DE DEPOSITO DE DOCUMENTOS<\/strong><\/p>\n<p>Est\u00e1 disponible en el siguiente enlace: <a href=\"https:\/\/ambsantiago.esteri.it\/wp-content\/uploads\/2026\/02\/Avviso-di-deposito-VACCARO-YOB-Vladimir-e-famiglia.pdf\">Aviso de deposito \u2013 VACCARO YOB Vladimir y familia<\/a><\/p>\n<p>&nbsp;<\/p>\n<p>17\/02\/2026 &#8211; <strong>AVISO DE DEPOSITO DE DOCUMENTOS<\/strong><\/p>\n<p>Est\u00e1 disponible en el siguiente enlace: <a href=\"https:\/\/ambsantiago.esteri.it\/wp-content\/uploads\/2026\/02\/Avviso-di-deposito-CASALETTI-ROJAS-Sergio-Mauricio-2.pdf\">Aviso de deposito \u2013 CASALETTI ROJAS Sergio Mauricio<\/a><\/p>\n<p>&nbsp;<\/p>\n<p>06\/02\/2026 &#8211; <strong>AVISO DE DEPOSITO DE DOCUMENTOS<\/strong><\/p>\n<p>Est\u00e1 disponible en el siguiente enlace: <a href=\"https:\/\/ambsantiago.esteri.it\/wp-content\/uploads\/2026\/02\/Avviso-di-deposito-YOB-Karina-Alixandra.pdf\">Aviso de deposito \u2013 YOB Karina Alixandra<\/a><\/p>\n<p>&nbsp;<\/p>\n<p>05\/02\/2026 &#8211; <strong>AVISO DE DEPOSITO DE DOCUMENTOS<\/strong><\/p>\n<p>Est\u00e1 disponible en el siguiente enlace: <a href=\"https:\/\/ambsantiago.esteri.it\/wp-content\/uploads\/2026\/02\/Avviso-di-deposito-ABAYAY-VEAS-Leripza-Andrea.pdf\">Aviso de deposito \u2013 ABAYAY VEAS Leripza Andrea<\/a><\/p>\n<p>&nbsp;<\/p>\n<p>30\/01\/2026 &#8211; <strong>AVISO DE DEPOSITO DE DOCUMENTOS<\/strong><\/p>\n<p>Est\u00e1 disponible en el siguiente enlace: <a href=\"https:\/\/ambsantiago.esteri.it\/wp-content\/uploads\/2026\/01\/Avviso-di-depositoVACCARO-DAVILA-Antonia-Fernanda-e-famiglia.pdf\">Aviso de deposito \u2013 VACCARO DAVILA Antonia Fernanda y familia<\/a><\/p>\n<p>&nbsp;<\/p>\n<p>28\/01\/2026 &#8211; <strong>AVISO DE DEPOSITO DE DOCUMENTOS<\/strong><\/p>\n<p>Est\u00e1 disponible en el siguiente enlace: <a href=\"https:\/\/ambsantiago.esteri.it\/wp-content\/uploads\/2026\/01\/Avviso-di-deposito-VACCARO-DAVILA-Antonia-Fernanda-e-famiglia.pdf\">Aviso de deposito \u2013 VACCARO DAVILA Antonia Fernanda y familia<\/a><\/p>\n<p>&nbsp;<\/p>\n<p>28\/01\/2026 &#8211; <strong>AVISO DE DEPOSITO DE DOCUMENTOS<\/strong><\/p>\n<p>Est\u00e1 disponible en el siguiente enlace: <a href=\"https:\/\/ambsantiago.esteri.it\/wp-content\/uploads\/2026\/01\/Avviso-di-deposito-VACCARO-OPORTO-Felipe-Ignacio.pdf\">Aviso de deposito \u2013 VACCARO OPORTO Felipe Ignacio<\/a><\/p>\n<p>&nbsp;<\/p>\n<p>28\/01\/2026 &#8211; <strong>AVISO DE DEPOSITO DE DOCUMENTOS<\/strong><\/p>\n<p>Est\u00e1 disponible en el siguiente enlace: <a href=\"https:\/\/ambsantiago.esteri.it\/wp-content\/uploads\/2026\/01\/Avviso-di-deposito-YOB-Alejandro-Albino-e-coniuge.pdf\">Aviso de deposito \u2013 YOB Alejandro Albino y c\u00f3nyuge<\/a><\/p>\n<p>&nbsp;<\/p>\n<p>28\/01\/2026 &#8211; <strong>AVISO DE DEPOSITO DE DOCUMENTOS<\/strong><\/p>\n<p>Est\u00e1 disponible en el siguiente enlace: <a href=\"https:\/\/ambsantiago.esteri.it\/wp-content\/uploads\/2026\/01\/Avviso-di-deposito-YOB-Jose-Anibal.pdf\">Aviso de deposito \u2013 YOB Jos\u00e9 Anibal<\/a><\/p>\n<p>&nbsp;<\/p>\n<p>27\/01\/2026 &#8211; <strong>AVISO DE DEPOSITO DE DOCUMENTOS<\/strong><\/p>\n<p>Est\u00e1 disponible en el siguiente enlace: <a href=\"https:\/\/ambsantiago.esteri.it\/wp-content\/uploads\/2026\/01\/Avviso-di-deposito-YOB-CRUZ-Paula-Waleska-1.pdf\">Aviso de deposito \u2013 YOB CRUZ Paula Waleska<\/a><\/p>\n<p>&nbsp;<\/p>\n<p>21\/01\/2026 &#8211; <strong>AVISO DE DEPOSITO DE DOCUMENTOS<\/strong><\/p>\n<p>Est\u00e1 disponible en el siguiente enlace: <a href=\"https:\/\/ambsantiago.esteri.it\/wp-content\/uploads\/2026\/01\/Avviso-di-deposito-FRANETOVIC-YOB-Jorge-Felipe.pdf\">Aviso de deposito \u2013 FRANETOVIC YOB Jorge Felipe<\/a><\/p>\n<p>&nbsp;<\/p>\n<p>21\/01\/2026 &#8211; <strong>AVISO DE DEPOSITO DE DOCUMENTOS<\/strong><\/p>\n<p>Est\u00e1 disponible en el siguiente enlace: <a href=\"https:\/\/ambsantiago.esteri.it\/wp-content\/uploads\/2026\/01\/Avviso-di-deposito-YOB-CRUZ-Paula-Waleska.pdf\">Aviso de deposito \u2013 YOB CRUZ Paula Waleska<\/a><\/p>\n<p>&nbsp;<\/p>\n<p>21\/01\/2026 &#8211; <strong>AVISO DE DEPOSITO DE DOCUMENTOS<\/strong><\/p>\n<p>Est\u00e1 disponible en el siguiente enlace: <a href=\"https:\/\/ambsantiago.esteri.it\/wp-content\/uploads\/2026\/01\/Avviso-di-deposito-YOB-Cecilia-Loreto.pdf\">Aviso de deposito \u2013 YOB Cecilia Loreto<\/a><\/p>\n<p>&nbsp;<\/p>\n<p>21\/01\/2026 &#8211; <strong>AVISO DE DEPOSITO DE DOCUMENTOS<\/strong><\/p>\n<p>Est\u00e1 disponible en el siguiente enlace: <a href=\"https:\/\/ambsantiago.esteri.it\/wp-content\/uploads\/2026\/01\/Avviso-di-deposito-YOB-Paulina-Mercedes-e-famiglia.pdf\">Aviso de deposito \u2013 YOB Paulina Mercedes y familia<\/a><\/p>\n<p>&nbsp;<\/p>\n<p>15\/01\/2026 &#8211; <strong>AVISO DE DEPOSITO DE DOCUMENTOS<\/strong><\/p>\n<p>Est\u00e1 disponible en el siguiente enlace: <a href=\"https:\/\/ambsantiago.esteri.it\/wp-content\/uploads\/2026\/01\/Avviso-di-deposito-FRANETOVIC-PARKER-Claudia-Soledad-e-famiglia.pdf\">Aviso de deposito \u2013 FRANETOVIC PARKER Claudia Soledad y familia<\/a><\/p>\n<p>&nbsp;<\/p>\n<p>13\/01\/2026 &#8211; <strong>AVISO DE DEPOSITO DE DOCUMENTOS<\/strong><\/p>\n<p>Est\u00e1 disponible en el siguiente enlace: <a href=\"https:\/\/ambsantiago.esteri.it\/wp-content\/uploads\/2026\/01\/Avviso-di-deposito-CASALETTI-ROJAS-Sergio-Mauricio.pdf\">Aviso de deposito &#8211; CASALETTI ROJAS Sergio Mauricio<\/a><\/p>\n<p>&nbsp;<\/p>\n<p>13\/01\/2026 &#8211; <strong>AVISO DE DEPOSITO DE DOCUMENTOS<\/strong><\/p>\n<p>Est\u00e1 disponible en el siguiente enlace: <a href=\"https:\/\/ambsantiago.esteri.it\/wp-content\/uploads\/2026\/01\/Avviso-di-deposito-VACCARO-YOB-Alejandro-Hernan-e-famiglia.pdf\">Aviso de deposito &#8211; VACCARO YOB Alejandro Hernan y familia<\/a><\/p>\n<p>&nbsp;<\/p>\n<p>12\/01\/2026 &#8211; <strong>AVISO DE DEPOSITO DE DOCUMENTOS<\/strong><\/p>\n<p>Est\u00e1 disponible en el siguiente enlace: <a href=\"https:\/\/ambsantiago.esteri.it\/wp-content\/uploads\/2026\/01\/Avviso-di-deposito-VACCARO-YOB-Vladimir-e-famiglia-1.pdf\">Aviso de deposito &#8211; VACCARO YOB Vladimir y familia<\/a><\/p>\n<p>&nbsp;<\/p>\n<p>09\/01\/2026 &#8211; <strong>AVISO DE DEPOSITO DE DOCUMENTOS<\/strong><\/p>\n<p>Est\u00e1 disponible en el siguiente enlace: <a href=\"https:\/\/ambsantiago.esteri.it\/wp-content\/uploads\/2026\/01\/Avviso-di-deposito-VACCARO-YOB-Vladimir-e-famiglia.pdf\">Aviso de deposito &#8211; VACCARO YOB Vladimir y familia<\/a><\/p>\n<p>&nbsp;<\/p>\n<p>30\/12\/2025 &#8211; <strong>AVISO DE DEPOSITO DE DOCUMENTOS<\/strong><\/p>\n<p>Est\u00e1 disponible en el siguiente enlace: <a href=\"https:\/\/ambsantiago.esteri.it\/wp-content\/uploads\/2025\/12\/Avviso-di-deposito-YOB-Adolfo-Andres-e-coniuge.pdf\">Aviso de deposito &#8211; YOB Adolfo Andr\u00e9s y ALARCON OSSA Ines Elena Amelia<\/a><\/p>\n<p>&nbsp;<\/p>\n<p>30\/12\/2025 &#8211; <strong>AVISO DE DEPOSITO DE DOCUMENTOS<\/strong><\/p>\n<p>Est\u00e1 disponible en el siguiente enlace: <a href=\"https:\/\/ambsantiago.esteri.it\/wp-content\/uploads\/2025\/12\/Avviso-di-deposito-FRANETOVIC-PISTELLI-Alejandro-Jose.pdf\">Aviso de deposito \u2013 FRANETOVIC PISTELLI Alejandro Jos\u00e9<\/a><\/p>\n<p>&nbsp;<\/p>\n<p>30\/12\/2025 &#8211; <strong>AVISO DE DEPOSITO DE DOCUMENTOS<\/strong><\/p>\n<p>Est\u00e1 disponible en el siguiente enlace: <a href=\"https:\/\/ambsantiago.esteri.it\/wp-content\/uploads\/2025\/12\/Avviso-di-deposito-YOB-Teresa-Violeta.pdf\">Aviso de deposito \u2013 YOB Teresa Violeta<\/a><\/p>\n<p>&nbsp;<\/p>\n<p>30\/12\/2025 &#8211; <strong>AVISO DE DEPOSITO DE DOCUMENTOS<\/strong><\/p>\n<p>Est\u00e1 disponible en el siguiente enlace: <a href=\"https:\/\/ambsantiago.esteri.it\/wp-content\/uploads\/2025\/12\/Avviso-di-deposito-FRANETOVIC-YOB-Maria-Teresa.pdf\">Aviso de deposito \u2013 FRANETOVIC YOB Maria Teresa<\/a><\/p>\n<p>&nbsp;<\/p>\n<p>28\/11\/2025 &#8211; <strong>AVISO DE DEPOSITO DE DOCUMENTOS<\/strong><\/p>\n<p>Est\u00e1 disponible en el siguiente enlace: <a href=\"https:\/\/ambsantiago.esteri.it\/wp-content\/uploads\/2025\/11\/Avviso-di-deposito-VACCARO-Maria-Veronica-e-famiglia.pdf\">Aviso de deposito &#8211; VACCARO Maria Veronica y familia<\/a><\/p>\n<p>&nbsp;<\/p>\n<p>28\/11\/2025 &#8211; <strong>AVISO DE DEPOSITO DE DOCUMENTOS<\/strong><\/p>\n<p>Est\u00e1 disponible en el siguiente enlace: <a href=\"https:\/\/ambsantiago.esteri.it\/wp-content\/uploads\/2025\/11\/Avviso-di-deposito-YOB-Maria-Elba-Veronica.pdf\">Aviso de deposito &#8211; YOB Maria Elba Veronica<\/a><\/p>\n<p>&nbsp;<\/p>\n<p>07\/11\/2025 &#8211; <strong>AVISO DE DEPOSITO DE DOCUMENTOS<\/strong><\/p>\n<p>Est\u00e1 disponible en el siguiente enlace: <a href=\"https:\/\/ambsantiago.esteri.it\/wp-content\/uploads\/2025\/11\/Avviso-di-deposito-YOB-Jose-Anibal.pdf\">Aviso de deposito &#8211; YOB Jos\u00e9 Anibal<\/a><\/p>\n<p>&nbsp;<\/p>\n<p>06\/11\/2025 &#8211; <strong>AVISO DE DEPOSITO DE DOCUMENTOS<\/strong><\/p>\n<p>Est\u00e1 disponible en el siguiente enlace: <a href=\"https:\/\/ambsantiago.esteri.it\/wp-content\/uploads\/2025\/11\/Avviso-di-deposito-YOB-Alejandro-Albino-e-coniuge.pdf\">Aviso de deposito &#8211; YOB Alejandro Albino e TALMA VILLARREAL Lucrecia Inda<\/a><\/p>\n<p>&nbsp;<\/p>\n<p>06\/11\/2025 &#8211; <strong>AVISO DE DEPOSITO DE DOCUMENTOS<\/strong><\/p>\n<p>Est\u00e1 disponible en el siguiente enlace: <a href=\"https:\/\/ambsantiago.esteri.it\/wp-content\/uploads\/2025\/11\/Avviso-di-deposito-YOB-Teresa-Violeta.pdf\">Aviso de deposito \u2013 YOB Teresa Violeta<\/a><\/p>\n<p>&nbsp;<\/p>\n<p>06\/11\/2025 &#8211; <strong>AVISO DE DEPOSITO DE DOCUMENTOS<\/strong><\/p>\n<p>Est\u00e1 disponible en el siguiente enlace: <a href=\"https:\/\/ambsantiago.esteri.it\/wp-content\/uploads\/2025\/11\/Avviso-di-deposito-VACCARO-YOB-Vladimir-e-famiglia.pdf\">Aviso de deposito &#8211; VACCARO YOB Vladimir, OPORTO SANTANDER Claudia Eugenia e VACCARO OPORTO Camila Alejandra Lucia<\/a><\/p>\n<p>&nbsp;<\/p>\n<p>06\/11\/2025 &#8211; <strong>AVISO DE DEPOSITO DE DOCUMENTOS<\/strong><\/p>\n<p>Est\u00e1 disponible en el siguiente enlace: <a href=\"https:\/\/ambsantiago.esteri.it\/wp-content\/uploads\/2025\/11\/Avviso-di-deposito-FRANETOVIC-YOB-Maria-Teresa.pdf\">Aviso de deposito \u2013 FRANETOVIC YOB Maria Teresa<\/a><\/p>\n<p>&nbsp;<\/p>\n<p>06\/11\/2025 &#8211; <strong>AVISO DE DEPOSITO DE DOCUMENTOS<\/strong><\/p>\n<p>Est\u00e1 disponible en el siguiente enlace: <a href=\"https:\/\/ambsantiago.esteri.it\/wp-content\/uploads\/2025\/11\/Avviso-di-deposito-FRANETOVIC-PISTELLI-Alejandro-Jose.pdf\">Aviso de deposito \u2013 FRANETOVIC PISTELLI Alejandro Jos\u00e9<\/a><\/p>\n<p>&nbsp;<\/p>\n<p>06\/11\/2025 &#8211; <strong>AVISO DE DEPOSITO DE DOCUMENTOS<\/strong><\/p>\n<p>Est\u00e1 disponible en el siguiente enlace: <a href=\"https:\/\/ambsantiago.esteri.it\/wp-content\/uploads\/2025\/11\/Avviso-di-deposito-YOB-Adolfo-Andres-e-coniuge.pdf\">Aviso de deposito &#8211; YOB Adolfo Andr\u00e9s e ALARCON OSSA Ines Elena Amelia<\/a><\/p>\n<p>&nbsp;<\/p>\n<p>30\/09\/2025 &#8211; <strong>AVISO DE DEPOSITO DE DOCUMENTOS<\/strong><\/p>\n<p>Est\u00e1 disponible en el siguiente enlace: <a href=\"https:\/\/ambsantiago.esteri.it\/wp-content\/uploads\/2025\/09\/Avviso-di-deposito-VACCARO-Maria-Veronica-e-famiglia.pdf\">Aviso de deposito &#8211; VACCARO Maria Veronica y familia<\/a><\/p>\n<p>&nbsp;<\/p>\n<p>30\/09\/2025 &#8211; <strong>AVISO DE DEPOSITO DE DOCUMENTOS<\/strong><\/p>\n<p>Est\u00e1 disponible en el siguiente enlace: <a href=\"https:\/\/ambsantiago.esteri.it\/wp-content\/uploads\/2025\/09\/Avviso-di-deposito-YOB-Maria-Elba-Veronica.pdf\">Aviso de deposito &#8211; YOB Maria Elba Veronica<\/a><\/p>\n<p>&nbsp;<\/p>\n<p>01\/08\/2025 &#8211; <strong>DECRETO DE DESIGNACI\u00d3N<\/strong><\/p>\n<p>Est\u00e1 disponible en el siguiente enlace: <a href=\"https:\/\/ambsantiago.esteri.it\/wp-content\/uploads\/2025\/08\/Delega-Funzioni-Consolari-Massetti.pdf\">decreto n. 18\/2025<\/a><\/p>\n<p>&nbsp;<\/p>\n<p>13\/06\/2025 &#8211; <strong>DECRETO DE DESIGNACI\u00d3N<\/strong><\/p>\n<p>Est\u00e1 disponible en el siguiente enlace: <a href=\"https:\/\/ambsantiago.esteri.it\/wp-content\/uploads\/2025\/06\/Delega-Sostituto-Capo-Marinucci-2.pdf\">decreto n. 14\/2025<\/a><\/p>\n<p>&nbsp;<\/p>\n<p>06\/02\/2025 &#8211; <strong>DECRETO DE DESIGNACI\u00d3N<\/strong><\/p>\n<p>Est\u00e1 disponible en el siguiente enlace: <a href=\"https:\/\/ambsantiago.esteri.it\/wp-content\/uploads\/2025\/02\/Delega-Funzioni-Consolari-Campos-Arlegui-2.pdf\">decreto n. 3\/2025<\/a><\/p>\n<p>&nbsp;<\/p>\n<p>31\/12\/2024 &#8211; <strong>DECRETO DE DESIGNACI\u00d3N<\/strong><\/p>\n<p>Est\u00e1 disponible en el siguiente enlace: <a href=\"https:\/\/ambsantiago.esteri.it\/wp-content\/uploads\/2024\/12\/Delega-Sostituto-Capo-Marcato.pdf\">decreto n. 20\/2024<\/a><\/p>\n<p>&nbsp;<\/p>\n<p>05\/11\/2024 &#8211; <strong>ADQUISICI\u00d3N DE MANIFESTACIONES DE INTER\u00c9S PARA SU INCLUSI\u00d3N EN EL LISTADO DE ABOGADOS Y BUFETES DE ABOGADOS DE LA EMBAJADA<\/strong><\/p>\n<p>Est\u00e1 disponible en el siguiente enlace: <a href=\"https:\/\/ambsantiago.esteri.it\/wp-content\/uploads\/2025\/01\/Bando-e-informativa-legali-di-riferimento-Santiago.pdf\">Bando e informativa legali di riferimento Santiago<\/a><\/p>\n<p>&nbsp;<\/p>\n<p>13\/05\/2024 &#8211; <strong>DECRETO DE DESIGNACI\u00d3N<\/strong><\/p>\n<p>Est\u00e1 disponible en el siguiente enlace: <a href=\"https:\/\/ambsantiago.esteri.it\/wp-content\/uploads\/2024\/05\/Delega-Funzioni-Consolari-Sartor.pdf\">decreto n. 6\/2024<\/a><\/p>\n<p>&nbsp;<\/p>\n<p>11\/01\/2024 &#8211; <strong>DECRETO DE DESIGNACI\u00d3N<\/strong><\/p>\n<p>Est\u00e1 disponible en el siguiente enlace: <a href=\"https:\/\/ambsantiago.esteri.it\/wp-content\/uploads\/2024\/01\/Delega-Funzioni-Consolari-Casini.pdf\">decreto n. 2\/2024<\/a><\/p>\n<p>&nbsp;<\/p>\n<p>07\/09\/2023 &#8211; <strong>DECRETO DE DESIGNACI\u00d3N<\/strong><\/p>\n<p>Est\u00e1 disponible en el siguiente enlace: <a href=\"https:\/\/ambsantiago.esteri.it\/wp-content\/uploads\/2023\/10\/Delega-Funzioni-Consolari-Marinucci.pdf\">decreto n. 34\/2023<\/a><\/p>\n<p>&nbsp;<\/p>\n<p>31\/07\/2023 &#8211; <strong>DECRETO DE DESIGNACI\u00d3N<\/strong><\/p>\n<p>Est\u00e1 disponible en el siguiente enlace: <a href=\"https:\/\/ambsantiago.esteri.it\/wp-content\/uploads\/2023\/10\/Delega-Funzioni-Consolari-Marchi.pdf\">decreto n. 31\/2023<\/a><\/p>\n<p>&nbsp;<\/p>\n<p>31\/07\/2023 &#8211; <strong>DECRETO DE DESIGNACI\u00d3N<\/strong><\/p>\n<p>Est\u00e1 disponible en el siguiente enlace: <a href=\"https:\/\/ambsantiago.esteri.it\/wp-content\/uploads\/2024\/12\/Delega-Funzioni-Consolari-Candiani-Guerra.pdf\">decreto n. 30\/2023<\/a><\/p>\n<p>&nbsp;<\/p>\n<p>31\/07\/2023 &#8211; <strong>DECRETO DE DESIGNACI\u00d3N<\/strong><\/p>\n<p>Est\u00e1 disponible en el siguiente enlace: <a href=\"https:\/\/ambsantiago.esteri.it\/wp-content\/uploads\/2024\/12\/Delega-Funzioni-Consolari-Di-Micco.pdf\">decreto n. 28\/2023<\/a><\/p>\n<p>&nbsp;<\/p>\n<p>31\/07\/2023 &#8211; <strong>DECRETO DE DESIGNACI\u00d3N<\/strong><\/p>\n<p>Est\u00e1 disponible en el siguiente enlace: <a href=\"https:\/\/ambsantiago.esteri.it\/wp-content\/uploads\/2023\/10\/Delega-Funzioni-Consolari-Ciardi.pdf\">decreto n. 27\/2023<\/a><\/p>\n<p>&nbsp;<\/p>\n<p>10\/07\/2023 &#8211; <strong>DECRETO DE DESIGNACI\u00d3N<\/strong><\/p>\n<p>Est\u00e1 disponible en el siguiente enlace: <a href=\"https:\/\/ambsantiago.esteri.it\/wp-content\/uploads\/2023\/10\/Decreto-di-Nomina-Capo-di-Cancelleria-consolare-n.-20.pdf\">decreto n. 20\/2023<\/a><\/p>\n<p>&nbsp;<\/p>\n<p>30\/05\/2023 &#8211; <strong>ADQUISICI\u00d3N DE MANIFESTACIONES DE INTER\u00c9S PARA SU INCLUSI\u00d3N EN EL LISTADO DE M\u00c9DICOS Y PROFESIONALES SANITARIOS DE LA EMBAJADA<\/strong><\/p>\n<p>Est\u00e1 disponible en el siguiente enlace: <a href=\"https:\/\/ambsantiago.esteri.it\/wp-content\/uploads\/2024\/11\/Bando-e-informativa-medici-di-riferimento-Santiago.pdf\">Bando e informativa medici di riferimento Santiago<\/a><\/p>\n<p>&nbsp;<\/p>\n<p>05\/10\/2020 &#8211; <strong>DECRETO<\/strong><\/p>\n<p>Est\u00e1 disponible en el siguiente enlace el <a href=\"https:\/\/ambsantiago.esteri.it\/wp-content\/uploads\/2024\/02\/Decreto-istituivo-Albo-Enti-gestori-2020.pdf\">decreto n. 9\/2020<\/a> que instituye el <a href=\"https:\/\/ambsantiago.esteri.it\/wp-content\/uploads\/2025\/11\/Albo-Consolare-Enti-Gestori-registrazioni-2024.pdf\">Albo degli Enti Gestori \/ Promotori della lingua e cultura italiana<\/a><\/p>\n<p>&nbsp;<\/p>\n","protected":false},"excerpt":{"rendered":"24\/03\/2026 &#8211; COMUNE DI ORANI &#8211; CONVOCATORIA DE VIVIENDAS SOCIALES Est\u00e1 disponible en el siguiente enlace: Comune di ORANI &#8211; Bando Ater 2026 e allegati &nbsp; 10\/03\/2026 &#8211; AVISO DE DEPOSITO DE DOCUMENTOS Est\u00e1 disponible en el siguiente enlace: Aviso de deposito \u2013 FRANETOVIC YOB Gonzalo Jorge &nbsp; 10\/03\/2026 &#8211; AVISO DE DEPOSITO DE DOCUMENTOS [&hellip;]","protected":false},"author":1,"featured_media":0,"parent":204,"menu_order":30,"comment_status":"closed","ping_status":"closed","template":"","meta":{"footnotes":""},"class_list":["post-222","page","type-page","status-publish","hentry"],"_links":{"self":[{"href":"https:\/\/ambsantiago.esteri.it\/es\/wp-json\/wp\/v2\/pages\/222","targetHints":{"allow":["GET"]}}],"collection":[{"href":"https:\/\/ambsantiago.esteri.it\/es\/wp-json\/wp\/v2\/pages"}],"about":[{"href":"https:\/\/ambsantiago.esteri.it\/es\/wp-json\/wp\/v2\/types\/page"}],"author":[{"embeddable":true,"href":"https:\/\/ambsantiago.esteri.it\/es\/wp-json\/wp\/v2\/users\/1"}],"replies":[{"embeddable":true,"href":"https:\/\/ambsantiago.esteri.it\/es\/wp-json\/wp\/v2\/comments?post=222"}],"version-history":[{"count":7,"href":"https:\/\/ambsantiago.esteri.it\/es\/wp-json\/wp\/v2\/pages\/222\/revisions"}],"predecessor-version":[{"id":13084,"href":"https:\/\/ambsantiago.esteri.it\/es\/wp-json\/wp\/v2\/pages\/222\/revisions\/13084"}],"up":[{"embeddable":true,"href":"https:\/\/ambsantiago.esteri.it\/es\/wp-json\/wp\/v2\/pages\/204"}],"wp:attachment":[{"href":"https:\/\/ambsantiago.esteri.it\/es\/wp-json\/wp\/v2\/media?parent=222"}],"curies":[{"name":"wp","href":"https:\/\/api.w.org\/{rel}","templated":true}]}}