{"id":221,"date":"2023-04-11T18:20:20","date_gmt":"2023-04-11T22:20:20","guid":{"rendered":"https:\/\/ambsantiago.esteri.it\/servizi-consolari-e-visti\/servizi-per-il-cittadino-italiano\/codice-fiscale\/"},"modified":"2026-02-11T13:47:50","modified_gmt":"2026-02-11T16:47:50","slug":"codice-fiscale","status":"publish","type":"page","link":"https:\/\/ambsantiago.esteri.it\/es\/servizi-consolari-e-visti\/servizi-per-il-cittadino-italiano\/codice-fiscale\/","title":{"rendered":"C\u00f3digo Fiscal"},"content":{"rendered":"<header class=\"entry-header\">\n<p class=\"entry-title h3\" style=\"text-align: center;\"><strong>C\u00f3digo Fiscal<\/strong><\/p>\n<\/header>\n<div class=\"entry-content\">\n<p style=\"text-align: justify;\">En las Oficinas Consulares en el extranjero es posible obtener un c\u00f3digo fiscal italiano para personas f\u00edsicas. El c\u00f3digo fiscal es necesario para realizar operaciones fiscales en Italia y se expide tanto a los ciudadanos italianos como a los extranjeros residentes en el territorio de la Circunscripci\u00f3n Consular de competencia.<\/p>\n<p style=\"text-align: justify;\">La Agencia Tributaria es la \u00fanica autoridad competente para expedir y validar el c\u00f3digo fiscal. Por lo tanto, la atribuci\u00f3n de dicho c\u00f3digo por parte de la Circunscripci\u00f3n Consular es una alternativa posible \u00fanicamente para las personas que residen en el extranjero. Para poder atribuir un c\u00f3digo fiscal a trav\u00e9s de las Oficinas Consulares, es imprescindible tener una direcci\u00f3n de residencia en el extranjero.<\/p>\n<p style=\"text-align: justify;\">Para cualquier informaci\u00f3n adicional en materia fiscal, visite la p\u00e1gina web oficial de la Agenzia delle Entrate: <a href=\"http:\/\/www.agenziaentrate.gov.it\">http:\/\/www.agenziaentrate.gov.it<\/a> .<\/p>\n<p style=\"text-align: justify;\">\n<p style=\"text-align: justify;\"><strong>C\u00f3mo solicitar la asignaci\u00f3n del c\u00f3digo fiscal<\/strong><\/p>\n<ul style=\"text-align: justify;\">\n<li>Los italianos inscritos en AIRE en la Circunscripci\u00f3n Consular de esta Embajada pueden descargar directamente el certificado de atribuci\u00f3n del c\u00f3digo fiscal a trav\u00e9s del portal <a href=\"https:\/\/serviziconsolari.esteri.it\/\">Fast It<\/a>.<\/li>\n<\/ul>\n<p style=\"padding-left: 40px; text-align: justify;\"><strong><em>\u00bfC\u00f3mo?<\/em><\/strong><\/p>\n<ol style=\"text-align: justify;\">\n<li style=\"list-style-type: none;\">\n<ol>\n<li>Acceda al portal <a href=\"https:\/\/serviziconsolari.esteri.it\/\">Fast It<\/a>;<\/li>\n<li>Haga clic en \u00abAnagrafe Consolare e AIRE\u00bb y luego en <strong>\u00abAttribuzione Codice Fiscale\u00bb<\/strong>;<\/li>\n<li>Confirme los datos e inicie la solicitud;<\/li>\n<li>Descargue de forma aut\u00f3noma (download) el certificado de atribuci\u00f3n del C\u00f3digo Fiscal.<\/li>\n<\/ol>\n<\/li>\n<\/ol>\n<p style=\"padding-left: 40px; text-align: justify;\"><strong>Si no puede descargar<\/strong> el certificado de atribuci\u00f3n del C\u00f3digo Fiscal:<\/p>\n<ol style=\"text-align: justify;\">\n<li style=\"list-style-type: none;\">\n<ol>\n<li>Reg\u00edstrese en el portal <a href=\"https:\/\/serviziconsolari.esteri.it\/\">Fast It<\/a>, o inicie sesi\u00f3n si ya tiene una cuenta activa;<\/li>\n<li>Solicite la \u00abAsociaci\u00f3n en l\u00ednea\u00bb haciendo clic en \u00abAnagrafe Consolare e AIRE\u00bb y, a continuaci\u00f3n, en \u00abVer su ficha de datos personales\u00bb;<\/li>\n<li>En un plazo de 2 d\u00edas laborables a partir de la solicitud, recibir\u00e1 un mensaje de asociaci\u00f3n correcta en su buz\u00f3n de correo electr\u00f3nico.<\/li>\n<li>Vuelva a conectarse al portal y descargue el certificado.<\/li>\n<\/ol>\n<\/li>\n<\/ol>\n<ul style=\"text-align: justify;\">\n<li>por correo electr\u00f3nico, enviando un correo electr\u00f3nico a <a href=\"mailto:consolato.santiago@esteri.it\">consolato.santiago@esteri.it<\/a> que contenga una copia escaneada del formulario AA4\/8 de la Agencia Tributaria debidamente cumplimentado y firmado junto con una copia de los documentos de identidad tanto italianos como chilenos (escaneados en formato PDF y en modo \u00abescala de grises\u00bb);<\/li>\n<li>acudiendo a las <a href=\"https:\/\/ambsantiago.esteri.it\/es\/chi-siamo\/la-rete-consolare\/\">Oficinas Consulares Honorarias<\/a>;<\/li>\n<li>present\u00e1ndose personalmente en la Canciller\u00eda Consular de la Embajada en Santiago;<\/li>\n<\/ul>\n<p style=\"text-align: justify;\">En los \u00faltimos tres casos el documento de asignaci\u00f3n del c\u00f3digo fiscal ser\u00e1 enviado al interesado por correo electr\u00f3nico. El suministro de una direcci\u00f3n de correo electr\u00f3nico v\u00e1lida es, por tanto, indispensable para el correcto funcionamiento del servicio.<\/p>\n<p style=\"text-align: justify;\">Para la mayor\u00eda de las operaciones fiscales no es necesario estar en posesi\u00f3n de la tarjeta de pl\u00e1stico. Sin embargo, puede solicitarse en Italia, en las oficinas de la Agencia Tributaria.<\/p>\n<p style=\"text-align: justify;\">El coste del env\u00edo de la tarjeta de pl\u00e1stico al domicilio corre a cargo del solicitante.<\/p>\n<p style=\"text-align: justify;\">\n<p style=\"text-align: justify;\">Modulistica:<\/p>\n<ul>\n<li style=\"text-align: justify;\"><a href=\"https:\/\/ambsantiago.esteri.it\/wp-content\/uploads\/2023\/10\/modello_richiesta_codice_fiscale.pdf\">FORMULARIO SOLICITUD C\u00d3DIGO FISCAL<\/a><\/li>\n<\/ul>\n<\/div>\n","protected":false},"excerpt":{"rendered":"C\u00f3digo Fiscal En las Oficinas Consulares en el extranjero es posible obtener un c\u00f3digo fiscal italiano para personas f\u00edsicas. El c\u00f3digo fiscal es necesario para realizar operaciones fiscales en Italia y se expide tanto a los ciudadanos italianos como a los extranjeros residentes en el territorio de la Circunscripci\u00f3n Consular de competencia. La Agencia Tributaria [&hellip;]","protected":false},"author":1,"featured_media":0,"parent":204,"menu_order":20,"comment_status":"closed","ping_status":"closed","template":"","meta":{"footnotes":""},"class_list":["post-221","page","type-page","status-publish","hentry"],"_links":{"self":[{"href":"https:\/\/ambsantiago.esteri.it\/es\/wp-json\/wp\/v2\/pages\/221","targetHints":{"allow":["GET"]}}],"collection":[{"href":"https:\/\/ambsantiago.esteri.it\/es\/wp-json\/wp\/v2\/pages"}],"about":[{"href":"https:\/\/ambsantiago.esteri.it\/es\/wp-json\/wp\/v2\/types\/page"}],"author":[{"embeddable":true,"href":"https:\/\/ambsantiago.esteri.it\/es\/wp-json\/wp\/v2\/users\/1"}],"replies":[{"embeddable":true,"href":"https:\/\/ambsantiago.esteri.it\/es\/wp-json\/wp\/v2\/comments?post=221"}],"version-history":[{"count":6,"href":"https:\/\/ambsantiago.esteri.it\/es\/wp-json\/wp\/v2\/pages\/221\/revisions"}],"predecessor-version":[{"id":12358,"href":"https:\/\/ambsantiago.esteri.it\/es\/wp-json\/wp\/v2\/pages\/221\/revisions\/12358"}],"up":[{"embeddable":true,"href":"https:\/\/ambsantiago.esteri.it\/es\/wp-json\/wp\/v2\/pages\/204"}],"wp:attachment":[{"href":"https:\/\/ambsantiago.esteri.it\/es\/wp-json\/wp\/v2\/media?parent=221"}],"curies":[{"name":"wp","href":"https:\/\/api.w.org\/{rel}","templated":true}]}}