{"id":220,"date":"2023-04-11T18:20:09","date_gmt":"2023-04-11T22:20:09","guid":{"rendered":"https:\/\/ambsantiago.esteri.it\/servizi-consolari-e-visti\/servizi-per-il-cittadino-italiano\/autoveicoli-e-patenti-di-guida\/"},"modified":"2026-03-12T09:28:56","modified_gmt":"2026-03-12T12:28:56","slug":"autoveicoli-e-patenti-di-guida","status":"publish","type":"page","link":"https:\/\/ambsantiago.esteri.it\/es\/servizi-consolari-e-visti\/servizi-per-il-cittadino-italiano\/autoveicoli-e-patenti-di-guida\/","title":{"rendered":"Veh\u00edculos a motor y permisos de conducci\u00f3n"},"content":{"rendered":"<p style=\"text-align: center;\"><strong>RENOVACI\u00d3N DEL PERMISO DE CONDUCCI\u00d3N<\/strong><\/p>\n<p>El servicio de renovaci\u00f3n del permiso de conducci\u00f3n italiano funciona exclusivamente los <strong>mi\u00e9rcoles<\/strong> y <strong>viernes<\/strong> de 9.00 a 12.00 horas, sin cita previa.<\/p>\n<p>&nbsp;<\/p>\n<p style=\"text-align: center;\"><strong>PARTE GENERAL<\/strong><\/p>\n<p style=\"text-align: justify;\"><strong>Los titulares de un permiso de conducir italiano que residan o permanezcan durante un per\u00edodo m\u00ednimo de seis meses en pa\u00edses no pertenecientes a la UE pueden obtener de las autoridades diplom\u00e1tico-consulares italianas competentes la confirmaci\u00f3n de la validez de su permiso de conducir italiano<\/strong>, que no haya caducado hace m\u00e1s de cinco a\u00f1os y no se encuentre entre los casos previstos en el art\u00edculo 119, apartados 2-bis y 4, del C\u00f3digo de Circulaci\u00f3n (licencias de conducir de conductores diab\u00e9ticos o cuya aptitud psicof\u00edsica deba ser certificada por comisiones m\u00e9dicas espec\u00edficas). Los interesados deber\u00e1n someterse a la visita m\u00e9dica prevista para comprobar los requisitos ps\u00edquicos y f\u00edsicos, tras lo cual la representaci\u00f3n diplom\u00e1tico-consular expedir\u00e1 el correspondiente certificado de renovaci\u00f3n.<\/p>\n<p style=\"text-align: justify;\"><strong>La renovaci\u00f3n realizada en una representaci\u00f3n diplom\u00e1tico-consular es v\u00e1lida para circular tanto en Italia como en el extranjero.<\/strong><\/p>\n<p style=\"text-align: justify;\"><strong>Una vez recuperada la residencia o la estancia en Italia, el permiso de conducir deber\u00e1 ser confirmado por la oficina central competente del Departamento de Transporte, Navegaci\u00f3n y Sistemas de Informaci\u00f3n y Estad\u00edstica.<\/strong><\/p>\n<p>La renovaci\u00f3n del permiso de conducci\u00f3n var\u00eda en funci\u00f3n de la edad de la persona y del tipo de permiso que posea:<\/p>\n<ul>\n<li><span style=\"text-decoration: underline;\">Permiso A<\/span>:<\/li>\n<\/ul>\n<p style=\"padding-left: 80px;\">1. Renovaci\u00f3n por 10 a\u00f1os hasta los 50 a\u00f1os;<\/p>\n<p style=\"padding-left: 80px;\">2. Renovaci\u00f3n por 5 a\u00f1os para entre 50 y 70 a\u00f1os;<\/p>\n<p style=\"padding-left: 80px;\">3. Renovaci\u00f3n por 3 a\u00f1os despu\u00e9s de los 70 a\u00f1os.<\/p>\n<ul>\n<li><span style=\"text-decoration: underline;\">Permiso B<\/span>:<\/li>\n<\/ul>\n<p style=\"padding-left: 80px;\">1. Renovaci\u00f3n por 10 a\u00f1os hasta los 50 a\u00f1os de edad;<\/p>\n<p style=\"padding-left: 80px;\">2. Renovaci\u00f3n por 5 a\u00f1os para entre 50 y 70 a\u00f1os;<\/p>\n<p style=\"padding-left: 80px;\">3. Renovaci\u00f3n por 3 a\u00f1os despu\u00e9s de los 70 a\u00f1os.<\/p>\n<ul>\n<li><span style=\"text-decoration: underline;\">Permiso C<\/span>:<\/li>\n<\/ul>\n<p style=\"padding-left: 80px;\">1. Renovaci\u00f3n por 5 a\u00f1os hasta los 65 a\u00f1os de edad;<\/p>\n<p style=\"padding-left: 80px;\">2. Renovaci\u00f3n por 2 a\u00f1os despu\u00e9s de los 65 a\u00f1os.<\/p>\n<ul>\n<li><span style=\"text-decoration: underline;\">Permiso D<\/span>:<\/li>\n<\/ul>\n<p style=\"padding-left: 80px;\">1. Renovaci\u00f3n por 5 a\u00f1os hasta los 60 a\u00f1os;<\/p>\n<p style=\"padding-left: 80px;\">2. Renovaci\u00f3n por un a\u00f1o despu\u00e9s de los 60 a\u00f1os.<\/p>\n<p>La renovaci\u00f3n consiste en la expedici\u00f3n de un resguardo en el que figuran los datos del permiso de conducci\u00f3n del titular y el periodo de renovaci\u00f3n. <strong>NO <\/strong>se expiden nuevas tarjetas\/permisos de conducci\u00f3n.<\/p>\n<p>&nbsp;<\/p>\n<p>Para renovar el permiso de conducir italiano de los <strong><span style=\"text-decoration: underline;\">ciudadanos inscritos en AIRE<\/span><\/strong>, es necesario:<\/p>\n<p style=\"padding-left: 40px;\">1. que el permiso de conducir <strong>NO <\/strong>lleve caducado m\u00e1s de 5 a\u00f1os;<\/p>\n<p style=\"padding-left: 40px;\">2. someterse a un reconocimiento m\u00e9dico por parte de uno de los funcionarios m\u00e9dicos de la Embajada, que deber\u00e1 cumplimentar un certificado m\u00e9dico (<a href=\"https:\/\/ambsantiago.esteri.it\/wp-content\/uploads\/2023\/06\/modello_certmedico_rinnovo_patenti.pdf\">formulario espec\u00edfico<\/a>);<\/p>\n<p style=\"padding-left: 40px;\">3. 1 foto de pasaporte (4X4 fondo blanco)<\/p>\n<p>Para proceder a la renovaci\u00f3n del permiso de conducir italiano de los <strong><span style=\"text-decoration: underline;\">ciudadanos que se encuentran temporalmente en Chile<\/span><\/strong> (durante un per\u00edodo m\u00ednimo de 6 meses), es necesario:<\/p>\n<p style=\"padding-left: 40px;\">1. que el permiso <strong>NO <\/strong>haya caducado hace m\u00e1s de 3 a\u00f1os;<\/p>\n<p style=\"padding-left: 40px;\">2. someterse a un examen m\u00e9dico con el m\u00e9dico oficial de la Embajada, que deber\u00e1 rellenar un certificado m\u00e9dico (<a href=\"https:\/\/ambsantiago.esteri.it\/wp-content\/uploads\/2023\/06\/modello_certmedico_rinnovo_patenti.pdf\">formulario espec\u00edfico<\/a>);<\/p>\n<p style=\"padding-left: 40px;\">3. 1 foto de pasaporte (4X4 fondo blanco)<\/p>\n<p style=\"padding-left: 40px;\">4. Solicitar autorizaci\u00f3n de renovaci\u00f3n v\u00eda PEC al Departamento de Motorizaci\u00f3n Civil donde se expidi\u00f3 el permiso de conducir. La Direcci\u00f3n de Motorizaci\u00f3n Civil debe proporcionar el Nulla Osta e indicar el per\u00edodo de renovaci\u00f3n.<\/p>\n<p>&nbsp;<\/p>\n<p><strong>M\u00c9DICO DE CONFIANZA:<\/strong><\/p>\n<p>Dr. Augusto Brizzolara &#8211; El Trovador 4280, depto. 1108, Providencia, tel. +56223425139 (llamar despu\u00e9s de las 11.00 horas)<\/p>\n<p>&nbsp;<\/p>\n<p><strong>FORMULARIOS<\/strong>:<\/p>\n<ul>\n<li><a href=\"https:\/\/ambsantiago.esteri.it\/wp-content\/uploads\/2023\/06\/modello_certmedico_rinnovo_patenti.pdf\">Formulario para visita m\u00e9dica<\/a><\/li>\n<\/ul>\n","protected":false},"excerpt":{"rendered":"RENOVACI\u00d3N DEL PERMISO DE CONDUCCI\u00d3N El servicio de renovaci\u00f3n del permiso de conducci\u00f3n italiano funciona exclusivamente los mi\u00e9rcoles y viernes de 9.00 a 12.00 horas, sin cita previa. &nbsp; PARTE GENERAL Los titulares de un permiso de conducir italiano que residan o permanezcan durante un per\u00edodo m\u00ednimo de seis meses en pa\u00edses no pertenecientes a [&hellip;]","protected":false},"author":1,"featured_media":0,"parent":204,"menu_order":24,"comment_status":"closed","ping_status":"closed","template":"","meta":{"footnotes":""},"class_list":["post-220","page","type-page","status-publish","hentry"],"_links":{"self":[{"href":"https:\/\/ambsantiago.esteri.it\/es\/wp-json\/wp\/v2\/pages\/220","targetHints":{"allow":["GET"]}}],"collection":[{"href":"https:\/\/ambsantiago.esteri.it\/es\/wp-json\/wp\/v2\/pages"}],"about":[{"href":"https:\/\/ambsantiago.esteri.it\/es\/wp-json\/wp\/v2\/types\/page"}],"author":[{"embeddable":true,"href":"https:\/\/ambsantiago.esteri.it\/es\/wp-json\/wp\/v2\/users\/1"}],"replies":[{"embeddable":true,"href":"https:\/\/ambsantiago.esteri.it\/es\/wp-json\/wp\/v2\/comments?post=220"}],"version-history":[{"count":6,"href":"https:\/\/ambsantiago.esteri.it\/es\/wp-json\/wp\/v2\/pages\/220\/revisions"}],"predecessor-version":[{"id":12938,"href":"https:\/\/ambsantiago.esteri.it\/es\/wp-json\/wp\/v2\/pages\/220\/revisions\/12938"}],"up":[{"embeddable":true,"href":"https:\/\/ambsantiago.esteri.it\/es\/wp-json\/wp\/v2\/pages\/204"}],"wp:attachment":[{"href":"https:\/\/ambsantiago.esteri.it\/es\/wp-json\/wp\/v2\/media?parent=220"}],"curies":[{"name":"wp","href":"https:\/\/api.w.org\/{rel}","templated":true}]}}