{"id":218,"date":"2023-04-11T18:19:34","date_gmt":"2023-04-11T22:19:34","guid":{"rendered":"https:\/\/ambsantiago.esteri.it\/servizi-consolari-e-visti\/servizi-per-il-cittadino-italiano\/pensioni-e-sicurezza-sociale\/"},"modified":"2024-08-29T17:07:16","modified_gmt":"2024-08-29T21:07:16","slug":"pensioni-e-sicurezza-sociale","status":"publish","type":"page","link":"https:\/\/ambsantiago.esteri.it\/es\/servizi-consolari-e-visti\/servizi-per-il-cittadino-italiano\/pensioni-e-sicurezza-sociale\/","title":{"rendered":"Pensiones y seguridad social"},"content":{"rendered":"<p style=\"text-align: center;\"><strong>ASPECTOS FISCALES DE LAS PENSIONES<\/strong><\/p>\n<p>En cuanto a los aspectos fiscales de las pensiones, Italia ha firmado convenios con varios pa\u00edses para evitar la doble imposici\u00f3n. Estos convenios prev\u00e9n que la pensi\u00f3n se desgrave en el pa\u00eds de pago y se grave \u00fanicamente en el pa\u00eds de residencia.<br \/>\nItalia ha celebrado convenios de este tipo con Albania, Algeria, Arabia Saudita, Argentina, Armenia, Australia, Austria, Azerbaigian, Bangladesh, Belgio, Bielorussia, Brasile, Bulgaria, Canada, <strong>Chile<\/strong>, Cina, Cipro, Corea del Sud, Costa D\u2019Avorio, Croazia, Danimarca, Ecuador, Egitto, Emirati Arabi Uniti, Estonia, Federazione Russa, Filippine, Finlandia, Francia, Georgia, Germania, Ghana, Giappone, Giordania, Grecia, India, Indonesia, Irlanda, Islanda, Israele, Ex Jugoslavia (el Convenio se aplica actualmente a Bosnia-Erzegovina, Serbia e Montenegro), Kazakhistan, Kuwait, Lettonia, Lituania, Lussemburgo, Macedonia, Malaysia, Malta, Marocco, Mauritius, Messico, Moldova, Mozambico, Norvegia, Nuova Zelanda, Oman, Paesi Bassi, Pakistan, Polonia, Portogallo, Qatar, Regno Unito, Repubblica Ceca, Repubblica Slovacca, Romania, Senegal, Singapore, Siria, Slovenia, Spagna, Sri Lanka, Stati Uniti d\u2019America, Sud Africa, Svezia, Svizzera, Tanzania, Thailandia, Trinidad e Tobago, Tunisia, Turchia, Ucraina, Uganda, Ungheria, Ex Unione Sovietica (los pa\u00edses sucesores aplican el Convenio a menos que se celebre y entre en vigor un convenio propio), Uzbekistan, Venezuela, Vietnam, Zambia.<\/p>\n<p>Para m\u00e1s informaci\u00f3n sobre <strong>c\u00f3mo solicitar la aplicaci\u00f3n del Convenio Internacional entre Italia y Chile<\/strong> contra la doble imposici\u00f3n, visite la p\u00e1gina web <a href=\"https:\/\/www.inps.it\/it\/it.html?itemdir=49937\">https:\/\/www.inps.it\/it\/it.html?itemdir=49937<\/a><\/p>\n<p>&nbsp;<\/p>\n<p style=\"text-align: center;\"><strong>PAGO DE PENSIONES EN EL EXTRANJERO<\/strong><\/p>\n<p>Para el pago de las pensiones a los derechohabientes residentes en el extranjero, el INPS recurre a una entidad de cr\u00e9dito adjudicataria de un concurso que se renueva cada tres a\u00f1os. El banco encargado del servicio opera a su vez a trav\u00e9s de entidades de cr\u00e9dito corresponsales en las distintas zonas.<br \/>\nLas pensiones se abonan mensualmente a los residentes en el extranjero. Las pensiones inferiores a un l\u00edmite legalmente establecido se abonan cada seis meses, como en el caso de los pensionistas en Italia. Por lo general, las pensiones se abonan en la cuenta corriente del pensionista.<br \/>\nEl banco encargado de los pagos se encarga de comprobar anualmente la existencia, la direcci\u00f3n y la residencia del pensionista.<\/p>\n<p>Los pensionistas que necesiten un certificado de existencia en vida para tr\u00e1mites relacionados con la pensi\u00f3n pueden dirigirse directamente a la Oficina del Registro Consular de la Embajada de Italia en Santiago, situada en la calle Rom\u00e1n D\u00edaz 1270, sin cita previa, en <a href=\"https:\/\/ambsantiago.esteri.it\/it\/chi-siamo\/gli-uffici\/orario-di-apertura-al-pubblico\/\">horario de atenci\u00f3n al p\u00fablico<\/a>.<\/p>\n<p style=\"text-align: center;\"><strong>PENSIONES &#8211; PATRONATOS<\/strong><\/p>\n<p>Los patronatos son organismos italianos creados para prestar asistencia a los ciudadanos en materia de seguridad social y pensiones.<\/p>\n<p>Se ocupan de la asistencia social italiana y extranjera, prestando apoyo y asesoramiento en los siguientes \u00e1mbitos:<\/p>\n<ul>\n<li>pensiones (contributivas y no contributivas): informaci\u00f3n, asesoramiento, inicio de tr\u00e1mites, b\u00fasqueda de cotizaciones laborales pagadas en otros pa\u00edses<\/li>\n<li>c\u00e1lculo de la base imponible (de los pa\u00edses donde ha trabajado)<\/li>\n<li>RED\/EST: declaraci\u00f3n de la renta a presentar en la oficina del INPS correspondiente<\/li>\n<li>problemas relacionados con diversas instituciones de seguridad social (pensiones impagadas, cambio de banco, cambio de residencia, exenci\u00f3n fiscal italiana, nuevo c\u00e1lculo de la pensi\u00f3n, etc.)<\/li>\n<li>declaraciones de diverso tipo (no cobertura sanitaria, no pensiones italianas, etc.)<\/li>\n<li>solicitud de cobertura sanitaria para los pensionistas en el extranjero<\/li>\n<li>inclusi\u00f3n del tiempo militar en la declaraci\u00f3n fiscal a efectos de pensi\u00f3n.<\/li>\n<\/ul>\n<p>En Chile operan 3 Patronatos:<\/p>\n<ul>\n<li><strong>PATRONATO ACLI<\/strong><\/li>\n<\/ul>\n<p style=\"padding-left: 40px;\">Calle Bustamante 180 &#8211; Providencia<\/p>\n<p style=\"padding-left: 40px;\">Tel 22225247 &#8211; 226650340<\/p>\n<p style=\"padding-left: 40px;\">e-mail: <a href=\"mailto:santiago@patronato.acli.it\">santiago@patronato.acli.it<\/a><\/p>\n<ul>\n<li><strong>PATRONATO INAS<\/strong><\/li>\n<\/ul>\n<p style=\"padding-left: 40px;\">La Capitan\u00eda 490<\/p>\n<p style=\"padding-left: 40px;\">Tel. 223785146 &#8211; 223785147<\/p>\n<p style=\"padding-left: 40px;\">correo electr\u00f3nico: <a href=\"mailto:inasantiagocile@gmail.com\">inasantiagocile@gmail.com<\/a><\/p>\n<ul>\n<li><strong>PATRONATO INCA<\/strong><\/li>\n<\/ul>\n<p style=\"padding-left: 40px;\">Tucapel Jimenez 34 &#8211; Santiago Centro<\/p>\n<p style=\"padding-left: 40px;\">Tel 226954609 &#8211; 226717928<\/p>\n<p style=\"padding-left: 40px;\">e-mail: <a href=\"mailto:Santiago.cile@inca.it\">santiago.cile@inca.it<\/a><\/p>\n","protected":false},"excerpt":{"rendered":"ASPECTOS FISCALES DE LAS PENSIONES En cuanto a los aspectos fiscales de las pensiones, Italia ha firmado convenios con varios pa\u00edses para evitar la doble imposici\u00f3n. Estos convenios prev\u00e9n que la pensi\u00f3n se desgrave en el pa\u00eds de pago y se grave \u00fanicamente en el pa\u00eds de residencia. Italia ha celebrado convenios de este tipo [&hellip;]","protected":false},"author":1,"featured_media":0,"parent":204,"menu_order":16,"comment_status":"closed","ping_status":"closed","template":"","meta":{"footnotes":""},"class_list":["post-218","page","type-page","status-publish","hentry"],"_links":{"self":[{"href":"https:\/\/ambsantiago.esteri.it\/es\/wp-json\/wp\/v2\/pages\/218","targetHints":{"allow":["GET"]}}],"collection":[{"href":"https:\/\/ambsantiago.esteri.it\/es\/wp-json\/wp\/v2\/pages"}],"about":[{"href":"https:\/\/ambsantiago.esteri.it\/es\/wp-json\/wp\/v2\/types\/page"}],"author":[{"embeddable":true,"href":"https:\/\/ambsantiago.esteri.it\/es\/wp-json\/wp\/v2\/users\/1"}],"replies":[{"embeddable":true,"href":"https:\/\/ambsantiago.esteri.it\/es\/wp-json\/wp\/v2\/comments?post=218"}],"version-history":[{"count":5,"href":"https:\/\/ambsantiago.esteri.it\/es\/wp-json\/wp\/v2\/pages\/218\/revisions"}],"predecessor-version":[{"id":5417,"href":"https:\/\/ambsantiago.esteri.it\/es\/wp-json\/wp\/v2\/pages\/218\/revisions\/5417"}],"up":[{"embeddable":true,"href":"https:\/\/ambsantiago.esteri.it\/es\/wp-json\/wp\/v2\/pages\/204"}],"wp:attachment":[{"href":"https:\/\/ambsantiago.esteri.it\/es\/wp-json\/wp\/v2\/media?parent=218"}],"curies":[{"name":"wp","href":"https:\/\/api.w.org\/{rel}","templated":true}]}}