{"id":208,"date":"2023-04-11T18:18:56","date_gmt":"2023-04-11T22:18:56","guid":{"rendered":"https:\/\/ambsantiago.esteri.it\/servizi-consolari-e-visti\/servizi-per-il-cittadino-italiano\/servizi-elettorali\/"},"modified":"2023-06-07T14:14:41","modified_gmt":"2023-06-07T18:14:41","slug":"servizi-elettorali","status":"publish","type":"page","link":"https:\/\/ambsantiago.esteri.it\/es\/servizi-consolari-e-visti\/servizi-per-il-cittadino-italiano\/servizi-elettorali\/","title":{"rendered":"Servicios electorales"},"content":{"rendered":"<p>La Oficina de Servicios Electorales es responsable de la gesti\u00f3n de todas las elecciones nacionales y europeas a las que est\u00e1n llamados a participar los electores residentes en la circunscripci\u00f3n.<\/p>\n","protected":false},"excerpt":{"rendered":"La Oficina de Servicios Electorales es responsable de la gesti\u00f3n de todas las elecciones nacionales y europeas a las que est\u00e1n llamados a participar los electores residentes en la circunscripci\u00f3n.","protected":false},"author":1,"featured_media":0,"parent":204,"menu_order":12,"comment_status":"closed","ping_status":"closed","template":"","meta":{"footnotes":""},"class_list":["post-208","page","type-page","status-publish","hentry"],"_links":{"self":[{"href":"https:\/\/ambsantiago.esteri.it\/es\/wp-json\/wp\/v2\/pages\/208","targetHints":{"allow":["GET"]}}],"collection":[{"href":"https:\/\/ambsantiago.esteri.it\/es\/wp-json\/wp\/v2\/pages"}],"about":[{"href":"https:\/\/ambsantiago.esteri.it\/es\/wp-json\/wp\/v2\/types\/page"}],"author":[{"embeddable":true,"href":"https:\/\/ambsantiago.esteri.it\/es\/wp-json\/wp\/v2\/users\/1"}],"replies":[{"embeddable":true,"href":"https:\/\/ambsantiago.esteri.it\/es\/wp-json\/wp\/v2\/comments?post=208"}],"version-history":[{"count":2,"href":"https:\/\/ambsantiago.esteri.it\/es\/wp-json\/wp\/v2\/pages\/208\/revisions"}],"predecessor-version":[{"id":531,"href":"https:\/\/ambsantiago.esteri.it\/es\/wp-json\/wp\/v2\/pages\/208\/revisions\/531"}],"up":[{"embeddable":true,"href":"https:\/\/ambsantiago.esteri.it\/es\/wp-json\/wp\/v2\/pages\/204"}],"wp:attachment":[{"href":"https:\/\/ambsantiago.esteri.it\/es\/wp-json\/wp\/v2\/media?parent=208"}],"curies":[{"name":"wp","href":"https:\/\/api.w.org\/{rel}","templated":true}]}}