{"id":207,"date":"2023-04-11T18:18:20","date_gmt":"2023-04-11T22:18:20","guid":{"rendered":"https:\/\/ambsantiago.esteri.it\/servizi-consolari-e-visti\/servizi-per-il-cittadino-italiano\/assistenza-ai-cittadini-allestero\/"},"modified":"2026-04-14T11:24:01","modified_gmt":"2026-04-14T15:24:01","slug":"assistenza-ai-cittadini-allestero","status":"publish","type":"page","link":"https:\/\/ambsantiago.esteri.it\/es\/servizi-consolari-e-visti\/servizi-per-il-cittadino-italiano\/assistenza-ai-cittadini-allestero\/","title":{"rendered":"Asistencia a ciudadanos en el extranjero"},"content":{"rendered":"<p style=\"text-align: center;\"><strong>ASISTENCIA A CONNACIONALES<\/strong><\/p>\n<p style=\"text-align: justify;\">Para solicitudes de asistencia e informaci\u00f3n, escriba a <a href=\"mailto:consolato.santiago@esteri.it\">consolato.santiago@esteri.it<\/a>\u00a0.<\/p>\n<p style=\"text-align: justify;\">S\u00f3lo para <strong>emergencias reales y aut\u00e9nticas<\/strong>, es posible llamar al siguiente n\u00famero: <strong>+56 9 7809 8998<\/strong>. Este n\u00famero no est\u00e1 conectado con la estructura de oficinas de la Canciller\u00eda Consular y el funcionario encargado no responder\u00e1 a solicitudes sobre tr\u00e1mites consulares.<\/p>\n<p style=\"text-align: justify;\">Entre las posibles intervenciones de asistencia que las Representaciones Diplom\u00e1ticas\/Consulares pueden prestar en favor de los ciudadanos italianos se encuentran las siguientes:<\/p>\n<ul style=\"text-align: justify;\">\n<li>asistencia en caso de robo o p\u00e9rdida de documentos;<\/li>\n<li>repatriaci\u00f3n de restos mortales o cenizas;<\/li>\n<li>asistencia a los detenidos;<\/li>\n<li>asistencia en caso de sustracci\u00f3n de menores;<\/li>\n<li>asistencia indirecta a trav\u00e9s de los organizaciones ben\u00e9ficas;<\/li>\n<li>asistencia directa para la compra de medicamentos;<\/li>\n<li>asistencia financiera (s\u00f3lo en casos de absoluta necesidad);<\/li>\n<li>asistencia a los cooperantes.<\/li>\n<\/ul>\n<p style=\"text-align: justify;\">La Canciller\u00eda Consular de la Embajada de Italia en Santiago tambi\u00e9n facilita un <a href=\"https:\/\/ambsantiago.esteri.it\/wp-content\/uploads\/2025\/02\/Elenco-legali-di-riferimento-2025.pdf\">listado de bufetes y abogados de referencia<\/a> y un <a href=\"https:\/\/ambsantiago.esteri.it\/wp-content\/uploads\/2025\/01\/Elenco-medici-di-riferimento-2025.pdf\">listado de m\u00e9dicos de referencia<\/a> .<\/p>\n<p>&nbsp;<\/p>\n<p style=\"text-align: justify;\">\n","protected":false},"excerpt":{"rendered":"ASISTENCIA A CONNACIONALES Para solicitudes de asistencia e informaci\u00f3n, escriba a consolato.santiago@esteri.it\u00a0. S\u00f3lo para emergencias reales y aut\u00e9nticas, es posible llamar al siguiente n\u00famero: +56 9 7809 8998. Este n\u00famero no est\u00e1 conectado con la estructura de oficinas de la Canciller\u00eda Consular y el funcionario encargado no responder\u00e1 a solicitudes sobre tr\u00e1mites consulares. Entre las [&hellip;]","protected":false},"author":1,"featured_media":0,"parent":204,"menu_order":10,"comment_status":"closed","ping_status":"closed","template":"","meta":{"footnotes":""},"class_list":["post-207","page","type-page","status-publish","hentry"],"_links":{"self":[{"href":"https:\/\/ambsantiago.esteri.it\/es\/wp-json\/wp\/v2\/pages\/207","targetHints":{"allow":["GET"]}}],"collection":[{"href":"https:\/\/ambsantiago.esteri.it\/es\/wp-json\/wp\/v2\/pages"}],"about":[{"href":"https:\/\/ambsantiago.esteri.it\/es\/wp-json\/wp\/v2\/types\/page"}],"author":[{"embeddable":true,"href":"https:\/\/ambsantiago.esteri.it\/es\/wp-json\/wp\/v2\/users\/1"}],"replies":[{"embeddable":true,"href":"https:\/\/ambsantiago.esteri.it\/es\/wp-json\/wp\/v2\/comments?post=207"}],"version-history":[{"count":7,"href":"https:\/\/ambsantiago.esteri.it\/es\/wp-json\/wp\/v2\/pages\/207\/revisions"}],"predecessor-version":[{"id":13511,"href":"https:\/\/ambsantiago.esteri.it\/es\/wp-json\/wp\/v2\/pages\/207\/revisions\/13511"}],"up":[{"embeddable":true,"href":"https:\/\/ambsantiago.esteri.it\/es\/wp-json\/wp\/v2\/pages\/204"}],"wp:attachment":[{"href":"https:\/\/ambsantiago.esteri.it\/es\/wp-json\/wp\/v2\/media?parent=207"}],"curies":[{"name":"wp","href":"https:\/\/api.w.org\/{rel}","templated":true}]}}