{"id":206,"date":"2023-04-11T18:18:08","date_gmt":"2023-04-11T22:18:08","guid":{"rendered":"https:\/\/ambsantiago.esteri.it\/servizi-consolari-e-visti\/servizi-per-il-cittadino-italiano\/stato-civile\/"},"modified":"2026-04-08T16:28:59","modified_gmt":"2026-04-08T20:28:59","slug":"stato-civile","status":"publish","type":"page","link":"https:\/\/ambsantiago.esteri.it\/es\/servizi-consolari-e-visti\/servizi-per-il-cittadino-italiano\/stato-civile\/","title":{"rendered":"Estado civil"},"content":{"rendered":"<p style=\"text-align: center;\"><strong>PARTE GENERAL<\/strong><\/p>\n<p style=\"text-align: justify;\" data-start=\"99\" data-end=\"733\">Los ciudadanos italianos tienen la obligaci\u00f3n de comunicar oportunamente todas las variaciones relacionadas con su estado civil y la composici\u00f3n de su n\u00facleo familiar que ocurran durante su permanencia en el extranjero (matrimonios, divorcios, nacimientos, adopciones y defunciones), presentando las respectivas <strong>actas, apostilladas y traducidas al italiano<\/strong>, u otra documentaci\u00f3n relevante.<\/p>\n<p style=\"text-align: justify;\" data-start=\"99\" data-end=\"733\">Se recomienda <span style=\"text-decoration: underline;\">verificar que la apostilla que acompa\u00f1a cada documento est\u00e9 correcta<\/span> y que efectivamente corresponda al\u00a0 respectivo documento, utilizando el c\u00f3digo QR que aparece al final de cada apostilla. En caso de discrepancias o errores, se debe solicitar la rectificaci\u00f3n a la Autoridad competente.<\/p>\n<p style=\"text-align: justify;\" data-start=\"99\" data-end=\"733\">Se recuerda que las <strong>traducciones<\/strong> de las actas de estado civil que deban ser presentadas ante la Canciller\u00eda Consular para su posterior transcripci\u00f3n en los registros de los Municipios italianos <strong data-start=\"688\" data-end=\"732\">no <\/strong>necesitan ser\u00a0<u>previamente <\/u><u>validadas<\/u>. La certificaci\u00f3n de conformidad de la traducci\u00f3n es necesaria \u00fanicamente para los actos que deban ser presentados en Italia o ante otras Representaciones diplom\u00e1tico-consulares en el extranjero.<\/p>\n<p style=\"text-align: justify;\" data-start=\"931\" data-end=\"1259\"><u>ATENCI\u00d3N<\/u>: Se informa que, ante la <u>ausencia de un convenio bilateral<\/u> entre Italia y Chile en esta materia, las actas de estado civil en <strong>formato digital<\/strong> <u>no son considerados v\u00e1lidos<\/u>. Por lo tanto, es necesario presentar copias impresas emitidas por el Registro Civil o, en el caso de sentencias, por los Tribunales competentes.<\/p>\n<p style=\"text-align: justify;\" data-start=\"1261\" data-end=\"1606\">En particular, las actas de nacimiento, defunci\u00f3n, matrimonio y las sentencias de divorcio emitidos en el extranjero que se refieran a ciudadanos italianos deben ser enviados al Municipio italiano de residencia o de inscripci\u00f3n en el AIRE para su transcripci\u00f3n. La solicitud de transcripci\u00f3n puede ser realizada por cualquier persona interesada.<\/p>\n<p style=\"text-align: justify;\" data-start=\"1608\" data-end=\"1813\">La transmisi\u00f3n de las actas normalmente se realiza a trav\u00e9s de la Representaci\u00f3n diplom\u00e1tico-consular italiana competente (seg\u00fan el lugar de residencia del interesado o donde se haya emitido el documento).<\/p>\n<p style=\"text-align: justify;\" data-start=\"1815\" data-end=\"2148\">Las oficinas <strong>no<\/strong> responder\u00e1n correos electr\u00f3nicos de usuarios solicitando informaci\u00f3n sobre tr\u00e1mites de estado civil. Transcurridos 30 d\u00edas desde la presentaci\u00f3n de la documentaci\u00f3n necesaria para la actualizaci\u00f3n del estado civil y de la situaci\u00f3n en el registro anagr\u00e1fico, se puede considerar que la situaci\u00f3n est\u00e1 actualizada.<\/p>\n<p style=\"text-align: center;\"><strong>SOLICITUDES DE TRANSCRIPCI\u00d3N<\/strong><\/p>\n<p style=\"text-align: justify;\" data-start=\"2184\" data-end=\"2694\">La solicitud de transcripci\u00f3n de un acto de estado civil se realiza <strong data-start=\"2252\" data-end=\"2271\">presencialmente<\/strong> en la Canciller\u00eda Consular (Rom\u00e1n D\u00edaz 1270 \u2013 Providencia), <u>sin cita previa<\/u>, durante el horario de atenci\u00f3n al p\u00fablico: de lunes a viernes <strong>de 09:00 a 12:00<\/strong> (con ultima recepci\u00f3n de los documentos dentro de las 11.30). Los interesados deber\u00e1n presentarse con el original de las actas que se desean transcribir (apostilladas y traducidas al italiano), adem\u00e1s de los documentos de identidad (y una fotocopia de los mismos) de todas las personas mencionadas en las actas en cuesti\u00f3n.<\/p>\n<p style=\"text-align: justify;\">Los compatriotas <strong>residentes fuera de la Regi\u00f3n Metropolitana<\/strong> podr\u00e1n actualizar su estado civil <strong data-start=\"2252\" data-end=\"2271\">presencialmente <\/strong>tambi\u00e9n en las <a href=\"https:\/\/ambsantiago.esteri.it\/es\/chi-siamo\/la-rete-consolare\/\"><strong>Oficinas Consulares Honorarias<\/strong><\/a>, en los horarios indicados por estas. Cabe se\u00f1alar que la red honoraria est\u00e1 habilitada para recibir <strong>\u00fanicamente<\/strong> los siguientes tipos de documentos:<\/p>\n<ul style=\"text-align: justify;\">\n<li>actas de matrimonio, actas de uni\u00f3n civil entre personas del mismo sexo y actas de matrimonio igualitario entre personas del mismo sexo;<\/li>\n<li>sentencias de nulidad o divorcio;<\/li>\n<li>actas de defunci\u00f3n de familiares ciudadanos italianos;<\/li>\n<li>sentencias de cambio de nombre y\/o apellido y\/o sexo;<\/li>\n<li>solicitudes de restablecimiento del apellido original.<\/li>\n<\/ul>\n<p style=\"text-align: justify;\">Las <span style=\"text-decoration: underline;\">actas de nacimiento de menores<\/span> <strong>solo<\/strong> pueden entregarse en la <span style=\"text-decoration: underline;\">Canciller\u00eda Consular<\/span> (Rom\u00e1n D\u00edaz 1270 \u2013 Providencia).<\/p>\n<p style=\"text-align: justify;\" data-start=\"2696\" data-end=\"2961\">La Canciller\u00eda Consular se encargar\u00e1 de enviar al Municipio italiano correspondiente la solicitud de transcripci\u00f3n del acta de estado civil en el menor tiempo posible. Sin embargo, dada la gran cantidad de solicitudes, es posible que el tr\u00e1mite sufra alg\u00fan retraso.<\/p>\n<p>&nbsp;<\/p>\n<p><strong>FORMULARIOS<\/strong><\/p>\n<ul>\n<li><a href=\"https:\/\/ambsantiago.esteri.it\/wp-content\/uploads\/2026\/03\/NUOVO-MODULO-stato-civile-INTERESSATO-2026.pdf\">Solicitud de transcripci\u00f3n de actas de estado civil<\/a><\/li>\n<\/ul>\n<p>&nbsp;<\/p>\n<p><strong>NORMAS<\/strong><\/p>\n<p>Decreto Presidencial 396\/2000 y posteriores modificaciones y complementos<\/p>\n<p>Circular n\u00ba 397\/2008 del Ministerio del Interior<\/p>\n<p><a href=\"https:\/\/www.esteri.it\/it\/servizi-consolari-e-visti\/normativa_consolare\/serviziconsolari\/statocivile\/\">Gu\u00eda Consular del Ministerio de Asuntos Exteriores y Cooperaci\u00f3n Internacional<\/a><\/p>\n<p>&nbsp;<\/p>\n","protected":false},"excerpt":{"rendered":"PARTE GENERAL Los ciudadanos italianos tienen la obligaci\u00f3n de comunicar oportunamente todas las variaciones relacionadas con su estado civil y la composici\u00f3n de su n\u00facleo familiar que ocurran durante su permanencia en el extranjero (matrimonios, divorcios, nacimientos, adopciones y defunciones), presentando las respectivas actas, apostilladas y traducidas al italiano, u otra documentaci\u00f3n relevante. Se recomienda [&hellip;]","protected":false},"author":1,"featured_media":0,"parent":204,"menu_order":6,"comment_status":"closed","ping_status":"closed","template":"","meta":{"footnotes":""},"class_list":["post-206","page","type-page","status-publish","hentry"],"_links":{"self":[{"href":"https:\/\/ambsantiago.esteri.it\/es\/wp-json\/wp\/v2\/pages\/206","targetHints":{"allow":["GET"]}}],"collection":[{"href":"https:\/\/ambsantiago.esteri.it\/es\/wp-json\/wp\/v2\/pages"}],"about":[{"href":"https:\/\/ambsantiago.esteri.it\/es\/wp-json\/wp\/v2\/types\/page"}],"author":[{"embeddable":true,"href":"https:\/\/ambsantiago.esteri.it\/es\/wp-json\/wp\/v2\/users\/1"}],"replies":[{"embeddable":true,"href":"https:\/\/ambsantiago.esteri.it\/es\/wp-json\/wp\/v2\/comments?post=206"}],"version-history":[{"count":8,"href":"https:\/\/ambsantiago.esteri.it\/es\/wp-json\/wp\/v2\/pages\/206\/revisions"}],"predecessor-version":[{"id":13328,"href":"https:\/\/ambsantiago.esteri.it\/es\/wp-json\/wp\/v2\/pages\/206\/revisions\/13328"}],"up":[{"embeddable":true,"href":"https:\/\/ambsantiago.esteri.it\/es\/wp-json\/wp\/v2\/pages\/204"}],"wp:attachment":[{"href":"https:\/\/ambsantiago.esteri.it\/es\/wp-json\/wp\/v2\/media?parent=206"}],"curies":[{"name":"wp","href":"https:\/\/api.w.org\/{rel}","templated":true}]}}