{"id":204,"date":"2023-04-11T18:12:24","date_gmt":"2023-04-11T22:12:24","guid":{"rendered":"https:\/\/ambsantiago.esteri.it\/servizi-consolari-e-visti\/servizi-per-il-cittadino-italiano\/"},"modified":"2025-08-13T12:46:33","modified_gmt":"2025-08-13T16:46:33","slug":"servizi-per-il-cittadino-italiano","status":"publish","type":"page","link":"https:\/\/ambsantiago.esteri.it\/es\/servizi-consolari-e-visti\/servizi-per-il-cittadino-italiano\/","title":{"rendered":"Servicios para el ciudadano italiano"},"content":{"rendered":"<p style=\"text-align: justify;\">En esta secci\u00f3n encontrar\u00e1 informaci\u00f3n sobre los servicios destinados a los ciudadanos italianos residentes en Chile.<\/p>\n<p style=\"text-align: justify;\">Quienes a\u00fan no hayan obtenido el reconocimiento de su ciudadan\u00eda italiana (iure sanguinis o matrimonio) o, en el caso de menores de 18 a\u00f1os, mediante la inscripci\u00f3n de su partida de nacimiento en el registro consular, podr\u00e1n acceder a la informaci\u00f3n pertinente en la secci\u00f3n de informaci\u00f3n para ciudadanos extranjeros.<\/p>\n<p style=\"text-align: justify;\">Los ciudadanos chilenos podr\u00e1n encontrar informaci\u00f3n de su inter\u00e9s (nacionalidad, solicitud de visados, declaraciones de valor, etc.) en la secci\u00f3n de informaci\u00f3n para extranjeros.<\/p>\n","protected":false},"excerpt":{"rendered":"En esta secci\u00f3n encontrar\u00e1 informaci\u00f3n sobre los servicios destinados a los ciudadanos italianos residentes en Chile. Quienes a\u00fan no hayan obtenido el reconocimiento de su ciudadan\u00eda italiana (iure sanguinis o matrimonio) o, en el caso de menores de 18 a\u00f1os, mediante la inscripci\u00f3n de su partida de nacimiento en el registro consular, podr\u00e1n acceder a [&hellip;]","protected":false},"author":1,"featured_media":0,"parent":165,"menu_order":0,"comment_status":"closed","ping_status":"closed","template":"","meta":{"footnotes":""},"class_list":["post-204","page","type-page","status-publish","hentry"],"_links":{"self":[{"href":"https:\/\/ambsantiago.esteri.it\/es\/wp-json\/wp\/v2\/pages\/204","targetHints":{"allow":["GET"]}}],"collection":[{"href":"https:\/\/ambsantiago.esteri.it\/es\/wp-json\/wp\/v2\/pages"}],"about":[{"href":"https:\/\/ambsantiago.esteri.it\/es\/wp-json\/wp\/v2\/types\/page"}],"author":[{"embeddable":true,"href":"https:\/\/ambsantiago.esteri.it\/es\/wp-json\/wp\/v2\/users\/1"}],"replies":[{"embeddable":true,"href":"https:\/\/ambsantiago.esteri.it\/es\/wp-json\/wp\/v2\/comments?post=204"}],"version-history":[{"count":3,"href":"https:\/\/ambsantiago.esteri.it\/es\/wp-json\/wp\/v2\/pages\/204\/revisions"}],"predecessor-version":[{"id":10152,"href":"https:\/\/ambsantiago.esteri.it\/es\/wp-json\/wp\/v2\/pages\/204\/revisions\/10152"}],"up":[{"embeddable":true,"href":"https:\/\/ambsantiago.esteri.it\/es\/wp-json\/wp\/v2\/pages\/165"}],"wp:attachment":[{"href":"https:\/\/ambsantiago.esteri.it\/es\/wp-json\/wp\/v2\/media?parent=204"}],"curies":[{"name":"wp","href":"https:\/\/api.w.org\/{rel}","templated":true}]}}