{"id":1920,"date":"2023-05-26T14:01:21","date_gmt":"2023-05-26T18:01:21","guid":{"rendered":"https:\/\/ambsantiago.esteri.it\/?page_id=1920"},"modified":"2026-02-19T17:44:38","modified_gmt":"2026-02-19T20:44:38","slug":"aire-servicio-de-registro","status":"publish","type":"page","link":"https:\/\/ambsantiago.esteri.it\/es\/servizi-consolari-e-visti\/servizi-per-il-cittadino-italiano\/aire-servicio-de-registro\/","title":{"rendered":"AIRE &#8211; Servicio de Registro"},"content":{"rendered":"<ul>\n<li style=\"text-align: justify;\">La inscripci\u00f3n en AIRE y\/o la notificaci\u00f3n de un cambio de residencia deben realizarse preferentemente en l\u00ednea a trav\u00e9s del portal <a href=\"https:\/\/serviziconsolari.esteri.it\/home\"><strong>Fast It<\/strong><\/a> despu\u00e9s de que el usuario se haya registrado en el sistema. Solamente en caso de dificultades o dudas, se ruega escribir a <a href=\"mailto:anagrafe.santiago@esteri.it\">anagrafe.santiago@esteri.it<\/a> .<\/li>\n<li style=\"text-align: justify;\">Sigue siendo posible presentar solicitudes de inscripci\u00f3n en el AIRE o de cambio de residencia presencialmente en la Canciller\u00eda Consular.<\/li>\n<\/ul>\n<p>&nbsp;<\/p>\n<p style=\"text-align: center;\"><strong>PARTE GENERAL<\/strong><\/p>\n<p style=\"text-align: justify;\">El <strong>Registro de Italianos Residentes en el Extranjero (AIRE)<\/strong> fue creado por la Ley n\u00ba 470 de 27 de octubre de 1988 y contiene los datos de los ciudadanos italianos residentes en el extranjero por un periodo superior a doce meses. Est\u00e1 gestionada por los Ayuntamientos sobre la base de datos e informaciones de las Representaciones Consulares en el extranjero.<\/p>\n<p style=\"text-align: justify;\">Recordando que la inscripci\u00f3n al <strong>Registro de Italianos Residentes en el Extranjero (AIRE) es un deber puntual del ciudadano residente en el extranjero adem\u00e1s de ser un requisito esencial para acceder a los servicios consulares, se se\u00f1ala que La Ley n\u00ba 213, de 30 de diciembre de 2023, de Presupuestos Generales del Estado para el ejercicio 2024 y el presupuesto plurianual para el trienio 2024-2026 introdujo una serie de cambios importantes en materia de inscripci\u00f3n en el registro.<\/strong><\/p>\n<p style=\"text-align: justify;\">En espec\u00edfico, el apartado 242 del art\u00edculo 1, que modifica la Ley n\u00ba 1228 de 24 de diciembre de 1954, introduce medidas m\u00e1s estrictas para quienes,\u00a0<u>aunque s\u00f3lo sea de facto<\/u>, trasladen su residencia al extranjero y no se inscriban en la AIRE. M\u00e1s concretamente, el art\u00edculo 11 modificado de la Ley n\u00ba 1228\/1954 permite a los\u00a0<strong>Comunas italianas<\/strong>\u00a0aplicar\u00a0<strong>una multa de 200 euros hasta un m\u00e1ximo de 1.000 euros por persona por cada a\u00f1o de no inscripci\u00f3n<\/strong>\u00a0en la AIRE y hasta un m\u00e1ximo de cinco a\u00f1os. Los controles necesarios para la aplicaci\u00f3n de la norma no ser\u00e1n efectuados por las representaciones diplom\u00e1tico-consulares en el extranjero.<\/p>\n<p style=\"text-align: justify;\">La inscripci\u00f3n en la AIRE\u00a0es un <strong>derecho y un deber<\/strong> de los ciudadanos (art. 6 Ley 470\/1988) y es un <strong>requisito previo para beneficiarse de una serie de servicios<\/strong> prestados por las Representaciones Consulares en el extranjero, <strong>as\u00ed como para ejercer importantes derechos<\/strong>, tales como:<\/p>\n<ul>\n<li style=\"text-align: justify;\">la posibilidad de votar para las elecciones pol\u00edticas y los referendos por correspondencia en el pa\u00eds de residencia, y para la elecci\u00f3n de los representantes italianos en el Parlamento Europeo en los colegios electorales establecidos por la red diplom\u00e1tico-consular en los pa\u00edses pertenecientes a la U.E;<\/li>\n<li style=\"text-align: justify;\">la posibilidad de obtener la expedici\u00f3n o la renovaci\u00f3n de documentos de identidad y de viaje, as\u00ed como certificaciones;<\/li>\n<li style=\"text-align: justify;\">la posibilidad de renovar el permiso de conducir (s\u00f3lo en los pa\u00edses no pertenecientes a la UE).<\/li>\n<\/ul>\n<p style=\"text-align: justify;\"><strong>Deben inscribirse en AIRE<\/strong>:<\/p>\n<p style=\"text-align: justify; padding-left: 40px;\">1) Los ciudadanos que trasladen su residencia al extranjero por per\u00edodos superiores a 12 meses;<\/p>\n<p style=\"text-align: justify; padding-left: 40px;\">2) Los que ya residen all\u00ed, bien porque nacieron en el extranjero, bien porque adquirieron posteriormente la nacionalidad italiana por cualquier motivo.<\/p>\n<p style=\"text-align: justify;\"><strong>Pueden inscribirse opcionalmente en AIRE:<\/strong><\/p>\n<p style=\"padding-left: 40px; text-align: justify;\">1) los connacionales que trabajan en el extranjero para la Uni\u00f3n Europea o para las organizaciones internacionales de las que Italia forma parte o para los sujetos a los que se refiere el art\u00edculo 26 de la Ley n.\u00ba 125, de 11 de agosto de 2014, y que conservan o establecen su domicilio fiscal en Italia.<\/p>\n<p style=\"text-align: justify;\"><strong>No tienen que inscribirse en AIRE<\/strong>:<\/p>\n<p style=\"text-align: justify; padding-left: 40px;\">1) Las personas que viajen al extranjero por un periodo de tiempo inferior a un a\u00f1o;<\/p>\n<p style=\"text-align: justify; padding-left: 40px;\">2) Los trabajadores temporeros;<\/p>\n<p style=\"text-align: justify; padding-left: 40px;\">3) Los funcionarios permanentes del Estado que prestan servicio en el extranjero, notificados de conformidad con las Convenciones de Viena sobre Relaciones Diplom\u00e1ticas y Consulares de 1961 y 1963, respectivamente;<\/p>\n<p style=\"padding-left: 40px;\">4) el personal civil y militar que percibe la indemnizaci\u00f3n por largo servicio en el extranjero, prevista en el art\u00edculo 1808 del C\u00f3digo del Ordenamiento Militar, de conformidad con el Decreto Legislativo n.\u00ba 66, de 15 de marzo de 2010;<\/p>\n<p style=\"padding-left: 40px;\">5) el personal civil y militar en servicio en las oficinas y estructuras de la Organizaci\u00f3n del Tratado del Atl\u00e1ntico Norte (OTAN) ubicadas en el extranjero;<\/p>\n<p style=\"padding-left: 40px;\">6) los empleados de las regiones y provincias aut\u00f3nomas asignados a prestar servicio en las oficinas de enlace de las mismas, establecidas de conformidad con el art\u00edculo 58 de la Ley n.\u00ba 52, de 6 de febrero de 1996;<\/p>\n<p style=\"padding-left: 40px;\">7) las personas que convivan con los ciudadanos mencionados anteriormente y que se desplacen al extranjero acompa\u00f1\u00e1ndolos.<\/p>\n<p style=\"text-align: justify;\">La inscripci\u00f3n en la AIRE se efect\u00faa previa declaraci\u00f3n del interesado ante la oficina consular competente en un plazo de 90 d\u00edas a partir del traslado de residencia y conlleva la baja simult\u00e1nea en el Registro de Poblaci\u00f3n Residente (A.P.R.) de la Comuna de origen.<\/p>\n<p style=\"text-align: justify;\">Al impreso de solicitud deber\u00e1 adjuntarse la documentaci\u00f3n que acredite la residencia efectiva en la demarcaci\u00f3n consular (por ejemplo, certificado de residencia expedido por la autoridad extranjera, permiso de residencia, documento de identidad extranjero, facturas de servicios p\u00fablicos de la vivienda, copia del contrato de trabajo, etc.). Si la solicitud no se presenta personalmente, deber\u00e1 adjuntarse tambi\u00e9n una copia del documento de identidad del solicitante.<\/p>\n<p style=\"text-align: justify;\">La inscripci\u00f3n tambi\u00e9n puede realizarse de oficio, sobre la base de la informaci\u00f3n que haya llegado a conocimiento de la Canciller\u00eda Consular.<\/p>\n<p style=\"text-align: justify;\"><strong>La inscripci\u00f3n en AIRE es GRATUITA.<\/strong><\/p>\n<p style=\"text-align: justify;\"><strong>Para saber c\u00f3mo inscribirse, vea el v\u00eddeo del nuevo portal \u00ab<a href=\"https:\/\/www.youtube.com\/watch?v=i6yShF67BUA\">Fast It<\/a>\u00bb y en caso de dudas consulte el <a href=\"https:\/\/ambsantiago.esteri.it\/wp-content\/uploads\/2025\/02\/Fast_It_-_Manuale_per_il_Cittadino.pdf\">manual para el ciudadano<\/a>.<\/strong><\/p>\n<p style=\"text-align: justify;\"><strong>La actualizaci\u00f3n del\u00a0AIRE depende del ciudadano.<\/strong><\/p>\n<p style=\"text-align: justify;\"><strong>El interesado debe notificar sin demora a la Canciller\u00eda Consular<\/strong>:<\/p>\n<ul>\n<li style=\"text-align: justify;\">el traslado de su residencia o vivienda;<\/li>\n<li style=\"text-align: justify;\">los cambios de estado civil, incluida la posible transcripci\u00f3n en Italia de actos extranjeros (matrimonio, nacimiento, divorcio, defunci\u00f3n, etc.);<\/li>\n<li style=\"text-align: justify;\">regreso definitivo a Italia;<\/li>\n<li style=\"text-align: justify;\">p\u00e9rdida de la nacionalidad italiana.<\/li>\n<\/ul>\n<p style=\"text-align: justify;\"><strong>La falta de actualizaci\u00f3n de la informaci\u00f3n, en particular la relativa al cambio de direcci\u00f3n, hace imposible ponerse en contacto con el ciudadano y recibir la tarjeta postal o el paquete electoral en caso de votaci\u00f3n<\/strong>. Es importante que el compatriota comunique su direcci\u00f3n de forma correcta y completa de acuerdo con la normativa postal del pa\u00eds de residencia.<\/p>\n<p style=\"text-align: justify;\"><strong>La cancelaci\u00f3n en AIRE se produce<\/strong>:<\/p>\n<p style=\"text-align: justify; padding-left: 40px;\">1) por inscripci\u00f3n en el Registro de Poblaci\u00f3n Residente (A.P.R.) de una Comuna italiana tras traslado desde el extranjero o repatriaci\u00f3n;<\/p>\n<p style=\"text-align: justify; padding-left: 40px;\">2) por fallecimiento, incluido el fallecimiento presunto declarado judicialmente;<\/p>\n<p style=\"text-align: justify; padding-left: 40px;\">3) por presunci\u00f3n de indisponibilidad, salvo prueba en contrario, transcurridos cien a\u00f1os desde el nacimiento o dos inscripciones sucesivas, o cuando la direcci\u00f3n en el extranjero comunicada anteriormente ya no sea v\u00e1lida y no sea posible adquirir una nueva<\/p>\n<p style=\"text-align: justify; padding-left: 40px;\">4) por p\u00e9rdida de la nacionalidad italiana.<\/p>\n<p style=\"text-align: justify;\">El tratamiento de los datos proporcionados en el momento de la solicitud de inscripci\u00f3n se lleva a cabo en el\u00a0<strong>pleno respeto de la legislaci\u00f3n europea e italiana\u00a0<\/strong>en materia<strong>\u00a0de protecci\u00f3n de la privacidad de los datos personales<\/strong>, como puede verse en la\u00a0<a href=\"https:\/\/ambsantiago.esteri.it\/wp-content\/uploads\/2024\/01\/Informativa_TDP_per_servizi_consolari_ex_visti_e_cittadinanza__all.3__Re.pdf\"><u>nota informativa<\/u><\/a>\u00a0del presente documento. Se recuerda, sin embargo, que cuando sea necesario para fines de propaganda electoral<u>, la Embajada est\u00e1 obligada a proporcionar a los candidatos que lo soliciten los datos contenidos en las siguientes listas<\/u>:<\/p>\n<ul style=\"text-align: justify;\">\n<li>Lista provisional de ciudadanos italianos residentes en el extranjero con derecho a voto (art\u00edculo 5, coma 1, Ley n\u00b0 459 de 27 de diciembre de 2001; art\u00edculo 5, coma 8, Decreto Presidencial n\u00b0 104 de 2 de abril de 2003);<\/li>\n<li>Lista provisional de ciudadanos italianos residentes en el extranjero con derecho a voto para la elecci\u00f3n del Comit\u00e9 de italianos residentes en el extranjero \u2013 Comites (art\u00edculo 13 de la Ley n\u00b0 286 de 23 de octubre de 2003; art\u00edculo 5, apartado 1, Ley n\u00b0 459 de 27 de diciembre de 2001; art\u00edculo 5, apartado 8, Decreto Presidencial n\u00b0 104 de 2 de abril de 2003; art\u00edculo 11, Decreto Presidencial n\u00b0 395 de 29 de diciembre de 2003).<\/li>\n<\/ul>\n<p style=\"text-align: justify;\">Los datos personales recogidos o utilizados para el desempe\u00f1o de actividades institucionales y\u00a0<strong>contenidos en los expedientes de los ciudadanos residentes<\/strong>\u00a0en la circunscripci\u00f3n en cada oficina consular\u00a0<strong>no son utilizables<\/strong>, ni siquiera con fines electorales (art\u00edculo 8, Decreto Legislativo n\u00ba 71 de 3 de febrero de 2011).<\/p>\n","protected":false},"excerpt":{"rendered":"La inscripci\u00f3n en AIRE y\/o la notificaci\u00f3n de un cambio de residencia deben realizarse preferentemente en l\u00ednea a trav\u00e9s del portal Fast It despu\u00e9s de que el usuario se haya registrado en el sistema. Solamente en caso de dificultades o dudas, se ruega escribir a anagrafe.santiago@esteri.it . Sigue siendo posible presentar solicitudes de inscripci\u00f3n en [&hellip;]","protected":false},"author":8,"featured_media":0,"parent":204,"menu_order":8,"comment_status":"closed","ping_status":"closed","template":"","meta":{"footnotes":""},"class_list":["post-1920","page","type-page","status-publish","hentry"],"_links":{"self":[{"href":"https:\/\/ambsantiago.esteri.it\/es\/wp-json\/wp\/v2\/pages\/1920","targetHints":{"allow":["GET"]}}],"collection":[{"href":"https:\/\/ambsantiago.esteri.it\/es\/wp-json\/wp\/v2\/pages"}],"about":[{"href":"https:\/\/ambsantiago.esteri.it\/es\/wp-json\/wp\/v2\/types\/page"}],"author":[{"embeddable":true,"href":"https:\/\/ambsantiago.esteri.it\/es\/wp-json\/wp\/v2\/users\/8"}],"replies":[{"embeddable":true,"href":"https:\/\/ambsantiago.esteri.it\/es\/wp-json\/wp\/v2\/comments?post=1920"}],"version-history":[{"count":7,"href":"https:\/\/ambsantiago.esteri.it\/es\/wp-json\/wp\/v2\/pages\/1920\/revisions"}],"predecessor-version":[{"id":12559,"href":"https:\/\/ambsantiago.esteri.it\/es\/wp-json\/wp\/v2\/pages\/1920\/revisions\/12559"}],"up":[{"embeddable":true,"href":"https:\/\/ambsantiago.esteri.it\/es\/wp-json\/wp\/v2\/pages\/204"}],"wp:attachment":[{"href":"https:\/\/ambsantiago.esteri.it\/es\/wp-json\/wp\/v2\/media?parent=1920"}],"curies":[{"name":"wp","href":"https:\/\/api.w.org\/{rel}","templated":true}]}}